{"id":123,"date":"2020-10-15T17:08:38","date_gmt":"2020-10-15T15:08:38","guid":{"rendered":"https:\/\/blogs.uab.cat\/arcon\/?page_id=123"},"modified":"2020-10-15T17:08:38","modified_gmt":"2020-10-15T15:08:38","slug":"modelos-3d","status":"publish","type":"page","link":"https:\/\/webs.uab.cat\/arcon\/metodologias\/modelos-3d\/","title":{"rendered":"Modelos 3D"},"content":{"rendered":"<p>En los \u00faltimos a\u00f1os, hemos utilizado los modelos 3D en diversos formatos como una herramienta de investigaci\u00f3n para poder interpretar los restos arquitect\u00f3nicos que ibamos encontrando en las diversas excavaciones que dirig\u00edamos. Los modelos 3D para nosotros se convierten en medios de comunicaci\u00f3n para p\u00fablicos amplio pero, al mismo tiempo, son modelos para interpretar los restos arqueol\u00f3gicos.<\/p>\n<p>Con los modelos 3D pueden interpretar la tercera dimensi\u00f3n, y posibles hip\u00f3tesis de reconstrucciones de los espacios arquitect\u00f3nicos. A continuaci\u00f3n aparecen algunos ejemplos realizados hasta el momento:<\/p>\n<figure id=\"attachment_162\" aria-describedby=\"caption-attachment-162\" style=\"width: 550px\" class=\"wp-caption aligncenter\"><a href=\"https:\/\/webs.uab.cat\/arcon\/wp-content\/uploads\/sites\/75\/2020\/10\/prova-vray-4.jpg\"><img loading=\"lazy\" decoding=\"async\" class=\" wp-image-162\" src=\"https:\/\/webs.uab.cat\/arcon\/wp-content\/uploads\/sites\/75\/2020\/10\/prova-vray-4-300x225.jpg\" alt=\"Reconstrucci\u00f3n 3D de Puig Castellar - Jordi Barriuso 2015\" width=\"550\" height=\"416\" \/><\/a><figcaption id=\"caption-attachment-162\" class=\"wp-caption-text\">Reconstrucci\u00f3n 3D de Puig Castellar &#8211; Jordi Barriuso 2015<\/figcaption><\/figure>\n<figure id=\"attachment_163\" aria-describedby=\"caption-attachment-163\" style=\"width: 552px\" class=\"wp-caption aligncenter\"><a href=\"https:\/\/webs.uab.cat\/arcon\/wp-content\/uploads\/sites\/75\/2020\/10\/PUIG-CASTELLAR_05.png\"><img loading=\"lazy\" decoding=\"async\" class=\" wp-image-163\" src=\"https:\/\/webs.uab.cat\/arcon\/wp-content\/uploads\/sites\/75\/2020\/10\/PUIG-CASTELLAR_05-300x169.png\" alt=\"Reconstrucci\u00f3n principia de Puig Castellar por Mario Aguilar 2017\" width=\"552\" height=\"320\" \/><\/a><figcaption id=\"caption-attachment-163\" class=\"wp-caption-text\">Reconstrucci\u00f3n principia de Puig Castellar por Mario Aguilar 2017<\/figcaption><\/figure>\n<figure id=\"attachment_168\" aria-describedby=\"caption-attachment-168\" style=\"width: 561px\" class=\"wp-caption aligncenter\"><a href=\"https:\/\/webs.uab.cat\/arcon\/wp-content\/uploads\/sites\/75\/2020\/10\/Noemi_Llivia.jpg\"><img loading=\"lazy\" decoding=\"async\" class=\" wp-image-168\" src=\"https:\/\/webs.uab.cat\/arcon\/wp-content\/uploads\/sites\/75\/2020\/10\/Noemi_Llivia-300x219.jpg\" alt=\"Reconstrucci\u00f3n virtual del forum de Ll\u00edvia por Noemi Escayola 2017\" width=\"561\" height=\"413\" \/><\/a><figcaption id=\"caption-attachment-168\" class=\"wp-caption-text\">Reconstrucci\u00f3n virtual del forum de Ll\u00edvia por Noemi Escayola 2017<\/figcaption><\/figure>\n<figure id=\"attachment_198\" aria-describedby=\"caption-attachment-198\" style=\"width: 545px\" class=\"wp-caption aligncenter\"><a href=\"https:\/\/webs.uab.cat\/arcon\/wp-content\/uploads\/sites\/75\/2020\/10\/Llivia-restes-3D.jpg\"><img loading=\"lazy\" decoding=\"async\" class=\" wp-image-198\" src=\"https:\/\/webs.uab.cat\/arcon\/wp-content\/uploads\/sites\/75\/2020\/10\/Llivia-restes-3D-300x225.jpg\" alt=\"\" width=\"545\" height=\"413\" \/><\/a><figcaption id=\"caption-attachment-198\" class=\"wp-caption-text\">Nou model 3D del f\u00f2rum de Ll\u00edvia<\/figcaption><\/figure>\n","protected":false},"excerpt":{"rendered":"<p>En los \u00faltimos a\u00f1os, hemos utilizado los modelos 3D en diversos formatos como una herramienta de investigaci\u00f3n para poder interpretar los restos arquitect\u00f3nicos que ibamos encontrando en las diversas excavaciones que dirig\u00edamos. Los modelos 3D para nosotros se convierten en medios de comunicaci\u00f3n para p\u00fablicos amplio pero, al mismo tiempo, son modelos para interpretar los [&hellip;]<\/p>\n","protected":false},"author":55,"featured_media":0,"parent":48,"menu_order":6,"comment_status":"closed","ping_status":"closed","template":"","meta":{"footnotes":""},"class_list":["post-123","page","type-page","status-publish","hentry"],"_links":{"self":[{"href":"https:\/\/webs.uab.cat\/arcon\/wp-json\/wp\/v2\/pages\/123","targetHints":{"allow":["GET"]}}],"collection":[{"href":"https:\/\/webs.uab.cat\/arcon\/wp-json\/wp\/v2\/pages"}],"about":[{"href":"https:\/\/webs.uab.cat\/arcon\/wp-json\/wp\/v2\/types\/page"}],"author":[{"embeddable":true,"href":"https:\/\/webs.uab.cat\/arcon\/wp-json\/wp\/v2\/users\/55"}],"replies":[{"embeddable":true,"href":"https:\/\/webs.uab.cat\/arcon\/wp-json\/wp\/v2\/comments?post=123"}],"version-history":[{"count":0,"href":"https:\/\/webs.uab.cat\/arcon\/wp-json\/wp\/v2\/pages\/123\/revisions"}],"up":[{"embeddable":true,"href":"https:\/\/webs.uab.cat\/arcon\/wp-json\/wp\/v2\/pages\/48"}],"wp:attachment":[{"href":"https:\/\/webs.uab.cat\/arcon\/wp-json\/wp\/v2\/media?parent=123"}],"curies":[{"name":"wp","href":"https:\/\/api.w.org\/{rel}","templated":true}]}}