{"id":137,"date":"2020-10-15T18:02:35","date_gmt":"2020-10-15T16:02:35","guid":{"rendered":"https:\/\/blogs.uab.cat\/arcon\/?page_id=137"},"modified":"2020-10-15T18:02:35","modified_gmt":"2020-10-15T16:02:35","slug":"iulia-libica-llivia","status":"publish","type":"page","link":"https:\/\/webs.uab.cat\/arcon\/yacimientos\/iulia-libica-llivia\/","title":{"rendered":"Iulia Libica (Ll\u00edvia)"},"content":{"rendered":"<p>Las primeras intervenciones en Iulia Libica (Ll\u00edvia) se inician como una excavaci\u00f3n preventiva en 1997 bajo la direcci\u00f3n de Jordi Guardia de la zona conocida como las Colominas, en que se deb\u00edan construir unos apartamentos de &#8220;alto-standing&#8221;. Los trabajos concluyen en el 2003 con la documentaci\u00f3n de una domus romana con zona termal (Colomines B) y un espacio porticado de grandes dimensiones (Colominas A).<\/p>\n<p>En el a\u00f1o 2013, se vuelve a intervenir de nuevo en las Colominas A en un proyecto conjunto dirigido por Jordi Guardia, Josep Guitart (UAB) y C\u00e9sar Carreras (UAB) que combina la geof\u00edsica y la excavaci\u00f3n. A partir de estas excavaciones se ha podido constatar que el espacio porticado es el foro de la ciudad romana con una anchura E-O de 46 metros con una longitud aproximada de 52 metros. Se ha documentado en la parte central un templo de unos 15 metros de longitud y 7 de anchura, de los cuales 10 metros pertenecen a la cela.<\/p>\n<figure id=\"attachment_142\" aria-describedby=\"caption-attachment-142\" style=\"width: 465px\" class=\"wp-caption aligncenter\"><a href=\"https:\/\/webs.uab.cat\/arcon\/wp-content\/uploads\/sites\/75\/2020\/10\/DJI_0302.jpg\"><img loading=\"lazy\" decoding=\"async\" class=\" wp-image-142\" src=\"https:\/\/webs.uab.cat\/arcon\/wp-content\/uploads\/sites\/75\/2020\/10\/DJI_0302-300x225.jpg\" alt=\"Visi\u00f3n general del foro de Iulia Libica\" width=\"465\" height=\"352\" \/><\/a><figcaption id=\"caption-attachment-142\" class=\"wp-caption-text\">Visi\u00f3n general del foro de Iulia Libica<\/figcaption><\/figure>\n<p>Para conocer todos los detalles de las excavaciones de Ll\u00edvia, se puede acceder a trav\u00e9s de su blog:<\/p>\n<p style=\"text-align: center\"><strong><a href=\"https:\/\/blogs.uab.cat\/iulialibica\/\" target=\"_blank\" rel=\"noopener noreferrer\">https:\/\/blogs.uab.cat\/iulialibica\/<\/a><\/strong><\/p>\n","protected":false},"excerpt":{"rendered":"<p>Las primeras intervenciones en Iulia Libica (Ll\u00edvia) se inician como una excavaci\u00f3n preventiva en 1997 bajo la direcci\u00f3n de Jordi Guardia de la zona conocida como las Colominas, en que se deb\u00edan construir unos apartamentos de &#8220;alto-standing&#8221;. Los trabajos concluyen en el 2003 con la documentaci\u00f3n de una domus romana con zona termal (Colomines B) [&hellip;]<\/p>\n","protected":false},"author":55,"featured_media":0,"parent":45,"menu_order":2,"comment_status":"closed","ping_status":"closed","template":"","meta":{"footnotes":""},"class_list":["post-137","page","type-page","status-publish","hentry"],"_links":{"self":[{"href":"https:\/\/webs.uab.cat\/arcon\/wp-json\/wp\/v2\/pages\/137","targetHints":{"allow":["GET"]}}],"collection":[{"href":"https:\/\/webs.uab.cat\/arcon\/wp-json\/wp\/v2\/pages"}],"about":[{"href":"https:\/\/webs.uab.cat\/arcon\/wp-json\/wp\/v2\/types\/page"}],"author":[{"embeddable":true,"href":"https:\/\/webs.uab.cat\/arcon\/wp-json\/wp\/v2\/users\/55"}],"replies":[{"embeddable":true,"href":"https:\/\/webs.uab.cat\/arcon\/wp-json\/wp\/v2\/comments?post=137"}],"version-history":[{"count":0,"href":"https:\/\/webs.uab.cat\/arcon\/wp-json\/wp\/v2\/pages\/137\/revisions"}],"up":[{"embeddable":true,"href":"https:\/\/webs.uab.cat\/arcon\/wp-json\/wp\/v2\/pages\/45"}],"wp:attachment":[{"href":"https:\/\/webs.uab.cat\/arcon\/wp-json\/wp\/v2\/media?parent=137"}],"curies":[{"name":"wp","href":"https:\/\/api.w.org\/{rel}","templated":true}]}}