{"id":204,"date":"2020-10-15T09:50:39","date_gmt":"2020-10-15T07:50:39","guid":{"rendered":"https:\/\/blogs.uab.cat\/arcon\/?page_id=2"},"modified":"2020-10-15T09:50:39","modified_gmt":"2020-10-15T07:50:39","slug":"pagina-exemple-2","status":"publish","type":"page","link":"https:\/\/webs.uab.cat\/arcon\/pagina-exemple-2\/","title":{"rendered":"Equipo GRAPCA"},"content":{"rendered":"\n<p>La unitad de Arqueologia de la ciudad y del paisaje forma parte del \u00e1rea de Arqueolog\u00eda del Departament de Ci\u00e8ncies de l&#8217;Antiguitat i de l&#8217;Edat Mitjana (UAB). El nombre responde a las siglas de <strong>G<\/strong>(rup) de <strong>R<\/strong>(ecerca) d&#8217;<strong>A<\/strong>(rqueologia) del <strong>P<\/strong>(aisatge) i la <strong>C<\/strong>(iutat) <strong>A<\/strong>(ntiga) &#8211; Grupo de Investigaci\u00f3n arqueol\u00f3gica del Paisaje y de la Ciudad Antigua.<\/p>\n<p>La experiencia del equipo de investigaci\u00f3n es muy extensa y con resultado destacados. Se remonta a la d\u00e9cada dels 90, cuando se comienza a estudiar la romanitzaci\u00f3n de la Tarraconense Mediterr\u00e1nea, centrandose en la interacci\u00f3n y articulaci\u00f3n del territorio y las ciudades del Conventus Tarraconensis. A partir de la fundaci\u00f3n de l&#8217;Institut Catal\u00e0 d\u2019Arqueologia Cl\u00e0ssica (ICAC) en 2003, el grupo se ha articulado plenamente en las l\u00edneas de investigaci\u00f3n de este Instituto y se ha desarrollado com un grupo interuniversitari UAB-ICAC, ayudando a potenciar el esp\u00edritu integrador de la investigaci\u00f3n arqueol\u00f3gica universitaria propia de la finalidad funcional de l&#8217;ICAC.<\/p>\n<p>El GRAPCA es un equipo de investigaci\u00f3n que intenta aproximarse a las grandes cuestiones hist\u00f3ricas de la \u00e9poca romana a partir de los datos arqueol\u00f3gicos y desde una visi\u00f3n interdisciplinaria, diacr\u00f3nica y moderna. A partir de la aplicaci\u00f3n combinada de las metodolog\u00edas m\u00e1s innovadoras junto con la excavaci\u00f3n arqueol\u00f3gica, este equipo de investigaci\u00f3n analiza aspectos significativos del urbanismo de las ciudades romanas, la ordenaci\u00f3n y la evoluci\u00f3n del territorio, la pol\u00edtica, la econom\u00eda, el transporte y el comercio en \u00e9poca romana; analiza las soluciones que implement\u00f3 el poder romano y las estructuras que se implantaron para ejercer el control y la explotaci\u00f3n del territorio; se estudian las diferentes tipolog\u00edas de asentamientos: cascos urbanos, asentamientos rurales, centros log\u00edsticos, campamentos, fortificaciones, <em>castella<\/em>, centros de control administrativo, etc.; se analiza la base econ\u00f3mica en que se sustentan; y la estructura del territorio y del paisaje: red viaria, sistemas hidr\u00e1ulicos, centuriaciones, costas, accidentes geogr\u00e1ficos, etc.<\/p>\n","protected":false},"excerpt":{"rendered":"<p>La unitad de Arqueologia de la ciudad y del paisaje forma parte del \u00e1rea de Arqueolog\u00eda del Departament de Ci\u00e8ncies de l&#8217;Antiguitat i de l&#8217;Edat Mitjana (UAB). El nombre responde a las siglas de G(rup) de R(ecerca) d&#8217;A(rqueologia) del P(aisatge) i la C(iutat) A(ntiga) &#8211; Grupo de Investigaci\u00f3n arqueol\u00f3gica del Paisaje y de la Ciudad [&hellip;]<\/p>\n","protected":false},"author":55,"featured_media":0,"parent":0,"menu_order":0,"comment_status":"closed","ping_status":"open","template":"","meta":{"footnotes":""},"class_list":["post-204","page","type-page","status-publish","hentry"],"_links":{"self":[{"href":"https:\/\/webs.uab.cat\/arcon\/wp-json\/wp\/v2\/pages\/204","targetHints":{"allow":["GET"]}}],"collection":[{"href":"https:\/\/webs.uab.cat\/arcon\/wp-json\/wp\/v2\/pages"}],"about":[{"href":"https:\/\/webs.uab.cat\/arcon\/wp-json\/wp\/v2\/types\/page"}],"author":[{"embeddable":true,"href":"https:\/\/webs.uab.cat\/arcon\/wp-json\/wp\/v2\/users\/55"}],"replies":[{"embeddable":true,"href":"https:\/\/webs.uab.cat\/arcon\/wp-json\/wp\/v2\/comments?post=204"}],"version-history":[{"count":0,"href":"https:\/\/webs.uab.cat\/arcon\/wp-json\/wp\/v2\/pages\/204\/revisions"}],"wp:attachment":[{"href":"https:\/\/webs.uab.cat\/arcon\/wp-json\/wp\/v2\/media?parent=204"}],"curies":[{"name":"wp","href":"https:\/\/api.w.org\/{rel}","templated":true}]}}