{"id":225,"date":"2020-12-27T13:25:12","date_gmt":"2020-12-27T11:25:12","guid":{"rendered":"https:\/\/blogs.uab.cat\/arcon\/?page_id=225"},"modified":"2022-09-22T13:32:46","modified_gmt":"2022-09-22T11:32:46","slug":"congresos","status":"publish","type":"page","link":"https:\/\/webs.uab.cat\/arcon\/publicaciones\/congresos\/","title":{"rendered":"Congresos"},"content":{"rendered":"<p><strong>2021<\/strong><\/p>\n<p>Carreras, C. (2021) \u201cDemograf\u00eda de la Hispania romana: el factor humano\u201d. Can Tac\u00f3 (Montorn\u00e9s), 14 de Novembre del 2021.<\/p>\n<p>Carreras, C.; Guitart, J. Guardia, J. (2021) \u201cUn municipium fronterizo en el coraz\u00f3n de los Pirineos\u201d. <em>Congreso Internacional Small towns: una realidad urbana en la Hispania romana<\/em>. Museo Arqueol\u00f3gico de Alicante, Alicante, 28 d\u2019octubre 2021.<\/p>\n<p>Carreras, C.; Iba\u00f1ez, A. (2021) \u201cPuig Castell (Ll\u00edvia): revisi\u00f3 a partir dels darrers sondejos arqueol\u00f2gics\u201d. Ll\u00edvia, 9 d\u2019Octubre 2021.<\/p>\n<p>Cort\u00e9s, A. (2021) \u201cEls fonaments vitruvians en les cases de la ciutat romana de Baetulo\u201d 20th April 2021, MAGNA CELEBRATIO 2021, Museum of Baetulo, Spain.<\/p>\n<p>Cort\u00e9s, A. (2021) \u201cSapiexcellence experience, Tetrastylon+ project\u201d 10th May 2021, Marie S.-Curie Actions LAB, Dipartimento di Scienze dell\u2019Antichit\u00e0 and Dipatimento di Storia Antropologia Religioni Arte Spettacolo, Sapienza Universit\u00e0 di Roma, Italy.<\/p>\n<p>De Soto, P. (2021) \u201dEvoluci\u00f3n de la red de transportes en la Hispania romana\u201d. NET-Land. Archaeology, Urban Networks and Landscapes of Settlement in the Long-Term. (Alicante 15-16\/11\/2021)<\/p>\n<p>De Soto, P. (2021) \u201dLas v\u00edas romanas en la Era postdigital. Metodolog\u00edas para su estudio y diseminaci\u00f3n\u201d. Roman Roads in Europe\/Caminhos romanos na Europa MMXXI (Braga 16-18\/09\/2021)<\/p>\n<p>Rodrigo, E.; Pera, J.; Carreras, C.; Roman\u00ed, N.; Catarineu, L. (2021) \u201cPuig Castellar (Biosca) i el seu territori: \u00faltimes novetats\u201d. En Seminari <em>La presencia militar romana en Hispania entre el 180-120 aC: estudios de caso<\/em>, 17 de Desembre del 2021<\/p>\n<p>Rodrigo, E.; Roman\u00ed, N. (2021).\u00a0 \u201cL&#8217;uso di materiali deperibili in due siti della prima fase della conquista romana in Hispania: Can Tac\u00f3 e Puig Castellar de Biosca, Catalogna (s.II aC).\u201d Comunicaci\u00f3n presentada en el <em>Convegno Terra, Legno e Materiali deperibili nell\u2019architectura antica<\/em>, celebrado en\u00a0 Padova, 3-5 de juny de 2021 organitzado por la Universit\u00e0 degli Studi di Padova Dipartimento dei Beni Culturali: Archeologia, Storia dell&#8217;Arte, del Cinema e della Musica.<\/p>\n<p>Rodrigo, E.; Roman\u00ed, E. (2021) \u201cThe process of Roman conquest of Hispania Citerior. Strategies and archaeological evidence in the north-eastern Peninsular Area. (II-I BC): The examples of Puig Castellar of Biosca and Can Tac\u00f3 (Catalonia).\u201d Comunicaci\u00f3n presentada en el Congreso <em>Rome and Iberia. Diversity of Relations from Antiquity to Modernity. III<\/em>, celebrado en Lodz, Polonia entre el 22 i 23 de abril de 2021. Organizado per la Universidad de Lodz.<\/p>\n<p><strong>2020<\/strong><\/p>\n<p>J.Guitart, A.Cortes (2020) <a href=\"http:\/\/www.icac.cat\/en\/actualitat\/noticies\/2020\/1st-tir-for-symposium-on-digital-cartography-next-october-26-and-27-fully-online\/\" target=\"_blank\" rel=\"noopener noreferrer\"><em>1st TIR-FOR Symposium. <\/em><em>From Territory Studies to Digital Carthography<\/em><\/a>, 26-27 d\u2019Octubre del 2020<\/p>\n","protected":false},"excerpt":{"rendered":"<p>2021 Carreras, C. (2021) \u201cDemograf\u00eda de la Hispania romana: el factor humano\u201d. Can Tac\u00f3 (Montorn\u00e9s), 14 de Novembre del 2021. Carreras, C.; Guitart, J. Guardia, J. (2021) \u201cUn municipium fronterizo en el coraz\u00f3n de los Pirineos\u201d. Congreso Internacional Small towns: una realidad urbana en la Hispania romana. Museo Arqueol\u00f3gico de Alicante, Alicante, 28 d\u2019octubre 2021. [&hellip;]<\/p>\n","protected":false},"author":55,"featured_media":0,"parent":57,"menu_order":0,"comment_status":"closed","ping_status":"closed","template":"","meta":{"footnotes":""},"class_list":["post-225","page","type-page","status-publish","hentry"],"_links":{"self":[{"href":"https:\/\/webs.uab.cat\/arcon\/wp-json\/wp\/v2\/pages\/225","targetHints":{"allow":["GET"]}}],"collection":[{"href":"https:\/\/webs.uab.cat\/arcon\/wp-json\/wp\/v2\/pages"}],"about":[{"href":"https:\/\/webs.uab.cat\/arcon\/wp-json\/wp\/v2\/types\/page"}],"author":[{"embeddable":true,"href":"https:\/\/webs.uab.cat\/arcon\/wp-json\/wp\/v2\/users\/55"}],"replies":[{"embeddable":true,"href":"https:\/\/webs.uab.cat\/arcon\/wp-json\/wp\/v2\/comments?post=225"}],"version-history":[{"count":2,"href":"https:\/\/webs.uab.cat\/arcon\/wp-json\/wp\/v2\/pages\/225\/revisions"}],"predecessor-version":[{"id":308,"href":"https:\/\/webs.uab.cat\/arcon\/wp-json\/wp\/v2\/pages\/225\/revisions\/308"}],"up":[{"embeddable":true,"href":"https:\/\/webs.uab.cat\/arcon\/wp-json\/wp\/v2\/pages\/57"}],"wp:attachment":[{"href":"https:\/\/webs.uab.cat\/arcon\/wp-json\/wp\/v2\/media?parent=225"}],"curies":[{"name":"wp","href":"https:\/\/api.w.org\/{rel}","templated":true}]}}