{"id":231,"date":"2020-12-27T13:29:06","date_gmt":"2020-12-27T11:29:06","guid":{"rendered":"https:\/\/blogs.uab.cat\/arcon\/?page_id=231"},"modified":"2022-09-22T13:34:24","modified_gmt":"2022-09-22T11:34:24","slug":"capitulos","status":"publish","type":"page","link":"https:\/\/webs.uab.cat\/arcon\/publicaciones\/capitulos\/","title":{"rendered":"Cap\u00edtulos"},"content":{"rendered":"<p><strong>2021<\/strong><\/p>\n<p>Guardia, J.; Guitart, J.; Carreras, C.; Olesti, O. (2021) \u201cEl f\u00f2rum\u201d. En <em>Hist\u00f2ria de la Cerdanya<\/em>, volum 7. Girona, pp.219-228.<\/p>\n<p><strong>2020<\/strong><\/p>\n<p>Carreras, C. (2020) \u201c<a href=\"https:\/\/www.researchgate.net\/publication\/339830353_Entre_las_brumas_de_Germania_y_Raetia_el_aceite_de_oliva_betico\" target=\"_blank\" rel=\"noopener noreferrer\">Entre las brumas de Germaniae y Raetia: el aceite de oliva b\u00e9tico<\/a>\u201d. En <em>Ex Baetica Romam: homenaje a Jos\u00e9 Remesal<\/em>, Univ. Barcelona, Barcelona, pp.619-646.<\/p>\n<p>Cort\u00e9s, A. (2020) \u201cLa casa a corte tetrastila, una domus dell&#8217;antichit\u00e0 mediterranea con una concezione culturale ibrida\u201d in Cort\u00e9s, A., Migliorati, L. (eds). 2020. <em>La casa a corte tetrastila. L\u2019influenza romana sulla casa greca in Magna Grecia e Sicilia<\/em>, Misura e Spazio II, Roma, 11-34.<\/p>\n<p>Guitart, J.; Carreras, C. (2020) \u201c<a href=\"https:\/\/www.researchgate.net\/publication\/345807813_La_versio_catalana_del_Corpus_Internationale_des_Timbres_Amphoriques_i_la_seva_projeccio_digital\" target=\"_blank\" rel=\"noopener noreferrer\">La versi\u00f3 catalana del Corpus Internationale des Timbres Amphoriques I la seva projecci\u00f3 digital<\/a>\u201d. En <em>Estudis sobre cer\u00e0mica I arqueologiade l\u2019arquitectura<\/em>. Homenatge a Albert L\u00f3pez Mullor. Barcelona, pp.215-220.<\/p>\n<p>Mart\u00edn, A.; Revilla, V.; Carreras, C.; Remesal, J. (2020) \u201cViticulture and demography in the Laetanian region (<em>Hispania Citerior Tarraconensis<\/em>), 1st c. BC \u2013 3rd c. AD\u201d. En D.Van Limbergen, S.Mar\u00e9chal and W.De Clercq (eds.) The Resilience of the Roman Empire. Regional case studies on the relationship between population and food. Resources. Oxford, pp.47-70.<\/p>\n<p>Guardia, J.; Carreras, C.; Guitart, J.(2020) &#8220;<a href=\"https:\/\/www.researchgate.net\/publication\/346580183_Quinzenes_Jornades_d'Arqueologia_de_les_Comarques_de_Girona_207\" target=\"_blank\" rel=\"noopener noreferrer\">Excavacions en el f\u00f2rum de Iulia Libica (Ll\u00edvia)<\/a>&#8220;. <em>XV Jornades d&#8217;Arqueologia de Girona<\/em>.<\/p>\n<p>Palet, J.M.; Rodrigo, E.; Garc\u00eda, A. (2020) <a href=\"https:\/\/www.researchgate.net\/publication\/346469678_L'excavacio_d'espais_agraris_al_territori_d'Empuries_nordoest_del_massis_del_Montgri_Baix_Emporda_Campanyes_2016-2018\" target=\"_blank\" rel=\"noopener noreferrer\">L\u2019excavaci\u00f3 d\u2019espais agraris al territori d\u2019Emp\u00faries (nordoest del mass\u00eds del Montgr\u00ed, Baix Empord\u00e0). Campanyes 2016-2018<\/a>. <em>XV Jornades d&#8217;Arqueologia de Girona<\/em><\/p>\n<p>Pera, J.; Rodrigo, E.; Carreras, C.; Roman\u00ed, N.; Padr\u00f3s, N.; De Sol\u00e0, G. (2020) \u201c<a href=\"https:\/\/www.researchgate.net\/publication\/339303207_LA_FORTALESA_DE_PUIG_CASTELLAR_DE_BIOSCA_LA_SEGARRA_UN_CASTELLUM_DEL_SEGLE_II_AC_IV_JORNADES_D'ARQUEOLOGIA_DE_LA_CATALUNYA_CENTRAL_2016\" target=\"_blank\" rel=\"noopener noreferrer\">La fortalesa de Puig Castellar de Biosca (La Segarra), un castellum del segle II aC<\/a>\u201d. <em>IV Jornades d\u2019Arqueologia de la Catalunya Central<\/em>. Solsona, pp.66-73.<\/p>\n<p>Roman\u00ed, N.; Rodrigo, E.; Pera, J.; Guti\u00e9rrez, A. (2020) \u201c<a href=\"https:\/\/www.researchgate.net\/publication\/345810329_El_material_constructiu_de_la_fortificacio_militar_de_segle_II_aC_de_Puig_Castellar_de_Biosca_Lleida_paviments_revestiments_parietals_i_cobertes_Estudis_sobre_ceramica_i_arqueologia_de_l'arquitectura_\" target=\"_blank\" rel=\"noopener noreferrer\">El material constructiu de la fortificaci\u00f3 militar del segle II aC de Puig Castellar de Biosca (Lleida): paviments, revestiments parietals i cobertes<\/a>\u201d. En <em>Estudis sobre cer\u00e0mica I arqueologiade l\u2019arquitectura<\/em>. Homenatge a Albert L\u00f3pez Mullor. Barcelona, pp.390-403.<\/p>\n","protected":false},"excerpt":{"rendered":"<p>2021 Guardia, J.; Guitart, J.; Carreras, C.; Olesti, O. (2021) \u201cEl f\u00f2rum\u201d. En Hist\u00f2ria de la Cerdanya, volum 7. Girona, pp.219-228. 2020 Carreras, C. (2020) \u201cEntre las brumas de Germaniae y Raetia: el aceite de oliva b\u00e9tico\u201d. En Ex Baetica Romam: homenaje a Jos\u00e9 Remesal, Univ. Barcelona, Barcelona, pp.619-646. Cort\u00e9s, A. (2020) \u201cLa casa a [&hellip;]<\/p>\n","protected":false},"author":55,"featured_media":0,"parent":57,"menu_order":4,"comment_status":"closed","ping_status":"closed","template":"","meta":{"footnotes":""},"class_list":["post-231","page","type-page","status-publish","hentry"],"_links":{"self":[{"href":"https:\/\/webs.uab.cat\/arcon\/wp-json\/wp\/v2\/pages\/231","targetHints":{"allow":["GET"]}}],"collection":[{"href":"https:\/\/webs.uab.cat\/arcon\/wp-json\/wp\/v2\/pages"}],"about":[{"href":"https:\/\/webs.uab.cat\/arcon\/wp-json\/wp\/v2\/types\/page"}],"author":[{"embeddable":true,"href":"https:\/\/webs.uab.cat\/arcon\/wp-json\/wp\/v2\/users\/55"}],"replies":[{"embeddable":true,"href":"https:\/\/webs.uab.cat\/arcon\/wp-json\/wp\/v2\/comments?post=231"}],"version-history":[{"count":1,"href":"https:\/\/webs.uab.cat\/arcon\/wp-json\/wp\/v2\/pages\/231\/revisions"}],"predecessor-version":[{"id":309,"href":"https:\/\/webs.uab.cat\/arcon\/wp-json\/wp\/v2\/pages\/231\/revisions\/309"}],"up":[{"embeddable":true,"href":"https:\/\/webs.uab.cat\/arcon\/wp-json\/wp\/v2\/pages\/57"}],"wp:attachment":[{"href":"https:\/\/webs.uab.cat\/arcon\/wp-json\/wp\/v2\/media?parent=231"}],"curies":[{"name":"wp","href":"https:\/\/api.w.org\/{rel}","templated":true}]}}