{"id":36,"date":"2020-10-15T11:23:27","date_gmt":"2020-10-15T09:23:27","guid":{"rendered":"https:\/\/blogs.uab.cat\/arcon\/?page_id=36"},"modified":"2020-10-15T11:23:27","modified_gmt":"2020-10-15T09:23:27","slug":"descripcion-del-proyecto","status":"publish","type":"page","link":"https:\/\/webs.uab.cat\/arcon\/descripcion-del-proyecto\/","title":{"rendered":"Proyecto"},"content":{"rendered":"<p>El objetivo esencial de este nuevo proyecto es ahondar en el conocimiento en el proceso de consolidaci\u00f3n militar romana y fundaci\u00f3n de ciudades a partir de los datos arqueol\u00f3gicos de un estudio de caso como es la cuenca del r\u00edo Segre \u2013 uno de los afluentes del Ebro. El ejemplo escogido nos permite analizar distintos momentos de la conquista romana, y establecer posibles modelos alternativos tanto de ocupaci\u00f3n como urbanizaci\u00f3n en funci\u00f3n de la geograf\u00eda y las poblaciones aut\u00f3ctonas. Creemos que el ejemplo concreto de esta cuenca tributaria del r\u00edo Ebro puede llegar a ser extrapolable a muchas cuencas fluviales similares de la provincia de la Hispania Citerior.<\/p>\n<p>Tal como se hab\u00eda avanzado en proyectos anteriores, se defiende como hip\u00f3tesis de partida que la estrategia seguida por Roma para el control de la Pen\u00ednsula Ib\u00e9rica no fue un proceso unitario, sino que se adapt\u00f3 a las distintas condiciones territoriales y sociales. En este caso, se escoge una cuenca fluvial muy diversa que abarca desde territorios muy llanos hasta zonas monta\u00f1osas que alcanzan casi los 1.200 m.s.m. en la cuenca alta en su paso por la comarca de la Cerda\u00f1a.<\/p>\n<figure id=\"attachment_89\" aria-describedby=\"caption-attachment-89\" style=\"width: 403px\" class=\"wp-caption aligncenter\"><a href=\"https:\/\/webs.uab.cat\/arcon\/wp-content\/uploads\/sites\/75\/2020\/10\/mapa-canals-segre.jpg\"><img loading=\"lazy\" decoding=\"async\" class=\" wp-image-89\" src=\"https:\/\/webs.uab.cat\/arcon\/wp-content\/uploads\/sites\/75\/2020\/10\/mapa-canals-segre-300x267.jpg\" alt=\"Cuenca fluvial del r\u00edo Segre\" width=\"403\" height=\"360\" \/><\/a><figcaption id=\"caption-attachment-89\" class=\"wp-caption-text\">Cuenca fluvial del r\u00edo Segre<\/figcaption><\/figure>\n<p>Para comprender el fen\u00f3meno hist\u00f3rico de la romanizaci\u00f3n en su globalidad resulta b\u00e1sico incidir en un mejor conocimiento de esta etapa inicial, como un fen\u00f3meno din\u00e1mico que se inicia en el siglo II a.C. con la ocupaci\u00f3n militar y las primeras fundaciones urbanas hasta las \u00faltimas revueltas de las tribus de las monta\u00f1as con las \u00faltimas fundaciones urbanas a finales del siglo I a.C.<\/p>\n<p>Desde la vertiente cient\u00edfica-hist\u00f3rica los objetivos generales del proyecto son:<\/p>\n<p>1.Completar los trabajos de prospecci\u00f3n en curso i continuar con las excavaciones de tres yacimientos clave de la cuenca del r\u00edo Segre (Puig Castellar, <em>Iesso, Iulia Libica<\/em>) y de documentaci\u00f3n de otros establecimientos urbanos de la misma cuenca<\/p>\n<p>2. Analizar a fondo los horizontes de cultura material de este per\u00edodo; en especial las aportaciones de elementos it\u00e1licos y su comparaci\u00f3n con las producciones locales. Focalizando el estudio en la cer\u00e1mica, monedas, material l\u00edtico-m\u00e1rmol y elementos de militar\u00eda recuperados en excavaci\u00f3n (colaboraci\u00f3n con el equipo de Llu\u00eds Garc\u00eda, ge\u00f3logo de la UAB y la arque\u00f3loga Anna Guti\u00e9rrez del ICAC)<\/p>\n<p>3. Generar un modelo te\u00f3rico de la transici\u00f3n de la implantaci\u00f3n romana de la cuenca del r\u00edo Segre y compararlo con otros territorios del interior de la <em>Hispania Citerior<\/em> como son las distintas cuencas de afluentes del r\u00edo Ebro con cronolog\u00edas muy similares<\/p>\n<p>Desde la vertiente de tecnolog\u00eda aplicada y transferencia, los objetivos generales del proyecto son:<\/p>\n<p>a. Continuar investigando, a partir de la experiencia del proyecto anterior, la potencialidad de las herramientas derivadas del SIG especialmente la tecnolog\u00eda LIDAR y la geof\u00edsica aplicadas a la arqueolog\u00eda.<\/p>\n<figure id=\"attachment_91\" aria-describedby=\"caption-attachment-91\" style=\"width: 438px\" class=\"wp-caption aligncenter\"><a href=\"https:\/\/webs.uab.cat\/arcon\/wp-content\/uploads\/sites\/75\/2020\/10\/llivia_3D.jpg\"><img loading=\"lazy\" decoding=\"async\" class=\" wp-image-91\" src=\"https:\/\/webs.uab.cat\/arcon\/wp-content\/uploads\/sites\/75\/2020\/10\/llivia_3D-300x212.jpg\" alt=\"Reconstrucci\u00f3n del praetorium de Puig Castellar\" width=\"438\" height=\"315\" \/><\/a><figcaption id=\"caption-attachment-91\" class=\"wp-caption-text\">Imagen LIDAR de Iulia Libica<\/figcaption><\/figure>\n<p>b. Elaborar materiales digitales para la difusi\u00f3n del conocimiento y la valorizaci\u00f3n del patrimonio, recreaciones 3D, realidad aumentada e hipertextos, entre otros.<\/p>\n<figure id=\"attachment_92\" aria-describedby=\"caption-attachment-92\" style=\"width: 423px\" class=\"wp-caption aligncenter\"><a href=\"https:\/\/webs.uab.cat\/arcon\/wp-content\/uploads\/sites\/75\/2020\/10\/principia_3D.jpg\"><img loading=\"lazy\" decoding=\"async\" class=\" wp-image-92\" src=\"https:\/\/webs.uab.cat\/arcon\/wp-content\/uploads\/sites\/75\/2020\/10\/principia_3D-300x169.jpg\" alt=\"Reconstrucci\u00f3n del praetorium de Puig Castellar\" width=\"423\" height=\"245\" \/><\/a><figcaption id=\"caption-attachment-92\" class=\"wp-caption-text\">Reconstrucci\u00f3n del praetorium de Puig Castellar<\/figcaption><\/figure>\n<p>c. Contribuir a la dinamizaci\u00f3n econ\u00f3mica de la cuenca del r\u00edo Segre a partir de la potenciaci\u00f3n de los recursos patrimoniales en colaboraci\u00f3n con agentes locales: museos, instituciones culturales, ayuntamientos, etc&#8230;. Una l\u00ednea que se ha mostrado altamente productiva a nivel de transferencia social del conocimiento.<\/p>\n<p><strong>Objetivos espec\u00edficos del proyecto:<\/strong><\/p>\n<ol>\n<li>Centrar el trabajo de campo de forma prioritaria en la excavaci\u00f3n del yacimiento de Puig Castellar (Biosca, L\u00e9rida), un yacimiento actualmente en curso de excavaci\u00f3n y que se perfila como un ejemplo muy claro de arquitectura militar romana, su tipolog\u00eda de fortificaci\u00f3n con muralla y torres de defensa, junto a sus materiales (monedas y cer\u00e1micas) de segunda mitad de siglo II a.C., constituyen un modelo de ocupaci\u00f3n romana en la zona interior desconocido hasta el momento, inmediatamente anterior a la fundaci\u00f3n de la ciudad romana de <em>Iesso<\/em>.<\/li>\n<\/ol>\n<ol start=\"2\">\n<li>Proseguir con los trabajos arqueol\u00f3gicos en la ciudad romana de <em>Iesso<\/em>, centrados en la zona de la muralla y del barrio de casas republicanas anterior a las termas de la ciudad que se encuentran en curso de excavaci\u00f3n.<\/li>\n<\/ol>\n<ol start=\"3\">\n<li>Continuar con las excavaciones en <em>Iulia Libica<\/em> (sector de Les Colomines A), centr\u00e1ndose en las estructuras de las fases iniciales, as\u00ed como iniciar los sondeos del cerro superior conocido como Puig Castell donde se presume se situar\u00eda el n\u00facleo ind\u00edgena y alg\u00fan establecimiento republicano por ahora hipot\u00e9tico.<\/li>\n<\/ol>\n<ol start=\"4\">\n<li>Poner en relaci\u00f3n y compartir los datos obtenidos en estos dos yacimientos, de los que somos responsables cient\u00edficos, con los resultados obtenidos en otros yacimientos coet\u00e1neos de la cuenca del r\u00edo Segre y de los afluentes del Ebro colindantes<\/li>\n<\/ol>\n<ol start=\"5\">\n<li>Recopilar contextos materiales fiables para definir el horizonte material com\u00fan a otros establecimientos romanos de tipo militar-administrativo y establecer las diferencias respecto a yacimientos parecidos de car\u00e1cter ind\u00edgena. En los contextos se incluye el estudio de cer\u00e1micas, monedas u otros objetos que pudieran indicar por su funci\u00f3n o cantidad un enclave de car\u00e1cter it\u00e1lico y poder llegar a una necesaria precisi\u00f3n cronol\u00f3gica.<\/li>\n<\/ol>\n<ol start=\"6\">\n<li>Prospectar en la medida de lo posible los territorios pr\u00f3ximos a <em>Iesso<\/em> y <em>Iulia Libica<\/em> para localizar nuevos establecimientos rurales y posibles calzadas romanas (combinar teledetecci\u00f3n con geof\u00edsica)<\/li>\n<\/ol>\n<ol start=\"7\">\n<li>Elaborar materiales en formato digital derivados de los trabajos de investigaci\u00f3n arqueol\u00f3gica para su posterior explotaci\u00f3n en la difusi\u00f3n y presentaci\u00f3n p\u00fablica de los yacimientos.<\/li>\n<\/ol>\n","protected":false},"excerpt":{"rendered":"<p>El objetivo esencial de este nuevo proyecto es ahondar en el conocimiento en el proceso de consolidaci\u00f3n militar romana y fundaci\u00f3n de ciudades a partir de los datos arqueol\u00f3gicos de un estudio de caso como es la cuenca del r\u00edo Segre \u2013 uno de los afluentes del Ebro. El ejemplo escogido nos permite analizar distintos [&hellip;]<\/p>\n","protected":false},"author":55,"featured_media":0,"parent":0,"menu_order":0,"comment_status":"closed","ping_status":"closed","template":"","meta":{"footnotes":""},"class_list":["post-36","page","type-page","status-publish","hentry"],"_links":{"self":[{"href":"https:\/\/webs.uab.cat\/arcon\/wp-json\/wp\/v2\/pages\/36","targetHints":{"allow":["GET"]}}],"collection":[{"href":"https:\/\/webs.uab.cat\/arcon\/wp-json\/wp\/v2\/pages"}],"about":[{"href":"https:\/\/webs.uab.cat\/arcon\/wp-json\/wp\/v2\/types\/page"}],"author":[{"embeddable":true,"href":"https:\/\/webs.uab.cat\/arcon\/wp-json\/wp\/v2\/users\/55"}],"replies":[{"embeddable":true,"href":"https:\/\/webs.uab.cat\/arcon\/wp-json\/wp\/v2\/comments?post=36"}],"version-history":[{"count":0,"href":"https:\/\/webs.uab.cat\/arcon\/wp-json\/wp\/v2\/pages\/36\/revisions"}],"wp:attachment":[{"href":"https:\/\/webs.uab.cat\/arcon\/wp-json\/wp\/v2\/media?parent=36"}],"curies":[{"name":"wp","href":"https:\/\/api.w.org\/{rel}","templated":true}]}}