{"id":45,"date":"2020-10-15T12:13:31","date_gmt":"2020-10-15T10:13:31","guid":{"rendered":"https:\/\/blogs.uab.cat\/arcon\/?page_id=45"},"modified":"2020-10-15T12:13:31","modified_gmt":"2020-10-15T10:13:31","slug":"yacimientos","status":"publish","type":"page","link":"https:\/\/webs.uab.cat\/arcon\/yacimientos\/","title":{"rendered":"Yacimientos"},"content":{"rendered":"<p>Estudiamos la transici\u00f3n de la cuenca del r\u00edo Segre durante dos siglos (II-I aC) en que aparecen establecimientos militares it\u00e1licos como <strong>Puig Castellar<\/strong> (Biosca) que conviven con asentam\u00edentos ib\u00e9ricos, que a\u00fan perduran. Desde el a\u00f1o 2013 se viene excavando este yacimiento militar con una cronologia bien definida que va desde el 180 al 120 aC.<\/p>\n<p>Durante el siglo II aC, ambos tipos de yacimiento coinciden en el espacio, pero van evolucionando de forma que a finales del siglo II aC comienzan a fundarse las primeras ciudades romanas.<\/p>\n<figure id=\"attachment_126\" aria-describedby=\"caption-attachment-126\" style=\"width: 506px\" class=\"wp-caption aligncenter\"><a href=\"https:\/\/webs.uab.cat\/arcon\/wp-content\/uploads\/sites\/75\/2020\/10\/Llivia_Catalonia_republicana-scaled-1.jpg\"><img loading=\"lazy\" decoding=\"async\" class=\" wp-image-126\" src=\"https:\/\/blogs.uab.cat\/arcon\/files\/2020\/10\/Llivia_Catalonia_republicana-300x227.jpg\" alt=\"Valle del r\u00edo Segre en el siglo II aC\" width=\"506\" height=\"386\" \/><\/a><figcaption id=\"caption-attachment-126\" class=\"wp-caption-text\">NE Peninsular y el valle del r\u00edo Segre en el siglo II aC<\/figcaption><\/figure>\n<p>A finales del siglo II aC se funda la ciudad romana de <strong>Iesso<\/strong> (Guissona), que ha sido excavada por el equipo del GRAPCA desde hace ya 30 a\u00f1os, y que hoy en d\u00eda es un parque arqueol\u00f3gico con m\u00e1s de 2 ha de yacimiento bien conservado. La ciudad de Iesso presenta una secuencia cronol\u00f3gica completa que va desde las fosas fundacionales republicanas datadas por un titulus pictus alrededor del 120 aC, y un primer urbanismo republicano del siglo I aC. A finales del siglo I aC, coincidiendo con \u00e9poca augustea se observan importantes cambios en la fisonom\u00eda urbana de Iesso.<\/p>\n<figure id=\"attachment_131\" aria-describedby=\"caption-attachment-131\" style=\"width: 488px\" class=\"wp-caption aligncenter\"><a href=\"https:\/\/webs.uab.cat\/arcon\/wp-content\/uploads\/sites\/75\/2020\/10\/Llivia_Pirineus_ciutats-scaled-1.jpg\"><img loading=\"lazy\" decoding=\"async\" class=\" wp-image-131\" src=\"https:\/\/blogs.uab.cat\/arcon\/files\/2020\/10\/Llivia_Pirineus_ciutats-300x190.jpg\" alt=\"Ciudades romanas del Pirineo\" width=\"488\" height=\"314\" \/><\/a><figcaption id=\"caption-attachment-131\" class=\"wp-caption-text\">Ciudades romanas del Pirineo<\/figcaption><\/figure>\n<p>Al mismo tiempo, en estas \u00faltimas d\u00e9cadas del siglo I aC se funda la ciudad romana de <strong>Iulia Libica<\/strong> (Ll\u00edvia), en medio de los Pirineos. M\u00e1s que una ciudad es una peque\u00f1a aglomeraci\u00f3n que se organiza alrededor de un majestuosos foro, que se ha vuelto a excavar a partir del 2014.<\/p>\n<p>Con estos tres yacimientos pretendemos analizar la evoluci\u00f3n de la cuenca del r\u00edo Segre desde el momento de conquista militar romana hasta la pacificaci\u00f3n de la provincia, con la fundaci\u00f3n de la red de ciudades que controlaran el territorio.<\/p>\n","protected":false},"excerpt":{"rendered":"<p>Estudiamos la transici\u00f3n de la cuenca del r\u00edo Segre durante dos siglos (II-I aC) en que aparecen establecimientos militares it\u00e1licos como Puig Castellar (Biosca) que conviven con asentam\u00edentos ib\u00e9ricos, que a\u00fan perduran. Desde el a\u00f1o 2013 se viene excavando este yacimiento militar con una cronologia bien definida que va desde el 180 al 120 aC. [&hellip;]<\/p>\n","protected":false},"author":55,"featured_media":0,"parent":0,"menu_order":0,"comment_status":"closed","ping_status":"closed","template":"","meta":{"footnotes":""},"class_list":["post-45","page","type-page","status-publish","hentry"],"_links":{"self":[{"href":"https:\/\/webs.uab.cat\/arcon\/wp-json\/wp\/v2\/pages\/45","targetHints":{"allow":["GET"]}}],"collection":[{"href":"https:\/\/webs.uab.cat\/arcon\/wp-json\/wp\/v2\/pages"}],"about":[{"href":"https:\/\/webs.uab.cat\/arcon\/wp-json\/wp\/v2\/types\/page"}],"author":[{"embeddable":true,"href":"https:\/\/webs.uab.cat\/arcon\/wp-json\/wp\/v2\/users\/55"}],"replies":[{"embeddable":true,"href":"https:\/\/webs.uab.cat\/arcon\/wp-json\/wp\/v2\/comments?post=45"}],"version-history":[{"count":0,"href":"https:\/\/webs.uab.cat\/arcon\/wp-json\/wp\/v2\/pages\/45\/revisions"}],"wp:attachment":[{"href":"https:\/\/webs.uab.cat\/arcon\/wp-json\/wp\/v2\/media?parent=45"}],"curies":[{"name":"wp","href":"https:\/\/api.w.org\/{rel}","templated":true}]}}