{"id":48,"date":"2020-10-15T12:13:52","date_gmt":"2020-10-15T10:13:52","guid":{"rendered":"https:\/\/blogs.uab.cat\/arcon\/?page_id=48"},"modified":"2020-10-15T12:13:52","modified_gmt":"2020-10-15T10:13:52","slug":"metodologias","status":"publish","type":"page","link":"https:\/\/webs.uab.cat\/arcon\/metodologias\/","title":{"rendered":"Metodolog\u00edas"},"content":{"rendered":"<p>En los \u00faltimos proyectos coordinados tuvimos la oportunidad de intercambiar metodolog\u00edas y t\u00e9cnicas con los otros equipos de investigaci\u00f3n que la integraban. Despu\u00e9s de esa experiencia, hemos incorporado sobre todo los m\u00e9todos de teledetecci\u00f3n y SIG, a nuestros propios conocimientos de geof\u00edsica y de excavaci\u00f3n seg\u00fan el m\u00e9todo estratigr\u00e1fico; asimismo en este nuevo proyecto pretendemos desarrollar nuestro conocimiento de materiales arqueol\u00f3gicos y de arqueometr\u00eda con la colaboraci\u00f3n de equipos de geolog\u00eda de la UAB y del ICAC.<\/p>\n<p>Pretendemos seguir utilizando m\u00e9todos no destructivos como LIDAR o la imagen de drones para analizar territorios con yacimientos potenciales, e incluso restos arqueol\u00f3gicos de yacimientos ya conocidos previamente. Esta informaci\u00f3n nos permite realizar posteriormente a pie superficiales para corroborar las hip\u00f3tesis; y si \u00e9stas son positivas, utilizar m\u00e9todos geof\u00edsicos para obtener una imagen en detalle de las anomal\u00edas que pueden existir en el subsuelo. Esta estrategia que se hab\u00eda empleado en las intervenciones de Puig Castellar (Biosca) y <em>Iesso<\/em> (Guissona), ha sido especialmente \u00fatil en las excavaciones urbanas de Ll\u00edvia, en que los restos se encuentran por debajo del municipio actual.<\/p>\n<p>De cara al futuro proyecto, se plantean aplicar distintos m\u00e9todos geof\u00edsicos (p.e. resistividad, magnetometr\u00eda, GPR) en los yacimientos de <em>Iesso<\/em> y <em>Iulia L\u00edbica<\/em>, para completar la imagen arqueol\u00f3gica del subsuelo, y de esta forma, optimizar la planificaci\u00f3n de futuras campa\u00f1as arqueol\u00f3gicas. En este sentido, la geof\u00edsica permite gestionar de forma racional el patrimonio arqueol\u00f3gico sin tener que intervenir con una excavaci\u00f3n arqueol\u00f3gica. Gran parte de la informaci\u00f3n obtenido por estos distintos m\u00e9todos conformar\u00e1 una planimetr\u00eda en CAD y en SIG que permitir\u00e1 reconocer todas las estructuras en su conjunto.<\/p>\n","protected":false},"excerpt":{"rendered":"<p>En los \u00faltimos proyectos coordinados tuvimos la oportunidad de intercambiar metodolog\u00edas y t\u00e9cnicas con los otros equipos de investigaci\u00f3n que la integraban. Despu\u00e9s de esa experiencia, hemos incorporado sobre todo los m\u00e9todos de teledetecci\u00f3n y SIG, a nuestros propios conocimientos de geof\u00edsica y de excavaci\u00f3n seg\u00fan el m\u00e9todo estratigr\u00e1fico; asimismo en este nuevo proyecto pretendemos [&hellip;]<\/p>\n","protected":false},"author":55,"featured_media":0,"parent":0,"menu_order":0,"comment_status":"closed","ping_status":"closed","template":"","meta":{"footnotes":""},"class_list":["post-48","page","type-page","status-publish","hentry"],"_links":{"self":[{"href":"https:\/\/webs.uab.cat\/arcon\/wp-json\/wp\/v2\/pages\/48","targetHints":{"allow":["GET"]}}],"collection":[{"href":"https:\/\/webs.uab.cat\/arcon\/wp-json\/wp\/v2\/pages"}],"about":[{"href":"https:\/\/webs.uab.cat\/arcon\/wp-json\/wp\/v2\/types\/page"}],"author":[{"embeddable":true,"href":"https:\/\/webs.uab.cat\/arcon\/wp-json\/wp\/v2\/users\/55"}],"replies":[{"embeddable":true,"href":"https:\/\/webs.uab.cat\/arcon\/wp-json\/wp\/v2\/comments?post=48"}],"version-history":[{"count":0,"href":"https:\/\/webs.uab.cat\/arcon\/wp-json\/wp\/v2\/pages\/48\/revisions"}],"wp:attachment":[{"href":"https:\/\/webs.uab.cat\/arcon\/wp-json\/wp\/v2\/media?parent=48"}],"curies":[{"name":"wp","href":"https:\/\/api.w.org\/{rel}","templated":true}]}}