{"id":301,"date":"2013-11-24T00:27:52","date_gmt":"2013-11-24T00:27:52","guid":{"rendered":"https:\/\/webs.uab.cat\/arnau\/novetats\/"},"modified":"2024-12-12T00:07:10","modified_gmt":"2024-12-12T00:07:10","slug":"novetats","status":"publish","type":"page","link":"https:\/\/webs.uab.cat\/arnau\/en\/novetats\/","title":{"rendered":"News"},"content":{"rendered":"\n<h2 class=\"wp-block-heading\" id=\"block-23ed8aa4-3f14-4b9d-9640-74b01513a812\">Books published by the members of our team<\/h2>\n\n\n\n<figure class=\"wp-block-image\"><img decoding=\"async\" src=\"https:\/\/webs.uab.cat\/arnau\/wp-content\/uploads\/sites\/132\/2024\/09\/antidotum.jpg\" alt=\"\" \/><\/figure>\n\n\n\n<p id=\"block-000df0dd-e513-48bc-b9d1-18a4bba4928e\">Jaume Mensa i Valls<br><strong><em>Arnaldi de Villanova Opera Theologica Omnia, XII: Antidotum contra venenum effusum per fratrem Martinum de Atheca, praedicatorem ; Praesentatio facta Burdegaliae,<\/em><\/strong><br>Barcelona, Institut d&#8217;Estudis Catalans &#8211;<br>Ateneu Universitari Sant Paci\u00e0 &#8211;<br>Universitat Aut\u00f2noma de Barcelona, 2023. 242 pp.<br>ISBN: 978-84-9965-657-1<br><a href=\"https:\/\/publicacions.iec.cat\/PopulaFitxa.do?moduleName=novetats_editorials&amp;subModuleName=darreres_novetats&amp;idCatalogacio=39310\">Informaci\u00f3 de l&#8217;editor &#8211; Desc\u00e0rrega gratu\u00efta<\/a><\/p>\n\n\n\n<figure class=\"wp-block-image\"><img decoding=\"async\" src=\"https:\/\/webs.uab.cat\/arnau\/wp-content\/uploads\/sites\/132\/2024\/09\/AV-ilerdensis-2.jpg\" alt=\"\" \/><\/figure>\n\n\n\n<p id=\"block-044509e2-c22a-4e66-b68a-e28df39b222b\">Jaume Mensa i Valls<br><strong><em>Arnau de Vilanova a Lleida. La Confessio Ilerdensis. Estudi, edici\u00f3 i traducci\u00f3.<\/em><\/strong><br>Lleida, Edicions i Publicacions de la Universitat de Lleida, 2023, 92 pp.<br>ISBN: 9788491444459<br><a href=\"https:\/\/www.publicacions.udl.cat\/producte\/arnau-de-vilanova-a-lleida-la-confessio-ilerdensis-estudi-edicio-i-traduccio\/\">Informaci\u00f3 de l&#8217;editor<\/a><\/p>\n\n\n\n<figure class=\"wp-block-image\"><img decoding=\"async\" src=\"https:\/\/webs.uab.cat\/arnau\/wp-content\/uploads\/sites\/132\/2024\/09\/trobadaIV-1.jpg\" alt=\"\" \/><\/figure>\n\n\n\n<p id=\"block-24c665eb-fcb2-4572-bbf3-2d3910ab6292\">Jaume Mensa, Jaume de Puig, Sebasti\u00e0 Giralt, Jon Arrizabalaga (eds.),<br><strong><em>La recepci\u00f3 de l\u2019obra d\u2019Arnau de Vilanova. Actes de la \u00abIV Trobada Internacional d\u2019Estudis sobre Arnau de Vilanova\u00bb,<\/em><\/strong><br>Institut d&#8217;Estudis Catalans &#8211; Universitat Aut\u00f2noma de Barcelona &#8211; Ateneu Universitari Sant Paci\u00e0,<br>Treballs de la Secci\u00f3 de Filosofia i Ci\u00e8ncies Socials, 55<br>Barcelona, 2022, 368 pp.<br>ISBN: 9788499656939<br><a href=\"https:\/\/publicacions.iec.cat\/PopulaFitxa.do?moduleName=cataleg&amp;subModuleName=cerca_avanzada&amp;idCatalogacio=39348\">Informaci\u00f3 de l&#8217;editor<\/a> &#8211; <a href=\"https:\/\/ddd.uab.cat\/record\/272923\">Desc\u00e0rrega gratu\u00efta<\/a><\/p>\n\n\n\n<figure class=\"wp-block-image\"><img decoding=\"async\" src=\"https:\/\/webs.uab.cat\/arnau\/wp-content\/uploads\/sites\/132\/2013\/11\/grau-aristotil-arnau-702x1024.jpg\" alt=\"\" \/><\/figure>\n\n\n\n<p id=\"block-88b98270-0c64-4a70-a534-bf451a77b8f1\">Sergi Grau Torras<br><strong><em>Les transformacions d&#8217;Arist\u00f2til. Filosofia natural i medicina a Montpeller: el cas d&#8217;Arnau de Vilanova (c. 1240-1311)<\/em><\/strong>,<br>Barcelona, Institut d&#8217;Estudis Catalans, 2020. 263 pp.<br>Col\u00b7lecci\u00f3: Treballs de la Secci\u00f3 de Filosofia i Ci\u00e8ncies Socials, 50, Premi IEC de Filosofia Joaquim Carreras i Artau 2017<br>ISBN: 978-84-9965-566-6<br><a href=\"https:\/\/publicacions.iec.cat\/PopulaFitxa.do?moduleName=cataleg&amp;subModuleName=cerca_rapida&amp;idCatalogacio=34968\">Informaci\u00f3 de l\u2019editor<\/a><\/p>\n\n\n\n<p id=\"block-aeede719-a198-4563-900e-7d83641d50e1\"><\/p>\n\n\n\n<figure class=\"wp-block-image\"><img decoding=\"async\" src=\"https:\/\/webs.uab.cat\/arnau\/wp-content\/uploads\/sites\/132\/2019\/12\/avothoxivb.jpg\" alt=\"\" \/><\/figure>\n\n\n\n<p id=\"block-cf7c1556-73ad-461f-92e5-467c22239ac4\">Arnau de Vilanova,<br><strong><em>Arnaldi de Villanova Opera Theologica Omnia, XIV: Interpretatio de visionibus in somniis dominorum Iacobi secundi, regis Aragonum, et Friderici tertii, regis Siciliae, eius fratris<\/em><\/strong>,<br>Jaume Mensa i Valls (ed.)<br>Barcelona, Institut d&#8217;Estudis Catalans &#8211; Facultat de Teologia de Catalunya, 2019. 189 pp.<br>ISBN: 978-84-9965-488-1 (IEC)<br><a href=\"https:\/\/publicacions.iec.cat\/PopulaFitxa.do?moduleName=coleccions_bibliografiques&amp;subModuleName=&amp;idCatalogacio=32668\">Informaci\u00f3 de l\u2019editor<\/a><\/p>\n\n\n\n<figure class=\"wp-block-image\"><img decoding=\"async\" src=\"https:\/\/webs.uab.cat\/arnau\/wp-content\/uploads\/sites\/132\/2019\/04\/antoni-andreu-mensa.jpg\" alt=\"\" \/><\/figure>\n\n\n\n<p id=\"block-0a840348-23aa-404a-9535-ba7deed44bce\">Jaume Mensa i Valls<br><em><strong>Antoni Andreu, mestre escotista: balan\u00e7 d\u2019un segle d\u2019Estudis<\/strong><\/em>,<br>Barcelona, Institut d&#8217;Estudis Catalans &#8211; Facultat de Teologia de Catalunya, 2017. 134 pp.<br>Corpus Scriptorum Cataloniae. Series D, Subsidia, 3.<br>ISBN: 978-84-9965-361-7 (IEC) ; 978-84-947195-0-9 (FTC)<br><a href=\"https:\/\/publicacions.iec.cat\/PopulaFitxa.do?moduleName=novetats_editorials&amp;subModuleName=darreres_novetats&amp;idCatalogacio=27648\">Informaci\u00f3 de l&#8217;editor<\/a><\/p>\n\n\n\n<p id=\"block-c98ffd59-3ae2-4a3e-ae64-cc67736e9547\"><\/p>\n\n\n\n<figure class=\"wp-block-image\"><img decoding=\"async\" src=\"https:\/\/webs.uab.cat\/arnau\/wp-content\/uploads\/sites\/132\/2016\/10\/avomoXIV.jpg\" alt=\"\" \/><\/figure>\n\n\n\n<p id=\"block-c40b2e97-aade-4dc9-8220-f1cb0e9efc4c\">Arnau de Vilanova,<br><strong>Arnaldi de Villanova Opera Medica Omnia XIV: Expositio super aphorismo Hippocratis &#8220;In morbis minus&#8221; \/ Repetitio super aphorismo Hippocratis &#8220;Vita brevis<\/strong>&#8220;,<br>Michael R. McVaugh &#8211; Fernando Salm\u00f3n (ed.),<br>Barcelona, Universitat de Barcelona-Fundaci\u00f3 Noguera, 2014.<br>ISBN: 978-84-9975-568-7<br><a href=\"https:\/\/www.edicions.ub.edu\/ficha.aspx?cod=08237\">Informaci\u00f3 de l\u2019editor<\/a><\/p>\n\n\n\n<p id=\"block-31abd484-ed09-4f7b-9ae2-d66792d37dde\"><\/p>\n\n\n\n<figure class=\"wp-block-image\"><img decoding=\"async\" src=\"https:\/\/webs.uab.cat\/arnau\/wp-content\/uploads\/sites\/132\/2016\/10\/mensa-amor.jpg\" alt=\"\" \/><\/figure>\n\n\n\n<p id=\"block-8851956f-07a2-42d6-92b5-6459a33fa2ff\">Jaume Mensa i Valls,<br>Arnau de Vilanova i les teories medievals de l&#8217;amor,<br>Col\u00b7lecci\u00f3 &#8220;Cristianisme i Cultura&#8221;, 73<br>Barcelona, Fundaci\u00f3 Joan Maragall &#8211; Cru\u00eflla, 2012, 259 pp.<br>XXI Premi Joan Maragall<br>ISBN 978-84-661-3117-9<br><a href=\"http:\/\/Jaume Mensa i Valls, Arnau de Vilanova i les teories medievals de l'amor, Col\u00b7lecci\u00f3 &quot;Cristianisme i Cultura&quot;, 73 Barcelona, Fundaci\u00f3 Joan Maragall - Cru\u00eflla, 2012, 259 pp. XXI Premi Joan Maragall ISBN 978-84-661-3117-9 Informaci\u00f3 de l'editor\">Informaci\u00f3 de l&#8217;editor<\/a><\/p>\n\n\n\n<figure class=\"wp-block-image\"><img decoding=\"async\" src=\"https:\/\/webs.uab.cat\/arnau\/wp-content\/uploads\/sites\/132\/2016\/10\/mensa-filosofia.jpg\" alt=\"\" \/><\/figure>\n\n\n\n<p id=\"block-9024b234-15ec-4174-a32f-f81a882ea112\">Jaume Mensa i Valls,<br>Introducci\u00f3 a la filosofia medieval,<br>Bellaterra, Servei de Publicacions de la Universitat Aut\u00f2noma de Barcelona , 2012, 282 pp.<br>Manuals de la Universitat Aut\u00f2noma de Barcelona, 57.<br>ISBN 978-84-490-2866-3<br><a href=\"https:\/\/portalrecerca.uab.cat\/ca\/publications\/introducci%C3%B3-a-la-filosofia-medieval-4\">Informaci\u00f3 de l\u2019editor<\/a><\/p>\n\n\n\n<p id=\"block-6274b69f-d652-4592-aa9f-c2bc8cf9dea3\"><\/p>\n\n\n\n<figure class=\"wp-block-image\"><img decoding=\"async\" src=\"https:\/\/webs.uab.cat\/arnau\/wp-content\/uploads\/sites\/132\/2016\/10\/calvet-alchimica.jpg\" alt=\"\" \/><\/figure>\n\n\n\n<p id=\"block-8a3ee78a-0b20-405f-948d-c5c378a99a9f\">Antoine Calvet,&nbsp;<br><em><strong>Les \u0153uvres alchimiques attribu\u00e9es \u00e0 Arnaud de Villeneuve: grand \u0153uvre, m\u00e9decine et proph\u00e9tie au Moyen-\u00c2ge<\/strong><\/em>,<br>Par\u00eds &#8211; Mil\u00e0, S.\u00c9.H.A. &#8211; Arch\u00e8, 2011, 728 pp.<br>Textes et travaux de Chrysop\u0153ia, 11.<\/p>\n\n\n\n<p id=\"block-09d4eeb3-1026-42cd-bb35-91067fa7dd73\">ISBN: 978-88-7252-318-6<\/p>\n\n\n\n<figure class=\"wp-block-image\"><img decoding=\"async\" src=\"https:\/\/webs.uab.cat\/arnau\/wp-content\/uploads\/sites\/132\/2016\/10\/Heroic_portada.jpg\" alt=\"\" \/><\/figure>\n\n\n\n<p id=\"block-1962af4f-a061-4c58-ad63-6b956cf43ac6\">Arnau de Vilanova,<br>Tractat sobre l&#8217;amor heroic,<br>a cura de Michael McVaugh [introducci\u00f3 i text llat\u00ed] i Sebasti\u00e0 Giralt [traducci\u00f3 catalana i notes],<br>Barcelona, Barcino, 2011 (Col\u00b7lecci\u00f3 Barcino, 7), 81 pp.<br>ISBN 978-84-72267725<br><a href=\"https:\/\/www.editorialbarcino.cat\/en\/cataleg\/tractat-sobre-lamor-heroic\/\">Informaci\u00f3 de l\u2019editor<\/a><\/p>\n\n\n\n<p id=\"block-4b9855d0-33a8-4c54-bf75-d71443135967\"><\/p>\n\n\n\n<h2 class=\"wp-block-heading\" id=\"block-f4c57a0e-71ab-4349-82eb-c90359d815c8\"><strong>Dossier tem\u00e0tic del nostre equip<\/strong><\/h2>\n\n\n\n<figure class=\"wp-block-image\"><img decoding=\"async\" src=\"https:\/\/webs.uab.cat\/arnau\/wp-content\/uploads\/sites\/132\/2013\/11\/motsorazo.png\" alt=\"\" \/><\/figure>\n\n\n\n<p id=\"block-56600485-820f-4fb8-b667-86990eb34bd4\"><strong><a href=\"https:\/\/revistes.udg.edu\/mot-so-razo\/issue\/view\/890\/showToc\">Arnau de Vilanova i la ci\u00e8ncia medieval<\/a><\/strong>, <em>Mot so razo<\/em>, 16 (2017), 37-69.<\/p>\n\n\n\n<p id=\"block-e0a6de36-1665-41f9-8919-1350985ec085\">Sebasti\u00e0 Giralt, <a href=\"https:\/\/revistes.udg.edu\/mot-so-razo\/article\/view\/22221\">&#8220;La fi d&#8217;una llegenda: Arnau de Vilanova davant la m\u00e0gia i l&#8217;astrologia&#8221;<\/a>, 39-54.<\/p>\n\n\n\n<p id=\"block-dc8f9d94-5e90-4698-a550-c4d6a072a85b\">Sergi Grau Torras, <a href=\"https:\/\/Arnau Vilanova i la concepci\u00f3 de la medicina com a ci\u00e8ncia aristot\u00e8lica\">&#8220;Arnau de Vilanova i la concepci\u00f3 de la medicina com a ci\u00e8ncia aristot\u00e8lica&#8221;<\/a>,&nbsp; 55-61.<\/p>\n\n\n\n<p id=\"block-a31981d3-74a1-470e-a3a2-f134ab0739de\">Jaume Mensa i Valls, <a href=\"https:\/\/revistes.udg.edu\/mot-so-razo\/article\/view\/22223\">&#8220;Somnis i visions en l&#8217;obra espiritual d&#8217;Arnau de Vilanova&#8221;<\/a>, 61-69.<\/p>\n\n\n\n<h2 class=\"wp-block-heading\" id=\"block-de3775fd-5860-4341-bea5-88db67e3a5b6\">Tesis de membres del nostre equip<\/h2>\n\n\n\n<figure class=\"wp-block-image\"><img decoding=\"async\" src=\"https:\/\/webs.uab.cat\/arnau\/wp-content\/uploads\/sites\/132\/2016\/10\/grau.jpg\" alt=\"\" \/><\/figure>\n\n\n\n<p id=\"block-1068b1a1-54b3-4a07-8c56-840a571c96ba\">Sergi Grau Torras,<br><strong><em>La recepci\u00f3 d&#8217;Arist\u00f2til en la medicina d&#8217;Arnau de Vilanova (c. 1240-1311). Estudi de les citacions i an\u00e0lisi dels continguts en l&#8217;obra m\u00e8dica aut\u00e8ntica<\/em><\/strong>,<br>Bellaterra, Tesi de la Universitat Aut\u00f2noma de Barcelona, 2015. Dirigida per Jaume Mensa, Sebasti\u00e0 Giralt i Michael R. McVaugh.<br><a href=\"http:\/\/tdx.cat\/handle\/10803\/322084\" target=\"_blank\" rel=\"noreferrer noopener\">Accessible en PDF a TDX<\/a>.<\/p>\n\n\n\n<figure class=\"wp-block-image\"><img decoding=\"async\" src=\"https:\/\/webs.uab.cat\/arnau\/wp-content\/uploads\/sites\/132\/2019\/04\/tesi_maria_cabre.png\" alt=\"\" \/><\/figure>\n\n\n\n<p id=\"block-b79c952f-df0a-45a9-bd85-da0da0332ddc\">Maria Cabr\u00e9 Duran,<br><em><strong>Antoni Andreu (ca. 1280-1335), comentador de la metaf\u00edsica d&#8217;Arist\u00f2til. Una reconstrucci\u00f3 de la univocitat del concepte d&#8217;\u00e9sser<\/strong>,<\/em><br>Bellaterra, Tesi de la Universitat Aut\u00f2noma de Barcelona, 2018. Dirigida per Jaume Mensa.<\/p>\n\n\n\n<p id=\"block-6bbfd7ca-66fb-426e-88b9-0d8501f2cb2e\"><a href=\"https:\/\/ddd.uab.cat\/pub\/tesis\/2018\/hdl_10803_666810\/mcd1de1.pdf\">Accessible en PDF al DDD.uab<\/a>.<\/p>\n\n\n\n<h2 class=\"wp-block-heading\" id=\"block-3df1796e-1ae1-4d0c-beba-fd5b157626b0\"><strong>Altres publicacions<\/strong><\/h2>\n\n\n\n<figure class=\"wp-block-image\"><img decoding=\"async\" src=\"https:\/\/webs.uab.cat\/arnau\/wp-content\/uploads\/sites\/132\/2024\/09\/9788413035116.jpg\" alt=\"\" \/><\/figure>\n\n\n\n<p id=\"block-6128ac53-e4fd-4f08-a7d9-0c73078ee68e\">Arnau de Vilanova,<br><strong><em>Arnaldi de Villanova Opera Medica Omnia, VIII: De parte operativa,<\/em><\/strong><br>Fernando Salm\u00f3n i Michael R. McVaugh (eds.),<br>Barcelona, Universitat de Barcelona &#8211; Fundaci\u00f3 Noguera, 2023, 330 pp.<\/p>\n\n\n\n<p id=\"block-37500493-5e67-43c2-9e45-63228032437e\">ISBN: 978-84-1303-511-6<\/p>\n\n\n\n<figure class=\"wp-block-image\"><img decoding=\"async\" src=\"https:\/\/webs.uab.cat\/arnau\/wp-content\/uploads\/sites\/132\/2024\/10\/diplomatarium.jpg\" alt=\"\" \/><\/figure>\n\n\n\n<p id=\"block-2d895b6e-8419-424a-a50c-cb39df213e1d\">Josep Alany\u00e0,<br><strong><em>Arnaldi de Villanova Opera theologica omnia II: Diplomatarium Arnaldi de Villanova,<\/em><\/strong><br>Barcelona, Institut d&#8217;Estudis Catalans &#8211; Ateneu Universitari Sant Paci\u00e0, 2022,<br>453 pp.<br>ISBN 978-84-9965-684-7.<\/p>\n\n\n\n<p id=\"block-ff61bc25-d314-4b27-9cf7-056fe1a7672f\"><\/p>\n\n\n\n<figure class=\"wp-block-image\"><img decoding=\"async\" src=\"https:\/\/webs.uab.cat\/arnau\/wp-content\/uploads\/sites\/132\/2019\/04\/avomo13.png\" alt=\"\" \/><\/figure>\n\n\n\n<p id=\"block-1262464d-af60-4c3c-b899-91ba717f6b31\">Arnau de Vilanova,<br><em><strong>Arnaldi de Villanova Opera Medica Omnia XIII: Speculum medicine<\/strong><\/em>,<br>Michael R. McVaugh (ed.),<br>Barcelona, Universitat de Barcelona-Fundaci\u00f3 Noguera, 2018.<\/p>\n\n\n\n<figure class=\"wp-block-image\"><img decoding=\"async\" src=\"https:\/\/webs.uab.cat\/arnau\/wp-content\/uploads\/sites\/132\/2017\/07\/av_e_sicilia_0.jpg\" alt=\"\" \/><\/figure>\n\n\n\n<p id=\"block-da730da7-ba71-4ef3-b62f-1d8dfa828cb8\">Pantano, Giuseppe (ed.),<br><em><strong>Arnaldo da Villanova e la Sicilia. I Convegno Internazionale in memoria di Alessandro Musco (Montalbano Elicona, 7-9 maggio 2015),<\/strong><\/em><\/p>\n\n\n\n<p id=\"block-ecff09dc-4c45-488e-b826-448012082a5c\">Biblioteca dell&#8217;Officina di Studi Medievali, 20,<br>Palermo, Officina di Studi Medievali, 2017, 165 pp.<br>ISBN 9788864851181.<\/p>\n\n\n\n<figure class=\"wp-block-image\"><img decoding=\"async\" src=\"https:\/\/webs.uab.cat\/arnau\/wp-content\/uploads\/sites\/132\/2017\/07\/regimentav.jpg\" alt=\"\" \/><\/figure>\n\n\n\n<p id=\"block-655d5a21-bc08-4397-af12-e23d111f929d\">Arnau de Vilanova,<br><em><strong>Regiment de sanitat per al rei d\u2019Arag\u00f3. Aforismes de la mem\u00f2ria<\/strong><\/em>,<br>Edici\u00f3 cr\u00edtica d\u2019Ant\u00f2nia Carr\u00e9,<\/p>\n\n\n\n<p id=\"block-6df9f249-a672-468d-a72d-b6c09b1e6291\">Col\u00b7lecci\u00f3: Filologia,<br>Barcelona, Universitat de Barcelona, 2017, 408 pp.,<br>ISBN: 978-84-475-4008-2<\/p>\n\n\n\n<figure class=\"wp-block-image\"><img decoding=\"async\" src=\"https:\/\/webs.uab.cat\/arnau\/wp-content\/uploads\/sites\/132\/2016\/10\/ubersetzung.jpg\" alt=\"\" \/><\/figure>\n\n\n\n<p id=\"block-9855b8e5-cad8-4d2f-a131-ee17a4191c47\">Arnau de Vilanova,<br><em><strong>\u00dcber den Antichrist und die Reform der Christenheit<\/strong>,<\/em><br>Aus dem Katalanischen \u00fcbersetzt und eingeleitet von Alexander Fidora,<\/p>\n\n\n\n<p id=\"block-22b86c3c-9a61-465c-9378-a10944bc152f\">Reihe: Katalanische Literatur des Mittelalters,<br>LIT Verlag Berlin-M\u00fcnster-Wien-Z\u00fcrich-London, 2015, 112 pp.<br>ISBN: 978-3-643-13148-5<\/p>\n\n\n\n<figure class=\"wp-block-image\"><img decoding=\"async\" src=\"https:\/\/webs.uab.cat\/arnau\/wp-content\/uploads\/sites\/132\/2016\/10\/trobada3.jpg\" alt=\"\" \/><\/figure>\n\n\n\n<p id=\"block-9ac5f21e-e50a-49dc-a7b0-3aa2416dbbf0\"><em><strong>Actes de la III Trobada Internacional d&#8217;Estudis sobre Arnau de Vilanova.<\/strong><\/em><br>Josep Perarnau (ed.)<\/p>\n\n\n\n<p id=\"block-ffdc70f9-6795-4755-895d-1c8a751386e0\">Treballs de la Secci\u00f3 de Filosofia i Ci\u00e8ncies Socials, 46<br>Institut d&#8217;Estudis Catalans &#8211; Facultat de Teologia de Catalunya, 2014.<\/p>\n\n\n\n<p id=\"block-c4225c26-d864-48a9-876c-8cc5bb084071\">ISBN: 978-84-9965-224-5 (IEC) ; 978-84-941633-6-4 (FTC)<\/p>\n\n\n\n<p id=\"block-ab4979a0-ac51-4b18-af9f-12384c2b4a5a\"><a href=\"http:\/\/publicacions.iec.cat\/PopulaFitxa.do?moduleName=cataleg&amp;subModuleName=&amp;idCatalogacio=21728\" target=\"_blank\" rel=\"noreferrer noopener\">Continguts<\/a><\/p>\n\n\n\n<figure class=\"wp-block-image\"><img decoding=\"async\" src=\"https:\/\/webs.uab.cat\/arnau\/wp-content\/uploads\/sites\/132\/2016\/10\/avothoV.jpg\" alt=\"\" \/><\/figure>\n\n\n\n<p id=\"block-dddb153d-44ed-4c52-b03c-e96bc2f23493\">Arnau de Vilanova,<br><em><strong>Arnaldi de Villanova Opera Theologica Omnia V: Tractatus de tempore adventus Antichristi.<br>Ipsius et aliorum scripta coaeva<\/strong><\/em>,<br>Josep Perarnau (ed.),<br>Barcelona, Institut d&#8217;Estudis Catalans &#8211; Facultat de Teologia de Catalunya, 2014.<\/p>\n\n\n\n<p id=\"block-b32d7fb9-0255-4d5a-963d-f599485b21a6\">ISBN: 978-84-9965-205-4 (IEC); 978-84-941633-1-9 (FTC)<\/p>\n\n\n\n<h2 class=\"wp-block-heading\" id=\"block-23c8c824-cc50-4b72-8401-dfa24a056db3\">Congressos sobre Arnau<\/h2>\n\n\n\n<p id=\"block-e5fad3a4-97c4-411b-996a-c9dc9e6201d2\"><strong>IV Trobada Internacional d&#8217;Estudis sobre Arnau de Vilanova. La recepci\u00f3 de l&#8217;obra d&#8217;Arnau de Vilanova, Barcelona, 5-7 octubre \/2-4 novembre 2021<\/strong><\/p>\n\n\n\n<figure class=\"wp-block-image\" id=\"block-d5f1aedc-53e4-4ec0-8503-66e9637c08f8\"><img decoding=\"async\" src=\"https:\/\/webs.uab.cat\/arnau\/wp-content\/uploads\/sites\/132\/2024\/10\/IVtrobadaArnau1-1024x720.jpg\" alt=\"Aquesta imatge t\u00e9 l'atribut alt buit; el seu nom \u00e9s IVtrobadaArnau1-1024x720.jpg\" \/><\/figure>\n\n\n\n<figure class=\"wp-block-image\" id=\"block-3c75d6a0-0b47-411e-9c23-a32d59fdd751\"><img decoding=\"async\" src=\"https:\/\/webs.uab.cat\/arnau\/wp-content\/uploads\/sites\/132\/2024\/10\/IVtrobadaArnau2-1024x708.jpg\" alt=\"Aquesta imatge t\u00e9 l'atribut alt buit; el seu nom \u00e9s IVtrobadaArnau2-1024x708.jpg\" \/><\/figure>\n\n\n\n<p id=\"block-65a1cbbc-f8df-4e84-b3db-b3bba594d96d\"><strong>1\u00b0 Convegno Internazionale di studio su Arnaldo da Villanova &#8220;Arnaldo da Villanova e la Sicilia&#8221;, Montalbano Elicona (Sicilia), 7-9 maggio 2015<\/strong><\/p>\n\n\n\n<figure class=\"wp-block-image\" id=\"block-8fe62ef4-a68c-4081-bad2-db0ed0c6f921\"><img decoding=\"async\" src=\"https:\/\/webs.uab.cat\/arnau\/wp-content\/uploads\/sites\/132\/2016\/10\/arnau_sicilia1.jpg\" alt=\"Aquesta imatge t\u00e9 l'atribut alt buit; el seu nom \u00e9s arnau_sicilia1.jpg\" \/><\/figure>\n\n\n\n<h4 class=\"wp-block-heading\" id=\"block-2003405f-7b7b-47d7-b209-5b4ef46f71a2\">&nbsp;<\/h4>\n\n\n\n<figure class=\"wp-block-image\" id=\"block-3899d44e-ff02-42f8-89eb-34110e33791d\"><img decoding=\"async\" src=\"https:\/\/webs.uab.cat\/arnau\/wp-content\/uploads\/sites\/132\/2016\/10\/arnau_sicilia2.jpg\" alt=\"Aquesta imatge t\u00e9 l'atribut alt buit; el seu nom \u00e9s arnau_sicilia2.jpg\" \/><\/figure>\n\n\n\n<p id=\"block-dd01ef43-335d-4cd6-97a6-a68c0ee94c0b\"><\/p>\n","protected":false},"excerpt":{"rendered":"<p>Books published by the members of our team Jaume Mensa i VallsArnaldi de Villanova Opera Theologica Omnia, XII: Antidotum contra venenum effusum per fratrem Martinum de Atheca, praedicatorem ; Praesentatio facta Burdegaliae,Barcelona, Institut d&#8217;Estudis Catalans &#8211;Ateneu Universitari Sant Paci\u00e0 &#8211;Universitat Aut\u00f2noma de Barcelona, 2023. 242 pp.ISBN: 978-84-9965-657-1Informaci\u00f3 de l&#8217;editor &#8211; Desc\u00e0rrega gratu\u00efta Jaume Mensa i [&hellip;]<\/p>\n","protected":false},"author":20,"featured_media":0,"parent":0,"menu_order":0,"comment_status":"closed","ping_status":"closed","template":"","meta":{"footnotes":""},"class_list":["post-301","page","type-page","status-publish","hentry"],"_links":{"self":[{"href":"https:\/\/webs.uab.cat\/arnau\/en\/wp-json\/wp\/v2\/pages\/301","targetHints":{"allow":["GET"]}}],"collection":[{"href":"https:\/\/webs.uab.cat\/arnau\/en\/wp-json\/wp\/v2\/pages"}],"about":[{"href":"https:\/\/webs.uab.cat\/arnau\/en\/wp-json\/wp\/v2\/types\/page"}],"author":[{"embeddable":true,"href":"https:\/\/webs.uab.cat\/arnau\/en\/wp-json\/wp\/v2\/users\/20"}],"replies":[{"embeddable":true,"href":"https:\/\/webs.uab.cat\/arnau\/en\/wp-json\/wp\/v2\/comments?post=301"}],"version-history":[{"count":7,"href":"https:\/\/webs.uab.cat\/arnau\/en\/wp-json\/wp\/v2\/pages\/301\/revisions"}],"predecessor-version":[{"id":2131,"href":"https:\/\/webs.uab.cat\/arnau\/en\/wp-json\/wp\/v2\/pages\/301\/revisions\/2131"}],"wp:attachment":[{"href":"https:\/\/webs.uab.cat\/arnau\/en\/wp-json\/wp\/v2\/media?parent=301"}],"curies":[{"name":"wp","href":"https:\/\/api.w.org\/{rel}","templated":true}]}}