{"id":204,"date":"2013-11-21T13:11:53","date_gmt":"2013-11-21T13:11:53","guid":{"rendered":"https:\/\/webs.uab.cat\/arnau\/contacto\/"},"modified":"2024-09-18T15:28:18","modified_gmt":"2024-09-18T15:28:18","slug":"contacto","status":"publish","type":"page","link":"https:\/\/webs.uab.cat\/arnau\/es\/contacto\/","title":{"rendered":"Contacto"},"content":{"rendered":"\n<p>Pueden ponerse en contacto con nuestro equipo de investigaci\u00f3n a trav\u00e9s de Sebasti\u00e0 Giralt o Jaume Mensa:<\/p>\n\n\n\n<h2 class=\"wp-block-heading\">Sebasti\u00e0 Giralt<\/h2>\n\n\n\n<p>Correo electr\u00f3nico (e-mail): <a href=\"mailto:sebastia.giralt@uab.cat\">sebastia.giralt@uab.cat<\/a><\/p>\n\n\n\n<p>Direcci\u00f3n postal:<br><a rel=\"noreferrer noopener\" href=\"http:\/\/www.uab.cat\/departament\/ciencies-antiguitat-edat-mitjana\/\" target=\"_blank\">Departament de Ci\u00e8ncies de l&#8217;Antiguitat i l&#8217;Edat Mitjana<\/a>, Edifici B,<br><a rel=\"noreferrer noopener\" href=\"http:\/\/www.uab.cat\/servlet\/Satellite\/coneix-la-uab\/planols-i-transports\/planols\/campus-de-bellaterra\/planol-del-campus-de-bellaterra-1096476529693.html\" target=\"_blank\">Campus de la Universitat Aut\u00f2noma de Barcelona<\/a>, 08193 Bellaterra (Cerdanyola del Vall\u00e8s).&nbsp;<\/p>\n\n\n\n<p>Despacho: B7\/126<\/p>\n\n\n\n<p>Tel\u00e9fono: +34 93 586 83 99<\/p>\n\n\n\n<p>Fax: +34 93 581 31 14<\/p>\n\n\n\n<p>&#8212;&#8212;&#8212;&#8212;&#8212;&#8212;&#8212;&#8212;&#8212;&#8212;&#8212;&#8212;&#8212;&#8212;&#8212;&#8212;&#8212;&#8212;&#8212;&#8212;&#8212;&#8212;&#8212;&#8212;&#8212;&#8212;&#8212;&#8212;&#8212;&#8212;&#8212;&#8212;&#8212;&#8212;<\/p>\n\n\n\n<h2 class=\"wp-block-heading\">Jaume Mensa i Valls<\/h2>\n\n\n\n<p>Correo electr\u00f3nico (e-mail): <a href=\"mailto:Jaume.Mensa@uab.cat\">Jaume.Mensa@uab.cat<\/a><\/p>\n\n\n\n<p>Direcci\u00f3n postal:<br><a rel=\"noreferrer noopener\" href=\"http:\/\/www.uab.cat\/departament\/filosofia\/\" target=\"_blank\">Departament de Filosofia<\/a>, Edifici B,<br><a rel=\"noreferrer noopener\" href=\"http:\/\/www.uab.cat\/servlet\/Satellite\/coneix-la-uab\/planols-i-transports\/planols\/campus-de-bellaterra\/planol-del-campus-de-bellaterra-1096476529693.html\" target=\"_blank\">Campus de la Universitat Aut\u00f2noma de Barcelona<\/a>, 08193 Bellaterra (Cerdanyola del Vall\u00e8s).&nbsp;<\/p>\n\n\n\n<p>Despacho: B7-102<\/p>\n\n\n\n<p>Tel\u00e9fono: +34 93 586 8392<\/p>\n\n\n\n<p>Fax: +34 93 581 20 01<\/p>\n\n\n<div class=\"wp-block-image\">\n<figure class=\"aligncenter size-full is-resized\"><img loading=\"lazy\" decoding=\"async\" width=\"595\" height=\"480\" src=\"https:\/\/webs.uab.cat\/arnau\/wp-content\/uploads\/sites\/132\/2010\/01\/lectio.jpg\" alt=\"lectio.jpg\" class=\"wp-image-65\" style=\"aspect-ratio:1;width:593px;height:auto\" srcset=\"https:\/\/webs.uab.cat\/arnau\/wp-content\/uploads\/sites\/132\/2010\/01\/lectio.jpg 595w, https:\/\/webs.uab.cat\/arnau\/wp-content\/uploads\/sites\/132\/2010\/01\/lectio-300x242.jpg 300w\" sizes=\"auto, (max-width: 595px) 100vw, 595px\" \/><figcaption class=\"wp-element-caption\">Lecci\u00f3n universitaria de Henricus de Alemannia, miniatura de Laurentius a Voltolina en el <em>Liber ethicorum de Henricus de Alemannia<\/em>, segunda midad del s. XIV. Procedencia: <a href=\"http:\/\/en.wikipedia.org\/wiki\/File:Laurentius_de_Voltolina_001.jpg\">Wikimedia<\/a>.<\/figcaption><\/figure>\n<\/div>\n\n\n<p><\/p>\n","protected":false},"excerpt":{"rendered":"<p>Pueden ponerse en contacto con nuestro equipo de investigaci\u00f3n a trav\u00e9s de Sebasti\u00e0 Giralt o Jaume Mensa: Sebasti\u00e0 Giralt Correo electr\u00f3nico (e-mail): sebastia.giralt@uab.cat Direcci\u00f3n postal:Departament de Ci\u00e8ncies de l&#8217;Antiguitat i l&#8217;Edat Mitjana, Edifici B,Campus de la Universitat Aut\u00f2noma de Barcelona, 08193 Bellaterra (Cerdanyola del Vall\u00e8s).&nbsp; Despacho: B7\/126 Tel\u00e9fono: +34 93 586 83 99 Fax: +34 [&hellip;]<\/p>\n","protected":false},"author":20,"featured_media":0,"parent":0,"menu_order":0,"comment_status":"closed","ping_status":"closed","template":"","meta":{"footnotes":""},"class_list":["post-204","page","type-page","status-publish","hentry"],"_links":{"self":[{"href":"https:\/\/webs.uab.cat\/arnau\/es\/wp-json\/wp\/v2\/pages\/204","targetHints":{"allow":["GET"]}}],"collection":[{"href":"https:\/\/webs.uab.cat\/arnau\/es\/wp-json\/wp\/v2\/pages"}],"about":[{"href":"https:\/\/webs.uab.cat\/arnau\/es\/wp-json\/wp\/v2\/types\/page"}],"author":[{"embeddable":true,"href":"https:\/\/webs.uab.cat\/arnau\/es\/wp-json\/wp\/v2\/users\/20"}],"replies":[{"embeddable":true,"href":"https:\/\/webs.uab.cat\/arnau\/es\/wp-json\/wp\/v2\/comments?post=204"}],"version-history":[{"count":3,"href":"https:\/\/webs.uab.cat\/arnau\/es\/wp-json\/wp\/v2\/pages\/204\/revisions"}],"predecessor-version":[{"id":1993,"href":"https:\/\/webs.uab.cat\/arnau\/es\/wp-json\/wp\/v2\/pages\/204\/revisions\/1993"}],"wp:attachment":[{"href":"https:\/\/webs.uab.cat\/arnau\/es\/wp-json\/wp\/v2\/media?parent=204"}],"curies":[{"name":"wp","href":"https:\/\/api.w.org\/{rel}","templated":true}]}}