{"id":205,"date":"2013-11-18T18:01:46","date_gmt":"2013-11-18T18:01:46","guid":{"rendered":"https:\/\/webs.uab.cat\/arnau\/arnaudb\/"},"modified":"2024-09-18T14:51:04","modified_gmt":"2024-09-18T14:51:04","slug":"arnaudb","status":"publish","type":"page","link":"https:\/\/webs.uab.cat\/arnau\/es\/arnaudb\/","title":{"rendered":"Base de datos"},"content":{"rendered":"\n<p>Estamos trabajando en una base de datos sobre Arnau de Vilanova que incluir\u00e1 las obras del corpus arnaldino (tanto las aut\u00e9nticas como las ap\u00f3crifas), los manuscritos, los impresos de \u00e9poca moderna, los documentos y la bibliograf\u00eda secundaria en lo referente a este autor, su contexto y su tradici\u00f3n. Ya se pueden consultar los apartados de bibliograf\u00eda y obras, a pesar de que son objeto de constante actualizaci\u00f3n.<\/p>\n\n\n\n<h2 class=\"wp-block-heading\">NARPAN DB<\/h2>\n\n\n\n<p><a href=\"http:\/\/db.narpan.net\/cerca_arnau.php?form=biblio&amp;lang=es\">Bibliograf\u00eda<\/a> | <a href=\"http:\/\/db.narpan.net\/cerca_arnau.php?form=obres&amp;lang=es\">Obras<\/a><\/p>\n\n\n\n<h3 class=\"wp-block-heading\">Muestra de la bibliograf\u00eda:<\/h3>\n\n\n\n<ul class=\"wp-block-list\">\n<li>Materia: <a rel=\"noreferrer noopener\" href=\"http:\/\/db.narpan.net\/cerca_arnau.php?form=biblio&amp;sb=Vilanova%2C+Arnau+de\" target=\"_blank\">Arnau de Vilanova<\/a><\/li>\n\n\n\n<li>Materia: <a rel=\"noreferrer noopener\" href=\"http:\/\/db.narpan.net\/cerca_arnau.php?form=biblio&amp;sb=Pseudo-Arnau+de+Vilanova\" target=\"_blank\">Pseudo-Arnau de Vilanova<\/a><\/li>\n<\/ul>\n\n\n\n<h3 class=\"wp-block-heading\">Documents:<\/h3>\n\n\n\n<ul class=\"wp-block-list\">\n<li><a href=\"https:\/\/db.narpan.net\/cerca_arnau.php?form=docs&amp;submit=all\">Lista completa<\/a>&nbsp;<\/li>\n\n\n\n<li><a href=\"https:\/\/db.narpan.net\/cerca_arnau.php?form=docs&amp;submit=persones\">Personas relacionadas<\/a><\/li>\n<\/ul>\n\n\n<div class=\"wp-block-image\">\n<figure class=\"aligncenter size-full is-resized\"><img loading=\"lazy\" decoding=\"async\" width=\"256\" height=\"359\" src=\"https:\/\/webs.uab.cat\/arnau\/wp-content\/uploads\/sites\/132\/2013\/11\/escriva.jpg\" alt=\"escriva.jpg\" class=\"wp-image-106\" style=\"width:332px;height:auto\" srcset=\"https:\/\/webs.uab.cat\/arnau\/wp-content\/uploads\/sites\/132\/2013\/11\/escriva.jpg 256w, https:\/\/webs.uab.cat\/arnau\/wp-content\/uploads\/sites\/132\/2013\/11\/escriva-214x300.jpg 214w\" sizes=\"auto, (max-width: 256px) 100vw, 256px\" \/><figcaption class=\"wp-element-caption\">Ilustraci\u00f3n: Escriba ms. Biblioteca de la mezquita de Suleiman. (S\u00fcleimaniye Camii), Istambul, 1287 (Procedencia: <a rel=\"noreferrer noopener\" href=\"https:\/\/commons.wikimedia.org\/wiki\/File:Irakischer_Maler_von_1287_002.jpg\" target=\"_blank\">Wikimedia<\/a>).<\/figcaption><\/figure>\n<\/div>\n\n\n<p><\/p>\n","protected":false},"excerpt":{"rendered":"<p>Estamos trabajando en una base de datos sobre Arnau de Vilanova que incluir\u00e1 las obras del corpus arnaldino (tanto las aut\u00e9nticas como las ap\u00f3crifas), los manuscritos, los impresos de \u00e9poca moderna, los documentos y la bibliograf\u00eda secundaria en lo referente a este autor, su contexto y su tradici\u00f3n. Ya se pueden consultar los apartados de [&hellip;]<\/p>\n","protected":false},"author":20,"featured_media":0,"parent":0,"menu_order":0,"comment_status":"closed","ping_status":"closed","template":"","meta":{"footnotes":""},"class_list":["post-205","page","type-page","status-publish","hentry"],"_links":{"self":[{"href":"https:\/\/webs.uab.cat\/arnau\/es\/wp-json\/wp\/v2\/pages\/205","targetHints":{"allow":["GET"]}}],"collection":[{"href":"https:\/\/webs.uab.cat\/arnau\/es\/wp-json\/wp\/v2\/pages"}],"about":[{"href":"https:\/\/webs.uab.cat\/arnau\/es\/wp-json\/wp\/v2\/types\/page"}],"author":[{"embeddable":true,"href":"https:\/\/webs.uab.cat\/arnau\/es\/wp-json\/wp\/v2\/users\/20"}],"replies":[{"embeddable":true,"href":"https:\/\/webs.uab.cat\/arnau\/es\/wp-json\/wp\/v2\/comments?post=205"}],"version-history":[{"count":3,"href":"https:\/\/webs.uab.cat\/arnau\/es\/wp-json\/wp\/v2\/pages\/205\/revisions"}],"predecessor-version":[{"id":1988,"href":"https:\/\/webs.uab.cat\/arnau\/es\/wp-json\/wp\/v2\/pages\/205\/revisions\/1988"}],"wp:attachment":[{"href":"https:\/\/webs.uab.cat\/arnau\/es\/wp-json\/wp\/v2\/media?parent=205"}],"curies":[{"name":"wp","href":"https:\/\/api.w.org\/{rel}","templated":true}]}}