{"id":207,"date":"2013-11-21T13:56:32","date_gmt":"2013-11-21T13:56:32","guid":{"rendered":"https:\/\/webs.uab.cat\/arnau\/credits\/"},"modified":"2024-09-18T15:27:05","modified_gmt":"2024-09-18T15:27:05","slug":"credits","status":"publish","type":"page","link":"https:\/\/webs.uab.cat\/arnau\/es\/credits\/","title":{"rendered":"Cr\u00e9ditos y uso"},"content":{"rendered":"\n<p>Este web y la base de datos que est\u00e1 asociada se publican bajo la licencia <a rel=\"noreferrer noopener\" href=\"http:\/\/creativecommons.org\/licenses\/by-nc-nd\/3.0\/deed.es_ES\" target=\"_blank\">Creative Commons<\/a>. Por lo tanto, se permite la reproducci\u00f3n total o parcial y la comunicaci\u00f3n p\u00fablica de sus contenidos, siempre que no sea con finalidades comerciales, y siempre que se reconozca la autor\u00eda de la obra original. En cambio, no se permite la creaci\u00f3n de obras derivadas de sus contenidos. El uso de las im\u00e1genes provenientes otros or\u00edgenes (indicados) se rige por los criterios de los respectivos lugares originales.<\/p>\n\n\n\n<figure class=\"wp-block-image size-large is-resized\"><img loading=\"lazy\" decoding=\"async\" width=\"1024\" height=\"1024\" src=\"https:\/\/webs.uab.cat\/arnau\/wp-content\/uploads\/sites\/132\/2024\/06\/1200px-Creative_commons_25px_version.svg_-1024x1024.png\" alt=\"\" class=\"wp-image-1712\" style=\"width:152px;height:auto\" srcset=\"https:\/\/webs.uab.cat\/arnau\/wp-content\/uploads\/sites\/132\/2024\/06\/1200px-Creative_commons_25px_version.svg_-1024x1024.png 1024w, https:\/\/webs.uab.cat\/arnau\/wp-content\/uploads\/sites\/132\/2024\/06\/1200px-Creative_commons_25px_version.svg_-300x300.png 300w, https:\/\/webs.uab.cat\/arnau\/wp-content\/uploads\/sites\/132\/2024\/06\/1200px-Creative_commons_25px_version.svg_-150x150.png 150w, https:\/\/webs.uab.cat\/arnau\/wp-content\/uploads\/sites\/132\/2024\/06\/1200px-Creative_commons_25px_version.svg_-768x768.png 768w, https:\/\/webs.uab.cat\/arnau\/wp-content\/uploads\/sites\/132\/2024\/06\/1200px-Creative_commons_25px_version.svg_.png 1200w\" sizes=\"auto, (max-width: 1024px) 100vw, 1024px\" \/><\/figure>\n\n\n\n<p>Se puede citar la presentaci\u00f3n de Arnau de Vilanova aqu\u00ed contenida de la siguiente manera:<\/p>\n\n\n\n<p>Sebasti\u00e0 Giralt &#8211; Jaume Mensa, \u00abQui\u00e9n es Arnau de Vilanova\u00bb, en <em>Arnau DB. Corpus digital d&#8217;Arnau de Vilanova<\/em>, Universitat Aut\u00f2noma de Barcelona (2013) &lt; <a href=\"http:\/\/grupsderecerca.uab.cat\/arnau\">http:\/\/grupsderecerca.uab.cat\/arnau\/es\/arnaudevilanova<\/a> &gt; [fecha de referencia].<\/p>\n\n\n\n<p>Se puede citar la presentaci\u00f3n de Arnau de Vilanova aqu\u00ed contenida de la manera siguiente:<\/p>\n\n\n\n<p>Sebasti\u00e0 Giralt &#8211; Jaume Mensa (coord.), \u00abArnau DB\u00bb, en <em>Arnau DB. Corpus digital d&#8217;Arnau de Vilanova<\/em>, Universitat Aut\u00f2noma de Barcelona (2013-) &lt; <a href=\"http:\/\/grupsderecerca.uab.cat\/arnau\/es\/arnaudb\">http:\/\/grupsderecerca.uab.cat\/arnau\/es\/arnaudb<\/a> &gt; [fecha de referencia].<\/p>\n\n\n<div class=\"wp-block-image\">\n<figure class=\"aligncenter size-full is-resized\"><img loading=\"lazy\" decoding=\"async\" width=\"420\" height=\"325\" src=\"https:\/\/webs.uab.cat\/arnau\/wp-content\/uploads\/sites\/132\/2013\/11\/copista.jpg\" alt=\"copista.jpg\" class=\"wp-image-113\" style=\"width:490px;height:auto\" srcset=\"https:\/\/webs.uab.cat\/arnau\/wp-content\/uploads\/sites\/132\/2013\/11\/copista.jpg 420w, https:\/\/webs.uab.cat\/arnau\/wp-content\/uploads\/sites\/132\/2013\/11\/copista-300x232.jpg 300w\" sizes=\"auto, (max-width: 420px) 100vw, 420px\" \/><figcaption class=\"wp-element-caption\">Ilustraci\u00f3n: Jean Mi\u00e9lot, secretario y copista del Duque Felipe el Bueno de Burgundy, en su scriptorium, en <em>Miracles de Notre Dame<\/em>, Biblioth\u00e8que nationale de France, Fr 9198 (despu\u00e9s de 1456), f.19 (Procedencia: <a rel=\"noreferrer noopener\" href=\"http:\/\/commons.wikimedia.org\/wiki\/File:Escribano.jpg\" target=\"_blank\">Wikimedia<\/a>).<\/figcaption><\/figure>\n<\/div>\n\n\n<p><\/p>\n","protected":false},"excerpt":{"rendered":"<p>Este web y la base de datos que est\u00e1 asociada se publican bajo la licencia Creative Commons. Por lo tanto, se permite la reproducci\u00f3n total o parcial y la comunicaci\u00f3n p\u00fablica de sus contenidos, siempre que no sea con finalidades comerciales, y siempre que se reconozca la autor\u00eda de la obra original. En cambio, no [&hellip;]<\/p>\n","protected":false},"author":20,"featured_media":0,"parent":0,"menu_order":0,"comment_status":"closed","ping_status":"closed","template":"","meta":{"footnotes":""},"class_list":["post-207","page","type-page","status-publish","hentry"],"_links":{"self":[{"href":"https:\/\/webs.uab.cat\/arnau\/es\/wp-json\/wp\/v2\/pages\/207","targetHints":{"allow":["GET"]}}],"collection":[{"href":"https:\/\/webs.uab.cat\/arnau\/es\/wp-json\/wp\/v2\/pages"}],"about":[{"href":"https:\/\/webs.uab.cat\/arnau\/es\/wp-json\/wp\/v2\/types\/page"}],"author":[{"embeddable":true,"href":"https:\/\/webs.uab.cat\/arnau\/es\/wp-json\/wp\/v2\/users\/20"}],"replies":[{"embeddable":true,"href":"https:\/\/webs.uab.cat\/arnau\/es\/wp-json\/wp\/v2\/comments?post=207"}],"version-history":[{"count":2,"href":"https:\/\/webs.uab.cat\/arnau\/es\/wp-json\/wp\/v2\/pages\/207\/revisions"}],"predecessor-version":[{"id":1992,"href":"https:\/\/webs.uab.cat\/arnau\/es\/wp-json\/wp\/v2\/pages\/207\/revisions\/1992"}],"wp:attachment":[{"href":"https:\/\/webs.uab.cat\/arnau\/es\/wp-json\/wp\/v2\/media?parent=207"}],"curies":[{"name":"wp","href":"https:\/\/api.w.org\/{rel}","templated":true}]}}