{"id":209,"date":"2013-11-21T14:13:59","date_gmt":"2013-11-21T14:13:59","guid":{"rendered":"https:\/\/webs.uab.cat\/arnau\/arnaudevilanova\/"},"modified":"2022-08-16T11:23:56","modified_gmt":"2022-08-16T11:23:56","slug":"arnaudevilanova","status":"publish","type":"page","link":"https:\/\/webs.uab.cat\/arnau\/es\/arnaudevilanova\/","title":{"rendered":"Qui\u00e9n es Arnau de Vilanova"},"content":{"rendered":"\n<p>Arnau de Vilanova es sin duda uno de los personajes m\u00e1s atractivos de nuestra historia, tanto por m\u00e9ritos propios como por los que le ha otorgado la posteridad. Fue uno de los m\u00e9dicos m\u00e1s destacados de su \u00e9poca por su obra, su docencia universitaria y su actividad profesional. Tambi\u00e9n fue un te\u00f3logo controvertido, blasfemado y perseguido por los te\u00f3logos de profesi\u00f3n, pero apreciado y seguido por las corrientes m\u00e1s reformistas. Los reyes y papas de la \u00e9poca se disputaban sus servicios m\u00e9dicos y le encomendaban misiones diplom\u00e1ticas. Tras su muerte, una sentencia eclesi\u00e1stica conden\u00f3 algunas de sus tesis teol\u00f3gicas, que quedaron enterradas en el olvido. En cambio, su fama de m\u00e9dico no ces\u00f3 de crecer con el tiempo y su figura se sumergi\u00f3 en la leyenda. Hoy en d\u00eda a\u00fan pervive la imagen legendaria de Arnau de Vilanova formada a partir de la deformaci\u00f3n de su recuerdo y los numerosos escritos que le fueron falsamente atribuidos: con frecuencia se sigue reproduciendo la visi\u00f3n tradicional como alquimista, astr\u00f3logo, m\u00e9dico emp\u00edrico o introductor de la destilaci\u00f3n del alcohol, a pesar de que la investigaci\u00f3n de las \u00faltimas d\u00e9cadas ha desmentido todos estos equ\u00edvocos y nos ha devuelto su personalidad hist\u00f3rica. En estas p\u00e1ginas pretendemos ofrecer una visi\u00f3n sobre la figura y la obra, breve pero rigurosa y actualizada de acuerdo con la investigaci\u00f3n reciente, con la intenci\u00f3n de contribuir a darla a conocer libre del manto m\u00edtico con el que ha sido cubierto por la posteridad.<\/p>\n\n\n\n<p>\u00abQui\u00e9n es Arnau de Vilanova\u00bb (2013) ha sido elaborado por Sebasti\u00e0 Giralt (medicina, alquimia, pervivencia) y Jaume Mensa (biograf\u00eda, cronolog\u00eda y teolog\u00eda).<\/p>\n\n\n\n<figure class=\"wp-block-gallery has-nested-images columns-default is-cropped wp-block-gallery-1 is-layout-flex wp-block-gallery-is-layout-flex\">\n<figure class=\"wp-block-image size-large\"><img loading=\"lazy\" decoding=\"async\" width=\"210\" height=\"300\" data-id=\"647\" src=\"https:\/\/webs.uab.cat\/arnau\/wp-content\/uploads\/sites\/132\/2016\/10\/pere.jpg\" alt=\"\" class=\"wp-image-647\"\/><figcaption>Pedro II, rey de Arag\u00f3n<\/figcaption><\/figure>\n\n\n\n<figure class=\"wp-block-image size-large\"><img loading=\"lazy\" decoding=\"async\" width=\"200\" height=\"304\" data-id=\"629\" src=\"https:\/\/webs.uab.cat\/arnau\/wp-content\/uploads\/sites\/132\/2016\/10\/Alfons2.gif\" alt=\"\" class=\"wp-image-629\"\/><figcaption>Alfonso II, rey de Arag\u00f3n<\/figcaption><\/figure>\n\n\n\n<figure class=\"wp-block-image size-large\"><img loading=\"lazy\" decoding=\"async\" width=\"161\" height=\"277\" data-id=\"653\" src=\"https:\/\/webs.uab.cat\/arnau\/wp-content\/uploads\/sites\/132\/2016\/10\/Jaume2.gif\" alt=\"\" class=\"wp-image-653\"\/><figcaption>Jaime II, rey of Arag\u00f3n<\/figcaption><\/figure>\n\n\n\n<figure class=\"wp-block-image size-large\"><img loading=\"lazy\" decoding=\"async\" width=\"202\" height=\"331\" data-id=\"491\" src=\"https:\/\/webs.uab.cat\/arnau\/wp-content\/uploads\/sites\/132\/2016\/10\/FredericIII.jpg\" alt=\"\" class=\"wp-image-491\" srcset=\"https:\/\/webs.uab.cat\/arnau\/wp-content\/uploads\/sites\/132\/2016\/10\/FredericIII.jpg 202w, https:\/\/webs.uab.cat\/arnau\/wp-content\/uploads\/sites\/132\/2016\/10\/FredericIII-183x300.jpg 183w\" sizes=\"auto, (max-width: 202px) 100vw, 202px\" \/><figcaption>Federico III, rey de Sicilia<\/figcaption><\/figure>\n\n\n\n<figure class=\"wp-block-image size-large\"><img loading=\"lazy\" decoding=\"async\" width=\"207\" height=\"300\" data-id=\"635\" src=\"https:\/\/webs.uab.cat\/arnau\/wp-content\/uploads\/sites\/132\/2016\/10\/Blanca.png\" alt=\"\" class=\"wp-image-635\"\/><figcaption>Blanca de Anjou, reina d Arag\u00f3n<\/figcaption><\/figure>\n\n\n\n<figure class=\"wp-block-image size-large\"><img loading=\"lazy\" decoding=\"async\" width=\"195\" height=\"376\" data-id=\"641\" src=\"https:\/\/webs.uab.cat\/arnau\/wp-content\/uploads\/sites\/132\/2016\/10\/carles.jpg\" alt=\"\" class=\"wp-image-641\" srcset=\"https:\/\/webs.uab.cat\/arnau\/wp-content\/uploads\/sites\/132\/2016\/10\/carles.jpg 195w, https:\/\/webs.uab.cat\/arnau\/wp-content\/uploads\/sites\/132\/2016\/10\/carles-156x300.jpg 156w\" sizes=\"auto, (max-width: 195px) 100vw, 195px\" \/><figcaption>Carlos II, rey de N\u00e1poles<\/figcaption><\/figure>\n\n\n\n<figure class=\"wp-block-image size-large\"><img loading=\"lazy\" decoding=\"async\" width=\"200\" height=\"464\" data-id=\"665\" src=\"https:\/\/webs.uab.cat\/arnau\/wp-content\/uploads\/sites\/132\/2016\/10\/Bonifaci_VIII.jpg\" alt=\"\" class=\"wp-image-665\" srcset=\"https:\/\/webs.uab.cat\/arnau\/wp-content\/uploads\/sites\/132\/2016\/10\/Bonifaci_VIII.jpg 200w, https:\/\/webs.uab.cat\/arnau\/wp-content\/uploads\/sites\/132\/2016\/10\/Bonifaci_VIII-129x300.jpg 129w\" sizes=\"auto, (max-width: 200px) 100vw, 200px\" \/><figcaption>Papa Bonifacio VIII<\/figcaption><\/figure>\n\n\n\n<figure class=\"wp-block-image size-large\"><img loading=\"lazy\" decoding=\"async\" width=\"202\" height=\"380\" data-id=\"659\" src=\"https:\/\/webs.uab.cat\/arnau\/wp-content\/uploads\/sites\/132\/2016\/10\/clement5.jpg\" alt=\"\" class=\"wp-image-659\" srcset=\"https:\/\/webs.uab.cat\/arnau\/wp-content\/uploads\/sites\/132\/2016\/10\/clement5.jpg 202w, https:\/\/webs.uab.cat\/arnau\/wp-content\/uploads\/sites\/132\/2016\/10\/clement5-159x300.jpg 159w\" sizes=\"auto, (max-width: 202px) 100vw, 202px\" \/><figcaption>Papa<br>Clemente V<\/figcaption><\/figure>\n<figcaption class=\"blocks-gallery-caption\"><p><span style=\"font-size:x-small\">\u00a0<span style=\"font-size: x-small;\">\u00a0Ilustraciones:\u00a0 reyes y papas que fueron pacientes de Arnau de Vilanova (procedencia: <a href=\"http:\/\/commons.wikimedia.org\">Wikimedia<\/a>).<\/span><\/span><\/p><\/figcaption><\/figure>\n","protected":false},"excerpt":{"rendered":"<p>Arnau de Vilanova es sin duda uno de los personajes m\u00e1s atractivos de nuestra historia, tanto por m\u00e9ritos propios como por los que le ha otorgado la posteridad. Fue uno de los m\u00e9dicos m\u00e1s destacados de su \u00e9poca por su obra, su docencia universitaria y su actividad profesional. Tambi\u00e9n fue un te\u00f3logo controvertido, blasfemado y [&hellip;]<\/p>\n","protected":false},"author":20,"featured_media":0,"parent":0,"menu_order":0,"comment_status":"closed","ping_status":"closed","template":"","meta":{"footnotes":""},"class_list":["post-209","page","type-page","status-publish","hentry"],"_links":{"self":[{"href":"https:\/\/webs.uab.cat\/arnau\/es\/wp-json\/wp\/v2\/pages\/209","targetHints":{"allow":["GET"]}}],"collection":[{"href":"https:\/\/webs.uab.cat\/arnau\/es\/wp-json\/wp\/v2\/pages"}],"about":[{"href":"https:\/\/webs.uab.cat\/arnau\/es\/wp-json\/wp\/v2\/types\/page"}],"author":[{"embeddable":true,"href":"https:\/\/webs.uab.cat\/arnau\/es\/wp-json\/wp\/v2\/users\/20"}],"replies":[{"embeddable":true,"href":"https:\/\/webs.uab.cat\/arnau\/es\/wp-json\/wp\/v2\/comments?post=209"}],"version-history":[{"count":2,"href":"https:\/\/webs.uab.cat\/arnau\/es\/wp-json\/wp\/v2\/pages\/209\/revisions"}],"predecessor-version":[{"id":1422,"href":"https:\/\/webs.uab.cat\/arnau\/es\/wp-json\/wp\/v2\/pages\/209\/revisions\/1422"}],"wp:attachment":[{"href":"https:\/\/webs.uab.cat\/arnau\/es\/wp-json\/wp\/v2\/media?parent=209"}],"curies":[{"name":"wp","href":"https:\/\/api.w.org\/{rel}","templated":true}]}}