{"id":211,"date":"2013-11-08T01:22:20","date_gmt":"2013-11-08T01:22:20","guid":{"rendered":"https:\/\/webs.uab.cat\/arnau\/vida\/"},"modified":"2023-12-30T00:13:00","modified_gmt":"2023-12-30T00:13:00","slug":"vida","status":"publish","type":"page","link":"https:\/\/webs.uab.cat\/arnau\/es\/arnaudevilanova\/vida\/","title":{"rendered":"La vida de Arnau de Vilanova"},"content":{"rendered":"\n<p>Los <a href=\"origens\">origenes y la juventud<\/a> de Arnau de Vilanova permanecen en la sombra, per\u00f2 a partir del momento en que se convierte en <a href=\"montpeller\">m\u00e9dico real<\/a>, conocemos ya muchos detalles de su vida. La atenci\u00f3n m\u00e9dica profesional a reyes y papas, su inquietud por <a href=\"profeta\">advertir de la llegada del Anticristo<\/a> y por <a href=\"reforma\">reformar la Iglesia<\/a> as\u00ed como sus servicios como diplom\u00e1tico le llevaron por buena parte de la Europa occidental.<\/p>\n\n\n\n<figure class=\"wp-block-image size-large\"><img loading=\"lazy\" decoding=\"async\" width=\"1024\" height=\"800\" src=\"https:\/\/webs.uab.cat\/arnau\/wp-content\/uploads\/sites\/132\/2017\/08\/geoaves-1024x800.jpg\" alt=\"geoaves\" class=\"wp-image-212\" srcset=\"https:\/\/webs.uab.cat\/arnau\/wp-content\/uploads\/sites\/132\/2017\/08\/geoaves-1024x800.jpg 1024w, https:\/\/webs.uab.cat\/arnau\/wp-content\/uploads\/sites\/132\/2017\/08\/geoaves-300x234.jpg 300w, https:\/\/webs.uab.cat\/arnau\/wp-content\/uploads\/sites\/132\/2017\/08\/geoaves-768x600.jpg 768w, https:\/\/webs.uab.cat\/arnau\/wp-content\/uploads\/sites\/132\/2017\/08\/geoaves-1200x937.jpg 1200w, https:\/\/webs.uab.cat\/arnau\/wp-content\/uploads\/sites\/132\/2017\/08\/geoaves.jpg 1233w\" sizes=\"auto, (max-width: 1024px) 100vw, 1024px\" \/><\/figure>\n","protected":false},"excerpt":{"rendered":"<p>Los origenes y la juventud de Arnau de Vilanova permanecen en la sombra, per\u00f2 a partir del momento en que se convierte en m\u00e9dico real, conocemos ya muchos detalles de su vida. La atenci\u00f3n m\u00e9dica profesional a reyes y papas, su inquietud por advertir de la llegada del Anticristo y por reformar la Iglesia as\u00ed [&hellip;]<\/p>\n","protected":false},"author":20,"featured_media":0,"parent":209,"menu_order":0,"comment_status":"closed","ping_status":"closed","template":"","meta":{"footnotes":""},"class_list":["post-211","page","type-page","status-publish","hentry"],"_links":{"self":[{"href":"https:\/\/webs.uab.cat\/arnau\/es\/wp-json\/wp\/v2\/pages\/211","targetHints":{"allow":["GET"]}}],"collection":[{"href":"https:\/\/webs.uab.cat\/arnau\/es\/wp-json\/wp\/v2\/pages"}],"about":[{"href":"https:\/\/webs.uab.cat\/arnau\/es\/wp-json\/wp\/v2\/types\/page"}],"author":[{"embeddable":true,"href":"https:\/\/webs.uab.cat\/arnau\/es\/wp-json\/wp\/v2\/users\/20"}],"replies":[{"embeddable":true,"href":"https:\/\/webs.uab.cat\/arnau\/es\/wp-json\/wp\/v2\/comments?post=211"}],"version-history":[{"count":2,"href":"https:\/\/webs.uab.cat\/arnau\/es\/wp-json\/wp\/v2\/pages\/211\/revisions"}],"predecessor-version":[{"id":1608,"href":"https:\/\/webs.uab.cat\/arnau\/es\/wp-json\/wp\/v2\/pages\/211\/revisions\/1608"}],"up":[{"embeddable":true,"href":"https:\/\/webs.uab.cat\/arnau\/es\/wp-json\/wp\/v2\/pages\/209"}],"wp:attachment":[{"href":"https:\/\/webs.uab.cat\/arnau\/es\/wp-json\/wp\/v2\/media?parent=211"}],"curies":[{"name":"wp","href":"https:\/\/api.w.org\/{rel}","templated":true}]}}