{"id":217,"date":"2013-11-10T07:17:07","date_gmt":"2013-11-10T07:17:07","guid":{"rendered":"https:\/\/webs.uab.cat\/arnau\/montpeller\/"},"modified":"2024-01-08T23:57:34","modified_gmt":"2024-01-08T23:57:34","slug":"montpeller","status":"publish","type":"page","link":"https:\/\/webs.uab.cat\/arnau\/es\/montpeller\/","title":{"rendered":"M\u00e9dico real y profesor universitario"},"content":{"rendered":"\n<p>Entre los a\u00f1os 1276 y 1281 Arnau de Vilanova vive en Valencia, ciudad en la cual posee propiedades y aparentemente est\u00e1 muy arraigado. El a\u00f1o 1281 el rey Pedro II lo nombra m\u00e9dico personal, quiz\u00e1s gracias al obispo de Valencia, Jaspert de Botonac, a quien Arnau dedica una ep\u00edstola contra la nigromancia. Inicia, pues, una nueva etapa en Barcelona que durar\u00e1 hasta la muerte del rey (1285). Durante este periodo estudia hebreo con Ramon Mart\u00ed y traduce Galeno del \u00e1rabe al lat\u00edn. Es posible que su traducci\u00f3n de Avicena fuera de la misma \u00e9poca, mientras que la de Abu-l-Salt parece anterior. Muerto el rey, al cual asisti\u00f3 en la enfermedad que lo llev\u00f3 a la tumba, sigue vinculado con el nuevo rey Alfonso como m\u00e9dico, pero vuelve a Valencia (entre 1285 y 1290).<\/p>\n\n\n\n<p>Aproximadamente entre 1290 y 1300 Arnau es profesor de medicina en Montpellier, en aquel tiempo la escuela m\u00e9dica m\u00e1s prestigiosa de la Europa latina, justo despu\u00e9s de fundarse en 1289 la universidad, que reun\u00eda las escuelas precedentes. En este periodo se pueden datar muchas de sus obras m\u00e9dicas, algunas de ellas vinculadas a la docencia y otras de reflexi\u00f3n. Entre ellas hay comentarios de Hip\u00f3crates y Galeno, una adaptaci\u00f3n de Galeno, tratados de medicina te\u00f3rica, obras de farmacolog\u00eda y libros de aforismos. En cambio, la mayor\u00eda de sus obras de medicina pr\u00e1ctica, que incluyen algunas s\u00edntesis y algunos escritos espec\u00edficos, eluden la dataci\u00f3n. La gran contribuci\u00f3n de Arnau consisti\u00f3 en no limitarse a los textos utilizados tradicionalmente empleados en la ense\u00f1anza m\u00e9dica o en las enciclopedias m\u00e9dicas \u00e1rabes sino en introducir en la docencia el llamado \u00abnuevo Galeno\u00bb, formado por traducciones todav\u00eda no conocidas en las universidades europeas. La concepci\u00f3n arnaldiana de la medicina como una t\u00e9cnica fundamentada en el sistema de las ciencias medievales la alejaba de una simple pr\u00e1ctica emp\u00edrica y a la vez preservaba su autonom\u00eda frente a la filosof\u00eda natural. Este galenismo renovado en Montpellier fue reconocido y oficializado por el nuevo curr\u00edculum aprobado por Clemente V, con el consejo de Arnau de Vilanova, en 1309. Sin duda, el paso de Arnau por Montpellier dej\u00f3 una larga impronta, que se puede rastrear al menos hasta el siglo XV.<\/p>\n\n\n\n<figure class=\"wp-block-image size-full\"><img loading=\"lazy\" decoding=\"async\" width=\"584\" height=\"388\" src=\"https:\/\/webs.uab.cat\/arnau\/wp-content\/uploads\/sites\/132\/2016\/10\/Bulle_fondat_universite.jpg\" alt=\"Bulle_fondat_universite\" class=\"wp-image-478\" srcset=\"https:\/\/webs.uab.cat\/arnau\/wp-content\/uploads\/sites\/132\/2016\/10\/Bulle_fondat_universite.jpg 584w, https:\/\/webs.uab.cat\/arnau\/wp-content\/uploads\/sites\/132\/2016\/10\/Bulle_fondat_universite-300x199.jpg 300w\" sizes=\"auto, (max-width: 584px) 100vw, 584px\" \/><figcaption class=\"wp-element-caption\">Ilustraci\u00f3n: Bula de fundaci\u00f3n de la Universidad de Montpellier del Papa Nicol\u00e1s IV (1289). Procedencia: <a rel=\"noreferrer noopener\" href=\"https:\/\/commons.wikimedia.org\/wiki\/File:Bulle_fondat_universite.jpg\" target=\"_blank\">Wikimedia<\/a>.<\/figcaption><\/figure>\n","protected":false},"excerpt":{"rendered":"<p>Entre los a\u00f1os 1276 y 1281 Arnau de Vilanova vive en Valencia, ciudad en la cual posee propiedades y aparentemente est\u00e1 muy arraigado. El a\u00f1o 1281 el rey Pedro II lo nombra m\u00e9dico personal, quiz\u00e1s gracias al obispo de Valencia, Jaspert de Botonac, a quien Arnau dedica una ep\u00edstola contra la nigromancia. Inicia, pues, una [&hellip;]<\/p>\n","protected":false},"author":20,"featured_media":0,"parent":0,"menu_order":0,"comment_status":"closed","ping_status":"closed","template":"","meta":{"footnotes":""},"class_list":["post-217","page","type-page","status-publish","hentry"],"_links":{"self":[{"href":"https:\/\/webs.uab.cat\/arnau\/es\/wp-json\/wp\/v2\/pages\/217","targetHints":{"allow":["GET"]}}],"collection":[{"href":"https:\/\/webs.uab.cat\/arnau\/es\/wp-json\/wp\/v2\/pages"}],"about":[{"href":"https:\/\/webs.uab.cat\/arnau\/es\/wp-json\/wp\/v2\/types\/page"}],"author":[{"embeddable":true,"href":"https:\/\/webs.uab.cat\/arnau\/es\/wp-json\/wp\/v2\/users\/20"}],"replies":[{"embeddable":true,"href":"https:\/\/webs.uab.cat\/arnau\/es\/wp-json\/wp\/v2\/comments?post=217"}],"version-history":[{"count":2,"href":"https:\/\/webs.uab.cat\/arnau\/es\/wp-json\/wp\/v2\/pages\/217\/revisions"}],"predecessor-version":[{"id":1626,"href":"https:\/\/webs.uab.cat\/arnau\/es\/wp-json\/wp\/v2\/pages\/217\/revisions\/1626"}],"wp:attachment":[{"href":"https:\/\/webs.uab.cat\/arnau\/es\/wp-json\/wp\/v2\/media?parent=217"}],"curies":[{"name":"wp","href":"https:\/\/api.w.org\/{rel}","templated":true}]}}