{"id":223,"date":"2013-11-11T23:14:18","date_gmt":"2013-11-11T23:14:18","guid":{"rendered":"https:\/\/webs.uab.cat\/arnau\/comentarios\/"},"modified":"2024-09-20T12:56:10","modified_gmt":"2024-09-20T12:56:10","slug":"comentarios","status":"publish","type":"page","link":"https:\/\/webs.uab.cat\/arnau\/es\/comentarios\/","title":{"rendered":"Comentarios"},"content":{"rendered":"\n<p>Los comentarios de Arnau provienen de su docencia en Montpellier, ya que los cursos medievales consist\u00edan en leer y comentar la obra de una autoridad (<em>lectio<\/em>), a partir de la cual el profesor planteaba y respond\u00eda cuestiones (<em>quaestiones<\/em>).&nbsp;Sus comentarios demuestran que se centr\u00f3 en textos tradicionales de la educaci\u00f3n m\u00e9dica (Hip\u00f3crates) pero tambi\u00e9n introdujo otros innovadores. En efecto, tambi\u00e9n de Galeno empieza comentando obras muy conocidas en la Europa latina: el <em>Tegni<\/em> y el comentario al hipocr\u00e1tico <em>Regimen acutorum morborum<\/em>, hoy perdidos, pero m\u00e1s adelante su atenci\u00f3n se dirige sobre todo a obras esenciales del nuevo Galeno, como el <em>De ingenio sanitatis<\/em>, el <em>De morbo et accidenti<\/em> y el <em>De malicia complexionis diversae<\/em>. De los tres el \u00fanico que se puede afirmar con certeza que se ha conservado es el \u00faltimo. Debemos la conservaci\u00f3n de algunos de sus comentarios a copistas, probablemente estudiantes, que los transcribieron y los pusieron en circulaci\u00f3n, puesto que Arnau se mostr\u00f3 reticente a hacerlos p\u00fablicos.<\/p>\n\n\n\n<ol class=\"wp-block-list\" start=\"6\">\n<li><em>Repetitio super Vita brevis<\/em> (1301):&nbsp;el primer aforismo de Hip\u00f3crates, que empieza <em>Ars longa,<\/em> <em>vita brevis&nbsp;<\/em>(\u00abEl arte es largo, la vida breve\u00bb), tan s\u00f3lo es el punto de partida de una exposici\u00f3n personal para defender que la experiencia m\u00e9dica debe ser contrastada con la raz\u00f3n y las autoridades para poder incrementar los conocimientos recibidos con los resultados de su propia investigaci\u00f3n. Tiene todos los rasgos de ser una serie de lecciones recogidas, sin una revisi\u00f3n final, por un an\u00f3nimo redactor que se autodenomina <em>ego scriptor<\/em>.<\/li>\n\n\n\n<li><em>Tabula super Vita brevis<\/em>&nbsp; (\u00abTabla sobre &#8216;La vida breve'\u00bb), tambi\u00e9n sobre el primer aforismo de Hip\u00f3crates, es una gu\u00eda sencilla y muy \u00fatil sobre el diagn\u00f3stico y la atenci\u00f3n al paciente.<\/li>\n\n\n\n<li><em>Expositio super isto amphorismo Ypocratis: in morbis minus&#8230;&nbsp;<\/em>El comentario al aforismo 34 (de la segunda secci\u00f3n) retoma el que hizo Galeno, \u201cel primero que elimin\u00f3 la ambig\u00fcedad y precis\u00f3 la intenci\u00f3n de las palabras de Hip\u00f3crates\u201d<\/li>\n\n\n\n<li><em>Commentum super tractatum Galieni <\/em>\u201c<em>De malitia complexionis diverse\u201d <\/em>(entre 1292 i 1295), el comentario al tratado de Galeno sobre la complexi\u00f3n patol\u00f3gica desequilibrada sirve a Arnau para introducir a sus estudiantes en el concepto de complexi\u00f3n patol\u00f3gica, un aspecto central del galenismo. A partir de esta noci\u00f3n se extiende al m\u00e9todo curativo como una aplicaci\u00f3n pr\u00e1ctica para los futuros m\u00e9dicos ejemplific\u00e1ndolo con el apostema c\u00e1lido (inflamaci\u00f3n), como proceso localizado, y las fiebres, como proceso general.<\/li>\n\n\n\n<li><em>Commentum super De morbo et accidenti<\/em>: consta que coment\u00f3 esta obra de Galeno sobre enfermedades y s\u00edntomas en sus primeros a\u00f1os de docencia en Montpellier, y se ha conservado una copia de un comentario atribuido a Arnau. Aun as\u00ed el an\u00e1lisis del contenido no ha permitido de momento tener la certeza de que sea aut\u00e9ntico o que no haya sido reelaborado por otro maestro de Montpellier.<\/li>\n<\/ol>\n\n\n\n<figure class=\"wp-block-image size-full is-resized\"><img loading=\"lazy\" decoding=\"async\" width=\"467\" height=\"674\" src=\"https:\/\/webs.uab.cat\/arnau\/wp-content\/uploads\/sites\/132\/2016\/10\/vita-brevis.jpg\" alt=\"vita-brevis\" class=\"wp-image-454\" style=\"aspect-ratio:0.693069306930693;width:459px;height:auto\" srcset=\"https:\/\/webs.uab.cat\/arnau\/wp-content\/uploads\/sites\/132\/2016\/10\/vita-brevis.jpg 467w, https:\/\/webs.uab.cat\/arnau\/wp-content\/uploads\/sites\/132\/2016\/10\/vita-brevis-208x300.jpg 208w\" sizes=\"auto, (max-width: 467px) 100vw, 467px\" \/><figcaption class=\"wp-element-caption\">Ilustraci\u00f3n: en la inicial de<em> Vita brevis, ars vero long<\/em>a hay la ilustraci\u00f3n de un profesor comentando los <em>Aforismos<\/em> de Hip\u00f3crates, <em>Isagoge<\/em>, NLM, HMD Collection, MS E 78, fol. 15b. Fuente: <a rel=\"noreferrer noopener\" href=\"https:\/\/en.wikipedia.org\/wiki\/File:Illuminated_letter_U_between_1210_and_1230_..JPG\" target=\"_blank\">Wikimedia<\/a>.<\/figcaption><\/figure>\n","protected":false},"excerpt":{"rendered":"<p>Los comentarios de Arnau provienen de su docencia en Montpellier, ya que los cursos medievales consist\u00edan en leer y comentar la obra de una autoridad (lectio), a partir de la cual el profesor planteaba y respond\u00eda cuestiones (quaestiones).&nbsp;Sus comentarios demuestran que se centr\u00f3 en textos tradicionales de la educaci\u00f3n m\u00e9dica (Hip\u00f3crates) pero tambi\u00e9n introdujo otros [&hellip;]<\/p>\n","protected":false},"author":20,"featured_media":0,"parent":0,"menu_order":0,"comment_status":"closed","ping_status":"closed","template":"","meta":{"footnotes":""},"class_list":["post-223","page","type-page","status-publish","hentry"],"_links":{"self":[{"href":"https:\/\/webs.uab.cat\/arnau\/es\/wp-json\/wp\/v2\/pages\/223","targetHints":{"allow":["GET"]}}],"collection":[{"href":"https:\/\/webs.uab.cat\/arnau\/es\/wp-json\/wp\/v2\/pages"}],"about":[{"href":"https:\/\/webs.uab.cat\/arnau\/es\/wp-json\/wp\/v2\/types\/page"}],"author":[{"embeddable":true,"href":"https:\/\/webs.uab.cat\/arnau\/es\/wp-json\/wp\/v2\/users\/20"}],"replies":[{"embeddable":true,"href":"https:\/\/webs.uab.cat\/arnau\/es\/wp-json\/wp\/v2\/comments?post=223"}],"version-history":[{"count":2,"href":"https:\/\/webs.uab.cat\/arnau\/es\/wp-json\/wp\/v2\/pages\/223\/revisions"}],"predecessor-version":[{"id":1997,"href":"https:\/\/webs.uab.cat\/arnau\/es\/wp-json\/wp\/v2\/pages\/223\/revisions\/1997"}],"wp:attachment":[{"href":"https:\/\/webs.uab.cat\/arnau\/es\/wp-json\/wp\/v2\/media?parent=223"}],"curies":[{"name":"wp","href":"https:\/\/api.w.org\/{rel}","templated":true}]}}