{"id":224,"date":"2013-11-11T23:38:31","date_gmt":"2013-11-11T23:38:31","guid":{"rendered":"https:\/\/webs.uab.cat\/arnau\/aforismes\/"},"modified":"2024-09-20T12:57:07","modified_gmt":"2024-09-20T12:57:07","slug":"aforismes","status":"publish","type":"page","link":"https:\/\/webs.uab.cat\/arnau\/es\/aforismes\/","title":{"rendered":"Aforismos"},"content":{"rendered":"\n<p>Arnau muestra un gusto especial por el g\u00e9nero afor\u00edstico, muy \u00fatil en la ense\u00f1anza por su valor nemot\u00e9cnico.<\/p>\n\n\n\n<ol class=\"wp-block-list\" start=\"11\">\n<li><em>Aphorismi de gradibus<\/em> (\u201cAforismos sobre los grados\u201d), escritos entre 1295 y 1300: en ellos Arnau trata las gradaciones de los medicamentos y las mutuas interacciones de sus componentes defendiendo el m\u00e9todo matem\u00e1tico desarrollado por el \u00e1rabe al-Kindi como la interpretaci\u00f3n aut\u00e9ntica de Galeno frente Averroes. Aunque el tratado de al-Kindi hab\u00eda sido traducido por Gherardo da Cremona, no fue inteligible para los m\u00e9dicos occidentales hasta que Arnau introdujo la cuesti\u00f3n con estos aforismos. En este m\u00e9todo para crear medicamentos compuestos de un determinado grado a partir de simples, la proporci\u00f3n de fr\u00edo a caliente aumenta geom\u00e9tricamente a medida que se incrementa aritm\u00e9ticamente el grado cualitativo. Los <em>Aphorismi de gradibus<\/em> siguieron en uso en Montpellier durante cincuenta a\u00f1os, y puede que influyese en la formulaci\u00f3n en Oxford de la ley matem\u00e1tica f\u00edsica por parte de Thomas Bradwardine.<\/li>\n\n\n\n<li><em>Medicationis parabolae<\/em> (\u201cPar\u00e1bolas de la curaci\u00f3n\u201d, 1300), dedicadas a Felipe el Hermoso, rey de Francia, se trata de una compilaci\u00f3n de 342 aforismos de inspiraci\u00f3n hipocr\u00e1tica en el que se proporcionan normas de \u00e9tica profesional e instrucciones terap\u00e9uticas necesarias para el m\u00e9dico en la curaci\u00f3n. Incluye una parte quir\u00fargica que ser\u00e1 citada por los grandes cirujanos Henri de Mondeville y Guiu de Chaulhac. Su car\u00e1cter pr\u00e1ctico y su forma concisa hizo de esta obra la m\u00e1s difundida de Arnau, despu\u00e9s del <em>Regimen sanitatis ad regem Aragonum<\/em>, tanto en la tradici\u00f3n manuscrita medieval como en la imprenta moderna.<\/li>\n\n\n\n<li><em>Commentum super quasdam parabolas<\/em> (\u00abComentario a algunas par\u00e1bolas\u00bb): comentario a las <em>Medicationis parabolae<\/em> elaborado por su mismo autor. El proyecto fue abandonado a penas lo inici\u00f3, tras haber explicado tan solo quince aforismos del total.<\/li>\n\n\n\n<li><em>Aphorismi particulares<\/em> (\u201cAforismos particulares\u201d), que habr\u00edan quedado inconclusos, es una recopilaci\u00f3n heterog\u00e9nea de 162 sentencias basadas en observaciones cl\u00ednicas sobre enfermedades que afectan a la cabeza, el pecho, el abdomen y los genitales.<\/li>\n\n\n\n<li><em>Aphorismi de memoria <\/em>(\u201cAforismos de la memoria\u201d) son un conjunto de 25 reglas higi\u00e9nicas para reforzar la facultad de la memoria.<\/li>\n\n\n\n<li><em>Aphorismi extravagantes<\/em> (\u201cAforismos extravagantes\u201d) son 24 indicaciones mayoritariamente dirigidas a curar las articulaciones.<\/li>\n<\/ol>\n\n\n\n<figure class=\"wp-block-image size-full is-resized\"><img loading=\"lazy\" decoding=\"async\" width=\"285\" height=\"429\" src=\"https:\/\/webs.uab.cat\/arnau\/wp-content\/uploads\/sites\/132\/2016\/10\/felip4_llit.jpg\" alt=\"felip4_llit\" class=\"wp-image-520\" style=\"aspect-ratio:0.6641294005708849;width:432px;height:auto\" srcset=\"https:\/\/webs.uab.cat\/arnau\/wp-content\/uploads\/sites\/132\/2016\/10\/felip4_llit.jpg 285w, https:\/\/webs.uab.cat\/arnau\/wp-content\/uploads\/sites\/132\/2016\/10\/felip4_llit-199x300.jpg 199w\" sizes=\"auto, (max-width: 285px) 100vw, 285px\" \/><figcaption class=\"wp-element-caption\">Ilustraci\u00f3n: Muerte del rey de Francia, Felipe IV el Hermoso, en 1316. Arnau trat\u00f3 con \u00e9l en misi\u00f3n diplom\u00e1tica y le dedic\u00f3 las <em>Medicationis parabolae<\/em>. Fuente: <a rel=\"noreferrer noopener\" href=\"http:\/\/commons.wikimedia.org\/wiki\/File:Philip_IV_of_France_lying_in_bed.jpg\" target=\"_blank\">Wikimedia<\/a>.<\/figcaption><\/figure>\n","protected":false},"excerpt":{"rendered":"<p>Arnau muestra un gusto especial por el g\u00e9nero afor\u00edstico, muy \u00fatil en la ense\u00f1anza por su valor nemot\u00e9cnico.<\/p>\n","protected":false},"author":20,"featured_media":0,"parent":0,"menu_order":0,"comment_status":"closed","ping_status":"closed","template":"","meta":{"footnotes":""},"class_list":["post-224","page","type-page","status-publish","hentry"],"_links":{"self":[{"href":"https:\/\/webs.uab.cat\/arnau\/es\/wp-json\/wp\/v2\/pages\/224","targetHints":{"allow":["GET"]}}],"collection":[{"href":"https:\/\/webs.uab.cat\/arnau\/es\/wp-json\/wp\/v2\/pages"}],"about":[{"href":"https:\/\/webs.uab.cat\/arnau\/es\/wp-json\/wp\/v2\/types\/page"}],"author":[{"embeddable":true,"href":"https:\/\/webs.uab.cat\/arnau\/es\/wp-json\/wp\/v2\/users\/20"}],"replies":[{"embeddable":true,"href":"https:\/\/webs.uab.cat\/arnau\/es\/wp-json\/wp\/v2\/comments?post=224"}],"version-history":[{"count":2,"href":"https:\/\/webs.uab.cat\/arnau\/es\/wp-json\/wp\/v2\/pages\/224\/revisions"}],"predecessor-version":[{"id":1998,"href":"https:\/\/webs.uab.cat\/arnau\/es\/wp-json\/wp\/v2\/pages\/224\/revisions\/1998"}],"wp:attachment":[{"href":"https:\/\/webs.uab.cat\/arnau\/es\/wp-json\/wp\/v2\/media?parent=224"}],"curies":[{"name":"wp","href":"https:\/\/api.w.org\/{rel}","templated":true}]}}