{"id":226,"date":"2013-11-11T23:18:23","date_gmt":"2013-11-11T23:18:23","guid":{"rendered":"https:\/\/webs.uab.cat\/arnau\/practica\/"},"modified":"2024-09-20T12:58:58","modified_gmt":"2024-09-20T12:58:58","slug":"practica","status":"publish","type":"page","link":"https:\/\/webs.uab.cat\/arnau\/es\/practica\/","title":{"rendered":"Medicina pr\u00e1ctica"},"content":{"rendered":"\n<ol class=\"wp-block-list\" start=\"25\">\n<li><em>Regimen sanitatis ad regem Aragonum<\/em> (\u201cR\u00e9gimen de salud para el rey de Arag\u00f3n\u201d, 1305-1308) es un r\u00e9gimen de vida para conservar la salud del rey Jaime II, ce\u00f1ido a su complexi\u00f3n individual y sus condiciones f\u00edsicas y cotidianas hasta el punto de a\u00f1adir un cap\u00edtulo dedicado a las hemorroides que sufr\u00eda. Incluye consejos higi\u00e9nicos sobre los factores que condicionan la salud: el lugar donde instalar la corte, el ejercicio, el ba\u00f1o, la comida, la bebida, el sue\u00f1o y las emociones. A pesar de tratarse de un r\u00e9gimen tan centrado en una persona, lleg\u00f3 a ser gracias a su estilo sencillo, claro y conciso, inteligible a los profanos, el texto m\u00e1s popular y difundido de Arnau, tal como dan testimonio los numeros\u00edsimos manuscritos que lo contienen en toda Europa y las traducciones al catal\u00e1n y al hebreo. La primera traducci\u00f3n, al catal\u00e1n, fue encargada por la reina Blanca al cirujano Berenguer de Sarriera en 1310. Hay constancia de cuatro traducciones medievales al hebreo y una moderna al castellano, de Jer\u00f3nimo de Mondrag\u00f3n (1610).&nbsp;<\/li>\n\n\n\n<li><em>Regimen Almariae<\/em> (\u201cR\u00e9gimen de Almer\u00eda\u201d) o <em>Regimen castra sequentium<\/em> (\u201cR\u00e9gimen de los que siguen los campamentos\u201d) es un brev\u00edsimo op\u00fasculo que quiz\u00e1 sea el primer tratado de la edad media que aconseja medidas de higiene y salud para los ej\u00e9rcitos en campa\u00f1a. Fue escrito en 1310 en ocasi\u00f3n de la cruzada de Jaime II en Almer\u00eda, pero, redactado durante el trayecto hasta esa ciudad, fue entregado cuando hab\u00eda terminado el asedio.<\/li>\n\n\n\n<li><em>Practica summaria<\/em> (\u201cPr\u00e1ctica sumaria\u201d) es un breve compendio de tratamientos para trenta y una enfermedades frecuentes, veinte ordenadas siguiendo el orden convencional desde la cabeza a los pies, y once para fiebres y otros trastornos no localizados en un miembro concreto. Redactada de manera muy sint\u00e9tica, con un estilo sencillo y directo, y a pesar de su modesta ambici\u00f3n, se trata probablemente de la obra m\u00e1s completa conservada para conocer la medicina pr\u00e1ctica de Arnau. Pudo haber sido traducida al catal\u00e1n en vida del autor. Algunos de los manuscritos que transmiten esta obra contienen una dedicatoria al prior de San Baudilio de Nimes, mientras que en otros est\u00e1 dirigida, de manera menos cre\u00edble, al papa Clemente V.<\/li>\n\n\n\n<li><em>Pars operativa<\/em> o <em>De parte operativa<\/em> (\u201cParte operativa\u201d) constituye un compendio de pr\u00e1ctica m\u00e9dica, como complemento del te\u00f3rico <em>Speculum medicinae<\/em>. Ten\u00eda que ser general, ordenado de la cabeza a los pies, pero qued\u00f3 incompleto con la muerte del autor. Solo nos ha llegado la introducci\u00f3n, que ofrece una reflexi\u00f3n sobre la naturaleza de la medicina y la relaci\u00f3n entre un signo y la enfermedad, y la primera parte, dedicada a las afecciones mentales. Manteni\u00e9ndose en la ortodoxia gal\u00e9nica, los trastornos ps\u00edquicos se atribuyen a alteraciones org\u00e1nicas.<\/li>\n\n\n\n<li>El <em>Regimen podagrae<\/em> (\u201cTratamiento de la podagra\u201d) es una de las primeras muestras del g\u00e9nero del <em>consilium<\/em> o tratamiento espec\u00edfico dirigido a una persona determinada, en este caso es un enfermo de podagra. Entre otras muchas medidas diet\u00e9ticas y farmacol\u00f3gicas, hay ciertas indicaciones astrol\u00f3gicas para la sangr\u00eda y algunos remedios basados en magia natural.<\/li>\n<\/ol>\n\n\n\n<figure class=\"wp-block-image size-full is-resized\"><img loading=\"lazy\" decoding=\"async\" width=\"500\" height=\"656\" src=\"https:\/\/webs.uab.cat\/arnau\/wp-content\/uploads\/sites\/132\/2016\/10\/casadebanys.jpg\" alt=\"casadebanys\" class=\"wp-image-550\" style=\"aspect-ratio:0.7623220153340635;width:411px;height:auto\" srcset=\"https:\/\/webs.uab.cat\/arnau\/wp-content\/uploads\/sites\/132\/2016\/10\/casadebanys.jpg 500w, https:\/\/webs.uab.cat\/arnau\/wp-content\/uploads\/sites\/132\/2016\/10\/casadebanys-229x300.jpg 229w\" sizes=\"auto, (max-width: 500px) 100vw, 500px\" \/><figcaption class=\"wp-element-caption\">Ilustraci\u00f3n: Los reg\u00edmenes de sanidad regulaban el modo de vida de los pacientes acomodados, no solamente en aspectos como la alimentaci\u00f3n sino tambi\u00e9n el ba\u00f1o, el sexo y los placeres que pod\u00edan tener efectos positivos sobre el estado de \u00e1nimo, como la m\u00fasica o la actividad social. Balneario seg\u00fan una miniatura de<em> Facta et dicta memorabilia<\/em> de Valerio M\u00e1ximo (f. 244), c. 1470, Staatsbibliothek, Berl\u00edn-Preussischer Kulturbesitz (Depot Breslau 2). Fuente: <a rel=\"noreferrer noopener\" href=\"http:\/\/wtfarthistory.com\/post\/21782521659\/medieval-bathhouses\" target=\"_blank\">WTF Art History<\/a>.<\/figcaption><\/figure>\n","protected":false},"excerpt":{"rendered":"","protected":false},"author":20,"featured_media":0,"parent":0,"menu_order":0,"comment_status":"closed","ping_status":"closed","template":"","meta":{"footnotes":""},"class_list":["post-226","page","type-page","status-publish","hentry"],"_links":{"self":[{"href":"https:\/\/webs.uab.cat\/arnau\/es\/wp-json\/wp\/v2\/pages\/226","targetHints":{"allow":["GET"]}}],"collection":[{"href":"https:\/\/webs.uab.cat\/arnau\/es\/wp-json\/wp\/v2\/pages"}],"about":[{"href":"https:\/\/webs.uab.cat\/arnau\/es\/wp-json\/wp\/v2\/types\/page"}],"author":[{"embeddable":true,"href":"https:\/\/webs.uab.cat\/arnau\/es\/wp-json\/wp\/v2\/users\/20"}],"replies":[{"embeddable":true,"href":"https:\/\/webs.uab.cat\/arnau\/es\/wp-json\/wp\/v2\/comments?post=226"}],"version-history":[{"count":2,"href":"https:\/\/webs.uab.cat\/arnau\/es\/wp-json\/wp\/v2\/pages\/226\/revisions"}],"predecessor-version":[{"id":2000,"href":"https:\/\/webs.uab.cat\/arnau\/es\/wp-json\/wp\/v2\/pages\/226\/revisions\/2000"}],"wp:attachment":[{"href":"https:\/\/webs.uab.cat\/arnau\/es\/wp-json\/wp\/v2\/media?parent=226"}],"curies":[{"name":"wp","href":"https:\/\/api.w.org\/{rel}","templated":true}]}}