{"id":227,"date":"2013-11-11T23:24:42","date_gmt":"2013-11-11T23:24:42","guid":{"rendered":"https:\/\/webs.uab.cat\/arnau\/dubtoses\/"},"modified":"2024-09-20T12:59:48","modified_gmt":"2024-09-20T12:59:48","slug":"dubtoses","status":"publish","type":"page","link":"https:\/\/webs.uab.cat\/arnau\/es\/dubtoses\/","title":{"rendered":"Escritos dudosos"},"content":{"rendered":"\n<p>No se ha llegado a una conclusi\u00f3n definitiva sobre la autor\u00eda de algunos de los escritos transmitidos bajo el nombre de Arnau de Vilanova, sea porque su an\u00e1lisis ha revelado una formaci\u00f3n compleja, a partir de un texto arnaldiano posteriormente modificado, reelaborado o unido a otros textos, sea porque existen todav\u00eda discrepancias entre los especialistas, o bien porque hasta el momento no ha sido suficientemente estudiado. Adem\u00e1s del comentario al <a href=\"https:\/\/webs.uab.cat\/arnau\/wp-admin\/comentaris\"><em>De morbo et accidenti<\/em><\/a> gal\u00e9nico, se encuentran en esta situaci\u00f3n:<\/p>\n\n\n\n<ol class=\"wp-block-list\" start=\"30\">\n<li><em>De venenis<\/em> (\u201cSobre los venenos\u201d): una compilaci\u00f3n mal trabada que re\u00fane cuatro fragmentos preexistentes: una enumeraci\u00f3n de triacas y ant\u00eddotos, una descripci\u00f3n de la triaca y sus virtudes, una extensa lista de plantas, animales y minerales supuestamente venenosos o perjudiciales, y una compilaci\u00f3n de dosis y administraci\u00f3n de la triaca para las enfermedades. La parte m\u00e1s extensa podr\u00eda ser aut\u00e9ntica.<\/li>\n\n\n\n<li><em>Antidotarium<\/em> (\u201cAntidotario\u201d): la primera parte, que versa sobre aspectos generales del trabajo de los boticarios, podr\u00eda ser aut\u00e9ntica. En cambio, no se puede atribuir la segunda parte a Arnau, que recoge cerca de 200 recetas de todo tipo de compuestos farmacol\u00f3gicos y que constituye el grueso de la obra, porque no es original sino que proviene en gran medida de otros antidotarios medievales de amplio uso.<\/li>\n\n\n\n<li>Una colecci\u00f3n de setenta y tres <em>Experimenta<\/em> o informes sumarios de problemas m\u00e9dicos o tratamientos dirigidos no solamente a Clemente V sino a otros personajes de la corte papal de Avi\u00f1\u00f3n.<\/li>\n\n\n\n<li><em>De iudiciis astronomiae<\/em> (\u201cSobre los juicios de la astrolog\u00eda\u201d) consiste en una introducci\u00f3n a la astrolog\u00eda orientada a la medicina. Asimismo, pese a reconocer que los astros influyen sobre la salud y los medicamentos, el autor concluye diciendo que el c\u00e1lculo astrol\u00f3gico es tan dif\u00edcil y oscuro que el m\u00e9dico pr\u00e1ctico puede conformarse con observar la posici\u00f3n de la luna, sobre todo cuando ordena evacuaciones.<\/li>\n\n\n\n<li><em>Libellus de arte cognoscendi venena<\/em> (\u201cLibelo sobre el arte de conocer los venenos\u201d): su t\u00edtulo es enga\u00f1oso porque solo dedica las l\u00edneas iniciales a describir precauciones contra los venenos para describir a continuaci\u00f3n sus s\u00edntomas y terap\u00e9utica.<\/li>\n\n\n\n<li><em>De urinis<\/em> (\u201cSobre las orinas\u201d): varios textos sobre la diagnosis a trav\u00e9s de la inspecci\u00f3n de la orina circularon bajo el nombre de Arnau de Vilanova.<\/li>\n\n\n\n<li><em>De aquis medicinalibus<\/em> (\u201cSobre las aguas medicinales\u201d): describe compuestos farmacol\u00f3gicos elaborados con agua.<\/li>\n\n\n\n<li><em>De simplicibus<\/em> (\u201cSobre los simples\u201d): cat\u00e1logo de plantas medicinales, ordenadas seg\u00fan sus cualidades, su acci\u00f3n farmacol\u00f3gica general y sus operaciones terap\u00e9uticas espec\u00edficas.<\/li>\n\n\n\n<li><em>Cura febris ethicae<\/em> (\u201cCura de la fiebre h\u00e9ctica\u201d) un <em>consilium<\/em> en respuesta a la demanda de un colega que pide consejo sobre c\u00f3mo tratar un paciente que padece la fiebre h\u00e9ctica.<\/li>\n\n\n\n<li><em>Regimen quartanae<\/em> (\u201cTratamiento de la fiebre cuartana\u201d), un <em>consilium<\/em> que aconseja un tratamiento para curar la fiebre cuartana de un enfermo. El autor defiende con vehemencia su propia terap\u00e9utica contra la que aplican otros m\u00e9dicos, probablemente extraacad\u00e9micos.<\/li>\n\n\n\n<li><em>De epilentia<\/em> (\u201cSobre la epilepsia\u201d): alguno de los breves escritos sobre epilepsia, unidos al tratado m\u00e1s extenso falsamente atribuido a Arnau (no. 53), podr\u00eda ser arnaldiano.&nbsp;<\/li>\n\n\n\n<li><em>Abbreviatio libri pronosticorum<\/em> (\u201cAbreviaci\u00f3n del Libro de pron\u00f3sticos\u201d): resumen del tratado de Hip\u00f3crates sobre la prognosis m\u00e9dica.<\/li>\n<\/ol>\n\n\n\n<h2 class=\"wp-block-heading\">Escritos probablemente ap\u00f3crifos:<\/h2>\n\n\n\n<ol class=\"wp-block-list\" start=\"42\">\n<li><em>De vinis<\/em> (\u201cSobre los vinos\u201d), despu\u00e9s de una dedicatoria a un rey, tiene una introducci\u00f3n que alaba los m\u00e9ritos del vino en general, contin\u00faa explicando que los simples que se calientan con el vino traspasan sus propiedades terap\u00e9uticas y termina exponiendo los procedimientos para preparar vinos medicinales. Seguidamente el grueso del libro consiste en explicar la composici\u00f3n y la preparaci\u00f3n de una cincuentena de vinos medicinales para tratar enfermedades muy diversas..<\/li>\n\n\n\n<li><em>De balneis<\/em> (\u201cSobre los ba\u00f1os\u201d) trata del valor medicinal del ba\u00f1o.<\/li>\n\n\n\n<li><em>De sigillis<\/em> (\u201cSobre los sellos\u201d) da instrucciones detalladas con la finalidad de fabricar un sello para cada uno de los doce signos del zod\u00edaco. Hay que grabar, bajo las condiciones astrol\u00f3gicas correspondientes y entre plegarias cristianas, la imagen zodiacal e inscribir frases b\u00edblicas, letras hebreas, nombres sagrados e invocaciones a santos.<\/li>\n\n\n\n<li><em>Libellus regiminis de confortatione visus<\/em> (\u201cLibelo del r\u00e9gimen para reforzar de la visi\u00f3n\u201d): la primera parte es un r\u00e9gimen de salud general, la segunda, centrada en la curaci\u00f3n de la vista, es una copia de Mesu\u00e9 el Joven.<\/li>\n<\/ol>\n\n\n<div class=\"wp-block-image\">\n<figure class=\"aligncenter size-full\"><img loading=\"lazy\" decoding=\"async\" width=\"356\" height=\"550\" src=\"https:\/\/webs.uab.cat\/arnau\/wp-content\/uploads\/sites\/132\/2016\/10\/weintractat.jpg\" alt=\"weintractat\" class=\"wp-image-592\" srcset=\"https:\/\/webs.uab.cat\/arnau\/wp-content\/uploads\/sites\/132\/2016\/10\/weintractat.jpg 356w, https:\/\/webs.uab.cat\/arnau\/wp-content\/uploads\/sites\/132\/2016\/10\/weintractat-194x300.jpg 194w\" sizes=\"auto, (max-width: 356px) 100vw, 356px\" \/><figcaption class=\"wp-element-caption\">Ilustraci\u00f3n: <em>Traktat von Bewarung und Bereitung der Wein<\/em>, 1522, libre adaptaci\u00f3n alemana de Wilhelm von Hirnkofen del <em>De vinis<\/em> dudosamente atribuido a Arnau. Un verdadero bestseller en la temprana imprenta alemana con 34 impresiones.<\/figcaption><\/figure>\n<\/div>","protected":false},"excerpt":{"rendered":"<p>No se ha llegado a una conclusi\u00f3n definitiva sobre la autor\u00eda de algunos de los escritos transmitidos bajo el nombre de Arnau de Vilanova, sea porque su an\u00e1lisis ha revelado una formaci\u00f3n compleja, a partir de un texto arnaldiano posteriormente modificado, reelaborado o unido a otros textos, sea porque existen todav\u00eda discrepancias entre los especialistas, [&hellip;]<\/p>\n","protected":false},"author":20,"featured_media":0,"parent":0,"menu_order":0,"comment_status":"closed","ping_status":"closed","template":"","meta":{"footnotes":""},"class_list":["post-227","page","type-page","status-publish","hentry"],"_links":{"self":[{"href":"https:\/\/webs.uab.cat\/arnau\/es\/wp-json\/wp\/v2\/pages\/227","targetHints":{"allow":["GET"]}}],"collection":[{"href":"https:\/\/webs.uab.cat\/arnau\/es\/wp-json\/wp\/v2\/pages"}],"about":[{"href":"https:\/\/webs.uab.cat\/arnau\/es\/wp-json\/wp\/v2\/types\/page"}],"author":[{"embeddable":true,"href":"https:\/\/webs.uab.cat\/arnau\/es\/wp-json\/wp\/v2\/users\/20"}],"replies":[{"embeddable":true,"href":"https:\/\/webs.uab.cat\/arnau\/es\/wp-json\/wp\/v2\/comments?post=227"}],"version-history":[{"count":2,"href":"https:\/\/webs.uab.cat\/arnau\/es\/wp-json\/wp\/v2\/pages\/227\/revisions"}],"predecessor-version":[{"id":2001,"href":"https:\/\/webs.uab.cat\/arnau\/es\/wp-json\/wp\/v2\/pages\/227\/revisions\/2001"}],"wp:attachment":[{"href":"https:\/\/webs.uab.cat\/arnau\/es\/wp-json\/wp\/v2\/media?parent=227"}],"curies":[{"name":"wp","href":"https:\/\/api.w.org\/{rel}","templated":true}]}}