{"id":229,"date":"2013-11-08T01:28:13","date_gmt":"2013-11-08T01:28:13","guid":{"rendered":"https:\/\/webs.uab.cat\/arnau\/espiritual\/"},"modified":"2024-09-20T13:02:15","modified_gmt":"2024-09-20T13:02:15","slug":"espiritual","status":"publish","type":"page","link":"https:\/\/webs.uab.cat\/arnau\/es\/espiritual\/","title":{"rendered":"Obra espiritual"},"content":{"rendered":"\n<p>Adem\u00e1s de las obras m\u00e9dicas, Arnau escribi\u00f3 muchas obras sobre temas muy diversos y de caracter\u00edsticas muy distintas: comentarios a otras obras, interpretaciones de los tetragramas divinos, escritos de denuncia de los falsos religiosos, obras apocal\u00edpticas, de pol\u00e9mica, sermones, cartas&#8230; Generalmente se suelen denominar \u00abobras espirituales\u00bb, \u00abteol\u00f3gicas\u00bb o \u00abreligiosas\u00bb, aunque su tem\u00e1tica y estilo no siempre de ajuste a tales calificativos. Estas obras fueron escritas en <a href=\"https:\/\/webs.uab.cat\/arnau\/wp-admin\/llatina\">lat\u00edn<\/a> o en <a href=\"https:\/\/webs.uab.cat\/arnau\/wp-admin\/catalana\">catal\u00e1n<\/a> y pronto algunas fueron <a href=\"https:\/\/webs.uab.cat\/arnau\/wp-admin\/versions\">traducidas a otras lenguas<\/a>: griego, italiano (toscano y napolitano), castellano. La Sentencia de Tarragona de 1316 conden\u00f3 varias tesis contenidas en dichos escritos; por esta raz\u00f3n son pocos los manuscritos conservados. Algunas de sus obras <a href=\"https:\/\/webs.uab.cat\/arnau\/wp-admin\/perdudes\">no han llegado hasta la actualidad<\/a>. Por otra parte hay razones para <a href=\"https:\/\/webs.uab.cat\/arnau\/wp-admin\/problematiques\">dudar de la autenticidad<\/a> de algunos escritos que se han transmitido bajo su nombre.<\/p>\n\n\n\n<figure class=\"wp-block-image size-full is-resized\"><img loading=\"lazy\" decoding=\"async\" width=\"422\" height=\"317\" src=\"https:\/\/webs.uab.cat\/arnau\/wp-content\/uploads\/sites\/132\/2016\/10\/climent.jpg\" alt=\"climent\" class=\"wp-image-604\" style=\"aspect-ratio:1.3307984790874525;width:455px;height:auto\" srcset=\"https:\/\/webs.uab.cat\/arnau\/wp-content\/uploads\/sites\/132\/2016\/10\/climent.jpg 422w, https:\/\/webs.uab.cat\/arnau\/wp-content\/uploads\/sites\/132\/2016\/10\/climent-300x225.jpg 300w\" sizes=\"auto, (max-width: 422px) 100vw, 422px\" \/><figcaption class=\"wp-element-caption\">Ilustraci\u00f3n: los templarios ante el Papa Clemente V y el rey Felipe IV de Francia durante el Concilio de Viena, en el cual el pont\u00edfice aboli\u00f3 la orden del Temple por instigaci\u00f3n de Felipe (1311-1312). Londres, British Library, Cotton Nero E II, pt 2, f. 100v. Arnau present\u00f3 a Clemente V, amigo personal suyo, un manuscrito con sus obras espirituales latinas en 1305, justo tras ser elegido Papa, un conjunto conservado en un manuscrito vaticano. Arnau interviene en la cuesti\u00f3n de los templarios y habla sobre ella en varias cartas dirigidas a Clemente V, Jaime II y Felipe IV.<\/figcaption><\/figure>\n","protected":false},"excerpt":{"rendered":"<p>Adem\u00e1s de las obras m\u00e9dicas, Arnau escribi\u00f3 muchas obras sobre temas muy diversos y de caracter\u00edsticas muy distintas: comentarios a otras obras, interpretaciones de los tetragramas divinos, escritos de denuncia de los falsos religiosos, obras apocal\u00edpticas, de pol\u00e9mica, sermones, cartas&#8230; Generalmente se suelen denominar \u00abobras espirituales\u00bb, \u00abteol\u00f3gicas\u00bb o \u00abreligiosas\u00bb, aunque su tem\u00e1tica y estilo no [&hellip;]<\/p>\n","protected":false},"author":20,"featured_media":0,"parent":0,"menu_order":0,"comment_status":"closed","ping_status":"closed","template":"","meta":{"footnotes":""},"class_list":["post-229","page","type-page","status-publish","hentry"],"_links":{"self":[{"href":"https:\/\/webs.uab.cat\/arnau\/es\/wp-json\/wp\/v2\/pages\/229","targetHints":{"allow":["GET"]}}],"collection":[{"href":"https:\/\/webs.uab.cat\/arnau\/es\/wp-json\/wp\/v2\/pages"}],"about":[{"href":"https:\/\/webs.uab.cat\/arnau\/es\/wp-json\/wp\/v2\/types\/page"}],"author":[{"embeddable":true,"href":"https:\/\/webs.uab.cat\/arnau\/es\/wp-json\/wp\/v2\/users\/20"}],"replies":[{"embeddable":true,"href":"https:\/\/webs.uab.cat\/arnau\/es\/wp-json\/wp\/v2\/comments?post=229"}],"version-history":[{"count":2,"href":"https:\/\/webs.uab.cat\/arnau\/es\/wp-json\/wp\/v2\/pages\/229\/revisions"}],"predecessor-version":[{"id":2003,"href":"https:\/\/webs.uab.cat\/arnau\/es\/wp-json\/wp\/v2\/pages\/229\/revisions\/2003"}],"wp:attachment":[{"href":"https:\/\/webs.uab.cat\/arnau\/es\/wp-json\/wp\/v2\/media?parent=229"}],"curies":[{"name":"wp","href":"https:\/\/api.w.org\/{rel}","templated":true}]}}