{"id":234,"date":"2013-11-13T00:43:32","date_gmt":"2013-11-13T00:43:32","guid":{"rendered":"https:\/\/webs.uab.cat\/arnau\/pensamiento-espiritual\/"},"modified":"2024-09-20T13:09:11","modified_gmt":"2024-09-20T13:09:11","slug":"pensamiento-espiritual","status":"publish","type":"page","link":"https:\/\/webs.uab.cat\/arnau\/es\/pensamiento-espiritual\/","title":{"rendered":"Pensamiento espiritual"},"content":{"rendered":"\n<p>Las ideas teol\u00f3gicas de Arnau de Vilanova evolucionan al largo de su vida. Se hab\u00eda interesado por la teolog\u00eda, incluso hab\u00eda frecuentado alg\u00fan curso en la escuela de los dom\u00ednicos de Montepellier y hab\u00eda estudiado con Ramon Mart\u00ed en Barcelona, pero su inter\u00e9s no hab\u00eda pasado de aqu\u00ed. Cuanto Arnau escribe su primera obra teol\u00f3gica tiene m\u00e1s de cincuenta a\u00f1os. \u00c9l mismo explica que tuvo una profunda experiencia espiritual. A partir de ese momento las preocupaciones religiosas y las consecuencias que se derivaron de ellas pasan a un primer plano en su vida.<\/p>\n\n\n\n<p>En la evoluci\u00f3n del pensamiento religioso de Arnau podemos establecer cuatro etapas:<\/p>\n\n\n\n<ol class=\"wp-block-list\">\n<li><a href=\"https:\/\/webs.uab.cat\/arnau\/es\/preespiritual\/\" data-type=\"page\" data-id=\"235\">Preespiritual<\/a>,<\/li>\n\n\n\n<li><a href=\"https:\/\/webs.uab.cat\/arnau\/es\/protoespiritual\/\" data-type=\"page\" data-id=\"237\">Protoespiritual<\/a>,<\/li>\n\n\n\n<li><a href=\"https:\/\/webs.uab.cat\/arnau\/es\/espiritualescatologic\/\" data-type=\"page\" data-id=\"238\">Espiritualescatol\u00f3gica<\/a>,<\/li>\n\n\n\n<li><a href=\"https:\/\/webs.uab.cat\/arnau\/es\/propiament-espiritual\/\" data-type=\"page\" data-id=\"239\">Propiamente espiritual<\/a>.<\/li>\n<\/ol>\n\n\n\n<figure class=\"wp-block-image size-full is-resized\"><img loading=\"lazy\" decoding=\"async\" width=\"638\" height=\"480\" src=\"https:\/\/webs.uab.cat\/arnau\/wp-content\/uploads\/sites\/132\/2016\/10\/Pugio.png\" alt=\"Pugio\" class=\"wp-image-574\" style=\"aspect-ratio:1.3301707779886147;width:575px;height:auto\" srcset=\"https:\/\/webs.uab.cat\/arnau\/wp-content\/uploads\/sites\/132\/2016\/10\/Pugio.png 638w, https:\/\/webs.uab.cat\/arnau\/wp-content\/uploads\/sites\/132\/2016\/10\/Pugio-300x226.png 300w\" sizes=\"auto, (max-width: 638px) 100vw, 638px\" \/><figcaption class=\"wp-element-caption\">Ilustraci\u00f3n: <em>Pugio fidei<\/em>, la obra capital de Ramon Mart\u00ed, con quien Arnau se form\u00f3, Leipzig 1687. Fuente: <a href=\"http:\/\/commons.wikimedia.org\/wiki\/File:Pugio.png\">Wikimedia<\/a>.<\/figcaption><\/figure>\n","protected":false},"excerpt":{"rendered":"<p>Las ideas teol\u00f3gicas de Arnau de Vilanova evolucionan al largo de su vida. Se hab\u00eda interesado por la teolog\u00eda, incluso hab\u00eda frecuentado alg\u00fan curso en la escuela de los dom\u00ednicos de Montepellier y hab\u00eda estudiado con Ramon Mart\u00ed en Barcelona, pero su inter\u00e9s no hab\u00eda pasado de aqu\u00ed. Cuanto Arnau escribe su primera obra teol\u00f3gica [&hellip;]<\/p>\n","protected":false},"author":20,"featured_media":0,"parent":0,"menu_order":0,"comment_status":"closed","ping_status":"closed","template":"","meta":{"footnotes":""},"class_list":["post-234","page","type-page","status-publish","hentry"],"_links":{"self":[{"href":"https:\/\/webs.uab.cat\/arnau\/es\/wp-json\/wp\/v2\/pages\/234","targetHints":{"allow":["GET"]}}],"collection":[{"href":"https:\/\/webs.uab.cat\/arnau\/es\/wp-json\/wp\/v2\/pages"}],"about":[{"href":"https:\/\/webs.uab.cat\/arnau\/es\/wp-json\/wp\/v2\/types\/page"}],"author":[{"embeddable":true,"href":"https:\/\/webs.uab.cat\/arnau\/es\/wp-json\/wp\/v2\/users\/20"}],"replies":[{"embeddable":true,"href":"https:\/\/webs.uab.cat\/arnau\/es\/wp-json\/wp\/v2\/comments?post=234"}],"version-history":[{"count":2,"href":"https:\/\/webs.uab.cat\/arnau\/es\/wp-json\/wp\/v2\/pages\/234\/revisions"}],"predecessor-version":[{"id":2009,"href":"https:\/\/webs.uab.cat\/arnau\/es\/wp-json\/wp\/v2\/pages\/234\/revisions\/2009"}],"wp:attachment":[{"href":"https:\/\/webs.uab.cat\/arnau\/es\/wp-json\/wp\/v2\/media?parent=234"}],"curies":[{"name":"wp","href":"https:\/\/api.w.org\/{rel}","templated":true}]}}