{"id":235,"date":"2013-11-17T12:01:53","date_gmt":"2013-11-17T12:01:53","guid":{"rendered":"https:\/\/webs.uab.cat\/arnau\/preespiritual\/"},"modified":"2024-09-20T13:09:55","modified_gmt":"2024-09-20T13:09:55","slug":"preespiritual","status":"publish","type":"page","link":"https:\/\/webs.uab.cat\/arnau\/es\/preespiritual\/","title":{"rendered":"Preespiritual (c. 1292)"},"content":{"rendered":"\n<p>Es una etapa breve, que comprende \u00fanicamente dos obras (cf. obras, n\u00fam. 1 y 2) escrita con poco tiempo de diferencia. Arnau de Vilanova est\u00e1 convencido de que toda la creaci\u00f3n, la historia y la Biblia est\u00e1n llenas de misterios y sentidos ocultos que progresivamente Dios ir\u00e1 desvelando. Precisamente, Arnau se siente llamado a descifrar el sentido oculto en las letras del alfabeto y de aplicarlo a los nombres de Dios. En la Biblia no hay absolutamente nada en vano, cualquier elemento, las letras, la manera como estan escritas, su sonido, tiene una profunda raz\u00f3n de ser. Algunos estudiosos creyeron que los antecedentes de este proyecto inicial de Arnau se pod\u00edan encontrar en la c\u00e1bala jud\u00eda, pero la edici\u00f3n cr\u00edtica de estas obras ha dejado claro que el punto de partida de Arnau es la obra <em>De semine Scripturarum<\/em>. Los nombres de Dios, bien interpretados ya manifiestan su esencia, su Trinidad.<\/p>\n\n\n<div class=\"wp-block-image\">\n<figure class=\"aligncenter size-full is-resized\"><img loading=\"lazy\" decoding=\"async\" width=\"285\" height=\"376\" src=\"https:\/\/webs.uab.cat\/arnau\/wp-content\/uploads\/sites\/132\/2016\/10\/barberini31r.JPG\" alt=\"barberini31r\" class=\"wp-image-568\" style=\"width:406px;height:536px\" srcset=\"https:\/\/webs.uab.cat\/arnau\/wp-content\/uploads\/sites\/132\/2016\/10\/barberini31r.JPG 285w, https:\/\/webs.uab.cat\/arnau\/wp-content\/uploads\/sites\/132\/2016\/10\/barberini31r-227x300.jpg 227w\" sizes=\"auto, (max-width: 285px) 100vw, 285px\" \/><figcaption class=\"wp-element-caption\">Ilustraci\u00f3n: Alfabetos hebreo, griego. latino y \u00e1rabe, <em>Libre de puritats<\/em>, s. XV, Vatic\u00e0, BAV, ms. Barb. Lat. 3589, f. 31r<\/figcaption><\/figure>\n<\/div>","protected":false},"excerpt":{"rendered":"<p>Es una etapa breve, que comprende \u00fanicamente dos obras (cf. obras, n\u00fam. 1 y 2) escrita con poco tiempo de diferencia. Arnau de Vilanova est\u00e1 convencido de que toda la creaci\u00f3n, la historia y la Biblia est\u00e1n llenas de misterios y sentidos ocultos que progresivamente Dios ir\u00e1 desvelando. Precisamente, Arnau se siente llamado a descifrar [&hellip;]<\/p>\n","protected":false},"author":20,"featured_media":0,"parent":0,"menu_order":0,"comment_status":"closed","ping_status":"closed","template":"","meta":{"footnotes":""},"class_list":["post-235","page","type-page","status-publish","hentry"],"_links":{"self":[{"href":"https:\/\/webs.uab.cat\/arnau\/es\/wp-json\/wp\/v2\/pages\/235","targetHints":{"allow":["GET"]}}],"collection":[{"href":"https:\/\/webs.uab.cat\/arnau\/es\/wp-json\/wp\/v2\/pages"}],"about":[{"href":"https:\/\/webs.uab.cat\/arnau\/es\/wp-json\/wp\/v2\/types\/page"}],"author":[{"embeddable":true,"href":"https:\/\/webs.uab.cat\/arnau\/es\/wp-json\/wp\/v2\/users\/20"}],"replies":[{"embeddable":true,"href":"https:\/\/webs.uab.cat\/arnau\/es\/wp-json\/wp\/v2\/comments?post=235"}],"version-history":[{"count":2,"href":"https:\/\/webs.uab.cat\/arnau\/es\/wp-json\/wp\/v2\/pages\/235\/revisions"}],"predecessor-version":[{"id":2010,"href":"https:\/\/webs.uab.cat\/arnau\/es\/wp-json\/wp\/v2\/pages\/235\/revisions\/2010"}],"wp:attachment":[{"href":"https:\/\/webs.uab.cat\/arnau\/es\/wp-json\/wp\/v2\/media?parent=235"}],"curies":[{"name":"wp","href":"https:\/\/api.w.org\/{rel}","templated":true}]}}