{"id":237,"date":"2013-11-17T12:05:01","date_gmt":"2013-11-17T12:05:01","guid":{"rendered":"https:\/\/webs.uab.cat\/arnau\/protoespiritual\/"},"modified":"2024-09-20T13:10:36","modified_gmt":"2024-09-20T13:10:36","slug":"protoespiritual","status":"publish","type":"page","link":"https:\/\/webs.uab.cat\/arnau\/es\/protoespiritual\/","title":{"rendered":"Protoespiritual (c. 1292-1295)"},"content":{"rendered":"\n<p>Qui\u00e9n sabe si m\u00e1s o menos influido por P\u00e8ire Joan (Oliu), Arnau abandon\u00f3 el proyecto anterior y estableci\u00f3 las bases de un espiritualismo que se ir\u00e1 desarrollando posteriormente. De esta etapa forman parte tambi\u00e9n dos obras (n\u00fam. 3 y 4). El fundamento de este primer espiritualismo ser\u00eda una primera versi\u00f3n de la \u00abverdad del cristianismo\u00bb. La realidad sensible, afirma Arnau en el <em>De prudentia<\/em>, puede ser considerada desde un triple punto de vista: seg\u00fan aquello que es por s\u00ed misma (as\u00ed lo hace el fil\u00f3sofo natural); seg\u00fan las razones de su entidad, es decir, en referencia a su causa inteligible (metaf\u00edsico) y, finalmente, como causadas por su Causa Primera (fiel). El \u00abverdadero fiel\u00bb&nbsp; s\u00f3lo considera la realidad f\u00edsica como el inicio de un camino espiritual hacia Dios. El espiritualismo de Arnau es en esta etapa \u00abmoderado\u00bb. Arnau se convierte a partir de este momento en un \u00abcompa\u00f1ero de camino\u00bb (Manselli) de los franciscanos espirituales: P\u00e8ire Joan, Angelo Clareno, Ubertino da Casale, Hugo de Balma.<\/p>\n\n\n<div class=\"wp-block-image\">\n<figure class=\"aligncenter size-full is-resized\"><img loading=\"lazy\" decoding=\"async\" width=\"208\" height=\"437\" src=\"https:\/\/webs.uab.cat\/arnau\/wp-content\/uploads\/sites\/132\/2016\/10\/franciscans.jpg\" alt=\"franciscans\" class=\"wp-image-580\" style=\"width:265px;height:557px\" srcset=\"https:\/\/webs.uab.cat\/arnau\/wp-content\/uploads\/sites\/132\/2016\/10\/franciscans.jpg 208w, https:\/\/webs.uab.cat\/arnau\/wp-content\/uploads\/sites\/132\/2016\/10\/franciscans-143x300.jpg 143w\" sizes=\"auto, (max-width: 208px) 100vw, 208px\" \/><figcaption class=\"wp-element-caption\">Ilustraci\u00f3n: franciscanos.<\/figcaption><\/figure>\n<\/div>","protected":false},"excerpt":{"rendered":"<p>Qui\u00e9n sabe si m\u00e1s o menos influido por P\u00e8ire Joan (Oliu), Arnau abandon\u00f3 el proyecto anterior y estableci\u00f3 las bases de un espiritualismo que se ir\u00e1 desarrollando posteriormente. De esta etapa forman parte tambi\u00e9n dos obras (n\u00fam. 3 y 4). El fundamento de este primer espiritualismo ser\u00eda una primera versi\u00f3n de la \u00abverdad del cristianismo\u00bb. [&hellip;]<\/p>\n","protected":false},"author":20,"featured_media":0,"parent":0,"menu_order":0,"comment_status":"closed","ping_status":"closed","template":"","meta":{"footnotes":""},"class_list":["post-237","page","type-page","status-publish","hentry"],"_links":{"self":[{"href":"https:\/\/webs.uab.cat\/arnau\/es\/wp-json\/wp\/v2\/pages\/237","targetHints":{"allow":["GET"]}}],"collection":[{"href":"https:\/\/webs.uab.cat\/arnau\/es\/wp-json\/wp\/v2\/pages"}],"about":[{"href":"https:\/\/webs.uab.cat\/arnau\/es\/wp-json\/wp\/v2\/types\/page"}],"author":[{"embeddable":true,"href":"https:\/\/webs.uab.cat\/arnau\/es\/wp-json\/wp\/v2\/users\/20"}],"replies":[{"embeddable":true,"href":"https:\/\/webs.uab.cat\/arnau\/es\/wp-json\/wp\/v2\/comments?post=237"}],"version-history":[{"count":2,"href":"https:\/\/webs.uab.cat\/arnau\/es\/wp-json\/wp\/v2\/pages\/237\/revisions"}],"predecessor-version":[{"id":2011,"href":"https:\/\/webs.uab.cat\/arnau\/es\/wp-json\/wp\/v2\/pages\/237\/revisions\/2011"}],"wp:attachment":[{"href":"https:\/\/webs.uab.cat\/arnau\/es\/wp-json\/wp\/v2\/media?parent=237"}],"curies":[{"name":"wp","href":"https:\/\/api.w.org\/{rel}","templated":true}]}}