{"id":242,"date":"2013-11-13T00:44:45","date_gmt":"2013-11-13T00:44:45","guid":{"rendered":"https:\/\/webs.uab.cat\/arnau\/medicina\/"},"modified":"2024-09-20T13:13:30","modified_gmt":"2024-09-20T13:13:30","slug":"medicina","status":"publish","type":"page","link":"https:\/\/webs.uab.cat\/arnau\/es\/medicina\/","title":{"rendered":"La medicina de Arnau"},"content":{"rendered":"\n<p>Arnau de Vilanova se inscribe en el galenismo arabolatino que llega masivamente con las traducciones de Galeno y de los autores m\u00e9dicos \u00e1rabes y que domina la medicina bajomedieval. Ante esta avalancha de nuevos textos Arnau opta por dar prioridad a <a href=\"https:\/\/webs.uab.cat\/arnau\/wp-admin\/autoritats\">recuperar directamente a Galeno<\/a> y los escritos que, a su juicio, permiten comprenderlo, frente a otras corrientes m\u00e9dicas que se inclinan por la s\u00edntesis de Avicena (<em>Canon<\/em>), por Arist\u00f3teles seg\u00fan la interpretaci\u00f3n de Averroes o por una aproximaci\u00f3n empirista a la atenci\u00f3n al enfermo. Su declarado antiverroismo est\u00e1 en consonancia con su <a href=\"https:\/\/webs.uab.cat\/arnau\/wp-admin\/instrumentalisme\">concepci\u00f3n epistemol\u00f3gica<\/a> de la medicina. Por otro lado, vale la pena preguntarse cu\u00e1l era el aut\u00e9ntico peso de la <a href=\"https:\/\/webs.uab.cat\/arnau\/wp-admin\/magia-astrologia\">magia natural y la astrolog\u00eda<\/a>&nbsp; en su medicina, una presencia real pero minoritaria, sobredimensionada por la leyenda arnaldiana.<\/p>\n\n\n\n<figure class=\"wp-block-image size-full is-resized\"><img loading=\"lazy\" decoding=\"async\" width=\"512\" height=\"564\" src=\"https:\/\/webs.uab.cat\/arnau\/wp-content\/uploads\/sites\/132\/2016\/10\/apotecari-Taccuino_Sanitatis.jpg\" alt=\"apotecari-Taccuino_Sanitatis\" class=\"wp-image-508\" style=\"aspect-ratio:0.9076723016905072;width:461px;height:auto\" srcset=\"https:\/\/webs.uab.cat\/arnau\/wp-content\/uploads\/sites\/132\/2016\/10\/apotecari-Taccuino_Sanitatis.jpg 512w, https:\/\/webs.uab.cat\/arnau\/wp-content\/uploads\/sites\/132\/2016\/10\/apotecari-Taccuino_Sanitatis-272x300.jpg 272w\" sizes=\"auto, (max-width: 512px) 100vw, 512px\" \/><figcaption class=\"wp-element-caption\">Ilustraci\u00f3n: Comprando al apotecario, miniatura del <em>Taccuinum sanitatis<\/em>, Biblioteca Casanatense, Roma. Fuente: <a rel=\"noreferrer noopener\" href=\"https:\/\/webs.uab.cat\/arnau\/wp-admin\/42-aspetti_di_vita_quotidiana,_medicine,Taccuino_Sanitatis,_.jpg\" target=\"_blank\">Wikimedia<\/a>.<\/figcaption><\/figure>\n","protected":false},"excerpt":{"rendered":"<p>Arnau de Vilanova se inscribe en el galenismo arabolatino que llega masivamente con las traducciones de Galeno y de los autores m\u00e9dicos \u00e1rabes y que domina la medicina bajomedieval. Ante esta avalancha de nuevos textos Arnau opta por dar prioridad a recuperar directamente a Galeno y los escritos que, a su juicio, permiten comprenderlo, frente [&hellip;]<\/p>\n","protected":false},"author":20,"featured_media":0,"parent":0,"menu_order":0,"comment_status":"closed","ping_status":"closed","template":"","meta":{"footnotes":""},"class_list":["post-242","page","type-page","status-publish","hentry"],"_links":{"self":[{"href":"https:\/\/webs.uab.cat\/arnau\/es\/wp-json\/wp\/v2\/pages\/242","targetHints":{"allow":["GET"]}}],"collection":[{"href":"https:\/\/webs.uab.cat\/arnau\/es\/wp-json\/wp\/v2\/pages"}],"about":[{"href":"https:\/\/webs.uab.cat\/arnau\/es\/wp-json\/wp\/v2\/types\/page"}],"author":[{"embeddable":true,"href":"https:\/\/webs.uab.cat\/arnau\/es\/wp-json\/wp\/v2\/users\/20"}],"replies":[{"embeddable":true,"href":"https:\/\/webs.uab.cat\/arnau\/es\/wp-json\/wp\/v2\/comments?post=242"}],"version-history":[{"count":2,"href":"https:\/\/webs.uab.cat\/arnau\/es\/wp-json\/wp\/v2\/pages\/242\/revisions"}],"predecessor-version":[{"id":2014,"href":"https:\/\/webs.uab.cat\/arnau\/es\/wp-json\/wp\/v2\/pages\/242\/revisions\/2014"}],"wp:attachment":[{"href":"https:\/\/webs.uab.cat\/arnau\/es\/wp-json\/wp\/v2\/media?parent=242"}],"curies":[{"name":"wp","href":"https:\/\/api.w.org\/{rel}","templated":true}]}}