{"id":243,"date":"2013-11-08T01:27:25","date_gmt":"2013-11-08T01:27:25","guid":{"rendered":"https:\/\/webs.uab.cat\/arnau\/cronologia\/"},"modified":"2024-09-18T15:30:25","modified_gmt":"2024-09-18T15:30:25","slug":"cronologia","status":"publish","type":"page","link":"https:\/\/webs.uab.cat\/arnau\/es\/cronologia\/","title":{"rendered":"Cronolog\u00eda"},"content":{"rendered":"<p>Ilustraci\u00f3n: Arnau de Vilanova, escultura de Eusebi Arnau (1905-1911), Hospital de Sant Pau, Barcelona (Fuente: Wikimedia).<\/p>\n<table style=\"width: 706px\" border=\"0\" cellspacing=\"2\" cellpadding=\"5\">\n<tbody>\n<tr>\n<td>c.1240<\/td>\n<td style=\"width: 634px\">Nace Arnau de Vilanova, probablemente en Valencia.<\/td>\n<td style=\"vertical-align: top;width: 169px\" rowspan=\"6\"><img loading=\"lazy\" decoding=\"async\" class=\"alignnone  wp-image-714\" src=\"https:\/\/webs.uab.cat\/arnau\/wp-content\/uploads\/sites\/132\/2016\/10\/arnau-stpau-96x300.jpg\" alt=\"arnau-stpau\" width=\"170\" height=\"531\" srcset=\"https:\/\/webs.uab.cat\/arnau\/wp-content\/uploads\/sites\/132\/2016\/10\/arnau-stpau-96x300.jpg 96w, https:\/\/webs.uab.cat\/arnau\/wp-content\/uploads\/sites\/132\/2016\/10\/arnau-stpau.jpg 144w\" sizes=\"auto, (max-width: 170px) 100vw, 170px\" \/><\/td>\n<\/tr>\n<tr>\n<td style=\"text-align: justify\">c.1260-1270<\/td>\n<td style=\"text-align: justify;width: 634px\">Estudia medicina en Montpellier. Seg\u00fan explica \u00e9l mismo, curs\u00f3 un semestre de teolog\u00eda, en el convento de los dominicos.<\/td>\n<\/tr>\n<tr>\n<td style=\"text-align: justify\">1276-1281<\/td>\n<td style=\"text-align: justify;width: 634px\">Arnau, su mujer, Agn\u00e8s Blasi, y su hija, Maria, viven en Valencia.<\/td>\n<\/tr>\n<tr>\n<td style=\"text-align: justify\">1281-1286<\/td>\n<td style=\"text-align: justify;width: 634px\">Es m\u00e9dico del rey Pedro. En Barcelona, estudia con Ramon Mart\u00ed. Traduce el <em>De rigore, tremore, iectigatione et spasmo<\/em> de Galeno (1282) y, quiz\u00e1, otras obras m\u00e9dicas del \u00e1rabe al lat\u00edn. Entre 1276 y 1288 escribe el <em>De reprobacione nigromantice ficcionis<\/em>, que dedica a Jaspert de Botonac, obispo de Valencia. Anteriotmente ha escrito el <em>De amore heroico<\/em>.<\/td>\n<\/tr>\n<tr>\n<td style=\"text-align: justify\">1287<\/td>\n<td style=\"text-align: justify;width: 634px\">En julio asiste a las conversaciones de paz de Oloron (Gascu\u00f1a) entre Alfonso II de Arag\u00f3n y Carlos de N\u00e1poles bajo la mediaci\u00f3n de Eduardo I de Inglaterra, como \u00abm\u00e9dico del obispo de Valencia\u00bb, Jaspert de Botonac.<\/td>\n<\/tr>\n<tr>\n<td style=\"text-align: justify\">1286-1291<\/td>\n<td style=\"text-align: justify;width: 634px\">Arnau vuelve a vivir en Valencia. Su hija se hace monja dominica.<\/td>\n<\/tr>\n<tr>\n<td style=\"text-align: justify\">1290-1300<\/td>\n<td style=\"text-align: justify;width: 634px\">Durante estos a\u00f1os (aproximadamente), Arnau es profesor de medicina en Montpellier. En paralelo en su docencia escribe un conjunto de obras m\u00e9dicas, posiblemente en este orden cronol\u00f3gico: <em>De intentione medicorum<\/em>, el comentario al <em>De malitia complexionis diversae<\/em> de Galeno, <em>De dosi tyriacalium<\/em>, <em>De considerationibus operis medicinae<\/em>, <em>Aphorismi de gradibus<\/em>, <em>De humido radicali<\/em>, <em>De interioribus<\/em> (resumido de Galeno, 1300), <em>Medicationis parabolae<\/em>, que dedica al rey Felipe el Bello de Francia (1300), <em>Repetitio super canone Vita brevis<\/em> (antes de 1301). Podr\u00edan estar relacionadas con esta etapa <em>Tabula super <\/em><em>Vita brevis<\/em> (de Hip\u00f3crates como la anterior), <em>Commentum super quasdam parabolas<\/em>, <em>Aphorismi particulares<\/em>, <em>Aphorismi de memoria<\/em>, <em>Aphorismi extravagantes<\/em>.<\/td>\n<td style=\"vertical-align: top;width: 169px\" rowspan=\"6\"><span style=\"font-size: x-small\">Illustration: Arnau de Vilanova, Eusebi Arnau&#8217;s sculpture(1905-1911), Hospital de Sant Pau, Barcelona (Source: <a href=\"http:\/\/commons.wikimedia.org\/wiki\/File:StPau-arnau-ArnauVilanova-5-4341.jpg\" target=\"_blank\" rel=\"noopener\">Wikimedia<\/a>).<\/span><\/td>\n<\/tr>\n<tr>\n<td style=\"text-align: justify\">c.1292<\/td>\n<td style=\"text-align: justify;width: 634px\">Escribe sus primeras obras teol\u00f3gicas: <em>Introductio in librum Ioachim de semine Scripturarum<\/em> i <em>Allocutio super significatione nominis tetragrammaton<\/em>.<\/td>\n<\/tr>\n<tr>\n<td style=\"text-align: justify\">1295-1297<\/td>\n<td style=\"text-align: justify;width: 634px\"><em>Alphabetum catholicorum sive elementis catholicae fidei<\/em> (dedicada al rey Jaime) y <em>Tractatus de prudentia catholicorum scolarium<\/em>.<\/td>\n<\/tr>\n<tr>\n<td style=\"text-align: justify\">1297<\/td>\n<td style=\"text-align: justify;width: 634px\">Arnau se convierte en m\u00e9dico real de Jaime II, cargo que compatibiliza con el magisterio en Montpellier. Aunque no se tiene constancia de cuando comienza esta asistencia, est\u00e1 documentado que en 1297 atiende a su esposa Blanca y en los a\u00f1os sucesivos a muchos de sus diez hijos. Con el tiempo Arnau tambi\u00e9n ser\u00e1 consejero del rey y llevar\u00e1 a cabo diferentes misiones diplom\u00e1ticas.<\/td>\n<\/tr>\n<tr>\n<td style=\"text-align: justify\">1299-1305<\/td>\n<td style=\"text-align: justify;width: 634px\">Pol\u00e9mica escatol\u00f3gica sobre la posibilidad y conveniencia de conocer los tiempos del Anticristo y del fin del mundo entre Arnau de Vilanova y los te\u00f3logos de Par\u00eds (1299\/1300), los dominicos Bernat de Puigcerc\u00f3s (Girona, 1302-1303), Joan Vigor\u00f3s (Marsella, 1304) y Mart\u00edn de Ateca (Barcelona, 1304-1305). Las siguientes obras arnaldianas est\u00e1n relacionadas m\u00e1s o menos directamente con esta pol\u00e9mica: <em>Tractatus de tempore adventus Antichristi<\/em> (1299-1300), <em>Tractatus de mysterio cymbalorum ecclesiae <\/em>(verano de 1301), <em>Apologia de versutiis atque perversitatibus pseudotheologorum et religiosorum <\/em>(finales de 1302), <em>Eulogium de notitia verorum et pseudoapostolorum <\/em>(finales de 1302 o principios de 1303), <em>Confessio Ilerdensis de spurcitiis pseudoreligiosorum <\/em>(c. 1303), <em>Gladius iugulans thomatistas <\/em>(febrero de 1304), <em>Carpinatio poetriae theologi deviantis <\/em>(marzo de 1304), <em>Antidotum contra venenum effusum per fratrem Martinum de Atheca, praedicatorem<\/em> (entre finales de 1304 y verano de 1305) y <em>Confessi\u00f3 de Barcelona<\/em>. Otras obras de este per\u00edodo son: <em>Philosophia catholica et divina <\/em>(verano de 1302), <em>Allocutio christini de hiis quae conveniunt homini secundum propriam dignitatem creaturae rationalis<\/em> (terminada de redactar entre 1304 y 1305, dedicada a Federico de Sicilia), <em>De esu carnium <\/em>(1304?), <em>Dancia Jacobi II cum commento Arnaldi de Villanova <\/em>(c. 1305).<\/td>\n<\/tr>\n<tr>\n<td style=\"text-align: justify\">1301<\/td>\n<td style=\"text-align: justify;width: 634px\">Arnau va a la corte papal de Anagni para defenderse de los ataques de los te\u00f3logos parisinos ante el pont\u00edfice Bonifacio VIII, quien lo exhort\u00f3 a no escribir sobre teolog\u00eda, pero qued\u00f3 muy satisfecho con las atenciones m\u00e9dicas que le proporcion\u00f3.<\/td>\n<\/tr>\n<tr>\n<td style=\"text-align: justify\">1305<\/td>\n<td style=\"text-align: justify;width: 634px\">Arnau hace testamento, en Barcelona (el d\u00eda 20 de julio).<\/td>\n<\/tr>\n<tr>\n<td style=\"text-align: justify\">1305<\/td>\n<td style=\"text-align: justify;width: 634px\">El Inquisidor de Valencia, Guillem de Cotlliure, excomulga a Gombau de Piles por tener libros de Arnau. Jaime II declara que tambi\u00e9n \u00e9l y su familia los poseen y los leen.<\/td>\n<\/tr>\n<tr>\n<td style=\"text-align: justify\">1306-1311<\/td>\n<td style=\"text-align: justify;width: 634px\">Nueva etapa de su obra m\u00e9dica, quiz\u00e1 de nuevo en Montpellier, con algunas de sus obras m\u00e1s destacadas: el <em>Regimen sanitatis ad regem Aragonum<\/em> (1305-1308) y el <em>Speculum medicinae<\/em> (c. 1308). Otras quedar\u00e1n incompletas en su muerte, como la <em>Pars operativa<\/em>. Pero se dedica sobre todo a recorrer las cortes de Europa. En el \u00e1mbito teol\u00f3gico escribe: <em>Epistolam ad gerentes zonam pelliceam <\/em>(entre el oto\u00f1o de 1307 y abril de 1309), <em>Lli\u00e7\u00f3 de Narbona<\/em> (entre 1305 y 1308), <em>Epistola ad priorissam de caritate <\/em>(entre 1305 y 1308), <em>De helemosina et sacrificio <\/em>(1309-1310), <em>Per ci\u00f2 che molti <\/em>(c. 1310)\u00a0, <em>Alia informatio beguinorum <\/em>(despu\u00e9s de la primavera de 1310), <em>De humilitate et patientia Iesu Christi<\/em>.<\/td>\n<\/tr>\n<tr>\n<td style=\"text-align: justify\">1308<\/td>\n<td style=\"text-align: justify;width: 634px\">Arnau toma parte en asunto de los Templarios. Completa el testamento con un codicilo. En Marsella recibe a unos monjes del Monte Athos que le piden que haga llegar al rey sus ruegos para que proteja los monasterios de la zona de los almog\u00e1vares. Jaime II accede.<\/td>\n<\/tr>\n<tr>\n<td style=\"text-align: justify\">1309<\/td>\n<td style=\"text-align: justify;width: 634px\">Arnau interpreta sue\u00f1os de Federico de Sicilia y Jaime II en su<em> Interpretatio de visionibus in somniis dominorum Iacobi secundi regis Aragonum et Friderici tertii regis Siciliae eius fratris<\/em>. En Avi\u00f1\u00f3n Arnau propone a las m\u00e1ximas autoridades eclesi\u00e1sticas un plan de reforma de la cristiandad encabezado por Jaime y Federico. En Narbona, Arnau mantiene contactos con franciscanos espirituales.<\/td>\n<\/tr>\n<tr>\n<td style=\"text-align: justify\">1309<\/td>\n<td style=\"text-align: justify;width: 634px\">Clemente V, de quien Arnau es m\u00e9dico, reforma los planes de estudio de la Facultad de Medicina de Montpellier con su consejo.<\/td>\n<\/tr>\n<tr>\n<td style=\"text-align: justify\">1310<\/td>\n<td style=\"text-align: justify;width: 634px\">Arnau se desplaza hasta Almer\u00eda (ciudad asediada por Jaime II), para dar explicaciones al rey de algunas afirmaciones, hechas ante el Papa en Avi\u00f1\u00f3n, que pueden comprometer la reputaci\u00f3n de Jaime II. Lee, entonces, el <em>Raonament d&#8217;Aviny\u00f3<\/em>, la versi\u00f3n catalana muy libre de la exposici\u00f3n realizada en lat\u00edn en Avi\u00f1\u00f3n. Cuando el rey puede confrontar el texto catal\u00e1n con el original latino, desconf\u00eda de las intenciones de Arnau y pone fin a su relaci\u00f3n de amistad.<br \/>\nArnau se presenta en Almer\u00eda con una obra escrita expresamente para el ej\u00e9rcito asediante: el <em>Regimen Almariae<\/em> (<em>De regimine castra sequentium<\/em>).<\/td>\n<\/tr>\n<tr>\n<td style=\"text-align: justify\">1310<\/td>\n<td style=\"text-align: justify;width: 634px\">Arnau se va a Sicilia, donde el rey Federico mantiene amistad con \u00e9l y le dedica la <em>Informaci\u00f3 espiritual<\/em>. Les <em>Constitutiones Regni Trinacriae<\/em> se inspiran en ideas arnaldianas.<\/td>\n<\/tr>\n<tr>\n<td style=\"text-align: justify\">1311<\/td>\n<td style=\"text-align: justify;width: 634px\">Arnau de Vilanova muere ante las costas de G\u00e9nova en el transcurso de un viaje.<\/td>\n<\/tr>\n<tr>\n<td style=\"text-align: justify\">1312<\/td>\n<td style=\"text-align: justify;width: 634px\">Clemente V emite un decreto para que le sea entragado un libro de pr\u00e1ctica m\u00e9dica que hab\u00eda prometido Arnau bajo la amenaza de excomuni\u00f3n.<\/td>\n<\/tr>\n<tr>\n<td style=\"text-align: justify\">1314<\/td>\n<td style=\"text-align: justify;width: 634px\">Una sentencia, datada del a\u00f1o 1316 en Tarragona, condena varias tesis de Arnau.<\/td>\n<\/tr>\n<\/tbody>\n<\/table>\n","protected":false},"excerpt":{"rendered":"<p>Ilustraci\u00f3n: Arnau de Vilanova, escultura de Eusebi Arnau (1905-1911), Hospital de Sant Pau, Barcelona (Fuente: Wikimedia). c.1240 Nace Arnau de Vilanova, probablemente en Valencia. c.1260-1270 Estudia medicina en Montpellier. Seg\u00fan explica \u00e9l mismo, curs\u00f3 un semestre de teolog\u00eda, en el convento de los dominicos. 1276-1281 Arnau, su mujer, Agn\u00e8s Blasi, y su hija, Maria, viven [&hellip;]<\/p>\n","protected":false},"author":20,"featured_media":0,"parent":0,"menu_order":0,"comment_status":"closed","ping_status":"closed","template":"","meta":{"footnotes":""},"class_list":["post-243","page","type-page","status-publish","hentry"],"_links":{"self":[{"href":"https:\/\/webs.uab.cat\/arnau\/es\/wp-json\/wp\/v2\/pages\/243","targetHints":{"allow":["GET"]}}],"collection":[{"href":"https:\/\/webs.uab.cat\/arnau\/es\/wp-json\/wp\/v2\/pages"}],"about":[{"href":"https:\/\/webs.uab.cat\/arnau\/es\/wp-json\/wp\/v2\/types\/page"}],"author":[{"embeddable":true,"href":"https:\/\/webs.uab.cat\/arnau\/es\/wp-json\/wp\/v2\/users\/20"}],"replies":[{"embeddable":true,"href":"https:\/\/webs.uab.cat\/arnau\/es\/wp-json\/wp\/v2\/comments?post=243"}],"version-history":[{"count":1,"href":"https:\/\/webs.uab.cat\/arnau\/es\/wp-json\/wp\/v2\/pages\/243\/revisions"}],"predecessor-version":[{"id":1994,"href":"https:\/\/webs.uab.cat\/arnau\/es\/wp-json\/wp\/v2\/pages\/243\/revisions\/1994"}],"wp:attachment":[{"href":"https:\/\/webs.uab.cat\/arnau\/es\/wp-json\/wp\/v2\/media?parent=243"}],"curies":[{"name":"wp","href":"https:\/\/api.w.org\/{rel}","templated":true}]}}