{"id":244,"date":"2013-11-17T02:53:58","date_gmt":"2013-11-17T02:53:58","guid":{"rendered":"https:\/\/webs.uab.cat\/arnau\/galenisme\/"},"modified":"2024-09-20T13:15:08","modified_gmt":"2024-09-20T13:15:08","slug":"galenisme","status":"publish","type":"page","link":"https:\/\/webs.uab.cat\/arnau\/es\/galenisme\/","title":{"rendered":"El galenismo"},"content":{"rendered":"\n<p>Arnau de Vilanova fue el principal art\u00edfice en la Universidad de Montpellier del movimiento que, en la Europa latina de finales del siglo XIII provoc\u00f3 una gran renovaci\u00f3n de los estudios y de la pr\u00e1ctica m\u00e9dica por medio de la aparici\u00f3n de las obras de Galeno y del galenismo \u00e1rabe desconocidas hasta entonces en Occidente, conjunto que se ha denominado el \u201cnuevo Galeno\u201d (Garc\u00eda-Ballester).<\/p>\n\n\n\n<p>Galeno, m\u00e9dico griego nacido en P\u00e9rgamo y que ejerci\u00f3 en Roma (129-210\/216 d. C.), elabor\u00f3 una s\u00edntesis m\u00e9dica que fundament\u00f3 en la tradici\u00f3n hipocr\u00e1tica, en Arist\u00f3teles y en otros autores as\u00ed como en su propia experiencia investigadora y cl\u00ednica. Su ampl\u00edsima obra fue la base del galenismo, un movimiento iniciado en la antig\u00fcedad tard\u00eda, que lo sistematiz\u00f3 y lo transmiti\u00f3 en forma de un doctrina unificada. El galenismo se convirti\u00f3 en la corriente dominante de la medicina culta hasta el siglo XVII. El galenismo se fundamenta en el principio filos\u00f3fico de que en la naturaleza hay cuatro cualidades \u2013caliente, fr\u00edo, seco y h\u00famedo\u2013, cuya combinaci\u00f3n da lugar, en el cuerpo humano, a los cuatro humores \u2013sangre, flema, bilis negra y bilis amarilla. La mayoria de las enfermedades surgen del desequilibrio en la cantidad, la proporci\u00f3n o las cualidades de los humores. Por lo tanto, la misi\u00f3n del m\u00e9dico es restituir el equilibrio perdido con los medios a su alcance. En primer lugar recurre a la dieta, entendida como r\u00e9gimen de vida: regula no solo la alimentaci\u00f3n del paciente sino tambi\u00e9n todas sus actividades diarias \u2013lugar donde vivir, trabajo, ejercicio, ba\u00f1os, sue\u00f1o, etc.\u2013; a continuaci\u00f3n se sirve de tota una amplia y compleja gama de medicamentos principalmente de base vegetal y solo como \u00faltimo recurso a la ciruj\u00eda. Otra indicaci\u00f3n terap\u00e9utica muy frecuente es la sangr\u00eda o flebotom\u00eda.<\/p>\n\n\n\n<p>Con la ca\u00edda del Imperio romano de Occidente el saber m\u00e9dico antiguo decay\u00f3 en el oeste y solo se conservaron rudimentos en los monasterios. Por el contrario el galenismo se mantuvo en el mundo bizantino. De Constantinopla fueron desterrados por herej\u00eda en el siglo V los nestorianos, primero en la siria Edesa y m\u00e1s tarde en la persa Gundi\u0161apur, ciudades en las cuales se tradujeron al sirio y al persa los tratados griegos en las diversas ciencias. Cuando, en el siglo VII, los musulmanes conquistaron todo Oriente Pr\u00f3ximo, las ciencias griegas, con influencias orientales, pasaron al Islam traducidas al \u00e1rabe. As\u00ed, en el ambiente cosmopolita y tolerante de Bagdad florecieron las ciencias en lengua \u00e1rabe. Pero los intelectuales \u00e1rabes no se limitaron a transmitir los conocimientos de los antiguos sino que a menudo los ampliaban con sus propias aportaciones. En medicina se elaboraron grandes s\u00edntesis como el <em>Canon<\/em> de Avicena o el <em>Colliget<\/em> de Averroes, que tendr\u00e1n una gran influencia en Occidente.<\/p>\n\n\n\n<p>Las v\u00edas de transmisi\u00f3n de las ciencias antiguas -filosof\u00eda natural, medicina, matem\u00e1ticas, astronom\u00eda, astrolog\u00eda- en la Europa latina fueron las pen\u00ednsulas It\u00e1lica e Ib\u00e9rica por su proximidad con el mundo \u00e1rabe. Italia, adem\u00e1s, se benefici\u00f3 de su contacto con los bizantinos. En la Pen\u00ednsula Ib\u00e9rica la asimilaci\u00f3n sistem\u00e1tica de las ciencias grecoar\u00e1bicas tuvo lugar en Toledo, donde en el siglo XII intelectuales cristianos tradujeron a Arist\u00f3teles, a Galeno y a los grandes m\u00e9dicos \u00e1rabes del \u00e1rabe al lat\u00edn, con la ayuda de jud\u00edos y moz\u00e1rabes. La actividad traductora desde el \u00e1rabe se di\u00f3 tambi\u00e9n en otros lugares como el Valle del Ebro, Barcelona o Montpellier. Con el tiempo las ciencias grecoar\u00e1bicas se difundieron por toda Europa a trav\u00e9s de las universidades, que surgieron desde finales del siglo XII. En estos nuevos centros de ense\u00f1anza todos los estudios se impart\u00edan sobre una base aristot\u00e9lica, y la medicina encontr\u00f3 un lugar propio, gracias al cual entrar\u00eda en el sistema de ciencias escol\u00e1sticas y mejorar\u00eda su prestigio social.<\/p>\n\n\n<div class=\"wp-block-image\">\n<figure class=\"aligncenter size-full is-resized\"><img loading=\"lazy\" decoding=\"async\" width=\"450\" height=\"612\" src=\"https:\/\/webs.uab.cat\/arnau\/wp-content\/uploads\/sites\/132\/2016\/10\/canon_avicenna.jpg\" alt=\"canon_avicenna\" class=\"wp-image-616\" style=\"aspect-ratio:0.7355704697986577;width:379px;height:auto\" srcset=\"https:\/\/webs.uab.cat\/arnau\/wp-content\/uploads\/sites\/132\/2016\/10\/canon_avicenna.jpg 450w, https:\/\/webs.uab.cat\/arnau\/wp-content\/uploads\/sites\/132\/2016\/10\/canon_avicenna-221x300.jpg 221w\" sizes=\"auto, (max-width: 450px) 100vw, 450px\" \/><figcaption class=\"wp-element-caption\">Ilustraci\u00f3n: Folio de una versi\u00f3n hebrea del <em>Canon<\/em> de Avicena con escenas de distintas medidas terap\u00e9uticas (s. XV), Biblioteca Universitaria, Bolonia, ms. 2197.<\/figcaption><\/figure>\n<\/div>\n\n\n<figure class=\"wp-block-image size-large\"><img loading=\"lazy\" decoding=\"async\" width=\"1024\" height=\"598\" src=\"https:\/\/webs.uab.cat\/arnau\/wp-content\/uploads\/sites\/132\/2016\/10\/mapa-traducciones-1024x598.jpg\" alt=\"mapa-traducciones\" class=\"wp-image-753\" srcset=\"https:\/\/webs.uab.cat\/arnau\/wp-content\/uploads\/sites\/132\/2016\/10\/mapa-traducciones-1024x598.jpg 1024w, https:\/\/webs.uab.cat\/arnau\/wp-content\/uploads\/sites\/132\/2016\/10\/mapa-traducciones-300x175.jpg 300w, https:\/\/webs.uab.cat\/arnau\/wp-content\/uploads\/sites\/132\/2016\/10\/mapa-traducciones-768x448.jpg 768w, https:\/\/webs.uab.cat\/arnau\/wp-content\/uploads\/sites\/132\/2016\/10\/mapa-traducciones.jpg 1055w\" sizes=\"auto, (max-width: 1024px) 100vw, 1024px\" \/><\/figure>\n","protected":false},"excerpt":{"rendered":"<p>Arnau de Vilanova fue el principal art\u00edfice en la Universidad de Montpellier del movimiento que, en la Europa latina de finales del siglo XIII provoc\u00f3 una gran renovaci\u00f3n de los estudios y de la pr\u00e1ctica m\u00e9dica por medio de la aparici\u00f3n de las obras de Galeno y del galenismo \u00e1rabe desconocidas hasta entonces en Occidente, [&hellip;]<\/p>\n","protected":false},"author":20,"featured_media":0,"parent":0,"menu_order":0,"comment_status":"closed","ping_status":"closed","template":"","meta":{"footnotes":""},"class_list":["post-244","page","type-page","status-publish","hentry"],"_links":{"self":[{"href":"https:\/\/webs.uab.cat\/arnau\/es\/wp-json\/wp\/v2\/pages\/244","targetHints":{"allow":["GET"]}}],"collection":[{"href":"https:\/\/webs.uab.cat\/arnau\/es\/wp-json\/wp\/v2\/pages"}],"about":[{"href":"https:\/\/webs.uab.cat\/arnau\/es\/wp-json\/wp\/v2\/types\/page"}],"author":[{"embeddable":true,"href":"https:\/\/webs.uab.cat\/arnau\/es\/wp-json\/wp\/v2\/users\/20"}],"replies":[{"embeddable":true,"href":"https:\/\/webs.uab.cat\/arnau\/es\/wp-json\/wp\/v2\/comments?post=244"}],"version-history":[{"count":2,"href":"https:\/\/webs.uab.cat\/arnau\/es\/wp-json\/wp\/v2\/pages\/244\/revisions"}],"predecessor-version":[{"id":2016,"href":"https:\/\/webs.uab.cat\/arnau\/es\/wp-json\/wp\/v2\/pages\/244\/revisions\/2016"}],"wp:attachment":[{"href":"https:\/\/webs.uab.cat\/arnau\/es\/wp-json\/wp\/v2\/media?parent=244"}],"curies":[{"name":"wp","href":"https:\/\/api.w.org\/{rel}","templated":true}]}}