{"id":245,"date":"2013-11-17T02:56:17","date_gmt":"2013-11-17T02:56:17","guid":{"rendered":"https:\/\/webs.uab.cat\/arnau\/autoritats\/"},"modified":"2024-09-20T13:16:06","modified_gmt":"2024-09-20T13:16:06","slug":"autoritats","status":"publish","type":"page","link":"https:\/\/webs.uab.cat\/arnau\/es\/autoritats\/","title":{"rendered":"Arnau y las autoridades m\u00e9dicas"},"content":{"rendered":"\n<p>Arnau de Vilanova considera frecuentemente la filosof\u00eda natural de Arist\u00f3teles como base te\u00f3rica, pero para la orientaci\u00f3n m\u00e9dica suele decantarse por las autoridades de la medicina: Hip\u00f3crates y <a href=\"https:\/\/webs.uab.cat\/arnau\/wp-admin\/galenisme\">Galeno<\/a>. Traduce, adapta y comenta algunas de sus obras en los cursos que imparte. Adem\u00e1s, contra las corrientes empiristas que ganaron fuerza en Montpellier, Arnau reivindica la necesidad de estudiar sin intermediarios los textos de Hip\u00f3crates y Galeno, \u00abporque no solamente fueron los art\u00edfices de la raz\u00f3n y tuvieron la t\u00e9cnica, sino que, adem\u00e1s, transmitieron el m\u00e9todo para encontrar la pr\u00e1ctica correcta en la aplicaci\u00f3n de los remedios\u00bb. Su alabanzas al \u00abexpert\u00edsimo\u00bb Hip\u00f3crates son constantes, aunque no parece que maneje un gran n\u00famero de textos hipocr\u00e1ticos y los conoce muy a menudo a trav\u00e9s de los comentarios de Galeno. Y \u00e9ste es sin duda el fundamento de toda la doctrina m\u00e9dica del maestro de Montpellier y el autor que m\u00e1s cita, con diferencia. Arnau hace uso y divulga el \u201c<a href=\"https:\/\/webs.uab.cat\/arnau\/wp-admin\/galenisme\">nuevo Galeno<\/a>\u00bb en sus lecciones y en sus obras. En Montpellier el progreso en el conocimiento de Galeno culminar\u00e1 con la obra de Arnau de Vilanova y las reglamentaciones papales de 1309. La ordenaci\u00f3n de los estudios m\u00e9dicos de la universidad de Montpellier realizada en 1309 por Clemente V, con el asesoramiento de Arnau y de otros maestros de la misma facultad, oficializa el predominio gal\u00e9nico dentro del curriculum.<\/p>\n\n\n\n<p>Asimismo, Arnau no menosprecia la medicina \u00e1rabe, que se hab\u00eda convertido en el principal veh\u00edculo de transmisi\u00f3n de la tradici\u00f3n griega. Traduce a Avicena y Abu-l-Salt y a menudo utiliza y elogia autores como al-Kindi, Rhazes o Avicena. De todos modos, no siempre reconoce su deuda con Avicena y se muestra cr\u00edtico con los avicenistas, que iban ganando terreno en las universidades, llam\u00e1ndolos \u00abestudiosos de un solo libro\u00bb, porque encontraban respuesta f\u00e1cil a todos los problemas m\u00e9dicos en el <em>Canon<\/em>, olvidando los textos de Hip\u00f3crates y Galeno. Pero sus ataques m\u00e1s feroces son contra Averroes y sus seguidores, incluso algunas de sus obras tienen un sesgo <a href=\"https:\/\/webs.uab.cat\/arnau\/wp-admin\/instrumentalisme\">antiaverroista<\/a>. De igual modo, Arnau rechaz\u00f3 la tradici\u00f3n m\u00e9dica de la edad media latina, tanto autores anteriores a \u00e9l como contempor\u00e1neos.<\/p>\n\n\n<div class=\"wp-block-image\">\n<figure class=\"aligncenter size-full is-resized\"><img loading=\"lazy\" decoding=\"async\" width=\"512\" height=\"878\" src=\"https:\/\/webs.uab.cat\/arnau\/wp-content\/uploads\/sites\/132\/2016\/10\/AntiqueQuartet.jpg\" alt=\"AntiqueQuartet\" class=\"wp-image-484\" style=\"width:373px;height:auto\" srcset=\"https:\/\/webs.uab.cat\/arnau\/wp-content\/uploads\/sites\/132\/2016\/10\/AntiqueQuartet.jpg 512w, https:\/\/webs.uab.cat\/arnau\/wp-content\/uploads\/sites\/132\/2016\/10\/AntiqueQuartet-175x300.jpg 175w\" sizes=\"auto, (max-width: 512px) 100vw, 512px\" \/><figcaption class=\"wp-element-caption\">Ilustraci\u00f3: grabado que representa la armonizaci\u00f3n de Plat\u00f3n, Arist\u00f3teles, Hip\u00f3crates y Galeno tocando en un cuarteto de cuerda, finalidad de esta<em> Symphonia Plato<\/em> de Symphorien Champier, 1516. Procedencia: <a href=\"http:\/\/grupsderecerca.uab.cat\/arnau\/sites\/grupsderecerca.uab.cat.arnau\/files\/images\/AntiqueQuartet.jpg\">Wikimedia<\/a>.<\/figcaption><\/figure>\n<\/div>","protected":false},"excerpt":{"rendered":"<p>Arnau de Vilanova considera frecuentemente la filosof\u00eda natural de Arist\u00f3teles como base te\u00f3rica, pero para la orientaci\u00f3n m\u00e9dica suele decantarse por las autoridades de la medicina: Hip\u00f3crates y Galeno. Traduce, adapta y comenta algunas de sus obras en los cursos que imparte. Adem\u00e1s, contra las corrientes empiristas que ganaron fuerza en Montpellier, Arnau reivindica la [&hellip;]<\/p>\n","protected":false},"author":20,"featured_media":0,"parent":0,"menu_order":0,"comment_status":"closed","ping_status":"closed","template":"","meta":{"footnotes":""},"class_list":["post-245","page","type-page","status-publish","hentry"],"_links":{"self":[{"href":"https:\/\/webs.uab.cat\/arnau\/es\/wp-json\/wp\/v2\/pages\/245","targetHints":{"allow":["GET"]}}],"collection":[{"href":"https:\/\/webs.uab.cat\/arnau\/es\/wp-json\/wp\/v2\/pages"}],"about":[{"href":"https:\/\/webs.uab.cat\/arnau\/es\/wp-json\/wp\/v2\/types\/page"}],"author":[{"embeddable":true,"href":"https:\/\/webs.uab.cat\/arnau\/es\/wp-json\/wp\/v2\/users\/20"}],"replies":[{"embeddable":true,"href":"https:\/\/webs.uab.cat\/arnau\/es\/wp-json\/wp\/v2\/comments?post=245"}],"version-history":[{"count":2,"href":"https:\/\/webs.uab.cat\/arnau\/es\/wp-json\/wp\/v2\/pages\/245\/revisions"}],"predecessor-version":[{"id":2017,"href":"https:\/\/webs.uab.cat\/arnau\/es\/wp-json\/wp\/v2\/pages\/245\/revisions\/2017"}],"wp:attachment":[{"href":"https:\/\/webs.uab.cat\/arnau\/es\/wp-json\/wp\/v2\/media?parent=245"}],"curies":[{"name":"wp","href":"https:\/\/api.w.org\/{rel}","templated":true}]}}