{"id":247,"date":"2013-11-17T02:57:55","date_gmt":"2013-11-17T02:57:55","guid":{"rendered":"https:\/\/webs.uab.cat\/arnau\/magia-astrologia\/"},"modified":"2024-09-20T13:17:56","modified_gmt":"2024-09-20T13:17:56","slug":"magia-astrologia","status":"publish","type":"page","link":"https:\/\/webs.uab.cat\/arnau\/es\/magia-astrologia\/","title":{"rendered":"Magia natural y astrolog\u00eda"},"content":{"rendered":"\n<p>Durante siglos el nombre de Arnau de Vilanova se ha vinculado a las m\u00e1s variadas artes ocultas, que hab\u00edan llegado con las <a href=\"https:\/\/webs.uab.cat\/arnau\/wp-admin\/galenisme\">ciencias grecoar\u00e1bicas<\/a> -la magia, la nigromancia, la astrolog\u00eda, la <a href=\"http:\/\/grupsderecerca.uab.cat\/arnau\/es\/alquimia\">alquimia<\/a>, la oniromancia- hasta convertirse en una <a href=\"http:\/\/grupsderecerca.uab.cat\/arnau\/es\/mite\">figura arquet\u00edpica de maestro ocultista<\/a>, mientras que se le atribu\u00edan <a href=\"http:\/\/grupsderecerca.uab.cat\/arnau\/es\/apocrifs\">espuriamente numerosas obras<\/a> pertenecientes a estas disciplinas. Ahora bien, \u00bfqu\u00e9 hay de verdad tras esta fama? La verdad es que Arnau fue uno de los autores que encabez\u00f3 el proceso de racionalizar e incorporar a la medicina galenista bajomedieval procedimientos terap\u00e9uticos procedentes de la magia natural y de la astrolog\u00eda.<\/p>\n\n\n\n<p>En efecto, en algunos de sus tratados te\u00f3ricos desarrolla el concepto de<em> proprietas<\/em>, que tambi\u00e9n denomina \u201cvirtud oculta\u201d porque ni sus causas ni sus efectos pueden ser plenamente comprendidos por la raz\u00f3n humana, en contraposici\u00f3n a las cualidades complexionales, previsibles por la raz\u00f3n, y pone como ejemplo los efectos de un im\u00e1n. Por consiguiente, en algunos de sus escritos de medicina pr\u00e1ctica aconseja remedios de este tipo, como aplicar las patas de una rana, de una tortuga o una \u00e1guila sobre los pies para calmar el dolor de la podagra.<\/p>\n\n\n\n<p>Consta que a partir de 1300 Arnau empez\u00f3 a usar algunas medidas terap\u00e9uticas basadas en la astrolog\u00eda. En concreto, advierte de que se deben evitar condiciones adversas al practicar la sangr\u00eda y recomienda aplicar sellos o medallas astrol\u00f3gicas sobre los miembros afectados por el dolor, como hizo para liberar del dolor provocado por su mal de piedra al Papa Bonifacio. Ambas indicaciones se basan en la melotesia zodiacal, seg\u00fan la cual cada parte del cuerpo humano cae bajo la influencia de un signo del zod\u00edaco.<\/p>\n\n\n\n<p>Eran recursos muy llamativos en su \u00e9poca y a\u00fan m\u00e1s hoy en d\u00eda. Pero es importante advertir que este tipo de recursos eran muy secundarios en la medicina de Arnau: la gran mayoria de sus medidas terap\u00e9uticas no est\u00e1n basadas en la astrolog\u00eda y la magia sino en la dieta y los medicamentos compuestos de base complexional. En conclusi\u00f3n, el inter\u00e9s de Arnau por lo oculto no traspas\u00f3 nunca los l\u00edmites m\u00e1s o menos tolerados por la \u00e9lite intelectual de su tiempo, en consonancia con el ataque sistem\u00e1tico a las bases intelectuales de la nigromancia contenido en el <em>De reprobacione nigromantice ficcionis<\/em>.<\/p>\n\n\n<div class=\"wp-block-image\">\n<figure class=\"aligncenter size-full\"><img loading=\"lazy\" decoding=\"async\" width=\"400\" height=\"599\" src=\"https:\/\/webs.uab.cat\/arnau\/wp-content\/uploads\/sites\/132\/2016\/10\/400px-Astrological_signs_and_human_body_parts_14th_century-wp.jpg\" alt=\"400px-Astrological_signs_and_human_body_parts_14th_century-wp\" class=\"wp-image-400\" srcset=\"https:\/\/webs.uab.cat\/arnau\/wp-content\/uploads\/sites\/132\/2016\/10\/400px-Astrological_signs_and_human_body_parts_14th_century-wp.jpg 400w, https:\/\/webs.uab.cat\/arnau\/wp-content\/uploads\/sites\/132\/2016\/10\/400px-Astrological_signs_and_human_body_parts_14th_century-wp-200x300.jpg 200w\" sizes=\"auto, (max-width: 400px) 100vw, 400px\" \/><figcaption class=\"wp-element-caption\">Ilustraci\u00f3n: <em>Homo astrologicus<\/em> que ilustra los puntos para realizar la sangr\u00eda en un manuscrito hebreo que incluye un extracto del <em>De iudiciis astronomiae<\/em> (MS Par\u00eds, Biblioth\u00e8que Nationale , H\u00e9breu 1182, f. 264v). Procedencia: <a href=\"\/\/\/C|\/Users\/Sebasti\u00e0\/AppData\/Roaming\/Macromedia\/Dreamweaver MX 2004\/OfficeImageTemp\/File|Astrological_signs_and_human_body_parts_14th_century.jpg\">Wikimedia<\/a>.<\/figcaption><\/figure>\n<\/div>","protected":false},"excerpt":{"rendered":"<p>Durante siglos el nombre de Arnau de Vilanova se ha vinculado a las m\u00e1s variadas artes ocultas, que hab\u00edan llegado con las ciencias grecoar\u00e1bicas -la magia, la nigromancia, la astrolog\u00eda, la alquimia, la oniromancia- hasta convertirse en una figura arquet\u00edpica de maestro ocultista, mientras que se le atribu\u00edan espuriamente numerosas obras pertenecientes a estas disciplinas. [&hellip;]<\/p>\n","protected":false},"author":20,"featured_media":0,"parent":0,"menu_order":0,"comment_status":"closed","ping_status":"closed","template":"","meta":{"footnotes":""},"class_list":["post-247","page","type-page","status-publish","hentry"],"_links":{"self":[{"href":"https:\/\/webs.uab.cat\/arnau\/es\/wp-json\/wp\/v2\/pages\/247","targetHints":{"allow":["GET"]}}],"collection":[{"href":"https:\/\/webs.uab.cat\/arnau\/es\/wp-json\/wp\/v2\/pages"}],"about":[{"href":"https:\/\/webs.uab.cat\/arnau\/es\/wp-json\/wp\/v2\/types\/page"}],"author":[{"embeddable":true,"href":"https:\/\/webs.uab.cat\/arnau\/es\/wp-json\/wp\/v2\/users\/20"}],"replies":[{"embeddable":true,"href":"https:\/\/webs.uab.cat\/arnau\/es\/wp-json\/wp\/v2\/comments?post=247"}],"version-history":[{"count":2,"href":"https:\/\/webs.uab.cat\/arnau\/es\/wp-json\/wp\/v2\/pages\/247\/revisions"}],"predecessor-version":[{"id":2019,"href":"https:\/\/webs.uab.cat\/arnau\/es\/wp-json\/wp\/v2\/pages\/247\/revisions\/2019"}],"wp:attachment":[{"href":"https:\/\/webs.uab.cat\/arnau\/es\/wp-json\/wp\/v2\/media?parent=247"}],"curies":[{"name":"wp","href":"https:\/\/api.w.org\/{rel}","templated":true}]}}