{"id":249,"date":"2014-07-09T13:59:37","date_gmt":"2014-07-09T13:59:37","guid":{"rendered":"https:\/\/webs.uab.cat\/arnau\/alquimista\/"},"modified":"2024-09-20T13:20:25","modified_gmt":"2024-09-20T13:20:25","slug":"alquimista","status":"publish","type":"page","link":"https:\/\/webs.uab.cat\/arnau\/es\/alquimista\/","title":{"rendered":"Un falso alquimista"},"content":{"rendered":"\n<p>El debate sobre si la gran <a href=\"https:\/\/webs.uab.cat\/arnau\/wp-admin\/mite\">fama de alquimista<\/a> de Arnau de Vilanova&nbsp;fue fundamentada ha durado siglos, pero en la actualidad los estudiosos convienen en considerar totalmente falsa la dedicaci\u00f3n de Arnau a la alquimia. Las razones en contra son concluyentes:<\/p>\n\n\n\n<ul class=\"wp-block-list\">\n<li>Sus <a href=\"https:\/\/webs.uab.cat\/arnau\/wp-admin\/medica\">escritos m\u00e9dicos<\/a> no demuestran m\u00e1s que un inter\u00e9s y unos conocimientos superficiales en la alquimia, y, si se tiene en cuenta que una buena parte del cuerpo alqu\u00edmico pseudoarnaldiano tiene una orientaci\u00f3n m\u00e9dica, la separaci\u00f3n tajante entre ambas actividades ser\u00eda inexplicable.<\/li>\n\n\n\n<li>La dedicaci\u00f3n a la alquimia de Arnau no est\u00e1 documentada por ning\u00fan texto coet\u00e1neo ni por el inventario de libros encontrados tras su muerte.<\/li>\n\n\n\n<li>El estilo y la metodolog\u00eda de las obras m\u00e9dicas y alquim\u00edcas difieren totalmente.<\/li>\n\n\n\n<li>Las tradiciones manuscritas del corpus m\u00e9dico y del corpus alqu\u00edmico se presentan bien diferenciadas.<\/li>\n\n\n\n<li>El an\u00e1lisis particular de la transmisi\u00f3 textual de los <a href=\"https:\/\/webs.uab.cat\/arnau\/wp-admin\/corpus-alquimic-pseudoarnaldia\">escritos alqu\u00edmicos del corpus arnaldiano<\/a> ha ido revelando el car\u00e1cter ap\u00f3crifo de cada uno de ellos.<\/li>\n<\/ul>\n\n\n\n<p>La investigaci\u00f3n, pues, se encamina hacia las causas de la atribuci\u00f3n de una vertiente alqu\u00edmica al maestro, an\u00e1loga a la del corpus pseudoluliano: las principales claves apuntadas hasta ahora (Calvet y Pereira) han sido la investigaci\u00f3n farmacol\u00f3gica de Arnau, el profetismo escatol\u00f3gico y el cristocentrismo de sus tratados espirituales, su fama de nigromante, la investigaci\u00f3n de la prolongaci\u00f3n de la vida y el oro potable en la corte pontificia, as\u00ed como la posible actividad alqu\u00edmica de personajes de su entorno cercano (disc\u00edpulos, seguidores, secretarios y familiares). Otra hip\u00f3tesis es que el origen de la atribuci\u00f3n ser\u00eda una confusi\u00f3n con el alquimista occitano Perarnau de Vilanova, que ser\u00eda el autor del primer n\u00facleo del corpus alqu\u00edmico arnaldiano (Rodr\u00edguez Guerrero).<\/p>\n\n\n\n<p>El caso de Pseudo-Arnau no es \u00fanico: de hecho, la alquimia era un saber que tend\u00eda por regla general a la falsa autor\u00eda concentrando sus textos bajo la autoridad de grandes nombres de las ciencias antiguas y medievales: el m\u00edtico Hermes Trismegisto, Arist\u00f3teles, Roger Bacon, Alberto Magno o Ramon Llull. Sin duda las condenas y el descr\u00e9dito sobre este saber llevaron a los autores reales al anonimato o a la pseudoepigraf\u00eda durante mucho tiempo. Y con la atribuci\u00f3n a las figuras intelectuales m\u00e1s encumbradas ganaban prestigio y validez intelectual para sus escritos y para un arte marginada y puesta en cuesti\u00f3n por el pensamiento ortodoxo.<\/p>\n\n\n<div class=\"wp-block-image\">\n<figure class=\"aligncenter size-full is-resized\"><img loading=\"lazy\" decoding=\"async\" width=\"462\" height=\"701\" src=\"https:\/\/webs.uab.cat\/arnau\/wp-content\/uploads\/sites\/132\/2016\/10\/gesner.jpg\" alt=\"gesner\" class=\"wp-image-598\" style=\"aspect-ratio:0.6593939393939394;width:369px;height:auto\" srcset=\"https:\/\/webs.uab.cat\/arnau\/wp-content\/uploads\/sites\/132\/2016\/10\/gesner.jpg 462w, https:\/\/webs.uab.cat\/arnau\/wp-content\/uploads\/sites\/132\/2016\/10\/gesner-198x300.jpg 198w\" sizes=\"auto, (max-width: 462px) 100vw, 462px\" \/><figcaption class=\"wp-element-caption\">Ilustraci\u00f3n:<em>The practise of the new and old physicke<\/em> (Londres 1599), centrado en los remedios destilados, incluye una versi\u00f3n inglesa de la <em>Epistola de sanguine humano distillato <\/em>pseudoarnaldiana.<\/figcaption><\/figure>\n<\/div>","protected":false},"excerpt":{"rendered":"<p>El debate sobre si la gran fama de alquimista de Arnau de Vilanova&nbsp;fue fundamentada ha durado siglos, pero en la actualidad los estudiosos convienen en considerar totalmente falsa la dedicaci\u00f3n de Arnau a la alquimia. Las razones en contra son concluyentes: La investigaci\u00f3n, pues, se encamina hacia las causas de la atribuci\u00f3n de una vertiente [&hellip;]<\/p>\n","protected":false},"author":20,"featured_media":0,"parent":0,"menu_order":0,"comment_status":"closed","ping_status":"closed","template":"","meta":{"footnotes":""},"class_list":["post-249","page","type-page","status-publish","hentry"],"_links":{"self":[{"href":"https:\/\/webs.uab.cat\/arnau\/es\/wp-json\/wp\/v2\/pages\/249","targetHints":{"allow":["GET"]}}],"collection":[{"href":"https:\/\/webs.uab.cat\/arnau\/es\/wp-json\/wp\/v2\/pages"}],"about":[{"href":"https:\/\/webs.uab.cat\/arnau\/es\/wp-json\/wp\/v2\/types\/page"}],"author":[{"embeddable":true,"href":"https:\/\/webs.uab.cat\/arnau\/es\/wp-json\/wp\/v2\/users\/20"}],"replies":[{"embeddable":true,"href":"https:\/\/webs.uab.cat\/arnau\/es\/wp-json\/wp\/v2\/comments?post=249"}],"version-history":[{"count":2,"href":"https:\/\/webs.uab.cat\/arnau\/es\/wp-json\/wp\/v2\/pages\/249\/revisions"}],"predecessor-version":[{"id":2021,"href":"https:\/\/webs.uab.cat\/arnau\/es\/wp-json\/wp\/v2\/pages\/249\/revisions\/2021"}],"wp:attachment":[{"href":"https:\/\/webs.uab.cat\/arnau\/es\/wp-json\/wp\/v2\/media?parent=249"}],"curies":[{"name":"wp","href":"https:\/\/api.w.org\/{rel}","templated":true}]}}