{"id":251,"date":"2014-07-09T14:03:00","date_gmt":"2014-07-09T14:03:00","guid":{"rendered":"https:\/\/webs.uab.cat\/arnau\/corpus-alquimic\/"},"modified":"2024-09-20T13:21:19","modified_gmt":"2024-09-20T13:21:19","slug":"corpus-alquimic","status":"publish","type":"page","link":"https:\/\/webs.uab.cat\/arnau\/es\/corpus-alquimic\/","title":{"rendered":"El corpus alqu\u00edmico pseudoarnaldiano"},"content":{"rendered":"\n<p>Los escritos pertenecientes al corpus alqu\u00edmico pseudoarnaldiano transmitidos por la tradici\u00f3n manuscrita son los siguientes (Calvet):<\/p>\n\n\n\n<ol class=\"wp-block-list\">\n<li><em>Cathena aurea<\/em> (\u00abCadena \u00e1urea\u00bb): despu\u00e9s de presentarse como una revelaci\u00f3n espiritual deriva a un tratado alqu\u00edmico sobre la teor\u00eda del mercurio solo.<\/li>\n\n\n\n<li><em>De aqua vitae simplici et composita<\/em> (\u00abSobre el alcohol simple y compuesto\u00bb) trata de la aplicaci\u00f3n m\u00e9dica del alcohol, con recurso a la astrolog\u00eda.<\/li>\n\n\n\n<li><em>Defloratio philosophorum<\/em> (\u00abFlorilegio de los fil\u00f3sofos\u00bb), contiene una visi\u00f3n que ilustra las transformaciones del mercurio y recetas alqu\u00edmicas diversas.<\/li>\n\n\n\n<li><em>De secretis naturae<\/em> (\u00abSobre los secretos de la naturaleza\u00bb) = <em>De philosophorum lapide<\/em> (\u00abLa piedra filosofal\u00bb) es un di\u00e1logo en el que un maestro expone la obra alqu\u00edmica en analog\u00eda con la muerte y la resurrecci\u00f3n de Cristo.<\/li>\n\n\n\n<li><em>De vita philosophorum<\/em> (\u00abSobre la vida de los fil\u00f3sofos\u00bb): se trata de la revelaci\u00f3n del elixir como remedio universal de fabricaci\u00f3n alqu\u00edmica capaz de reestablecer el equilibrio de la complexi\u00f3n humana.<\/li>\n\n\n\n<li><em>Elucidarium<\/em> (\u00abObra iluminadora\u00bb): pretende ofrecer una exposici\u00f3n clarificadora y abreviada de las operaciones alqu\u00edmicas.<\/li>\n\n\n\n<li><em>Epistola ad Iacobum de Toleto de sanguine humano distillato<\/em> (\u00abEp\u00edstola a Jaime de Toledo sobre la destilaci\u00f3n de la sangre humana\u00bb): explica c\u00f3mo destilar sangre humana y su aplicaci\u00f3n terap\u00e9utica,<\/li>\n\n\n\n<li><em>Epistola super alchimia ad regem Neapolitanum<\/em> (\u00abEp\u00edstola sobre la alquimia al rey de N\u00e1poles\u00bb): exposici\u00f3n clara y sint\u00e9tica del arte de la transmutaci\u00f3n alqu\u00edmica dirigida al rey Robert de N\u00e1poles.<\/li>\n\n\n\n<li><em>Flos florum<\/em> (\u00abFlor entre flores\u00bb) = <em>Perfectum magisterium<\/em> (\u00abMagisterio perfecto\u00bb) \/ <em>Semita semitae<\/em> (\u00abCamino de caminos\u00bb) \/ la parte pr\u00e1ctica: <em>Practica ad quendam papam<\/em> (\u00abPr\u00e1ctica dirigida a un papa\u00bb). Los distintos t\u00edtulos reflejan diversas versiones que circularon sobre la misma base textual.<\/li>\n\n\n\n<li><em>Novum lumen <\/em>(\u00abLuz nueva\u00bb) explica diversas fases de la transmutaci\u00f3n alqu\u00edmica pero solo hasta llegar a una ceniza que prefigura la piedra filosofal, pero sin alcanzarla.<\/li>\n\n\n\n<li><em>Novum testamentum <\/em>(\u00abNuevo testamento\u00bb): trata de la piedra filosofal y la transmutaci\u00f3n met\u00e1lica.<\/li>\n\n\n\n<li><em>Opus simplex<\/em> (\u00abObra simple\u00bb): pr\u00e1ctica alqu\u00edmica que recoge numerosas recetas.<\/li>\n\n\n\n<li><em>Phoenix<\/em> (\u00abF\u00e9nix\u00bb): se basa en la afirmaci\u00f3n de que el mercurio y el fuego bastan para producir plata y oro. Se extiende sobre las cualidades medicinales del elixir.<\/li>\n\n\n\n<li><em>Quaestiones tam essentiales quam accidentales<\/em> (\u00abCuestiones esenciales y accidentales\u00bb): una cuarentena de cuestiones sobre aspectos diversos relacionados con la alquimia, como los metales, los pigmentos, la destilaci\u00f3n&#8230;<\/li>\n\n\n\n<li><em>Rosa aurea <\/em>(\u00abRosa \u00e1urea\u00bb), una pr\u00e1ctica alqu\u00edmica.<\/li>\n\n\n\n<li><em>Rosa novella <\/em>(\u00abRosa temprana\u00bb): resume los aspectos pr\u00e1cticos del <em>Rosarius philosophorum<\/em>.<\/li>\n\n\n\n<li><em>Rosarius philosophorum<\/em> (\u00abRosal de los fil\u00f3sofos\u00bb): el principal texto del corpus, orientado a la producci\u00f3n del elixir por medio de la piedra filosofal. Se fundamenta en la idea de que el elixir s\u00f3lo puede alcanzarse imitando a la naturaleza, es decir, retornando a la sustancia base de los metales, el mercurio-azufre. Es un de los aspectos m\u00e1s originales la doble vertiente del elixir, v\u00e1lido tanto para transmutar los metales viles en nobles -or y plata purificados- como para conseguir y mantener la salud como una medicina universal.<\/li>\n\n\n\n<li><em>Speculum alchimiae <\/em>(\u00abEspejo de la alquimia\u00bb), di\u00e1logo de un maestro con un disc\u00edpulo para exponerle el proceso de la obra alqu\u00edmica.<\/li>\n\n\n\n<li><em>Testamentum<\/em> (\u00abTestamento\u00bb), brev\u00edsima pr\u00e1ctica alqu\u00edmica.<\/li>\n\n\n\n<li><em>Tractatus parabolicus <\/em>(\u00abTratado de par\u00e1bolas\u00bb): construido a partir de citaciones b\u00edblicas, presenta la transformaci\u00f3n del mercurio en oro o en plata aproxim\u00e1ndola a la muerte y resurrecci\u00f3n de Cristo, anunciadas por los profetas del Antiguo Testamento.<\/li>\n<\/ol>\n\n\n\n<p>Otros escritos atribu\u00efdos a Arnau en la imprenta moderna:<\/p>\n\n\n\n<ol class=\"wp-block-list\" start=\"21\">\n<li><em>Experimenta<\/em> (\u00abExperimentos\u00bb),<\/li>\n\n\n\n<li><em>In Commentarios Hortulani expositio<\/em> (\u00abExposici\u00f3n sobre los Comentarios de Hortulano\u00bb),<\/li>\n\n\n\n<li><em>Opus de arte maiori<\/em> (\u00abObra de arte mayor\u00bb),<\/li>\n\n\n\n<li><em>Recepta electuarii mirabilis praeservantis ab epidemia<\/em> (\u00abReceta de un electuario maravilloso que protege de la epidemia\u00bb)<em>,<\/em><\/li>\n\n\n\n<li><em>Succosa carmina <\/em>(\u00abPoemas jugosos\u00bb).<\/li>\n<\/ol>\n\n\n<div class=\"wp-block-image\">\n<figure class=\"aligncenter size-large is-resized\"><img loading=\"lazy\" decoding=\"async\" width=\"770\" height=\"1024\" src=\"https:\/\/webs.uab.cat\/arnau\/wp-content\/uploads\/sites\/132\/2024\/06\/img-bn46492-1-770x1024.jpg\" alt=\"\" class=\"wp-image-1771\" style=\"width:483px;height:684px\" srcset=\"https:\/\/webs.uab.cat\/arnau\/wp-content\/uploads\/sites\/132\/2024\/06\/img-bn46492-1-770x1024.jpg 770w, https:\/\/webs.uab.cat\/arnau\/wp-content\/uploads\/sites\/132\/2024\/06\/img-bn46492-1-226x300.jpg 226w, https:\/\/webs.uab.cat\/arnau\/wp-content\/uploads\/sites\/132\/2024\/06\/img-bn46492-1-768x1022.jpg 768w, https:\/\/webs.uab.cat\/arnau\/wp-content\/uploads\/sites\/132\/2024\/06\/img-bn46492-1-1155x1536.jpg 1155w, https:\/\/webs.uab.cat\/arnau\/wp-content\/uploads\/sites\/132\/2024\/06\/img-bn46492-1-1540x2048.jpg 1540w, https:\/\/webs.uab.cat\/arnau\/wp-content\/uploads\/sites\/132\/2024\/06\/img-bn46492-1-1200x1596.jpg 1200w, https:\/\/webs.uab.cat\/arnau\/wp-content\/uploads\/sites\/132\/2024\/06\/img-bn46492-1.jpg 1708w\" sizes=\"auto, (max-width: 770px) 100vw, 770px\" \/><figcaption class=\"wp-element-caption\"><em>De alchimia opuscula<\/em> (Frankfurt, 1550) es una de los primeras compilaciones alqu\u00edmicas que editan obras pseudoarnaldianas (Procedencia: <a rel=\"noreferrer noopener\" href=\"https:\/\/commons.wikimedia.org\/wiki\/File:Title_page_De_Alchimia_opvscvla_complvra_vetervm_philosophorum_1550.jpg\" target=\"_blank\">Wikimedia<\/a>).<\/figcaption><\/figure>\n<\/div>","protected":false},"excerpt":{"rendered":"<p>Los escritos pertenecientes al corpus alqu\u00edmico pseudoarnaldiano transmitidos por la tradici\u00f3n manuscrita son los siguientes (Calvet): Otros escritos atribu\u00efdos a Arnau en la imprenta moderna:<\/p>\n","protected":false},"author":20,"featured_media":0,"parent":0,"menu_order":0,"comment_status":"closed","ping_status":"closed","template":"","meta":{"footnotes":""},"class_list":["post-251","page","type-page","status-publish","hentry"],"_links":{"self":[{"href":"https:\/\/webs.uab.cat\/arnau\/es\/wp-json\/wp\/v2\/pages\/251","targetHints":{"allow":["GET"]}}],"collection":[{"href":"https:\/\/webs.uab.cat\/arnau\/es\/wp-json\/wp\/v2\/pages"}],"about":[{"href":"https:\/\/webs.uab.cat\/arnau\/es\/wp-json\/wp\/v2\/types\/page"}],"author":[{"embeddable":true,"href":"https:\/\/webs.uab.cat\/arnau\/es\/wp-json\/wp\/v2\/users\/20"}],"replies":[{"embeddable":true,"href":"https:\/\/webs.uab.cat\/arnau\/es\/wp-json\/wp\/v2\/comments?post=251"}],"version-history":[{"count":2,"href":"https:\/\/webs.uab.cat\/arnau\/es\/wp-json\/wp\/v2\/pages\/251\/revisions"}],"predecessor-version":[{"id":2022,"href":"https:\/\/webs.uab.cat\/arnau\/es\/wp-json\/wp\/v2\/pages\/251\/revisions\/2022"}],"wp:attachment":[{"href":"https:\/\/webs.uab.cat\/arnau\/es\/wp-json\/wp\/v2\/media?parent=251"}],"curies":[{"name":"wp","href":"https:\/\/api.w.org\/{rel}","templated":true}]}}