{"id":47,"date":"2010-01-21T13:43:18","date_gmt":"2010-01-21T13:43:18","guid":{"rendered":"https:\/\/webs.uab.cat\/arnau\/inici\/"},"modified":"2024-01-09T18:40:39","modified_gmt":"2024-01-09T18:40:39","slug":"inici","status":"publish","type":"page","link":"https:\/\/webs.uab.cat\/arnau\/es\/","title":{"rendered":"Inicio"},"content":{"rendered":"\n<p>Bienvenidos al sitio web del proyecto de investigaci\u00f3n <strong>Arnau DB. Corpus digital de Arnau de Vilanova<\/strong>. De acuerdo con los objectivos del <a href=\"proyectos\">proyecto<\/a> vigente, este sitio web responde a cuatro finalidades fundamentales:<\/p>\n\n\n\n<ul class=\"wp-block-list\">\n<li>Pretendemos proporcionar al p\u00fablico en general <a href=\"arnaudevilanova\">una visi\u00f3n rigurosa y actualizada de la figura del m\u00e9dico y reformador religioso<\/a> Arnau de Vilanova, alejada de la percepci\u00f3n distorsionada que sigue demasiado extendida en la actualidad.<\/li>\n\n\n\n<li>A medida que sea posible, permite el acceso, al p\u00fablico en general y sobre todo a los investigadores, a la <a href=\"arnaudb\">base de datos<\/a> que nuestro equipo est\u00e1 elaborando sobre manuscritos, impresos modernos, documentos y bibliograf\u00eda secundaria referentes a Arnau de Vilanova y al corpus de textos m\u00e9dicos, espirituales y alqu\u00edmicos que circularon bajo su nombre.<\/li>\n\n\n\n<li>Damos a conocer las <a href=\"novedades\">novedades<\/a> relativas a los estudios sobre Arnau de Vilanova.<\/li>\n\n\n\n<li>Ofrecemos informaci\u00f3n p\u00fablica sobre nustro proyecto, incluyendo la investigaci\u00f3n, las actividades o las publicaciones relacionadas con \u00e9l.<\/li>\n<\/ul>\n\n\n\n<p>Palabras clave: Arnaldo de Vilanova, Arnaldo de Villanova<\/p>\n\n\n\n<p><span style=\"font-size: 10px\"><\/span><\/p>\n\n\n\n<figure class=\"wp-block-image size-full\"><img loading=\"lazy\" decoding=\"async\" width=\"374\" height=\"413\" src=\"https:\/\/webs.uab.cat\/arnau\/wp-content\/uploads\/sites\/132\/2016\/10\/arnaut2.jpg\" alt=\"arnaut2\" class=\"wp-image-466\" srcset=\"https:\/\/webs.uab.cat\/arnau\/wp-content\/uploads\/sites\/132\/2016\/10\/arnaut2.jpg 374w, https:\/\/webs.uab.cat\/arnau\/wp-content\/uploads\/sites\/132\/2016\/10\/arnaut2-272x300.jpg 272w\" sizes=\"auto, (max-width: 374px) 100vw, 374px\" \/><figcaption class=\"wp-element-caption\">Ilustraci\u00f3n: el rey Roberto de N\u00e1poles dicta el tratado de agronom\u00eda de Bertran Boisset a Arnau de Vilanova, Carpentras, Biblioteca municipal, ms. 327, f. 23r. Procedencia: Portet, Pierre, <a href=\"http:\/\/lamop.univ-paris1.fr\/sites\/arpenteur\/edition\/Index.htm\" target=\"_blank\" rel=\"noopener\">Bertrand Boysset (Arles, 1355-1415): la vie et les oeuvres techniques d&#8217;un arpenteur m\u00e9di\u00e9val.<\/figcaption><\/figure>\n","protected":false},"excerpt":{"rendered":"<p>Bienvenidos al sitio web del proyecto de investigaci\u00f3n Arnau DB. Corpus digital de Arnau de Vilanova. De acuerdo con los objectivos del proyecto vigente, este sitio web responde a cuatro finalidades fundamentales: Palabras clave: Arnaldo de Vilanova, Arnaldo de Villanova<\/p>\n","protected":false},"author":20,"featured_media":0,"parent":0,"menu_order":0,"comment_status":"closed","ping_status":"closed","template":"","meta":{"footnotes":""},"class_list":["post-47","page","type-page","status-publish","hentry"],"_links":{"self":[{"href":"https:\/\/webs.uab.cat\/arnau\/es\/wp-json\/wp\/v2\/pages\/47","targetHints":{"allow":["GET"]}}],"collection":[{"href":"https:\/\/webs.uab.cat\/arnau\/es\/wp-json\/wp\/v2\/pages"}],"about":[{"href":"https:\/\/webs.uab.cat\/arnau\/es\/wp-json\/wp\/v2\/types\/page"}],"author":[{"embeddable":true,"href":"https:\/\/webs.uab.cat\/arnau\/es\/wp-json\/wp\/v2\/users\/20"}],"replies":[{"embeddable":true,"href":"https:\/\/webs.uab.cat\/arnau\/es\/wp-json\/wp\/v2\/comments?post=47"}],"version-history":[{"count":2,"href":"https:\/\/webs.uab.cat\/arnau\/es\/wp-json\/wp\/v2\/pages\/47\/revisions"}],"predecessor-version":[{"id":1646,"href":"https:\/\/webs.uab.cat\/arnau\/es\/wp-json\/wp\/v2\/pages\/47\/revisions\/1646"}],"wp:attachment":[{"href":"https:\/\/webs.uab.cat\/arnau\/es\/wp-json\/wp\/v2\/media?parent=47"}],"curies":[{"name":"wp","href":"https:\/\/api.w.org\/{rel}","templated":true}]}}