{"id":49,"date":"2009-05-25T13:20:37","date_gmt":"2009-05-25T13:20:37","guid":{"rendered":"https:\/\/webs.uab.cat\/arnau\/recerca\/"},"modified":"2024-09-18T14:42:47","modified_gmt":"2024-09-18T14:42:47","slug":"recerca","status":"publish","type":"page","link":"https:\/\/webs.uab.cat\/arnau\/es\/recerca\/","title":{"rendered":"L\u00edneas de investigaci\u00f3n"},"content":{"rendered":"\n<div class=\"wp-block-columns is-layout-flex wp-container-core-columns-is-layout-9d6595d7 wp-block-columns-is-layout-flex\">\n<div class=\"wp-block-column is-layout-flow wp-block-column-is-layout-flow\" style=\"flex-basis:66.66%\">\n<p>De acuerdo con el <a href=\"proyectos\">projecto vigente<\/a>, las l\u00edneas de investigaci\u00f3n del equipo para el trienio 2015-2018 son las siguientes :<\/p>\n\n\n\n<p>1. Desarrollo del corpus digital de Arnau de Vilanova con bases de datos sobre:<\/p>\n\n\n\n<ul class=\"wp-block-list\">\n<li>Obras del corpus arnaldiano y pseudo-arnaldianos.<\/li>\n\n\n\n<li>Manuscritos y ediciones impresas modernas del corpus.<\/li>\n\n\n\n<li>Documentos archiv\u00edsticos sobre la vida y la obra de Arnau de Vilanova.<\/li>\n\n\n\n<li>Ediciones contempor\u00e1neas de escritos de Arnau y pseudo-Arnau y bibliograf\u00eda secundaria.<\/li>\n<\/ul>\n\n\n\n<p>2. Espacio de encuentro para la investigaci\u00f3n y el estudio sobre Arnau de Vilanova:<\/p>\n\n\n\n<ul class=\"wp-block-list\">\n<li>Creaci\u00f3n de un sitio web centrado en Arnau de Vilanova d\u00f3nde sean accesibles <a href=\"base-de-datos\">bases de datos <\/a>.<\/li>\n<\/ul>\n\n\n\n<p>3. Otras iniciativas de investigaci\u00f3n paralelas:<\/p>\n\n\n\n<ul class=\"wp-block-list\">\n<li>Edici\u00f3n y estudio de la <em>Interpretatio de visionibus in somnis <\/em>de Arnau de Vilanova.<\/li>\n\n\n\n<li>An\u00e1lisis de la influencia de Arist\u00f3teles en la obra cient\u00edfica de Arnau de Vilanova.<\/li>\n\n\n\n<li>Estudio de la recepci\u00f3n de las obras m\u00e9dicas de Arnau de Vilanova en la era moderna.<\/li>\n\n\n\n<li>Estudio de la figura y la obra del escotista Antoni Andreu.<\/li>\n\n\n\n<li>An\u00e1lisis de la biograf\u00eda y la obra de Bartomeu de Tresbens, m\u00e9dico y astr\u00f3logo del rey Pedro el Cerimonioso.<\/li>\n<\/ul>\n<\/div>\n\n\n\n<div class=\"wp-block-column is-layout-flow wp-block-column-is-layout-flow\" style=\"flex-basis:33.33%\">\n<figure class=\"wp-block-image size-full\"><img loading=\"lazy\" decoding=\"async\" width=\"384\" height=\"664\" src=\"https:\/\/webs.uab.cat\/arnau\/wp-content\/uploads\/sites\/132\/2009\/05\/nazari.gif\" alt=\"nazari.gif\" class=\"wp-image-23\" \/><\/figure>\n\n\n\n<p><span style=\"font-size: x-small\"><span style=\"font-size: x-small\">Ilustraci\u00f3n: <\/span>Drag\u00f3n o Gallina del segundo sue\u00f1o, Grabado de Nazari. <em>Della Tramutatione Metallica Sogni Tre<\/em>, Brescia, 1564, f. 28v. Este libro incluye la versi\u00f3n italiana de algunos tratados alquimistas pseudoarnaldianos.<\/span><\/p>\n<\/div>\n<\/div>\n\n\n\n<p>4. Divulgaci\u00f3n:<\/p>\n\n\n\n<ul class=\"wp-block-list\">\n<li><a href=\"http:\/\/grupsderecerca.uab.cat\/arnau\/es\/arnaudevilanova\" target=\"_blank\" rel=\"noopener\">Presentaci\u00f3n<\/a> multiling\u00fce de la biograf\u00eda, obra y posteridad de Arnau de Vilanova en el sitio web (en castellano, catal\u00e1n e ingl\u00e9s).<\/li>\n<\/ul>\n\n\n\n<p>De acuerdo con el <a href=\"proyectos#proyecto2012\">projecto anterior<\/a>, las l\u00edneas de investigaci\u00f3n del equipo para el trienio 2012-2014 son las siguientes :<\/p>\n\n\n\n<p>1. Creaci\u00f3n y desarrollo del corpus digital de Arnau de Vilanova con bases de datos sobre:<\/p>\n\n\n\n<ul class=\"wp-block-list\">\n<li>Obras del corpus arnaldiano y pseudo-arnaldianos.<\/li>\n\n\n\n<li>Manuscritos y ediciones impresas modernas del corpus.<\/li>\n\n\n\n<li>Documentos archiv\u00edsticos sobre la vida y la obra de Arnau de Vilanova.<\/li>\n\n\n\n<li>Ediciones contempor\u00e1neas de escritos de Arnau y pseudo-Arnau y bibliograf\u00eda secundaria.<\/li>\n<\/ul>\n\n\n\n<p>2. Espacio de encuentro para la investigaci\u00f3n y el estudio sobre Arnau de Vilanova:<\/p>\n\n\n\n<ul class=\"wp-block-list\">\n<li>Creaci\u00f3n de un sitio web centrado en Arnau de Vilanova d\u00f3nde sean accesibles <a href=\"base-de-datos\">bases de datos <\/a>.<\/li>\n<\/ul>\n\n\n\n<p>3. Otras iniciativas de investigaci\u00f3n paralelas:<\/p>\n\n\n\n<ul class=\"wp-block-list\">\n<li>La tradici\u00f3n manuscrita del corpus de Arnau de Vilanova: cat\u00e1logo y descripci\u00f3n de los manuscritos.<\/li>\n\n\n\n<li>Inicio de la edici\u00f3n cr\u00edtica de las obras de Gerona y L\u00e9rida de Arnau de Vilanova.<\/li>\n\n\n\n<li>Las ediciones impresas en la \u00e9poca moderna de la obra m\u00e9dica de Arnau de Vilanova .<\/li>\n\n\n\n<li>Recopilaci\u00f3n y revisi\u00f3n de los documentos archiv\u00edsticos sobre Arnau de Vilanova .<\/li>\n<\/ul>\n\n\n\n<p>4. Divulgaci\u00f3n:<\/p>\n\n\n\n<ul class=\"wp-block-list\">\n<li><a rel=\"noopener\" href=\"http:\/\/grupsderecerca.uab.cat\/arnau\/es\/arnaudevilanova\" target=\"_blank\">Presentaci\u00f3n<\/a> multiling\u00fce de la biograf\u00eda, obra y posteridad de Arnau de Vilanova en el sitio web (en castellano, catal\u00e1n e ingl\u00e9s).<\/li>\n<\/ul>\n","protected":false},"excerpt":{"rendered":"<p>De acuerdo con el projecto vigente, las l\u00edneas de investigaci\u00f3n del equipo para el trienio 2015-2018 son las siguientes : 1. Desarrollo del corpus digital de Arnau de Vilanova con bases de datos sobre: 2. Espacio de encuentro para la investigaci\u00f3n y el estudio sobre Arnau de Vilanova: 3. Otras iniciativas de investigaci\u00f3n paralelas: Ilustraci\u00f3n: [&hellip;]<\/p>\n","protected":false},"author":20,"featured_media":0,"parent":0,"menu_order":0,"comment_status":"closed","ping_status":"closed","template":"","meta":{"footnotes":""},"class_list":["post-49","page","type-page","status-publish","hentry"],"_links":{"self":[{"href":"https:\/\/webs.uab.cat\/arnau\/es\/wp-json\/wp\/v2\/pages\/49","targetHints":{"allow":["GET"]}}],"collection":[{"href":"https:\/\/webs.uab.cat\/arnau\/es\/wp-json\/wp\/v2\/pages"}],"about":[{"href":"https:\/\/webs.uab.cat\/arnau\/es\/wp-json\/wp\/v2\/types\/page"}],"author":[{"embeddable":true,"href":"https:\/\/webs.uab.cat\/arnau\/es\/wp-json\/wp\/v2\/users\/20"}],"replies":[{"embeddable":true,"href":"https:\/\/webs.uab.cat\/arnau\/es\/wp-json\/wp\/v2\/comments?post=49"}],"version-history":[{"count":7,"href":"https:\/\/webs.uab.cat\/arnau\/es\/wp-json\/wp\/v2\/pages\/49\/revisions"}],"predecessor-version":[{"id":1984,"href":"https:\/\/webs.uab.cat\/arnau\/es\/wp-json\/wp\/v2\/pages\/49\/revisions\/1984"}],"wp:attachment":[{"href":"https:\/\/webs.uab.cat\/arnau\/es\/wp-json\/wp\/v2\/media?parent=49"}],"curies":[{"name":"wp","href":"https:\/\/api.w.org\/{rel}","templated":true}]}}