{"id":55,"date":"2009-05-25T13:22:03","date_gmt":"2009-05-25T13:22:03","guid":{"rendered":"https:\/\/webs.uab.cat\/arnau\/proyectos\/"},"modified":"2022-08-22T07:30:04","modified_gmt":"2022-08-22T07:30:04","slug":"proyectos","status":"publish","type":"page","link":"https:\/\/webs.uab.cat\/arnau\/es\/proyectos\/","title":{"rendered":"Proyectos R+D"},"content":{"rendered":"\n<h2 class=\"wp-block-heading\">Datos del proyecto (2019-2023)<\/h2>\n\n\n\n<ul class=\"wp-block-list\"><li><strong>T\u00edtulo: <\/strong>Arnau de Vilanova Digital (Arnau DB)<\/li><li><strong>Referencia:<\/strong> PID2019-104308GB-I00<\/li><li><strong>Entidad financiadora:<\/strong> Ministerio de Ciencia, innovaci\u00f3n y universidades<\/li><\/ul>\n\n\n\n<ul class=\"wp-block-list\"><li><strong>Duraci\u00f3n:\u00a0<\/strong>2019-2023<\/li><li><strong>Investigador principal:\u00a0<\/strong><a rel=\"noreferrer noopener\" href=\"http:\/\/gent.uab.cat\/jmensa\/\" target=\"_blank\">Jaume Mensa Valls<\/a> (Universitat Aut\u00f2noma de Barcelona)<\/li><li><strong>Otros miembros:\u00a0<\/strong><a rel=\"noreferrer noopener\" href=\"http:\/\/pagines.uab.cat\/sebastiagiralt\/\" target=\"_blank\">Sebasti\u00e0 Giralt Soler<\/a> (Universitat Aut\u00f2noma de Barcelona)<\/li><li><strong>Equipo de trabajo<\/strong><ul><li><a rel=\"noreferrer noopener\" href=\"http:\/\/www.sergigrau.net\" target=\"_blank\">Sergi Grau Torras<\/a> (Fundaci\u00f3 Centre Internacional de M\u00fasica Antiga &#8211; Universitat Aut\u00f2noma de Barcelona)<\/li><li>Maria Cabr\u00e9 Duran (Investigadora predoctoral, UAB).<\/li><li>Jordi Bossoms i Costa.<\/li><li>Joseph Zigler.<\/li><\/ul><\/li><li><strong>Colaboradores:<\/strong> Ramon Guijosa Calder\u00f3 (becario de colaboraci\u00f3n del Departament de Filosofia de la UAB, 2020).<\/li><li><strong>Sede:<\/strong> Departament de Ci\u00e8ncies de l&#8217;Antiguitat i l&#8217;Edat Mitjana, Facultat de Lletres, Universitat Aut\u00f2noma de Barcelona<\/li><li><strong>Objetivos:<\/strong> 1. Desarrollo del corpus digital de Arnau de Vilanova (Arnau DB), una base de datos con informaci\u00f3n b\u00e1sica (manuscritos, documentos, ediciones modernas y actuales, bibliograf\u00eda secundaria, novedades de la investigaci\u00f3n) sobre el autor y su obra.2. Preparar una edici\u00f3n cr\u00edtica de las siguientes obras no publicadas de Arnau de Vilanova:a) <em>Antidotum contra venenum effussum per fratrem Martinum de Atheca<\/em>.b) La <em>Praesentatio facta Burdegaliae<\/em>.3. Preparar una edici\u00f3n cr\u00edtica de la obra de Arnau de Vilanova: <em>Practica summaria<\/em>.4. Estudiar c\u00f3mo se desarrollaron las diferentes cuestiones m\u00e9dicas desde mediados del siglo XIII hasta principios del siglo XIV, y la contribuci\u00f3n de Arnau de Vilanova en su desarrollo.5. Edici\u00f3n y estudio de obras breves de Arnau de Vilanova basadas en el hipocr\u00e1tico <em>De regimine acutorum<\/em>.<\/li><\/ul>\n\n\n\n<h2 class=\"wp-block-heading\">Datos del proyecto (2015-2019)<\/h2>\n\n\n\n<ul class=\"wp-block-list\"><li><strong>T\u00edtulo: <\/strong>\u00bb Corpus digital de Arnau de Vilanova:filosofia y ciencia en la Corona de Arag\u00f3n (siglos XIII-XIV)\u00bb<\/li><li><strong>Referencia:<\/strong> FFI2014-53050-C5-2-P<\/li><li><strong>Entidad financiadora:<\/strong> Ministerio de Econom\u00eda y Competitividad (MINECO)<\/li><\/ul>\n\n\n\n<ul class=\"wp-block-list\"><li><strong>Duraci\u00f3n:<\/strong> 2015-2019<\/li><li><strong>Investigador principal: <\/strong><a rel=\"noreferrer noopener\" href=\"http:\/\/pagines.uab.cat\/sebastiagiralt\/\" target=\"_blank\">Sebasti\u00e0 Giralt Soler<\/a> (Universitat Aut\u00f2noma de Barcelona)<\/li><li><strong>Otros miembros:<\/strong><a rel=\"noreferrer noopener\" href=\"http:\/\/gent.uab.cat\/jmensa\/\" target=\"_blank\"> Jaume Mensa Valls<\/a> (Universitat Aut\u00f2noma de Barcelona)<\/li><li><strong>Equipo de trabajo<\/strong><ul><li><a rel=\"noreferrer noopener\" href=\"http:\/\/www.sergigrau.net\" target=\"_blank\">Sergi Grau Torras<\/a> (Fundaci\u00f3 Centre Internacional de M\u00fasica Antiga &#8211; Universitat Aut\u00f2noma de Barcelona)<\/li><li>Maria Cabr\u00e9 Duran (Investigadora predoctoral, UAB).<\/li><\/ul><\/li><li><strong>Colaboradores:<\/strong> Miquel Hern\u00e0ndez (creaci\u00f3n y mantenimiento de las bases de datos)Jordi Bellmunt (becario de colaboraci\u00f3n del Departamento de Filosof\u00eda de la UAB, 2017).<\/li><li><strong>Sede:<\/strong> Departament de Ci\u00e8ncies de l&#8217;Antiguitat i l&#8217;Edat Mitjana, Facultat de Lletres, Universitat Aut\u00f2noma de Barcelona<\/li><li><strong>Objetivos:<\/strong> 1. Desarrollo de una base de datos sobre Arnau de Vilanova (Arnau DB), que proporcione informaci\u00f3n b\u00e1sica (manuscritos, documentos, ediciones modernas y actuales, bibliograf\u00eda secundaria, novedades de la investigaci\u00f3n) sobre el autor y su obra.2. Edici\u00f3n y estudio de la <em>Interpretatio de visionibus in somnis <\/em>de Arnau de Vilanova.3. An\u00e1lisis de la influencia de Arist\u00f3teles en la obra cient\u00edfica de Arnau de Vilanova.4. Estudio de la recepci\u00f3n de las obras m\u00e9dicas de Arnau de Vilanova en la era moderna.5. Estudio de la figura y la obra del escotista Antoni Andreu.6. An\u00e1lisis de la biograf\u00eda y la obra de Bartomeu de Tresbens, m\u00e9dico y astr\u00f3logo del rey Pedro el Cerimonioso<\/li><\/ul>\n\n\n\n<h2 class=\"wp-block-heading\">Datos del proyecto coordinado (2012-2014)<\/h2>\n\n\n\n<ul class=\"wp-block-list\"><li><strong>T\u00edtulo: <\/strong>\u00abCorpus digital de la ciencia medieval en la Corona de Arag\u00f3n en su contexto latino y rom\u00e1nico: obras vern\u00e1culas, Arnau de Vilanova y Vicent Ferrer (CIVERLAT)\u00bb<\/li><li><strong>Referencia:<\/strong> FFI2011-29117-C02<\/li><li><strong>Entidad financiadora:<\/strong> Ministerio de Ciencia e Innovaci\u00f3n (MICINN), despu\u00e9s Ministerio de Econom\u00eda y Competitividad (MINECO)<\/li><li><strong>Duraci\u00f3n:<\/strong> 2012-2014<\/li><li><strong>Coordinador: <\/strong><a rel=\"noreferrer noopener\" href=\"http:\/\/www.narpan.net\/index.php\/membres\/investigadors\/lluiscifuentes\" target=\"_blank\">Llu\u00eds Cifuentes Comamala<\/a> (Universitat de Barcelona)<\/li><\/ul>\n\n\n\n<h3 class=\"wp-block-heading\">Subproyecto 01: \u00abObras vern\u00e1culas y Vicent Ferrer\u00bb<\/h3>\n\n\n\n<ul class=\"wp-block-list\"><li><strong>Referencia:<\/strong> FFI2011-29117-C02-01<\/li><li><strong>Investigador principal:<\/strong> <a rel=\"noreferrer noopener\" href=\"http:\/\/www.narpan.net\/index.php\/membres\/investigadors\/lluiscifuentes\" target=\"_blank\">Llu\u00eds Cifuentes Comamala<\/a> (Universitat de Barcelona)<\/li><\/ul>\n\n\n\n<ul class=\"wp-block-list\"><li><strong>Miembros:<\/strong> <a rel=\"noreferrer noopener\" href=\"http:\/\/www.narpan.net\/index.php\/membres\/investigadors\/antoniacarre\" target=\"_blank\">Ant\u00f2nia Carr\u00e9 Pons<\/a> (Universitat Oberta de Catalunya)<br><a rel=\"noreferrer noopener\" href=\"http:\/\/sciencia.cat\/projectes\/ferragud.htm\" target=\"_blank\">Carmel Ferragud Domingo<\/a> (Universitat de Val\u00e8ncia)<br><a rel=\"noreferrer noopener\" href=\"https:\/\/portal.uah.es\/portal\/page\/portal\/epd2_profesores\/prof363475\" target=\"_blank\">Fernando Serrano Larr\u00e1yoz<\/a> (Universidad de Alcal\u00e1 de Henares)<br><a rel=\"noreferrer noopener\" href=\"http:\/\/www.stefanorapisarda.net\/\" target=\"_blank\">Stefano Rapisarda<\/a> (Universit\u00e0 di Catania &#8211; Italia)<br><a rel=\"noreferrer noopener\" href=\"http:\/\/www.unich.it\/unichieti\/appmanager\/unich\/ateneo?_nfpb=true&amp;_pageLabel=RubricaDeatils_v2&amp;path=\/BEA%20Repository\/304130\" target=\"_blank\">Ilaria Zamuner<\/a> (Universit\u00e0 di Chieti &#8211; Italia)<\/li><li><strong>Colaboradores:<\/strong> Miquel Hern\u00e0ndez (creaci\u00f3n y mantenimiento de las bases de datos)<br>Cristina Borau Morell (febrero 2012 -)<br><a rel=\"noreferrer noopener\" href=\"http:\/\/speculumhospitale.blogspot.com\/\" target=\"_blank\">Teresa Huguet Termes<\/a> (enero 2012 -)<br>Nin Sauleda Brossa (febrero 2012 -)<\/li><li><strong>Sede:<\/strong> Departament de Filologia Catalana, Facultat de Filologia, Universitat de Barcelona<\/li><li><strong>Objetivos:<\/strong><ol><li>Desarrollo del corpus digital de Sci\u00e8ncia.cat (<a href=\"http:\/\/sciencia.cat\/db\/scienciacat-db.htm\">base de datos<\/a> y <a href=\"http:\/\/sciencia.cat\/biblioteca\/biblioteca.htm\">biblioteca digital<\/a>). Segunda fase: revisi\u00f3n del fichero de obras, volcado de descripciones de manuscritos e impresos, documentos sobre libro y lectura y vocabulario t\u00e9cnico. Publicaci\u00f3n progresiva de la base de datos.<\/li><li>Estudio de la difusi\u00f3n y divulgaci\u00f3n del saber, especialmente del saber m\u00e9dico y cient\u00edfico, m\u00e1s all\u00e1 del \u00e1mbito acad\u00e9mico, y muy particularmente en el marco cortesano y en lengua vulgar.<\/li><li>Divulgaci\u00f3n de los temas de investigaci\u00f3n a trav\u00e9s de la secci\u00f3n <a href=\"http:\/\/sciencia.cat\/biblioteca\/temes\/0temes.htm\">Temas de Sci\u00e8ncia.cat<\/a>.<\/li><\/ol><\/li><\/ul>\n\n\n\n<h3 class=\"wp-block-heading\">Subproyecto 02: \u00abArnau de Vilanova\u00bb<\/h3>\n\n\n\n<ul class=\"wp-block-list\"><li><strong>Referencia:<\/strong> FFI2011-29117-C02-02<\/li><li><strong>Investigador principal: <\/strong><a rel=\"noreferrer noopener\" href=\"http:\/\/pagines.uab.cat\/sebastiagiralt\/\" target=\"_blank\">Sebasti\u00e0 Giralt Soler<\/a> (Universitat Aut\u00f2noma de Barcelona)<\/li><\/ul>\n\n\n\n<ul class=\"wp-block-list\"><li><strong>Miembros:<\/strong> <a rel=\"noreferrer noopener\" href=\"http:\/\/gent.uab.cat\/jmensa\/\" target=\"_blank\">Jaume Mensa Valls<\/a> (Universitat Aut\u00f2noma de Barcelona)<br><a rel=\"noreferrer noopener\" href=\"http:\/\/history.unc.edu\/people\/emeriti-faculty\/mcvaugh.html\" target=\"_blank\">Michael R. McVaugh<\/a> (University of North Carolina &#8211; Estados Unidos)<br>Francesco Santi (Universit\u00e0 di Cassino &#8211; Italia)<br><a rel=\"noreferrer noopener\" href=\"http:\/\/www.sergigrau.net\" target=\"_blank\">Sergi Grau Torras<\/a> (Fundaci\u00f3 Centre Internacional de M\u00fasica Antiga &#8211; Universitat Aut\u00f2noma de Barcelona)<\/li><li><strong>Colaboradores:<\/strong> Miquel Hern\u00e0ndez (creaci\u00f3n y mantenimiento de las bases de datos)<br>Josep Alany\u00e0 Roig (enero 2012 -)<br>Antoine Calvet (enero 2012 -)<br>Barbara Scavizzi (enero 2012 -)<br>Carlos-Sebasti\u00e0 Delgado (becario de colaboraci\u00f3, enero 2013 &#8211; junio 2013)<br>Luis Gonz\u00e1lez M\u00e9rida (becario de colaboraci\u00f3, enero 2014 &#8211; )<\/li><li><strong>Sede:<\/strong> Departament de Ci\u00e8ncies de l&#8217;Antiguitat i l&#8217;Edat Mitjana, Facultat de Lletres, Universitat Aut\u00f2noma de Barcelona<\/li><li><strong>Objetivos:<\/strong><ol><li>Creaci\u00f3n y desarrollo de una base de datos sobre Arnau de Vilanova (Arnau DB), que proporcione informaci\u00f3n b\u00e1sica (manuscritos, documentos, ediciones modernas y actuales, bibliograf\u00eda secundaria, novedades de la investigaci\u00f3n) sobre el autor y su obra.<\/li><li>Creaci\u00f3n de un sitio web que proporcione una visi\u00f3n actualizada y rigurosa de la personalidad, la obra y la posteridad de Arnau de Vilanova.<\/li><li>Estudio de aspectos espec\u00edficos de la vida, obra y posteridad de Arnau de Vilanova.<\/li><\/ol><\/li><\/ul>\n","protected":false},"excerpt":{"rendered":"<p>Datos del proyecto (2019-2023) T\u00edtulo: Arnau de Vilanova Digital (Arnau DB) Referencia: PID2019-104308GB-I00 Entidad financiadora: Ministerio de Ciencia, innovaci\u00f3n y universidades Duraci\u00f3n:\u00a02019-2023 Investigador principal:\u00a0Jaume Mensa Valls (Universitat Aut\u00f2noma de Barcelona) Otros miembros:\u00a0Sebasti\u00e0 Giralt Soler (Universitat Aut\u00f2noma de Barcelona) Equipo de trabajo Sergi Grau Torras (Fundaci\u00f3 Centre Internacional de M\u00fasica Antiga &#8211; Universitat Aut\u00f2noma de Barcelona) [&hellip;]<\/p>\n","protected":false},"author":20,"featured_media":0,"parent":0,"menu_order":0,"comment_status":"closed","ping_status":"closed","template":"","meta":{"footnotes":""},"class_list":["post-55","page","type-page","status-publish","hentry"],"_links":{"self":[{"href":"https:\/\/webs.uab.cat\/arnau\/es\/wp-json\/wp\/v2\/pages\/55","targetHints":{"allow":["GET"]}}],"collection":[{"href":"https:\/\/webs.uab.cat\/arnau\/es\/wp-json\/wp\/v2\/pages"}],"about":[{"href":"https:\/\/webs.uab.cat\/arnau\/es\/wp-json\/wp\/v2\/types\/page"}],"author":[{"embeddable":true,"href":"https:\/\/webs.uab.cat\/arnau\/es\/wp-json\/wp\/v2\/users\/20"}],"replies":[{"embeddable":true,"href":"https:\/\/webs.uab.cat\/arnau\/es\/wp-json\/wp\/v2\/comments?post=55"}],"version-history":[{"count":1,"href":"https:\/\/webs.uab.cat\/arnau\/es\/wp-json\/wp\/v2\/pages\/55\/revisions"}],"predecessor-version":[{"id":1589,"href":"https:\/\/webs.uab.cat\/arnau\/es\/wp-json\/wp\/v2\/pages\/55\/revisions\/1589"}],"wp:attachment":[{"href":"https:\/\/webs.uab.cat\/arnau\/es\/wp-json\/wp\/v2\/media?parent=55"}],"curies":[{"name":"wp","href":"https:\/\/api.w.org\/{rel}","templated":true}]}}