{"id":72,"date":"2012-04-14T00:25:11","date_gmt":"2012-04-14T00:25:11","guid":{"rendered":"https:\/\/webs.uab.cat\/arnau\/equipo\/"},"modified":"2024-09-18T14:41:28","modified_gmt":"2024-09-18T14:41:28","slug":"equipo","status":"publish","type":"page","link":"https:\/\/webs.uab.cat\/arnau\/es\/equipo\/","title":{"rendered":"Equipo"},"content":{"rendered":"\n<p>En el <a href=\"proyectos\">actual proyecto<\/a> participan los investigadores siguientes:<\/p>\n\n\n\n<h2 class=\"wp-block-heading\">Miembros:<\/h2>\n\n\n\n<p><strong>Sebasti\u00e0 Giralt <\/strong>(Investigador principal)<\/p>\n\n\n\n<p>Su actividad investigadora se ha centrado en la medicina, la magia y la astrolog\u00eda medievales. Su principal l\u00ednea de investigaci\u00f3n ha sido el corpus m\u00e9dico de Arnau de Vilanova, del que ha estudiado escritos de medicina pr\u00e1ctica y de artes ocultas, as\u00ed como la presencia en la imprenta moderna. Por otra parte, tiene una amplia experiencia en la elaboraci\u00f3n de materiales en l\u00ednea para la did\u00e1ctica y la divulgaci\u00f3n, especialmente con la creaci\u00f3n del portal <a href=\"\/\/www.xtec.cat\/%7Esgiralt\" target=\"_blank\" rel=\"noopener\">Labyrinthus<\/a> y la participaci\u00f3n en <a href=\"http:\/\/www.chironweb.org\" target=\"_blank\" rel=\"noopener\">Chiron<\/a>. M\u00e1s informaci\u00f3n en su <a href=\"http:\/\/pagines.uab.cat\/sebastiagiralt\/\" target=\"_blank\" rel=\"noopener\">sitio personal<\/a>.<\/p>\n\n\n\n<p><strong>Jaume Mensa Valls<\/strong><\/p>\n\n\n\n<p>Profesor titular de Filosof\u00eda en la Universitat Aut\u00f2noma de Barcelona. Formado en filosof\u00eda, teolog\u00eda y paleograf\u00eda-archiv\u00edstica, realiz\u00f3 su tesis sobre \u00abLa pol\u00e9mica escatol\u00f3gica entre Arnau de Vilanova i els te\u00f2legs professionals\u00bb en 1993. Desde entonces su investigaci\u00f3n se ha centrado en la obra espiritual de Arnau de Vilanova. Ha dedicado varios estudios a las obras espirituales de autor\u00eda dudosa. Recientemente ha sido galardonado con el XXI Premi Joan Maragall, otorgado por la Fundaci\u00f3 Joan Maragall, por su estudio <a href=\"http:\/\/www.fundaciojoanmaragall.org\/publicacions_2.php?id_publicacio=194&amp;id_menu=219&amp;id_cat=1\" target=\"_blank\" rel=\"noopener\"><em>Arnau de Vilanova i els teories medievals de l&#8217;amor<\/em><\/a>. M\u00e1s informaci\u00f3n en su <a href=\"http:\/\/gent.uab.cat\/jmensa\" target=\"_blank\" rel=\"noopener\">sitio personal<\/a>.<\/p>\n\n\n\n<p><strong>Sergi Grau Torras<\/strong><\/p>\n\n\n\n<p>Licenciado en Historia (UAB), m\u00e1ster en Historia de la Ciencia (UAB-UB), doctor en Filosof\u00eda (UAB), ha realizado la tesis de doctorado sobre la medicina de Arnau de Vilanova. Tambi\u00e9n se ha dedicado a la investigaci\u00f3n acerca de herej\u00edas medievales como los c\u00e1taros y los valdenses. Investigador Vinculado a la UAB, adscrito al <a href=\"http:\/\/centresderecerca.uab.cat\/iem\/\" target=\"_blank\" rel=\"noopener\">Institut d\u2019Estudis Medievals<\/a>&nbsp;de la UAB, es encargado de investigaci\u00f3n y de desarrollo de proyectos en la <a href=\"http:\/\/www.fundaciocima.org\" target=\"_blank\" rel=\"noopener\">Fundaci\u00f3 Centre Internacional de M\u00fasica Antiga<\/a>, dirigida por Jordi Savall. M\u00e1s informaci\u00f3n en su <a href=\"http:\/\/www.sergigrau.net\" target=\"_blank\" rel=\"noopener\">web personal<\/a>.<\/p>\n\n\n\n<p><strong>Maria Cabr\u00e9<\/strong><\/p>\n\n\n\n<p>Investigadora predoctorial. Graduada en Filosof\u00eda y M\u00e1ster en estudios medievales (paleograf\u00eda, codicolog\u00eda y filosof\u00eda medieval), est\u00e1 realitzando su tesis sobre el te\u00f3logo Antoni Andreu.<\/p>\n\n\n\n<p><strong>Jordi Bellmunt<\/strong><\/p>\n\n\n\n<p>Becario de colaboraci\u00f3n del Departamento de Filosof\u00eda de la UAB (2017).<\/p>\n\n\n\n<hr class=\"wp-block-separator has-alpha-channel-opacity\" \/>\n\n\n\n<p>Adem\u00e1s, en el <a href=\"http:\/\/grupsderecerca.uab.cat\/arnau\/es\/proyectos#proyecto2012\">anterior proyecto<\/a> participaron los investigadores siguientes:<\/p>\n\n\n\n<p><strong>Michael R. McVaugh<\/strong>.<\/p>\n\n\n\n<p>Uno de los estudiosos internacionales m\u00e1s prestigiosos de la medicina medieval, actualmente profesor em\u00e9rito de la University of North Carolina. Desde su tesis doctoral (1965) se ha dedicado, entre otros aspectos de la medicina de los siglos XIII y XIV especialmente en el entorno cercano a Arnau de Vilanova (Montpellier y la Corona de Arag\u00f3n), a la edici\u00f3n cr\u00edtica&nbsp; y el estudio de las obras arnaldianas, sobre todo en el marco de los <em><a href=\"http:\/\/www.imf.csic.es\/web\/esp\/dptos\/pspa-AVOMO.asp\" target=\"_blank\" rel=\"noopener\"><em>Arnaldi de Villanova Opera Medica Omnia<\/em><\/a> <\/em>(<em>AVOMO<\/em>), a cuyo comit\u00e9 editorial pertenece desde sus inicios en 1975 hasta la actualidad. Ha elaborado \u00edntegramente o en colaboraci\u00f3n con otros investigadores siete de los vol\u00famenes publicados de los <em>AVOMO<\/em>, uno en prensa y ahora est\u00e1 preparando otros dos. M\u00e1s informaci\u00f3n en su <a href=\"http:\/\/history.unc.edu\/people\/emeriti-faculty\/mcvaugh.html\" target=\"_blank\" rel=\"noopener\">web personal<\/a>.<\/p>\n\n\n\n<p><strong>Francesco Santi<\/strong><\/p>\n\n\n\n<p>Graduado en filosof\u00eda con una tesis de licenciatura titulada <em>Arnaldo da Villanova e l\u2019Expositio super Apocalypsim<\/em>, publicada en catal\u00e1n (1987) y doctor en historia medieval, ha sido catedr\u00e1tico (\u201cordinario\u201d) en las universidades del Salento, de Lecce y de Cassino. Entre sus numerosas publicaciones sobre filosof\u00eda y cultura religiosa medievales tiene en su haber varias destacadas aportaciones al pensamiento espiritual de Arnau de Vilanova. Editor de obras de Ramon Llull (<a href=\"http:\/\/www.brepols.net\/Pages\/ShowProduct.aspx?prod_id=IS-9782503048314-1\" target=\"_blank\" rel=\"noopener\">Corpus Christianorum, Continuatio Medievalis, 183<\/a>). Miembro del consejo de administraci\u00f3n de la <a href=\"http:\/\/www.sismelfirenze.it\" target=\"_blank\" rel=\"noopener\">SISMEL<\/a> (que ahora dirige) y de la <a href=\"http:\/\/www.fefonlus.it\" target=\"_blank\" rel=\"noopener\">Fondazione Franceschini<\/a>, ha supervisado la creaci\u00f3n de las <a href=\"http:\/\/www.sismelfirenze.it\/index.php\/it\/repertori\" target=\"_blank\" rel=\"noopener\">bases de datos<\/a> de ambas instituciones, ocup\u00e1ndose de las problem\u00e1ticas metodol\u00f3gicas derivadas de las aplicaciones de la inform\u00e1tica a las fuentes literarias. Entre los proyectos de investigaci\u00f3n en los que ha participado ha sido responsable nacional de un PRIN dedicado al repertorio de autores y textos latinos medievales y responsable local de un FIRB dedicado a la base de datos del manuscrito medieval.<\/p>\n\n\n\n<h2 class=\"wp-block-heading\">Colaboradores cient\u00edficos:<\/h2>\n\n\n\n<p><strong>Antoine Calvet<\/strong> (Par\u00eds)<\/p>\n\n\n\n<p>Sin duda el mejor conocedor del corpus alqu\u00edmico pseudoarnaldiano. Doctor por la Universit\u00e9 de Paris-Sorbonne (1995), su \u00faltimo extenso estudio (<a href=\"http:\/\/www.editionsarche.com\/PBSCProduct.asp?ItmID=8761761\" target=\"_blank\" rel=\"noopener\"><em>Les \u0153uvres alchimiques attribu\u00e9es \u00e0 Arnaud de Villeneuve<\/em><\/a>, Par\u00eds-Mil\u00e1n, 2011) recoge, revisa y ampl\u00eda sus investigaciones sistem\u00e1ticas sobre el conjunto de la alquimia atribuida a Arnau de Vilanova. .<\/p>\n\n\n\n<p><strong>Josep Alany\u00e0<\/strong><\/p>\n\n\n\n<p>Director del Arxiu de la Catedral de Tortosa y del Arxiu Dioces\u00e0 de Tortosa. Formado en filosof\u00eda, teolog\u00eda y filolog\u00eda, es archivero e historiador, Ha publicado numerosos estudios documentales, incluyendo libros, art\u00edculos y comunicaciones, sobre todo centrados en la historia local de Tortosa y los territorios colindantes en la Edad Media.<\/p>\n\n\n\n<p><strong>Barbara Scavizzi<\/strong>,<\/p>\n\n\n\n<p>Doctora por la SISMEL con la tesis <em>Il tractatus epistolarum christini di Arnaldo di Villanova<\/em>. <em>Edizione critica <\/em>(2009), dirigida por F. Santi, ha sido colaboradora cient\u00edfica en la <a href=\"http:\/\/www.sismelfirenze.it\" target=\"_blank\" rel=\"noopener\">SISMEL<\/a> para las bases de datos bibliogr\u00e1ficas de <a href=\"http:\/\/www.sismelfirenze.it\/index.php\/it\/repertori\/itemlist\/category\/66-medioevo-latino-mel\" target=\"_blank\" rel=\"noopener\"><em>Medioevo latino<\/em><\/a> y <a href=\"http:\/\/www.sismelfirenze.it\/index.php\/it\/repertori\/itemlist\/category\/68-compendium-auctorum-calma\" target=\"_blank\" rel=\"noopener\"><em>Compendium Auctorum Latinorum Maedii Aevi -C.A.L.M.A<\/em><\/a>.<\/p>\n\n\n\n<h2 class=\"wp-block-heading\">Otros colaboradores:<\/h2>\n\n\n\n<p><strong>Miquel Hern\u00e1ndez <\/strong><\/p>\n\n\n\n<p>Creaci\u00f3n y mantenimiento de las bases de datos.<\/p>\n\n\n\n<p><strong>Jordi Bossoms<\/strong><\/p>\n\n\n\n<p>Estudiante de Estudios Cl\u00e1sicos, UAB (2018-2019).<\/p>\n\n\n\n<p><strong>Maria Cabr\u00e9<\/strong><\/p>\n\n\n\n<p>T\u00e9cnica. M\u00e1ster en estudios medievales (paleograf\u00eda, codicolog\u00eda y filosof\u00eda medieval).<\/p>\n\n\n\n<p><strong>Mireia Subirana Brecha<\/strong><\/p>\n\n\n\n<p>Estudiante de Pr\u00e1ctiques Externas de Estudios Cl\u00e1sicos, UAB (septiembre 2014-enero 2015).<\/p>\n\n\n\n<p><strong>Cristina S\u00e1ez Gonz\u00e1lez<\/strong><\/p>\n\n\n\n<p>Estudiante de Pr\u00e1ctiques Externas de Estudios Cl\u00e1sicos, UAB (septiembre 2014-enero 2015).<\/p>\n\n\n\n<p><strong>Luis Gonz\u00e1lez M\u00e9rida<\/strong><\/p>\n\n\n\n<p>Becario de colaboraci\u00f3n del Departament de Filosofia de la UAB (enero 2014 &#8211; ).<\/p>\n\n\n\n<p><strong>Carlos-Sebasti\u00e0 Delgado<\/strong><\/p>\n\n\n\n<p>Becario de colaboraci\u00f3n del Departament de Filosofia de la UAB (enero 2013 &#8211; junio 2013).<\/p>\n\n\n<div class=\"wp-block-image\">\n<figure class=\"aligncenter size-full\"><img loading=\"lazy\" decoding=\"async\" width=\"602\" height=\"421\" src=\"https:\/\/webs.uab.cat\/arnau\/wp-content\/uploads\/sites\/132\/2013\/11\/cronica.jpg\" alt=\"cronica.jpg\" class=\"wp-image-193\" srcset=\"https:\/\/webs.uab.cat\/arnau\/wp-content\/uploads\/sites\/132\/2013\/11\/cronica.jpg 602w, https:\/\/webs.uab.cat\/arnau\/wp-content\/uploads\/sites\/132\/2013\/11\/cronica-300x210.jpg 300w\" sizes=\"auto, (max-width: 602px) 100vw, 602px\" \/><figcaption class=\"wp-element-caption\">Il\u00b7lustraci\u00f3: Pere el Gran, ferit lluitant contra els francesos el 1285,&nbsp;Giovanni Villani,<em>&nbsp;Nuova cronica<\/em>,&nbsp;ms. Vatic\u00e0, BAV, Chigiano L VIII 296, f.137v. Aquest va ser el primer rei de qui Arnau va ser metge(Proced\u00e8ncia:&nbsp;<a rel=\"noreferrer noopener\" href=\"https:\/\/ca.wikipedia.org\/wiki\/Fitxer:Nuova_cronica._f.137v.jpg\" target=\"_blank\">Wikimedia<\/a>).<\/figcaption><\/figure>\n<\/div>","protected":false},"excerpt":{"rendered":"<p>En el actual proyecto participan los investigadores siguientes: Miembros: Sebasti\u00e0 Giralt (Investigador principal) Su actividad investigadora se ha centrado en la medicina, la magia y la astrolog\u00eda medievales. Su principal l\u00ednea de investigaci\u00f3n ha sido el corpus m\u00e9dico de Arnau de Vilanova, del que ha estudiado escritos de medicina pr\u00e1ctica y de artes ocultas, as\u00ed [&hellip;]<\/p>\n","protected":false},"author":20,"featured_media":0,"parent":0,"menu_order":0,"comment_status":"closed","ping_status":"closed","template":"","meta":{"footnotes":""},"class_list":["post-72","page","type-page","status-publish","hentry"],"_links":{"self":[{"href":"https:\/\/webs.uab.cat\/arnau\/es\/wp-json\/wp\/v2\/pages\/72","targetHints":{"allow":["GET"]}}],"collection":[{"href":"https:\/\/webs.uab.cat\/arnau\/es\/wp-json\/wp\/v2\/pages"}],"about":[{"href":"https:\/\/webs.uab.cat\/arnau\/es\/wp-json\/wp\/v2\/types\/page"}],"author":[{"embeddable":true,"href":"https:\/\/webs.uab.cat\/arnau\/es\/wp-json\/wp\/v2\/users\/20"}],"replies":[{"embeddable":true,"href":"https:\/\/webs.uab.cat\/arnau\/es\/wp-json\/wp\/v2\/comments?post=72"}],"version-history":[{"count":3,"href":"https:\/\/webs.uab.cat\/arnau\/es\/wp-json\/wp\/v2\/pages\/72\/revisions"}],"predecessor-version":[{"id":1983,"href":"https:\/\/webs.uab.cat\/arnau\/es\/wp-json\/wp\/v2\/pages\/72\/revisions\/1983"}],"wp:attachment":[{"href":"https:\/\/webs.uab.cat\/arnau\/es\/wp-json\/wp\/v2\/media?parent=72"}],"curies":[{"name":"wp","href":"https:\/\/api.w.org\/{rel}","templated":true}]}}