{"id":302,"date":"2013-11-21T14:13:59","date_gmt":"2013-11-21T14:13:59","guid":{"rendered":"https:\/\/webs.uab.cat\/arnau\/arnaudevilanova-2\/"},"modified":"2022-08-16T11:25:13","modified_gmt":"2022-08-16T11:25:13","slug":"arnaudevilanova-2","status":"publish","type":"page","link":"https:\/\/webs.uab.cat\/arnau\/fr\/arnaudevilanova-2\/","title":{"rendered":"Qui est Arnaud de Villeneuve ?"},"content":{"rendered":"\n<p>Arnau de Vilanova (Arnaud de Villeneuve) est sans aucun doute l&rsquo;une des personnes les plus int\u00e9ressantes de notre histoire, tant pour ses propres m\u00e9rites que pour les traits que lui a conf\u00e9r\u00e9s la post\u00e9rit\u00e9. Il fut l&rsquo;un des m\u00e9decins les plus \u00e9minents de son \u00e9poque pour son \u0153uvre, son enseignement universitaire et son activit\u00e9 professionnelle. Il fut \u00e9galement un th\u00e9ologien controvers\u00e9, d\u00e9nigr\u00e9 et poursuivi par les th\u00e9ologiens professionnels, mais appr\u00e9ci\u00e9 et suivi par les courants les plus r\u00e9formistes. Les rois et les papes de l&rsquo;\u00e9poque se disputaient ses soins m\u00e9dicaux et lui chargeaient des missions diplomatiques. Apr\u00e8s sa mort, un jugement eccl\u00e9siastique condamna quelques-unes de ses th\u00e8ses th\u00e9ologiques, qui ont fini par tomber dans l&rsquo;oubli. En revanche, sa renomm\u00e9e en tant que m\u00e9decin n&rsquo;a cess\u00e9 de cro\u00eetre au fil du temps et sa personne a \u00e9t\u00e9 aur\u00e9ol\u00e9e de l\u00e9gende. Cette image l\u00e9gendaire d&rsquo;Arnau de Vilanova, form\u00e9e \u00e0 partir de la d\u00e9formation de son souvenir et des nombreux \u00e9crits qui lui ont \u00e9t\u00e9 attribu\u00e9s \u00e0 tort, persiste encore aujourd&rsquo;hui : trop souvent est encore reproduite la vision traditionnelle d&rsquo;un alchimiste, astrologue, m\u00e9decin empirique ou introducteur de la distillation de l&rsquo;alcool, bien que la recherche men\u00e9e ces derni\u00e8res d\u00e9cennies ait d\u00e9menti toutes ces contre-v\u00e9rit\u00e9s et ait remis au jour sa personnalit\u00e9 historique. Dans ces pages, nous pr\u00e9tendons proposer une vision de l&rsquo;homme et de l&rsquo;\u0153uvre, br\u00e8ve mais rigoureuse et \u00e0 jour d&rsquo;apr\u00e8s la recherche r\u00e9cente, afin de le faire conna\u00eetre sans l&rsquo;enveloppe mythique dont l&rsquo;a recouvert la post\u00e9rit\u00e9.<\/p>\n\n\n\n<p>\u00ab Qui est Arnau de Vilanova \u00bb (2013) a \u00e9t\u00e9 \u00e9labor\u00e9 par Sebasti\u00e0 Giralt (m\u00e9decine, alchimie, survivance) et Jaume Mensa (biographie, chronologie et th\u00e9ologie).<\/p>\n\n\n\n<figure class=\"wp-block-gallery has-nested-images columns-default is-cropped wp-block-gallery-1 is-layout-flex wp-block-gallery-is-layout-flex\">\n<figure class=\"wp-block-image size-large\"><img loading=\"lazy\" decoding=\"async\" width=\"210\" height=\"300\" data-id=\"647\" src=\"https:\/\/webs.uab.cat\/arnau\/wp-content\/uploads\/sites\/132\/2016\/10\/pere.jpg\" alt=\"\" class=\"wp-image-647\"\/><figcaption>\u00a0Pierre II, roi d&rsquo;Aragon<\/figcaption><\/figure>\n\n\n\n<figure class=\"wp-block-image size-large\"><img loading=\"lazy\" decoding=\"async\" width=\"200\" height=\"304\" data-id=\"629\" src=\"https:\/\/webs.uab.cat\/arnau\/wp-content\/uploads\/sites\/132\/2016\/10\/Alfons2.gif\" alt=\"\" class=\"wp-image-629\"\/><figcaption>Alphonse II, roi d&rsquo;Aragon<\/figcaption><\/figure>\n\n\n\n<figure class=\"wp-block-image size-large\"><img loading=\"lazy\" decoding=\"async\" width=\"161\" height=\"277\" data-id=\"653\" src=\"https:\/\/webs.uab.cat\/arnau\/wp-content\/uploads\/sites\/132\/2016\/10\/Jaume2.gif\" alt=\"\" class=\"wp-image-653\"\/><figcaption>Jacques II, roi d&rsquo;Aragon<\/figcaption><\/figure>\n\n\n\n<figure class=\"wp-block-image size-large\"><img loading=\"lazy\" decoding=\"async\" width=\"202\" height=\"331\" data-id=\"491\" src=\"https:\/\/webs.uab.cat\/arnau\/wp-content\/uploads\/sites\/132\/2016\/10\/FredericIII.jpg\" alt=\"\" class=\"wp-image-491\" srcset=\"https:\/\/webs.uab.cat\/arnau\/wp-content\/uploads\/sites\/132\/2016\/10\/FredericIII.jpg 202w, https:\/\/webs.uab.cat\/arnau\/wp-content\/uploads\/sites\/132\/2016\/10\/FredericIII-183x300.jpg 183w\" sizes=\"auto, (max-width: 202px) 100vw, 202px\" \/><figcaption>Fr\u00e9d\u00e9ric III, roi de Sicile\u00a0<\/figcaption><\/figure>\n\n\n\n<figure class=\"wp-block-image size-large\"><img loading=\"lazy\" decoding=\"async\" width=\"207\" height=\"300\" data-id=\"635\" src=\"https:\/\/webs.uab.cat\/arnau\/wp-content\/uploads\/sites\/132\/2016\/10\/Blanca.png\" alt=\"\" class=\"wp-image-635\"\/><figcaption>Blanche d&rsquo;Anjou, reine d&rsquo;Aragon<\/figcaption><\/figure>\n\n\n\n<figure class=\"wp-block-image size-large\"><img loading=\"lazy\" decoding=\"async\" width=\"195\" height=\"376\" data-id=\"641\" src=\"https:\/\/webs.uab.cat\/arnau\/wp-content\/uploads\/sites\/132\/2016\/10\/carles.jpg\" alt=\"\" class=\"wp-image-641\" srcset=\"https:\/\/webs.uab.cat\/arnau\/wp-content\/uploads\/sites\/132\/2016\/10\/carles.jpg 195w, https:\/\/webs.uab.cat\/arnau\/wp-content\/uploads\/sites\/132\/2016\/10\/carles-156x300.jpg 156w\" sizes=\"auto, (max-width: 195px) 100vw, 195px\" \/><figcaption>Charles II, roi de Naples<\/figcaption><\/figure>\n\n\n\n<figure class=\"wp-block-image size-large\"><img loading=\"lazy\" decoding=\"async\" width=\"200\" height=\"464\" data-id=\"665\" src=\"https:\/\/webs.uab.cat\/arnau\/wp-content\/uploads\/sites\/132\/2016\/10\/Bonifaci_VIII.jpg\" alt=\"\" class=\"wp-image-665\" srcset=\"https:\/\/webs.uab.cat\/arnau\/wp-content\/uploads\/sites\/132\/2016\/10\/Bonifaci_VIII.jpg 200w, https:\/\/webs.uab.cat\/arnau\/wp-content\/uploads\/sites\/132\/2016\/10\/Bonifaci_VIII-129x300.jpg 129w\" sizes=\"auto, (max-width: 200px) 100vw, 200px\" \/><figcaption>Pape Boniface VIII<\/figcaption><\/figure>\n\n\n\n<figure class=\"wp-block-image size-large\"><img loading=\"lazy\" decoding=\"async\" width=\"202\" height=\"380\" data-id=\"659\" src=\"https:\/\/webs.uab.cat\/arnau\/wp-content\/uploads\/sites\/132\/2016\/10\/clement5.jpg\" alt=\"\" class=\"wp-image-659\" srcset=\"https:\/\/webs.uab.cat\/arnau\/wp-content\/uploads\/sites\/132\/2016\/10\/clement5.jpg 202w, https:\/\/webs.uab.cat\/arnau\/wp-content\/uploads\/sites\/132\/2016\/10\/clement5-159x300.jpg 159w\" sizes=\"auto, (max-width: 202px) 100vw, 202px\" \/><figcaption>Pape Cl\u00e9ment V<\/figcaption><\/figure>\n<figcaption class=\"blocks-gallery-caption\"><p><span style=\"font-size:x-small\">\u00a0Illustrations:\u00a0Rois et Papes qui furent patients d&rsquo;Arnau de Vilanova. (Origine: <a href=\"http:\/\/commons.wikimedia.org\">Wikimedia<\/a>)<\/span><\/p><\/figcaption><\/figure>\n\n\n\n<p><span style=\"font-size: x-small;\">\u00a0.<\/span><\/p>\n","protected":false},"excerpt":{"rendered":"<p>Arnau de Vilanova (Arnaud de Villeneuve) est sans aucun doute l&rsquo;une des personnes les plus int\u00e9ressantes de notre histoire, tant pour ses propres m\u00e9rites que pour les traits que lui a conf\u00e9r\u00e9s la post\u00e9rit\u00e9. Il fut l&rsquo;un des m\u00e9decins les plus \u00e9minents de son \u00e9poque pour son \u0153uvre, son enseignement universitaire et son activit\u00e9 professionnelle. [&hellip;]<\/p>\n","protected":false},"author":20,"featured_media":0,"parent":0,"menu_order":0,"comment_status":"closed","ping_status":"closed","template":"","meta":{"footnotes":""},"class_list":["post-302","page","type-page","status-publish","hentry"],"_links":{"self":[{"href":"https:\/\/webs.uab.cat\/arnau\/fr\/wp-json\/wp\/v2\/pages\/302","targetHints":{"allow":["GET"]}}],"collection":[{"href":"https:\/\/webs.uab.cat\/arnau\/fr\/wp-json\/wp\/v2\/pages"}],"about":[{"href":"https:\/\/webs.uab.cat\/arnau\/fr\/wp-json\/wp\/v2\/types\/page"}],"author":[{"embeddable":true,"href":"https:\/\/webs.uab.cat\/arnau\/fr\/wp-json\/wp\/v2\/users\/20"}],"replies":[{"embeddable":true,"href":"https:\/\/webs.uab.cat\/arnau\/fr\/wp-json\/wp\/v2\/comments?post=302"}],"version-history":[{"count":2,"href":"https:\/\/webs.uab.cat\/arnau\/fr\/wp-json\/wp\/v2\/pages\/302\/revisions"}],"predecessor-version":[{"id":1424,"href":"https:\/\/webs.uab.cat\/arnau\/fr\/wp-json\/wp\/v2\/pages\/302\/revisions\/1424"}],"wp:attachment":[{"href":"https:\/\/webs.uab.cat\/arnau\/fr\/wp-json\/wp\/v2\/media?parent=302"}],"curies":[{"name":"wp","href":"https:\/\/api.w.org\/{rel}","templated":true}]}}