{"id":303,"date":"2013-11-08T01:22:20","date_gmt":"2013-11-08T01:22:20","guid":{"rendered":"https:\/\/webs.uab.cat\/arnau\/vida-2\/"},"modified":"2023-12-30T00:14:34","modified_gmt":"2023-12-30T00:14:34","slug":"vida-2","status":"publish","type":"page","link":"https:\/\/webs.uab.cat\/arnau\/fr\/arnaudevilanova-2\/vida-2\/","title":{"rendered":"La vie d&rsquo;Arnau de Vilanova"},"content":{"rendered":"\n<p>Les <a href=\"origens\">origines et la jeunesse<\/a> d&rsquo;Arnau de Vilanova sont m\u00e9connues, mais il existe de nombreux d\u00e9tails de sa vie d\u00e8s qu&rsquo;il devient <a href=\"montpeller\">m\u00e9decin royal<\/a>. Les soins m\u00e9dicaux aux rois et papes, son souci de <a href=\"profeta\">pr\u00e9venir de l&rsquo;arriv\u00e9e de l&rsquo;Ant\u00e9christ<\/a> et de <a href=\"reforma\">r\u00e9former l&rsquo;\u00c9glise<\/a>, ainsi que ses services en tant que diplomate l&rsquo;ont amen\u00e9 \u00e0 voyager dans une grande partie de l&rsquo;Europe occidentale.<\/p>\n\n\n\n<figure class=\"wp-block-image size-large\"><img loading=\"lazy\" decoding=\"async\" width=\"1024\" height=\"812\" src=\"https:\/\/webs.uab.cat\/arnau\/wp-content\/uploads\/sites\/132\/2019\/01\/mapa_av_fr-1024x812.jpg\" alt=\"\" class=\"wp-image-307\" srcset=\"https:\/\/webs.uab.cat\/arnau\/wp-content\/uploads\/sites\/132\/2019\/01\/mapa_av_fr-1024x812.jpg 1024w, https:\/\/webs.uab.cat\/arnau\/wp-content\/uploads\/sites\/132\/2019\/01\/mapa_av_fr-300x238.jpg 300w, https:\/\/webs.uab.cat\/arnau\/wp-content\/uploads\/sites\/132\/2019\/01\/mapa_av_fr-768x609.jpg 768w, https:\/\/webs.uab.cat\/arnau\/wp-content\/uploads\/sites\/132\/2019\/01\/mapa_av_fr-1200x951.jpg 1200w, https:\/\/webs.uab.cat\/arnau\/wp-content\/uploads\/sites\/132\/2019\/01\/mapa_av_fr.jpg 1268w\" sizes=\"auto, (max-width: 1024px) 100vw, 1024px\" \/><\/figure>\n","protected":false},"excerpt":{"rendered":"<p>Les origines et la jeunesse d&rsquo;Arnau de Vilanova sont m\u00e9connues, mais il existe de nombreux d\u00e9tails de sa vie d\u00e8s qu&rsquo;il devient m\u00e9decin royal. Les soins m\u00e9dicaux aux rois et papes, son souci de pr\u00e9venir de l&rsquo;arriv\u00e9e de l&rsquo;Ant\u00e9christ et de r\u00e9former l&rsquo;\u00c9glise, ainsi que ses services en tant que diplomate l&rsquo;ont amen\u00e9 \u00e0 voyager [&hellip;]<\/p>\n","protected":false},"author":20,"featured_media":0,"parent":302,"menu_order":0,"comment_status":"closed","ping_status":"closed","template":"","meta":{"footnotes":""},"class_list":["post-303","page","type-page","status-publish","hentry"],"_links":{"self":[{"href":"https:\/\/webs.uab.cat\/arnau\/fr\/wp-json\/wp\/v2\/pages\/303","targetHints":{"allow":["GET"]}}],"collection":[{"href":"https:\/\/webs.uab.cat\/arnau\/fr\/wp-json\/wp\/v2\/pages"}],"about":[{"href":"https:\/\/webs.uab.cat\/arnau\/fr\/wp-json\/wp\/v2\/types\/page"}],"author":[{"embeddable":true,"href":"https:\/\/webs.uab.cat\/arnau\/fr\/wp-json\/wp\/v2\/users\/20"}],"replies":[{"embeddable":true,"href":"https:\/\/webs.uab.cat\/arnau\/fr\/wp-json\/wp\/v2\/comments?post=303"}],"version-history":[{"count":2,"href":"https:\/\/webs.uab.cat\/arnau\/fr\/wp-json\/wp\/v2\/pages\/303\/revisions"}],"predecessor-version":[{"id":1609,"href":"https:\/\/webs.uab.cat\/arnau\/fr\/wp-json\/wp\/v2\/pages\/303\/revisions\/1609"}],"up":[{"embeddable":true,"href":"https:\/\/webs.uab.cat\/arnau\/fr\/wp-json\/wp\/v2\/pages\/302"}],"wp:attachment":[{"href":"https:\/\/webs.uab.cat\/arnau\/fr\/wp-json\/wp\/v2\/media?parent=303"}],"curies":[{"name":"wp","href":"https:\/\/api.w.org\/{rel}","templated":true}]}}