{"id":309,"date":"2013-11-10T21:54:16","date_gmt":"2013-11-10T21:54:16","guid":{"rendered":"https:\/\/webs.uab.cat\/arnau\/origens-2\/"},"modified":"2024-08-13T12:30:29","modified_gmt":"2024-08-13T12:30:29","slug":"origens-2","status":"publish","type":"page","link":"https:\/\/webs.uab.cat\/arnau\/fr\/origens-2\/","title":{"rendered":"Les origines, de l&rsquo;obscurit\u00e9 \u00e0 la pol\u00e9mique"},"content":{"rendered":"\n<p>Arnau de Vilanova est n\u00e9 vers 1240. Son lieu de naissance a fait l&rsquo;objet de controverse d\u00e8s le Moyen \u00c2ge : Valence (en Espagne), la Catalogne, le Languedoc et la Provence l&rsquo;ont revendiqu\u00e9 en tant que fils pendant des si\u00e8cles. Actuellement, il ne fait aucun doute qu&rsquo;il \u00e9tait originaire de l&rsquo;un des royaumes de la couronne d&rsquo;Aragon, puisque les t\u00e9moignages contemporains lui donnaient le surnom de \u00ab catalan \u00bb. La documentation conserv\u00e9e montre des liens \u00e9troits entre Arnau et la ville de Valence. Par cons\u00e9quent, il s&rsquo;agit de sa ville d&rsquo;origine la plus probable, bien qu&rsquo;une source ult\u00e9rieure pr\u00e9tende qu&rsquo;il est n\u00e9 \u00e0 Villanueva de Jiloca, dans le royaume d&rsquo;Aragon.<\/p>\n\n\n\n<p>Nous ne savons que peu de choses des premi\u00e8res ann\u00e9es de sa vie. Selon ses propres dires, il semblerait qu&rsquo;il ait commenc\u00e9 ses \u00e9tudes dans un couvent des Dominicains. Il fut admis \u00e0 l&rsquo;\u00e9tat cl\u00e9rical (ordres mineurs) dans le dioc\u00e8se de Valence, puisque le pape Cl\u00e9ment V l&rsquo;appelait \u00ab clerc du dioc\u00e8se de Valence \u00bb. Il est probable que les Arabes qui demeuraient dans le royaume lui apprirent leur langue. \u00c0 partir de 1260, il \u00e9tudie m\u00e9decine \u00e0 Montpellier o\u00f9 il obtient le dipl\u00f4me de magister. Il profite de son s\u00e9jour \u00e0 Montpellier pour \u00e9tudier la th\u00e9ologie pendant un semestre dans le couvent des Dominicains de cette ville. \u00c0 Montpellier, il rencontre sa femme, Agn\u00e8s Blasi, avec laquelle il eut une fille, Maria.<\/p>\n\n\n\n<figure class=\"wp-block-image size-full is-resized\"><img loading=\"lazy\" decoding=\"async\" width=\"596\" height=\"324\" src=\"https:\/\/webs.uab.cat\/arnau\/wp-content\/uploads\/sites\/132\/2016\/10\/valencia.jpg\" alt=\"\" class=\"wp-image-625\" style=\"aspect-ratio:1;width:544px;height:auto\" srcset=\"https:\/\/webs.uab.cat\/arnau\/wp-content\/uploads\/sites\/132\/2016\/10\/valencia.jpg 596w, https:\/\/webs.uab.cat\/arnau\/wp-content\/uploads\/sites\/132\/2016\/10\/valencia-300x163.jpg 300w\" sizes=\"auto, (max-width: 596px) 100vw, 596px\" \/><figcaption class=\"wp-element-caption\">Illustration: Entr\u00e9e de Jacques I<sup>er<\/sup>&nbsp;\u00e0 Valence apr\u00e8s la conqu\u00eate, peinture murale du ch\u00e2teau d&rsquo;Alca\u00f1iz. Arnau de Vilanova a d\u00fb grandir dans une Valence r\u00e9cemment prise aux Arabes. Origine: <a rel=\"noreferrer noopener\" href=\"http:\/\/harcajmv.blogspot.com.es\/2012\/07\/els-codis-juridics-de-la-corona-darago.html\" target=\"_blank\">Harca.org<\/a>.<\/figcaption><\/figure>\n","protected":false},"excerpt":{"rendered":"<p>Arnau de Vilanova est n\u00e9 vers 1240. Son lieu de naissance a fait l&rsquo;objet de controverse d\u00e8s le Moyen \u00c2ge : Valence (en Espagne), la Catalogne, le Languedoc et la Provence l&rsquo;ont revendiqu\u00e9 en tant que fils pendant des si\u00e8cles. Actuellement, il ne fait aucun doute qu&rsquo;il \u00e9tait originaire de l&rsquo;un des royaumes de la [&hellip;]<\/p>\n","protected":false},"author":20,"featured_media":0,"parent":0,"menu_order":0,"comment_status":"closed","ping_status":"closed","template":"","meta":{"footnotes":""},"class_list":["post-309","page","type-page","status-publish","hentry"],"_links":{"self":[{"href":"https:\/\/webs.uab.cat\/arnau\/fr\/wp-json\/wp\/v2\/pages\/309","targetHints":{"allow":["GET"]}}],"collection":[{"href":"https:\/\/webs.uab.cat\/arnau\/fr\/wp-json\/wp\/v2\/pages"}],"about":[{"href":"https:\/\/webs.uab.cat\/arnau\/fr\/wp-json\/wp\/v2\/types\/page"}],"author":[{"embeddable":true,"href":"https:\/\/webs.uab.cat\/arnau\/fr\/wp-json\/wp\/v2\/users\/20"}],"replies":[{"embeddable":true,"href":"https:\/\/webs.uab.cat\/arnau\/fr\/wp-json\/wp\/v2\/comments?post=309"}],"version-history":[{"count":4,"href":"https:\/\/webs.uab.cat\/arnau\/fr\/wp-json\/wp\/v2\/pages\/309\/revisions"}],"predecessor-version":[{"id":1874,"href":"https:\/\/webs.uab.cat\/arnau\/fr\/wp-json\/wp\/v2\/pages\/309\/revisions\/1874"}],"wp:attachment":[{"href":"https:\/\/webs.uab.cat\/arnau\/fr\/wp-json\/wp\/v2\/media?parent=309"}],"curies":[{"name":"wp","href":"https:\/\/api.w.org\/{rel}","templated":true}]}}