{"id":312,"date":"2013-11-10T22:06:52","date_gmt":"2013-11-10T22:06:52","guid":{"rendered":"https:\/\/webs.uab.cat\/arnau\/reforma-2\/"},"modified":"2024-01-09T00:13:38","modified_gmt":"2024-01-09T00:13:38","slug":"reforma-2","status":"publish","type":"page","link":"https:\/\/webs.uab.cat\/arnau\/fr\/reforma-2\/","title":{"rendered":"La lutte pour la r\u00e9forme de la chr\u00e9tient\u00e9"},"content":{"rendered":"\n<p>Les derni\u00e8res ann\u00e9es (1305-1311) de la vie d&rsquo;Arnau de Vilanova sont ponctu\u00e9es de voyages incessants. Il se rend aussi bien \u00e0 Barcelone, qu&rsquo;\u00e0 Avignon, en Sicile, \u00e0 Naples ou \u00e0 Almer\u00eda. Il prend encore le temps de soigner des patients tels que les rois catalans, Cl\u00e9ment V ou le roi Charles II d&rsquo;Anjou, et de se consacrer \u00e0 l&rsquo;\u00e9criture d&rsquo;\u0153uvres m\u00e9dicales, y compris quelques-unes des plus importantes comme le Regimen sanitatis ad regem Aragonum, pour la pr\u00e9servation de la sant\u00e9 du roi Jacques II ou le Speculum medicinae, une ambitieuse synth\u00e8se th\u00e9orique. Ses activit\u00e9s diplomatiques, de repr\u00e9sentation entre les rois Jacques d&rsquo;Aragon, Fr\u00e9d\u00e9ric de Sicile et le pape le placent au premier rang de la sc\u00e8ne politique. Il con\u00e7oit un plan de r\u00e9forme de la chr\u00e9tient\u00e9 que doivent diriger lesdits rois avec l&rsquo;aide du Saint-Si\u00e8ge. Fr\u00e9d\u00e9ric de Sicile s&rsquo;en enthousiasme, mais les plus hautes autorit\u00e9s eccl\u00e9siastiques s&rsquo;en m\u00e9fient et Jacques II n&rsquo;en est pas convaincu. Enfin, \u00e0 la suite de l&rsquo;exposition qu&rsquo;Arnau en fait \u00e0 Avignon devant le pape et les cardinaux, Jacques II lui demande des explications. Ma\u00eetre Arnau de Vilanova se rend \u00e0 Almer\u00eda, ville que le roi et ses troupes assi\u00e9geaient, pour lui faire part de ses explications, mais le roi qui se m\u00e9fie d&rsquo;Arnau lui retire son amiti\u00e9. Ses meilleures \u0153uvres spirituelles ont vu le jour pendant cette p\u00e9riode : certaines comprennent des conseils aux B\u00e9guins, \u00e0 Fr\u00e9d\u00e9ric de Sicile et d&rsquo;autres traitent de th\u00e8mes tr\u00e8s divers. Fr\u00e9d\u00e9ric de Sicile d\u00e9cide d&rsquo;appliquer les plans r\u00e9formistes d&rsquo;Arnau en Sicile et transforme quelques-unes des recommandations de l&rsquo;Instruction spirituelle au roi Fr\u00e9d\u00e9ric de Sicile en articles des Constitutions de son royaume. Arnau traite des grandes questions de l&rsquo;\u00e9poque, tel que par exemple de l&rsquo;affaire des Templiers ou de la controverse autour des Franciscains spirituels. Il tente m\u00eame de demander, dans le cadre de ses plans de r\u00e9forme, le titre de roi de J\u00e9rusalem pour Fr\u00e9d\u00e9ric de Sicile, dont le titulaire \u00e9tait le roi de Naples.<\/p>\n\n\n\n<p>Arnau d\u00e9c\u00e8de d\u00e9but septembre 1311 au cours d&rsquo;un voyage maritime, au large de la c\u00f4te de G\u00eanes. Il r\u00e9dige son testament en 1305, compl\u00e9t\u00e9 par un codicille en 1308. Le lieu o\u00f9 il a \u00e9t\u00e9 enterr\u00e9 est inconnu, mais il pr\u00e9voyait dans son testament d&rsquo;\u00eatre enterr\u00e9 dans la paroisse du lieu o\u00f9 il mourrait.<\/p>\n\n\n\n<p>Le 8 novembre 1316, Jofre de Cru\u00eflles, pr\u00e9pos\u00e9 \u00e0 l&rsquo;archev\u00each\u00e9 de Tarragone durant la vacance du Si\u00e8ge, et Joan de Llotger, publient solennellement une sentence qui condamne plusieurs th\u00e8ses th\u00e9ologiques extraites de diff\u00e9rentes \u0153uvres et interdit la possession et la lecture d&rsquo;\u0153uvres arnaldiennes.<\/p>\n\n\n\n<figure class=\"wp-block-image size-full\"><img loading=\"lazy\" decoding=\"async\" width=\"372\" height=\"351\" src=\"https:\/\/webs.uab.cat\/arnau\/wp-content\/uploads\/sites\/132\/2016\/10\/Jaume_II.jpg\" alt=\"\" class=\"wp-image-691\" srcset=\"https:\/\/webs.uab.cat\/arnau\/wp-content\/uploads\/sites\/132\/2016\/10\/Jaume_II.jpg 372w, https:\/\/webs.uab.cat\/arnau\/wp-content\/uploads\/sites\/132\/2016\/10\/Jaume_II-300x283.jpg 300w\" sizes=\"auto, (max-width: 372px) 100vw, 372px\" \/><figcaption class=\"wp-element-caption\">Illustration : Jacques II, pr\u00e9sidant les Assembl\u00e9es de Barcelone, le Llibre Verd (\u00ab Livre vert \u00bb) de Barcelone&nbsp;(Origine : <a href=\"http:\/\/commons.wikimedia.org\/wiki\/File:Jaume_II.jpg\">Wikimedia<\/a>). L&rsquo;\u00e9troite et longue relation en tant que m\u00e9decin, diplomate et conseiller d&rsquo;Arnau de Vilanova avec Jacques II s&rsquo;est bris\u00e9e \u00e0 la fin de sa vie.<\/figcaption><\/figure>\n","protected":false},"excerpt":{"rendered":"<p>Les derni\u00e8res ann\u00e9es (1305-1311) de la vie d&rsquo;Arnau de Vilanova sont ponctu\u00e9es de voyages incessants. Il se rend aussi bien \u00e0 Barcelone, qu&rsquo;\u00e0 Avignon, en Sicile, \u00e0 Naples ou \u00e0 Almer\u00eda. Il prend encore le temps de soigner des patients tels que les rois catalans, Cl\u00e9ment V ou le roi Charles II d&rsquo;Anjou, et de [&hellip;]<\/p>\n","protected":false},"author":20,"featured_media":0,"parent":0,"menu_order":0,"comment_status":"closed","ping_status":"closed","template":"","meta":{"footnotes":""},"class_list":["post-312","page","type-page","status-publish","hentry"],"_links":{"self":[{"href":"https:\/\/webs.uab.cat\/arnau\/fr\/wp-json\/wp\/v2\/pages\/312","targetHints":{"allow":["GET"]}}],"collection":[{"href":"https:\/\/webs.uab.cat\/arnau\/fr\/wp-json\/wp\/v2\/pages"}],"about":[{"href":"https:\/\/webs.uab.cat\/arnau\/fr\/wp-json\/wp\/v2\/types\/page"}],"author":[{"embeddable":true,"href":"https:\/\/webs.uab.cat\/arnau\/fr\/wp-json\/wp\/v2\/users\/20"}],"replies":[{"embeddable":true,"href":"https:\/\/webs.uab.cat\/arnau\/fr\/wp-json\/wp\/v2\/comments?post=312"}],"version-history":[{"count":2,"href":"https:\/\/webs.uab.cat\/arnau\/fr\/wp-json\/wp\/v2\/pages\/312\/revisions"}],"predecessor-version":[{"id":1636,"href":"https:\/\/webs.uab.cat\/arnau\/fr\/wp-json\/wp\/v2\/pages\/312\/revisions\/1636"}],"wp:attachment":[{"href":"https:\/\/webs.uab.cat\/arnau\/fr\/wp-json\/wp\/v2\/media?parent=312"}],"curies":[{"name":"wp","href":"https:\/\/api.w.org\/{rel}","templated":true}]}}