{"id":314,"date":"2013-11-08T01:33:18","date_gmt":"2013-11-08T01:33:18","guid":{"rendered":"https:\/\/webs.uab.cat\/arnau\/medica-2\/"},"modified":"2024-08-13T12:33:39","modified_gmt":"2024-08-13T12:33:39","slug":"medica-2","status":"publish","type":"page","link":"https:\/\/webs.uab.cat\/arnau\/fr\/medica-2\/","title":{"rendered":"\u0152uvre m\u00e9dicale"},"content":{"rendered":"\n<p>Outre les <a href=\"traduccions\">traductions<\/a>, il s&rsquo;est consacr\u00e9 \u00e0 la plupart des genres de la litt\u00e9rature m\u00e9dicale, aussi bien <a href=\"teorica\">th\u00e9orique<\/a> que <a href=\"practica\">pratique<\/a> : le <a href=\"comentaris\">commentaire<\/a> des autorit\u00e9s, le trait\u00e9 th\u00e9orique, l&rsquo;<a href=\"aforismes\">aphorisme<\/a>, la <em>summa<\/em> ou ou synth\u00e8se \u2013 th\u00e9orique (<em>speculum<\/em>) et pratique (<em>practica<\/em>)\u2013, le <em>consilium<\/em> traitement sp\u00e9cifique adress\u00e9 \u00e0 un patient en particulier, la monographie sp\u00e9cialis\u00e9e dans une maladie, le r\u00e9gime de sant\u00e9 et, probablement, l&rsquo;<a href=\"dubtosa\">antidotaire<\/a>. r\u00e2ce aux r\u00e9f\u00e9rences internes ou externes et \u00e0 quelques datations explicites, il a \u00e9t\u00e9 tent\u00e9 d&rsquo;\u00e9laborer une chronologie approximative des \u00e9crits m\u00e9dicaux arnaldiens, mais elle est plus difficile \u00e0 d\u00e9terminer que celle des \u00e9crits religieux, du fait que la date de r\u00e9daction ne figure pas dans la plupart d&rsquo;entre eux. Les r\u00e9f\u00e9rences internes permettent \u00e9galement de conna\u00eetre le titre de deux \u0153uvres perdues : <em>Epistola de elementis<\/em> et <em>De integritate medicine<\/em>, outre quelques <a href=\"comentaris\">commentaires.<\/a>.&nbsp; D&rsquo;autre part, la grande notori\u00e9t\u00e9 d&rsquo;Arnau de Vilanova en tant que m\u00e9decin a abouti \u00e0 ce que, pendant des si\u00e8cles, lui soient attribu\u00e9es de nombreuses \u0153uvres anonymes ou d&rsquo;autres auteurs moins connus, non seulement de m\u00e9decine, mais aussi d&rsquo;autres savoirs, tels que l&rsquo;oniromancie, l&rsquo;agronomie ou l&rsquo;<a href=\"alquimia\">alchimie<\/a>. La recherche r\u00e9cente a \u00e9pur\u00e9 le corpus arnaldien de la plupart de ces <a href=\"apocrifs\">apocryphes<\/a> mais il subsiste encore quelques \u0153uvres dont l&rsquo;authenticit\u00e9 est encore <a href=\"dubtoses\">sujette \u00e0 discussion<\/a>.<\/p>\n\n\n<div class=\"wp-block-image\">\n<figure class=\"aligncenter size-full is-resized\"><img loading=\"lazy\" decoding=\"async\" width=\"385\" height=\"629\" src=\"https:\/\/webs.uab.cat\/arnau\/wp-content\/uploads\/sites\/132\/2016\/10\/opera1585.jpg\" alt=\"\" class=\"wp-image-589\" style=\"width:266px;height:auto\" srcset=\"https:\/\/webs.uab.cat\/arnau\/wp-content\/uploads\/sites\/132\/2016\/10\/opera1585.jpg 385w, https:\/\/webs.uab.cat\/arnau\/wp-content\/uploads\/sites\/132\/2016\/10\/opera1585-184x300.jpg 184w\" sizes=\"auto, (max-width: 385px) 100vw, 385px\" \/><figcaption class=\"wp-element-caption\">Illustration : \u00c9dition g\u00e9n\u00e9rale des \u0153uvres m\u00e9dicales et alchimiques attribu\u00e9es \u00e0 Arnau de Vilanova, B\u00e2le, 1585 (Universitat de Barcelona).<\/figcaption><\/figure>\n<\/div>","protected":false},"excerpt":{"rendered":"<p>Outre les traductions, il s&rsquo;est consacr\u00e9 \u00e0 la plupart des genres de la litt\u00e9rature m\u00e9dicale, aussi bien th\u00e9orique que pratique : le commentaire des autorit\u00e9s, le trait\u00e9 th\u00e9orique, l&rsquo;aphorisme, la summa ou ou synth\u00e8se \u2013 th\u00e9orique (speculum) et pratique (practica)\u2013, le consilium traitement sp\u00e9cifique adress\u00e9 \u00e0 un patient en particulier, la monographie sp\u00e9cialis\u00e9e dans une [&hellip;]<\/p>\n","protected":false},"author":20,"featured_media":0,"parent":0,"menu_order":0,"comment_status":"closed","ping_status":"closed","template":"","meta":{"footnotes":""},"class_list":["post-314","page","type-page","status-publish","hentry"],"_links":{"self":[{"href":"https:\/\/webs.uab.cat\/arnau\/fr\/wp-json\/wp\/v2\/pages\/314","targetHints":{"allow":["GET"]}}],"collection":[{"href":"https:\/\/webs.uab.cat\/arnau\/fr\/wp-json\/wp\/v2\/pages"}],"about":[{"href":"https:\/\/webs.uab.cat\/arnau\/fr\/wp-json\/wp\/v2\/types\/page"}],"author":[{"embeddable":true,"href":"https:\/\/webs.uab.cat\/arnau\/fr\/wp-json\/wp\/v2\/users\/20"}],"replies":[{"embeddable":true,"href":"https:\/\/webs.uab.cat\/arnau\/fr\/wp-json\/wp\/v2\/comments?post=314"}],"version-history":[{"count":2,"href":"https:\/\/webs.uab.cat\/arnau\/fr\/wp-json\/wp\/v2\/pages\/314\/revisions"}],"predecessor-version":[{"id":1876,"href":"https:\/\/webs.uab.cat\/arnau\/fr\/wp-json\/wp\/v2\/pages\/314\/revisions\/1876"}],"wp:attachment":[{"href":"https:\/\/webs.uab.cat\/arnau\/fr\/wp-json\/wp\/v2\/media?parent=314"}],"curies":[{"name":"wp","href":"https:\/\/api.w.org\/{rel}","templated":true}]}}