{"id":319,"date":"2013-11-11T23:18:23","date_gmt":"2013-11-11T23:18:23","guid":{"rendered":"https:\/\/webs.uab.cat\/arnau\/practica-2\/"},"modified":"2024-08-13T12:53:07","modified_gmt":"2024-08-13T12:53:07","slug":"practica-2","status":"publish","type":"page","link":"https:\/\/webs.uab.cat\/arnau\/fr\/practica-2\/","title":{"rendered":"M\u00e9decine pratique"},"content":{"rendered":"\n<ol class=\"wp-block-list\" start=\"25\">\n<li><em>Regimen sanitatis ad regem Aragonum<\/em> (\u00ab R\u00e9gime de sant\u00e9 pour le roi d&rsquo;Aragon \u00bb, 1305-1308) : il s&rsquo;agit d&rsquo;un r\u00e9gime de vie destin\u00e9 \u00e0 conserver la sant\u00e9 du roi Jacques II, ajust\u00e9 \u00e0 la complexion individuelle et aux conditions physiques et quotidiennes du roi. Il y consacre m\u00eame un chapitre aux h\u00e9morro\u00efdes dont le roi souffrait. Il inclut des conseils d&rsquo;hygi\u00e8ne sur les facteurs qui conditionnent la sant\u00e9 : le lieu o\u00f9 installer la cour, l&rsquo;exercice, le bain, l&rsquo;alimentation, la boisson, le sommeil et les \u00e9motions. Bien qu&rsquo;il s&rsquo;agisse d&rsquo;un r\u00e9gime aussi ax\u00e9 sur une personne, il devint, gr\u00e2ce \u00e0 son style simple, clair et concis, intelligible pour les profanes, le texte le plus populaire et diffus\u00e9 d&rsquo;Arnau, tel qu&rsquo;en t\u00e9moignent les tr\u00e8s nombreux manuscrits qui le contiennent de toute l&rsquo;Europe et les traductions en catalan et en h\u00e9breu. La premi\u00e8re traduction, en catalan, fut command\u00e9e par la reine Blanche au chirurgien Berenguer de Sarriera en 1310. Il existe quatre traductions m\u00e9di\u00e9vales en h\u00e9breu et une moderne en espagnol, de Jer\u00f3nimo de Mondrag\u00f3n (1610).<\/li>\n\n\n\n<li><em>Regimen Almariae<\/em> (\u00ab R\u00e9gime d&rsquo;Almer\u00eda \u00bb) ou <em>De regimine castra sequentium<\/em> (\u00ab R\u00e9gime que suivent les campements \u00bb) : il s&rsquo;agit d&rsquo;un tr\u00e8s bref opuscule qui est vraisemblablement le premier trait\u00e9 du Moyen \u00c2ge \u00e0 conseiller des mesures d&rsquo;hygi\u00e8ne et de sant\u00e9 pour les arm\u00e9es en campagne. Il fut \u00e9crit en 1310 \u00e0 l&rsquo;occasion de la croisade de Jacques II contre Almer\u00eda mais, r\u00e9dig\u00e9 pendant le trajet pour se rendre \u00e0 cette ville, il fut diffus\u00e9 apr\u00e8s la fin du si\u00e8ge.&nbsp;<\/li>\n\n\n\n<li><em>Practica summaria<\/em> (\u00ab Pratique sommaire \u00bb) : il s&rsquo;agit d&rsquo;un bref r\u00e9sum\u00e9 de traitements pour trente-et-une maladies fr\u00e9quentes, vingt class\u00e9es selon le classement conventionnel de la t\u00eate aux pieds et onze pour les fi\u00e8vres et autres troubles non localis\u00e9s dans un membre en particulier. R\u00e9dig\u00e9 de mani\u00e8re tr\u00e8s synth\u00e9tique, avec un style simple et direct, et malgr\u00e9 son ambition modeste, il s&rsquo;agit probablement de l&rsquo;\u0153uvre la plus compl\u00e8te conserv\u00e9e permettant de conna\u00eetre la m\u00e9decine pratique d&rsquo;Arnau. Il se pourrait qu&rsquo;elle ait \u00e9t\u00e9 traduite en catalan du vivant de l&rsquo;auteur. Certains des manuscrits qui reproduisent cette \u0153uvre contiennent une d\u00e9dicace au prieur de Saint-Baudile de N\u00eemes, tandis que dans d&rsquo;autres elle est adress\u00e9e, de fa\u00e7on moins cr\u00e9dible, \u00e0 Cl\u00e9ment V.<\/li>\n\n\n\n<li><em>Pars operativa<\/em> ou&nbsp;<em>De parte operativa<\/em> (\u00ab Partie op\u00e9rationnelle \u00bb) : constitue un r\u00e9sum\u00e9 de pratique m\u00e9dicale, en compl\u00e9ment du th\u00e9orique <em>Speculum medicinae<\/em>. Il devait \u00eatre de nature g\u00e9n\u00e9rale, class\u00e9 de la t\u00eate aux pieds, mais il est rest\u00e9 inachev\u00e9 en raison du d\u00e9c\u00e8s de l&rsquo;auteur. Nous n&rsquo;en connaissons que l&rsquo;introduction qui offre une r\u00e9flexion sur la nature de la m\u00e9decine et la relation entre un signe et une maladie. La premi\u00e8re partie est consacr\u00e9e aux maladies mentales. En droite ligne de l&rsquo;orthodoxie gal\u00e9nique, les troubles psychiques y sont attribu\u00e9s aux alt\u00e9rations organiques.<\/li>\n\n\n\n<li>El <em>Regimen podagrae<\/em> (\u00ab Traitement de la goutte \u00bb) : il s&rsquo;agit de l&rsquo;un des premiers exemples du genre du <em>consilium<\/em> ou traitement sp\u00e9cifiqueadress\u00e9 \u00e0 une personne en particulier, dans ce cas une personne atteinte de goutte. Parmi de nombreuses mesures di\u00e9t\u00e9tiques et pharmacologiques, certaines indications astrologiques pour la saign\u00e9e et quelques rem\u00e8des fond\u00e9s sur la magie naturel y figurent.<\/li>\n<\/ol>\n\n\n\n<figure class=\"wp-block-image size-full is-resized\"><img loading=\"lazy\" decoding=\"async\" width=\"500\" height=\"656\" src=\"https:\/\/webs.uab.cat\/arnau\/wp-content\/uploads\/sites\/132\/2016\/10\/casadebanys.jpg\" alt=\"\" class=\"wp-image-553\" style=\"aspect-ratio:0.762214983713355;width:470px;height:auto\" srcset=\"https:\/\/webs.uab.cat\/arnau\/wp-content\/uploads\/sites\/132\/2016\/10\/casadebanys.jpg 500w, https:\/\/webs.uab.cat\/arnau\/wp-content\/uploads\/sites\/132\/2016\/10\/casadebanys-229x300.jpg 229w\" sizes=\"auto, (max-width: 500px) 100vw, 500px\" \/><figcaption class=\"wp-element-caption\">Illustration : Les r\u00e9gimes de sant\u00e9 r\u00e9gulaient le mode de vie des patients ais\u00e9s, non seulement concernant l&rsquo;alimentation, mais aussi le bain, le sexe et les plaisirs qui pouvaient avoir des effets positifs sur l&rsquo;humeur, tels que la musique ou l&rsquo;activit\u00e9 sociale. Maison de bains selon une miniature de<em>&nbsp;Facta et dicta memorabilia<\/em> de Val\u00e8re Maxime&nbsp;(f. 244), v. 1470, Staatsbibliothek, Berlin-Preussischer Kulturbesitz (Depot Breslau 2). Origine : <a rel=\"noreferrer noopener\" href=\"http:\/\/wtfarthistory.com\/post\/21782521659\/medieval-bathhouses\" target=\"_blank\">WTF Art History<\/a>.<\/figcaption><\/figure>\n","protected":false},"excerpt":{"rendered":"","protected":false},"author":20,"featured_media":0,"parent":0,"menu_order":0,"comment_status":"closed","ping_status":"closed","template":"","meta":{"footnotes":""},"class_list":["post-319","page","type-page","status-publish","hentry"],"_links":{"self":[{"href":"https:\/\/webs.uab.cat\/arnau\/fr\/wp-json\/wp\/v2\/pages\/319","targetHints":{"allow":["GET"]}}],"collection":[{"href":"https:\/\/webs.uab.cat\/arnau\/fr\/wp-json\/wp\/v2\/pages"}],"about":[{"href":"https:\/\/webs.uab.cat\/arnau\/fr\/wp-json\/wp\/v2\/types\/page"}],"author":[{"embeddable":true,"href":"https:\/\/webs.uab.cat\/arnau\/fr\/wp-json\/wp\/v2\/users\/20"}],"replies":[{"embeddable":true,"href":"https:\/\/webs.uab.cat\/arnau\/fr\/wp-json\/wp\/v2\/comments?post=319"}],"version-history":[{"count":2,"href":"https:\/\/webs.uab.cat\/arnau\/fr\/wp-json\/wp\/v2\/pages\/319\/revisions"}],"predecessor-version":[{"id":1882,"href":"https:\/\/webs.uab.cat\/arnau\/fr\/wp-json\/wp\/v2\/pages\/319\/revisions\/1882"}],"wp:attachment":[{"href":"https:\/\/webs.uab.cat\/arnau\/fr\/wp-json\/wp\/v2\/media?parent=319"}],"curies":[{"name":"wp","href":"https:\/\/api.w.org\/{rel}","templated":true}]}}