{"id":321,"date":"2013-11-11T23:25:22","date_gmt":"2013-11-11T23:25:22","guid":{"rendered":"https:\/\/webs.uab.cat\/arnau\/apocrifs-2\/"},"modified":"2024-09-20T23:33:21","modified_gmt":"2024-09-20T23:33:21","slug":"apocrifs-2","status":"publish","type":"page","link":"https:\/\/webs.uab.cat\/arnau\/fr\/apocrifs-2\/","title":{"rendered":"\u0152uvres apocryphes"},"content":{"rendered":"\n<h2 class=\"wp-block-heading\">&nbsp;\u0152uvres apocryphes dont l&rsquo;identit\u00e9 des auteurs v\u00e9ritables a \u00e9t\u00e9 r\u00e9tablie:<\/h2>\n\n\n\n<ol class=\"wp-block-list\" start=\"45\">\n<li><em>Tabulae quae medicum informant<\/em> (\u00ab Tableaux qui informent le m\u00e9decin \u00bb) de Stephanus Arlandi, recueil sch\u00e9matique des m\u00e9dicaments et aliments que le m\u00e9decin peut administrer avant d&rsquo;aboutir \u00e0 un diagnostic d\u00e9finitif.&nbsp;<\/li>\n\n\n\n<li><em>De signis leprae<\/em> (\u00ab Des signes de la l\u00e8pre \u00bb), deuxi\u00e8me partie de <em>Summa de lepra<\/em> de Iordanus de Turre.<\/li>\n\n\n\n<li><em>De pronosticatione somniorum<\/em> (\u00ab De la divination des r\u00eaves \u00bb), trait\u00e9 d&rsquo;oniromancie de Guillaume d&rsquo;Aragon.<\/li>\n\n\n\n<li><em>Tractatus contra calculum<\/em> (\u00ab Trait\u00e9 contre le calcul \u00bb) = <em>Liber Manus Dei contra calculosum languorem<\/em> de Galvano da Levanto, une monographie sur la gravelle.<\/li>\n\n\n\n<li><em>Regimen contra catarrum<\/em> (\u00ab R\u00e9gime contre le rhume \u00bb) = <em>Remedium salutare contra catarrum<\/em> de Galvano da Levanto, sur le rhume.&nbsp;<\/li>\n\n\n\n<li><em>De tremore cordis<\/em> (\u00ab Du tremblement du c\u0153ur \u00bb) =&nbsp; <em>Carisma sanativum tremoris cordis<\/em> de Galvano da Levanto, monographie ax\u00e9e sur le tremblement du c\u0153ur.<\/li>\n\n\n\n<li><em>De epilentia<\/em> (\u00ab De l&rsquo;\u00e9pilepsie \u00bb) =&nbsp; <em>Liber Salvatoris contra morbum caducum<\/em> de Galvano da Levanto, monographie ax\u00e9e sur l&rsquo;\u00e9pilepsie.<\/li>\n\n\n\n<li><em>Epistola de retardatione accidentium senectutis<\/em> (\u00ab \u00c9p\u00eetre sur l&rsquo;art de retarder les signes du vieillissement \u00bb)<\/li>\n\n\n\n<li><em>Liber de conservatione iuventutis<\/em> (\u00ab Livre de la conservation de la jeunesse \u00bb), ce livre et le pr\u00e9c\u00e9dent ont donn\u00e9 apocryphement \u00e0 Arnau de Vilanova une grande renomm\u00e9e d&rsquo;expert dans l&rsquo;art de retarder les effets du vieillissement, mais un certain \u00ab Goet \u00bb serait l&rsquo;auteur de l&rsquo;\u0153uvre.<\/li>\n\n\n\n<li><em>Commentum super Regimen sanitatis Salernitanum<\/em>, (\u00ab Commentaire du Regiment de sanitat de Salern\u00ab ), c\u00e9l\u00e8bre po\u00e8me pour pr\u00e9server la sant\u00e9 de l&rsquo;\u00e9cole de m\u00e9decine de Salerne, probablement \u00e9crit par Ioannes Inchy.<\/li>\n\n\n\n<li><em>Summa medicinae<\/em> (\u00ab Synth\u00e8se de m\u00e9decine \u00bb), recueil de m\u00e9decine th\u00e9orique et pratique vraisemblablement \u00e9crit par Hugues de Montpellier.<\/li>\n\n\n\n<li><em>De physicis ligaturis<\/em> (\u00ab Des liens naturels \u00bb), version latine que certains manuscrits attribuent \u00e0 Arnau de Vilanova d&rsquo;un livre de Qusta ibn Luqa sur les ressources de la magie naturelle. Son v\u00e9ritable traducteur fut Constantin l&rsquo;Africain.<\/li>\n\n\n\n<li><em>De coitu<\/em> (\u00ab Du co\u00eft \u00bb), version de Constantin l&rsquo;Africain d&rsquo;un opuscule d&rsquo;Ibn Al Jazzar.<\/li>\n\n\n\n<li><em>Remedia contra maleficia<\/em> (\u00ab Rem\u00e8de contre les mal\u00e9fices \u00bb), recueil de rem\u00e8des contre l&rsquo;impuissance et la st\u00e9rilit\u00e9 compos\u00e9 \u00e0 partir d&rsquo;un chapitre du Liber pantegni d&rsquo;ibn Abbas al-Majusi traduit par Constantin l&rsquo;Africain et de quelques recettes du <em>Thesaurus pauperum<\/em> de Petrus Hispanus.<\/li>\n\n\n\n<li><em>Siensa de destrar<\/em> (\u00ab Science de la mesure \u00bb),<\/li>\n\n\n\n<li><em>Siensa d\u2019atermenar<\/em> (\u00ab Science de la d\u00e9termination \u00bb), ce dernier et le pr\u00e9c\u00e9dent sont deux trait\u00e9s d&rsquo;arpentage en occitan de Bertrand Boysset que l&rsquo;auteur a attribu\u00e9 \u00e0 Arnau de Vilanova.<\/li>\n\n\n\n<li><em>Liber experimentorum<\/em> (\u00ab Livre des exp\u00e9riences \u00bb), recueil en occitan d&rsquo;op\u00e9rations de magie, d&rsquo;astrologie m\u00e9dicale et d&rsquo;alchimie que son auteur, probablement Guillaume de Perissa, attribue \u00e0 Arnau de Vilanova, de qui il \u00e9tait le secr\u00e9taire \u00e0 Naples selon ses dires.<\/li>\n<\/ol>\n\n\n\n<h2 class=\"wp-block-heading\">\u0152uvres apocryphes d&rsquo;auteur incertain<\/h2>\n\n\n\n<ol class=\"wp-block-list\" start=\"62\">\n<li><em>Breviarium practicae<\/em> (\u00ab Br\u00e9viaire de pratique \u00bb) : long recueil de pratique m\u00e9dicale qui, avec des mat\u00e9riaux provenant d&rsquo;autorit\u00e9s anciennes ou arabes, regroupe des mat\u00e9riaux empiriques. Malgr\u00e9 la renomm\u00e9e qu&rsquo;il a donn\u00e9 \u00e0 Arnau de Vilanova, l&rsquo;auteur devait \u00eatre un Napolitain contemporain.<\/li>\n\n\n\n<li><em>De cautelis medicorum<\/em> (\u00ab Des pr\u00e9cautions des m\u00e9decins \u00bb) : il s&rsquo;agit d&rsquo;un recueil de textes d&rsquo;origines diverses sur l&rsquo;examen de l&rsquo;urine et la d\u00e9ontologie m\u00e9dicale.<\/li>\n\n\n\n<li><em>Introductorium ad iudicia astrologiae quantum pertinet ad medicinam<\/em> (\u00ab Introduction aux jugements de l&rsquo;astrologie en rapport avec la m\u00e9decine \u00bb) ou&nbsp;<em>De iudiciis astronomiae<\/em> (\u00ab Sur les jugements de l&rsquo;astrologie \u00bb) : la premi\u00e8re partie de ce trait\u00e9 de tr\u00e8s grande diffusion manuscrite est une introduction \u00e0 l&rsquo;astrologie g\u00e9n\u00e9rale et la deuxi\u00e8me partie est ax\u00e9e sur l&rsquo;application de l&rsquo;astrologie \u00e0 la m\u00e9decine, avec des indications relatives au pronostic, aux jours critiques et particuli\u00e8rement \u00e0 la position de la lune, notamment pour les \u00e9vacuations. La tradition textuelle montre que les copies les plus anciennes sont anonymes et l&rsquo;attribution \u00e0 Arnau de Vilanova s&rsquo;estompe progressivement.<\/li>\n\n\n\n<li><em>De sterilitate<\/em> (\u00ab De la st\u00e9rilit\u00e9 \u00bb) : attribu\u00e9 \u00e0 Arnau de Vilanova, entre autres, il d\u00e9coule en fait du <em>Lilium medicinae<\/em> de Bernard de Gordon.<\/li>\n\n\n\n<li><em>De conceptu<\/em> (\u00ab De la conception \u00bb) : son caract\u00e8re apocryphe est rendu \u00e9vident par la diversit\u00e9 des auteurs sous lesquels l&rsquo;\u0153uvre s&rsquo;abrite et par le peu de scrupules \u00e0 copier de nombreux passages du <em>Lilium medicinae<\/em> de Bernard de Gordon.<\/li>\n\n\n\n<li><em>De ornatu mulierum<\/em> (\u00ab De l&rsquo;ornement des femmes \u00bb) : recettes de cosm\u00e9tique, m\u00eal\u00e9es \u00e0 des recommandations d&rsquo;hygi\u00e8ne et de s\u00e9duction.<\/li>\n\n\n\n<li><em>De decoratione<\/em> (\u00ab De l&#8217;embellissement \u00bb) : bref trait\u00e9 de cosm\u00e9tique et de soin.<\/li>\n\n\n\n<li><em>Tractatus de phlebotomia<\/em> (\u00ab Trait\u00e9 de la saign\u00e9e) : le trait\u00e9 \u00e9tudie les saign\u00e9es, les veines o\u00f9 les pratiquer, l&rsquo;influence de la lune et celle des signes du zodiaque \u00e0 prendre en compte.<\/li>\n\n\n\n<li><em>De phlebotomia<\/em> (\u00ab De la saign\u00e9e \u00bb) : un bref texte qui traite principalement du meilleur moment pour r\u00e9aliser la saign\u00e9e et \u00e9num\u00e8re les veines o\u00f9 la pratiquer, il est en fait le fruit de la fusion de mat\u00e9riaux d&rsquo;origine m\u00e9di\u00e9vale. D&rsquo;autres versions ont \u00e9t\u00e9 attribu\u00e9es \u00e0 Beda et \u00e0 Petrus Hispanus.<\/li>\n\n\n\n<li><em>De bonitate memorie<\/em> (\u00ab De la bonne m\u00e9moire \u00bb) : recueil de pr\u00e9ceptes pour conserver une bonne m\u00e9moire. Sa partie centrale est une r\u00e9\u00e9criture des aphorismes de m\u00e9moire arnaldiens.<\/li>\n\n\n\n<li><em>Questiones super Libello de malitia complexionis diverse<\/em> (\u00ab Questions concernant le livre sur la complexion pathologique d\u00e9s\u00e9quilibr\u00e9e \u00bb) : dix-huit questions plus ou moins li\u00e9es au <em>De malitia<\/em> de Galien qui suivent un format strictement scolastique. Outre ce formalisme peu arnaldien, il n&rsquo;existe aucun manuscrit connu qui puisse appuyer son authenticit\u00e9.<\/li>\n\n\n\n<li><em>De duodecim imaginibus Hermetis<\/em> (\u00ab Des douze images d&rsquo;Herm\u00e8s \u00bb) : il prescrit de graver dans douze images les figures des signes pour gu\u00e9rir les membres correspondants.<\/li>\n\n\n\n<li><em>Documentum contra lapidem<\/em> (\u00ab Document contre la gravelle \u00bb) : il traite sur un sceau de Lion contre la gravelle.<\/li>\n\n\n\n<li><em>Thesaurus pauperum&nbsp;<\/em>(\u00ab Le Tr\u00e9sor des pauvres \u00bb) : recueil pratique de rem\u00e8des extraits de diff\u00e9rents auteurs, avec une pr\u00e9f\u00e9rence pour les produits les plus abordables. Il eut une extraordinaire diffusion tant en latin que dans les langues vulgaires. L&rsquo;attribution la plus r\u00e9pandue \u00e0 Petrus Hispanus est douteuse, mais celle d&rsquo;Arnau de Vilanova que l&rsquo;on retrouve parfois est clairement sans fondement, notamment en roman (sicilien, fran\u00e7ais).<\/li>\n\n\n\n<li><em>Tractatus de virtutibus herbarum<\/em> (\u00ab Trait\u00e9 sur les vertus des plantes \u00bb) : description de 150 plantes d&rsquo;Allemagne, suivie d&rsquo;une compilation de diff\u00e9rents herbiers et trait\u00e9s m\u00e9dicaux m\u00e9di\u00e9vaux, qui comprennent des m\u00e9dicaments simples d&rsquo;origine v\u00e9g\u00e9tale, animale et min\u00e9rale.<\/li>\n\n\n\n<li><em>De lege<\/em> (\u00ab De la loi \u00bb) d&rsquo;Hippocrate, sur les conditions que le m\u00e9decin doit avoir.<\/li>\n<\/ol>\n\n\n\n<figure class=\"wp-block-image size-full\"><img loading=\"lazy\" decoding=\"async\" width=\"429\" height=\"598\" src=\"https:\/\/webs.uab.cat\/arnau\/wp-content\/uploads\/sites\/132\/2016\/10\/Regimen_Sanitatis_Salernitanum.jpg\" alt=\"\" class=\"wp-image-529\" srcset=\"https:\/\/webs.uab.cat\/arnau\/wp-content\/uploads\/sites\/132\/2016\/10\/Regimen_Sanitatis_Salernitanum.jpg 429w, https:\/\/webs.uab.cat\/arnau\/wp-content\/uploads\/sites\/132\/2016\/10\/Regimen_Sanitatis_Salernitanum-215x300.jpg 215w\" sizes=\"auto, (max-width: 429px) 100vw, 429px\" \/><figcaption class=\"wp-element-caption\">Illustration : \u00c9dition du <em>Regimen Sanitatis Salernitanum<\/em>, avec le commentaire attribu\u00e9 \u00e0 tort \u00e0 Arnau de Vilanova en raison d&rsquo;une erreur \u00e9ditoriale. Imprim\u00e9 \u00e0 plusieurs reprises pendant trois si\u00e8cles, elle lui donna une renomm\u00e9e durable. Origine : <a href=\"https:\/\/commons.wikimedia.org\/wiki\/File:Regimen_Sanitatis_Salernitanum.jpg\" target=\"_blank\" rel=\"noreferrer noopener\">Wikimedia<\/a>.<\/figcaption><\/figure>\n","protected":false},"excerpt":{"rendered":"<p>&nbsp;\u0152uvres apocryphes dont l&rsquo;identit\u00e9 des auteurs v\u00e9ritables a \u00e9t\u00e9 r\u00e9tablie: \u0152uvres apocryphes d&rsquo;auteur incertain<\/p>\n","protected":false},"author":20,"featured_media":0,"parent":0,"menu_order":0,"comment_status":"closed","ping_status":"closed","template":"","meta":{"footnotes":""},"class_list":["post-321","page","type-page","status-publish","hentry"],"_links":{"self":[{"href":"https:\/\/webs.uab.cat\/arnau\/fr\/wp-json\/wp\/v2\/pages\/321","targetHints":{"allow":["GET"]}}],"collection":[{"href":"https:\/\/webs.uab.cat\/arnau\/fr\/wp-json\/wp\/v2\/pages"}],"about":[{"href":"https:\/\/webs.uab.cat\/arnau\/fr\/wp-json\/wp\/v2\/types\/page"}],"author":[{"embeddable":true,"href":"https:\/\/webs.uab.cat\/arnau\/fr\/wp-json\/wp\/v2\/users\/20"}],"replies":[{"embeddable":true,"href":"https:\/\/webs.uab.cat\/arnau\/fr\/wp-json\/wp\/v2\/comments?post=321"}],"version-history":[{"count":5,"href":"https:\/\/webs.uab.cat\/arnau\/fr\/wp-json\/wp\/v2\/pages\/321\/revisions"}],"predecessor-version":[{"id":2043,"href":"https:\/\/webs.uab.cat\/arnau\/fr\/wp-json\/wp\/v2\/pages\/321\/revisions\/2043"}],"wp:attachment":[{"href":"https:\/\/webs.uab.cat\/arnau\/fr\/wp-json\/wp\/v2\/media?parent=321"}],"curies":[{"name":"wp","href":"https:\/\/api.w.org\/{rel}","templated":true}]}}