{"id":322,"date":"2013-11-08T01:28:13","date_gmt":"2013-11-08T01:28:13","guid":{"rendered":"https:\/\/webs.uab.cat\/arnau\/espiritual-2\/"},"modified":"2024-08-13T13:04:48","modified_gmt":"2024-08-13T13:04:48","slug":"espiritual-2","status":"publish","type":"page","link":"https:\/\/webs.uab.cat\/arnau\/fr\/espiritual-2\/","title":{"rendered":"\u0152uvre spirituelle"},"content":{"rendered":"\n<p>Outre les \u0153uvres m\u00e9dicales, Arnau de Vilanova a \u00e9crit de nombreuses \u0153uvres sur des th\u00e8mes tr\u00e8s vari\u00e9s et aux caract\u00e9ristiques bien diff\u00e9rentes : des commentaires d&rsquo;autres \u0153uvres, des interpr\u00e9tations des t\u00e9tragrammes divins, des \u00e9crits d\u00e9non\u00e7ant les fausses religions, des \u0153uvres apocalyptiques, de pol\u00e9mique, des sermons, des lettres&#8230; Elles sont couramment d\u00e9nomm\u00e9es \u00ab \u0153uvres spirituelles \u00bb, \u00abth\u00e9ologiques \u00bb ou \u00ab religieuses \u00bb, m\u00eame si leur th\u00e8me et leur style ne correspondent pas toujours \u00e0 ces qualificatifs. Ces \u0153uvres ont \u00e9t\u00e9 \u00e9crites en&nbsp;<a href=\"llatina\">latin<\/a> ou en <a href=\"catalana\">catalan<\/a> et, tr\u00e8s vite, certaines ont \u00e9t\u00e9 <a href=\"versions\">traduites dans d&rsquo;autres langues<\/a> : en grec, en italien (toscan et napolitain), en espagnol. Le jugement de Tarragone de 1316 a condamn\u00e9 plusieurs th\u00e8ses contenues dans ces \u00e9crits ; c&rsquo;est pourquoi peu de manuscrits en ont \u00e9t\u00e9 conserv\u00e9s. Certaines de ces \u0153uvres n&rsquo;ont pas perdur\u00e9 jusqu&rsquo;\u00e0 nos jours. D&rsquo;autre part, il y a lieu de <a href=\"problematiques\">douter de l&rsquo;authenticit\u00e9<\/a> de certains \u00e9crits qui ont \u00e9t\u00e9 diffus\u00e9s sous son nom.<\/p>\n\n\n\n<figure class=\"wp-block-image size-full is-resized\"><img loading=\"lazy\" decoding=\"async\" width=\"422\" height=\"317\" src=\"https:\/\/webs.uab.cat\/arnau\/wp-content\/uploads\/sites\/132\/2016\/10\/climent.jpg\" alt=\"\" class=\"wp-image-607\" style=\"aspect-ratio:1.33206106870229;width:562px;height:auto\" srcset=\"https:\/\/webs.uab.cat\/arnau\/wp-content\/uploads\/sites\/132\/2016\/10\/climent.jpg 422w, https:\/\/webs.uab.cat\/arnau\/wp-content\/uploads\/sites\/132\/2016\/10\/climent-300x225.jpg 300w\" sizes=\"auto, (max-width: 422px) 100vw, 422px\" \/><figcaption class=\"wp-element-caption\">Illustration : les Templiers devant le pape Cl\u00e9ment V et le roi Philippe IV de France durant le Concile de Vienne, lors duquel le pontife abolit l&rsquo;ordre du Temple sur l&rsquo;instigation de Philippe IV (1311-1312). Arnau de Vilanova pr\u00e9sente \u00e0 Cl\u00e9ment V, son ami personnel, un manuscrit contenant ses \u0153uvres spirituelles latines en 1305, imm\u00e9diatement apr\u00e8s avoir \u00e9t\u00e9 \u00e9lu pape. Un ensemble conserv\u00e9 dans un manuscrit du Vatican. Arnau de Vilanova intervient dans l&rsquo;affaire des Templiers et en parle dans diff\u00e9rentes lettres adress\u00e9es \u00e0 Cl\u00e9ment V, Jacques II et Philippe IV.<\/figcaption><\/figure>\n","protected":false},"excerpt":{"rendered":"<p>Outre les \u0153uvres m\u00e9dicales, Arnau de Vilanova a \u00e9crit de nombreuses \u0153uvres sur des th\u00e8mes tr\u00e8s vari\u00e9s et aux caract\u00e9ristiques bien diff\u00e9rentes : des commentaires d&rsquo;autres \u0153uvres, des interpr\u00e9tations des t\u00e9tragrammes divins, des \u00e9crits d\u00e9non\u00e7ant les fausses religions, des \u0153uvres apocalyptiques, de pol\u00e9mique, des sermons, des lettres&#8230; Elles sont couramment d\u00e9nomm\u00e9es \u00ab \u0153uvres spirituelles \u00bb, [&hellip;]<\/p>\n","protected":false},"author":20,"featured_media":0,"parent":0,"menu_order":0,"comment_status":"closed","ping_status":"closed","template":"","meta":{"footnotes":""},"class_list":["post-322","page","type-page","status-publish","hentry"],"_links":{"self":[{"href":"https:\/\/webs.uab.cat\/arnau\/fr\/wp-json\/wp\/v2\/pages\/322","targetHints":{"allow":["GET"]}}],"collection":[{"href":"https:\/\/webs.uab.cat\/arnau\/fr\/wp-json\/wp\/v2\/pages"}],"about":[{"href":"https:\/\/webs.uab.cat\/arnau\/fr\/wp-json\/wp\/v2\/types\/page"}],"author":[{"embeddable":true,"href":"https:\/\/webs.uab.cat\/arnau\/fr\/wp-json\/wp\/v2\/users\/20"}],"replies":[{"embeddable":true,"href":"https:\/\/webs.uab.cat\/arnau\/fr\/wp-json\/wp\/v2\/comments?post=322"}],"version-history":[{"count":2,"href":"https:\/\/webs.uab.cat\/arnau\/fr\/wp-json\/wp\/v2\/pages\/322\/revisions"}],"predecessor-version":[{"id":1888,"href":"https:\/\/webs.uab.cat\/arnau\/fr\/wp-json\/wp\/v2\/pages\/322\/revisions\/1888"}],"wp:attachment":[{"href":"https:\/\/webs.uab.cat\/arnau\/fr\/wp-json\/wp\/v2\/media?parent=322"}],"curies":[{"name":"wp","href":"https:\/\/api.w.org\/{rel}","templated":true}]}}