{"id":327,"date":"2013-11-26T18:33:11","date_gmt":"2013-11-26T18:33:11","guid":{"rendered":"https:\/\/webs.uab.cat\/arnau\/problematiques-2\/"},"modified":"2024-08-13T13:13:36","modified_gmt":"2024-08-13T13:13:36","slug":"problematiques-2","status":"publish","type":"page","link":"https:\/\/webs.uab.cat\/arnau\/fr\/problematiques-2\/","title":{"rendered":"\u0152uvres \u00e0 la paternit\u00e9 probl\u00e9matique"},"content":{"rendered":"\n<ol class=\"wp-block-list\" start=\"78\">\n<li><em>Tractatus quidam in quo respondetur obiectionibus quae fiebant contra tractatum Arnaldi De adventu Antichristi <\/em>(\u00ab Trait\u00e9 o\u00f9 il est donn\u00e9 r\u00e9ponse aux objections formul\u00e9es contre le trait\u00e9 De l&rsquo;arriv\u00e9e de l&rsquo;Ant\u00e9christ d&rsquo;Arnau de Vilanova \u00bb, certainement apr\u00e8s 1310) : ce trait\u00e9 est anonyme dans l&rsquo;unique manuscrit qui en est conserv\u00e9. Il n&rsquo;est cit\u00e9 dans aucune des listes des \u0153uvres arnaldiennes \u00e9labor\u00e9es par Arnau lui-m\u00eame, ni n&rsquo;est cit\u00e9 dans aucune de ses \u0153uvres. Le <em>Tractatus<\/em> prend la d\u00e9fense d&rsquo;Arnau de Vilanova concernant les objections que ses adversaires avaient formul\u00e9es contre le <em>De adventu<\/em> comme l&rsquo;indique le titre, ainsi que d&rsquo;autres \u0153uvres. Certaines objections sont document\u00e9es dans le <em>Contra divinatores et sompniatores<\/em> d&rsquo;Augustin d&rsquo;Anc\u00f4ne (1310). L&rsquo;auteur se sert de textes authentiques d&rsquo;Arnau Il existe une nette alt\u00e9rit\u00e9 entre l&rsquo;auteur-narrateur et Arnau de Vilanova (<em>denuntians<\/em>).<\/li>\n\n\n\n<li><em>Expositio super XXIV capitulum Matthaei <\/em>(\u00ab Exposition du chapitre XXIV de Matthieu \u00bb) : l&rsquo;unique manuscrit conserv\u00e9 de l&rsquo;<em>Expositio<\/em> l&rsquo;attribue \u00e0 Arnau, mais elle n&rsquo;est cit\u00e9e dans aucune des listes \u00e9labor\u00e9es par Arnau lui-m\u00eame, ni n&rsquo;est cit\u00e9e dans aucune autre \u0153uvre. Il s&rsquo;agit d&rsquo;un commentaire ex\u00e9g\u00e9tique du chapitre XXIV de l&rsquo;\u00c9vangile selon Matthieu.<\/li>\n\n\n\n<li><em>Conflictus iudaeorum <\/em>(\u00ab Le conflit avec les Juifs \u00bb) : l&rsquo;\u0153uvre est anonyme, mais elle est copi\u00e9e \u00e0 la suite d&rsquo;une \u0153uvre arnaldienne sur l&rsquo;unique copie manuscrite connue. Le <em>Conflictus<\/em> est une proposition d&rsquo;un roi formul\u00e9e par un interm\u00e9diaire \u00e0 un chef d&rsquo;une communaut\u00e9 juive l&rsquo;invitant \u00e0 se convertir. Arnau recommande \u00e0 Fr\u00e9d\u00e9ric de Sicile une proposition analogue, d&rsquo;autres t\u00e9moignages historiques confirment qu&rsquo;il l&rsquo;a \u00e9crite. Si cette \u0153uvre s&rsquo;av\u00e9rait \u00eatre d&rsquo;Arnau, la&nbsp;<em>Prima propositio de conflicto iudaeorum<\/em> (\u00ab Premi\u00e8re proposition sur le conflit avec les Juifs \u00bb), actuellement perdue, le serait \u00e9galement.<\/li>\n\n\n\n<li><em>Tractatus contra passagium ad partes ultramarinas <\/em>(\u00ab Trait\u00e9 contre la travers\u00e9e d&rsquo;outre-mer \u00bb) : l&rsquo;opuscule est \u00e9galement anonyme, mais il se trouve parmi des \u0153uvres arnaldiennes dans l&rsquo;unique manuscrit qui en est conserv\u00e9. L&rsquo;auteur de ce trait\u00e9, destin\u00e9 au roi, argumentait que n&rsquo;\u00e9taient pas r\u00e9unies les conditions spirituelles n\u00e9cessaires pour que la croisade qu&rsquo;il pr\u00e9tendait mener soit un succ\u00e8s. Les conditions suivantes devaient d&rsquo;abord \u00eatre garanties : ardeur, comportement et \u0153uvres \u00e9vang\u00e9liques.<\/li>\n\n\n\n<li><em>Expositio Apocalypsis<\/em>(\u00ab Exposition de l&rsquo;Apocalypse \u00bb, Saint-Victor de Marseille, 1306). Commentaire d\u00e9taill\u00e9 de l&rsquo;Apocalypse, mot par mot. Il fut \u00e9dit\u00e9 sous le nom d&rsquo;Arnau. Les manuscrits les plus anciens (connus lorsque l&rsquo;\u00e9dition \u00e9tait sur le point de voir le jour) n&rsquo;attribuent toutefois pas l&rsquo;\u0153uvre \u00e0 Arnau. L&rsquo;auteur se sert de la division trinitaire de l&rsquo;histoire, de Joachim de Flore, qui n&rsquo;est non seulement pas utilis\u00e9e dans les \u0153uvres authentiques d&rsquo;Arnau, mais explicitement rejet\u00e9e. Il semblerait que l&rsquo;auteur pourrait \u00eatre un moine (Hugues de Nevers ?) de Saint-Victor de Marseille.<\/li>\n<\/ol>\n\n\n\n<figure class=\"wp-block-image size-full is-resized\"><img loading=\"lazy\" decoding=\"async\" width=\"410\" height=\"512\" src=\"https:\/\/webs.uab.cat\/arnau\/wp-content\/uploads\/sites\/132\/2016\/10\/BambergApocalypse31v.jpg\" alt=\"\" class=\"wp-image-547\" style=\"aspect-ratio:0.8009153318077803;width:507px;height:auto\" srcset=\"https:\/\/webs.uab.cat\/arnau\/wp-content\/uploads\/sites\/132\/2016\/10\/BambergApocalypse31v.jpg 410w, https:\/\/webs.uab.cat\/arnau\/wp-content\/uploads\/sites\/132\/2016\/10\/BambergApocalypse31v-240x300.jpg 240w\" sizes=\"auto, (max-width: 410px) 100vw, 410px\" \/><figcaption class=\"wp-element-caption\">Illustration : Apocalyse de Bamberg, f. 31v, Bamberg, Staatsbibliothek, MS A. II. 42. Origine : <a rel=\"noreferrer noopener\" href=\"https:\/\/commons.wikimedia.org\/wiki\/File:BambergApocalypseFolio031vDragonPursuingWomanInWilderness.JPG\" target=\"_blank\">Wikimedia<\/a>.<\/figcaption><\/figure>\n","protected":false},"excerpt":{"rendered":"","protected":false},"author":20,"featured_media":0,"parent":0,"menu_order":0,"comment_status":"closed","ping_status":"closed","template":"","meta":{"footnotes":""},"class_list":["post-327","page","type-page","status-publish","hentry"],"_links":{"self":[{"href":"https:\/\/webs.uab.cat\/arnau\/fr\/wp-json\/wp\/v2\/pages\/327","targetHints":{"allow":["GET"]}}],"collection":[{"href":"https:\/\/webs.uab.cat\/arnau\/fr\/wp-json\/wp\/v2\/pages"}],"about":[{"href":"https:\/\/webs.uab.cat\/arnau\/fr\/wp-json\/wp\/v2\/types\/page"}],"author":[{"embeddable":true,"href":"https:\/\/webs.uab.cat\/arnau\/fr\/wp-json\/wp\/v2\/users\/20"}],"replies":[{"embeddable":true,"href":"https:\/\/webs.uab.cat\/arnau\/fr\/wp-json\/wp\/v2\/comments?post=327"}],"version-history":[{"count":2,"href":"https:\/\/webs.uab.cat\/arnau\/fr\/wp-json\/wp\/v2\/pages\/327\/revisions"}],"predecessor-version":[{"id":1893,"href":"https:\/\/webs.uab.cat\/arnau\/fr\/wp-json\/wp\/v2\/pages\/327\/revisions\/1893"}],"wp:attachment":[{"href":"https:\/\/webs.uab.cat\/arnau\/fr\/wp-json\/wp\/v2\/media?parent=327"}],"curies":[{"name":"wp","href":"https:\/\/api.w.org\/{rel}","templated":true}]}}