{"id":330,"date":"2013-11-17T12:05:01","date_gmt":"2013-11-17T12:05:01","guid":{"rendered":"https:\/\/webs.uab.cat\/arnau\/protoespiritual-2\/"},"modified":"2024-08-13T13:19:59","modified_gmt":"2024-08-13T13:19:59","slug":"protoespiritual-2","status":"publish","type":"page","link":"https:\/\/webs.uab.cat\/arnau\/fr\/protoespiritual-2\/","title":{"rendered":"Protospirituelle (v. 1292-1295)"},"content":{"rendered":"\n<p>Qui sait si plus ou moins influenc\u00e9 par le spiritualisme de Pierre de Jean Olivi, ma\u00eetre Arnau de Vilanova abandonne le projet pr\u00e9c\u00e9dent et \u00e9tablit les bases d&rsquo;un spiritualisme qui se d\u00e9veloppera ult\u00e9rieurement. Cette \u00e9tape comprend \u00e9galement deux \u0153uvres (n\u00ba 3 et 4). Le fondement de ce premier spiritualisme serait une premi\u00e8re version de la \u00ab v\u00e9rit\u00e9 du christianisme \u00bb. La r\u00e9alit\u00e9 sensible, affirme Arnau dans le <em>De prudentia<\/em>, peut \u00eatre consid\u00e9r\u00e9e d&rsquo;un triple point de vue : selon ce qui est pour elle-m\u00eame (c&rsquo;est ce que fait le philosophe naturel) ; selon les raisons de son entit\u00e9, c&rsquo;est-\u00e0-dire, en r\u00e9f\u00e9rence \u00e0 sa cause intelligible (m\u00e9taphysique) et, enfin, comme caus\u00e9es par sa cause premi\u00e8re (fid\u00e8le). Le \u00ab v\u00e9ritable fid\u00e8le \u00bb ne consid\u00e8re la r\u00e9alit\u00e9 physique que comme le d\u00e9but d&rsquo;un chemin spirituel vers Dieu. Le spiritualisme d&rsquo;Arnau est lors de cette \u00e9tape \u00ab mod\u00e9r\u00e9 \u00bb. Arnau devient \u00e0 partir de ce moment un \u00ab compagnon de chemin \u00bb (Manselli) des Franciscains spirituels : P\u00e8ire Joan, Angelo Clareno, Ubertino da Casale, Hug de Balma.<\/p>\n\n\n<div class=\"wp-block-image\">\n<figure class=\"aligncenter size-full is-resized\"><img loading=\"lazy\" decoding=\"async\" width=\"208\" height=\"437\" src=\"https:\/\/webs.uab.cat\/arnau\/wp-content\/uploads\/sites\/132\/2016\/10\/franciscans.jpg\" alt=\"\" class=\"wp-image-583\" style=\"width:301px;height:632px\" srcset=\"https:\/\/webs.uab.cat\/arnau\/wp-content\/uploads\/sites\/132\/2016\/10\/franciscans.jpg 208w, https:\/\/webs.uab.cat\/arnau\/wp-content\/uploads\/sites\/132\/2016\/10\/franciscans-143x300.jpg 143w\" sizes=\"auto, (max-width: 208px) 100vw, 208px\" \/><figcaption class=\"wp-element-caption\">Illustration : franciscains.<\/figcaption><\/figure>\n<\/div>\n\n\n<p><\/p>\n","protected":false},"excerpt":{"rendered":"<p>Qui sait si plus ou moins influenc\u00e9 par le spiritualisme de Pierre de Jean Olivi, ma\u00eetre Arnau de Vilanova abandonne le projet pr\u00e9c\u00e9dent et \u00e9tablit les bases d&rsquo;un spiritualisme qui se d\u00e9veloppera ult\u00e9rieurement. Cette \u00e9tape comprend \u00e9galement deux \u0153uvres (n\u00ba 3 et 4). Le fondement de ce premier spiritualisme serait une premi\u00e8re version de la [&hellip;]<\/p>\n","protected":false},"author":20,"featured_media":0,"parent":0,"menu_order":0,"comment_status":"closed","ping_status":"closed","template":"","meta":{"footnotes":""},"class_list":["post-330","page","type-page","status-publish","hentry"],"_links":{"self":[{"href":"https:\/\/webs.uab.cat\/arnau\/fr\/wp-json\/wp\/v2\/pages\/330","targetHints":{"allow":["GET"]}}],"collection":[{"href":"https:\/\/webs.uab.cat\/arnau\/fr\/wp-json\/wp\/v2\/pages"}],"about":[{"href":"https:\/\/webs.uab.cat\/arnau\/fr\/wp-json\/wp\/v2\/types\/page"}],"author":[{"embeddable":true,"href":"https:\/\/webs.uab.cat\/arnau\/fr\/wp-json\/wp\/v2\/users\/20"}],"replies":[{"embeddable":true,"href":"https:\/\/webs.uab.cat\/arnau\/fr\/wp-json\/wp\/v2\/comments?post=330"}],"version-history":[{"count":2,"href":"https:\/\/webs.uab.cat\/arnau\/fr\/wp-json\/wp\/v2\/pages\/330\/revisions"}],"predecessor-version":[{"id":1896,"href":"https:\/\/webs.uab.cat\/arnau\/fr\/wp-json\/wp\/v2\/pages\/330\/revisions\/1896"}],"wp:attachment":[{"href":"https:\/\/webs.uab.cat\/arnau\/fr\/wp-json\/wp\/v2\/media?parent=330"}],"curies":[{"name":"wp","href":"https:\/\/api.w.org\/{rel}","templated":true}]}}