{"id":332,"date":"2013-11-17T12:26:20","date_gmt":"2013-11-17T12:26:20","guid":{"rendered":"https:\/\/webs.uab.cat\/arnau\/propiament-espiritual-2\/"},"modified":"2024-08-13T13:23:21","modified_gmt":"2024-08-13T13:23:21","slug":"propiament-espiritual-2","status":"publish","type":"page","link":"https:\/\/webs.uab.cat\/arnau\/fr\/propiament-espiritual-2\/","title":{"rendered":"Proprement spirituelle (1305-1311)"},"content":{"rendered":"\n<p>Apr\u00e8s l&rsquo;agitation de la pol\u00e9mique, Arnau de Vilanova \u00e9crit ses \u0153uvres les plus spirituelles. Il reprend les r\u00e9flexions sur le <em>verus fidelis<\/em>. Le concept de \u00ab voir chr\u00e9tien \u00bb devient l&rsquo;axe de toute cette p\u00e9riode : il le d\u00e9finit, en tire des cons\u00e9quences et le promeut dans diff\u00e9rents domaines. Contre le christianisme simplement sociologique de ceux qui uniquement se disent chr\u00e9tiens, plus par habitude sociale que par conviction, Arnau propose un christianisme sinc\u00e8re, v\u00e9cu, int\u00e9rieur, mais \u00e0 la fois tr\u00e8s engag\u00e9 socialement. Si J\u00e9sus Christ a donn\u00e9 un exemple d&rsquo;humilit\u00e9, de charit\u00e9 et de pauvret\u00e9, de m\u00e9pris des choses de ce monde, d&rsquo;esquiver les honneurs, etc., le chr\u00e9tien doit suivre ce m\u00eame chemin. Le chr\u00e9tien doit imiter J\u00e9sus Christ, devenir un \u00ab petit Christ \u00bb (<em>christini<\/em>).<\/p>\n\n\n\n<p>Arnau de Vilanova s&rsquo;\u00e9tait rendu compte que le christianisme de son \u00e9poque \u00e9tait souvent tr\u00e8s superficiel. Il fallait donc le r\u00e9former. Afin d&rsquo;y parvenir, il \u00e9labore des plans pour les rois, pour le Saint-Si\u00e8ge et pour des groupes de chr\u00e9tiens concrets. Les B\u00e9guins tentaient de vivre un christianisme tr\u00e8s similaire \u00e0 celui qu&rsquo;Arnau pr\u00eachait.<\/p>\n\n\n\n<p>Le spiritualisme mod\u00e9r\u00e9 de la premi\u00e8re \u00e9poque tend \u00e0 se radicaliser. Arnau oppose de plus en plus la r\u00e9alit\u00e9 c\u00e9leste \u00e0 la r\u00e9alit\u00e9 mat\u00e9rielle. Ce n&rsquo;est que lorsqu&rsquo;un \u00eatre humain agit selon son esprit qu&rsquo;il devient r\u00e9ellement une personne et un fils de Dieu, il doit savoir s&rsquo;\u00e9lever donc au-del\u00e0 de la r\u00e9alit\u00e9 mat\u00e9rielle, laquelle, si elle le domine, le place au rang m\u00eame des b\u00eates. Le v\u00e9ritable chr\u00e9tien aime les choses c\u00e9lestes et m\u00e9prise les choses terrestres.<\/p>\n\n\n\n<figure class=\"wp-block-image size-full is-resized\"><img loading=\"lazy\" decoding=\"async\" width=\"612\" height=\"607\" src=\"https:\/\/webs.uab.cat\/arnau\/wp-content\/uploads\/sites\/132\/2016\/10\/calvari.jpg\" alt=\"\" class=\"wp-image-613\" style=\"aspect-ratio:1.0086705202312138;width:563px;height:auto\" srcset=\"https:\/\/webs.uab.cat\/arnau\/wp-content\/uploads\/sites\/132\/2016\/10\/calvari.jpg 612w, https:\/\/webs.uab.cat\/arnau\/wp-content\/uploads\/sites\/132\/2016\/10\/calvari-300x298.jpg 300w, https:\/\/webs.uab.cat\/arnau\/wp-content\/uploads\/sites\/132\/2016\/10\/calvari-150x150.jpg 150w\" sizes=\"auto, (max-width: 612px) 100vw, 612px\" \/><figcaption class=\"wp-element-caption\">Illustration : tableau du calvaire du<em> Retaule de la transfiguraci\u00f3<\/em> de Jaume Huguet, dans la cath\u00e9drale de Tortosa.&nbsp;(1466-1475). Origine : <a rel=\"noreferrer noopener\" href=\"https:\/\/commons.wikimedia.org\/wiki\/File:Tortosa_catedral_Huguet_Transfiguracio_Calvari_0032.jpg\" target=\"_blank\">Wikimedia<\/a>.<\/figcaption><\/figure>\n\n\n\n<p><\/p>\n","protected":false},"excerpt":{"rendered":"<p>Apr\u00e8s l&rsquo;agitation de la pol\u00e9mique, Arnau de Vilanova \u00e9crit ses \u0153uvres les plus spirituelles. Il reprend les r\u00e9flexions sur le verus fidelis. Le concept de \u00ab voir chr\u00e9tien \u00bb devient l&rsquo;axe de toute cette p\u00e9riode : il le d\u00e9finit, en tire des cons\u00e9quences et le promeut dans diff\u00e9rents domaines. Contre le christianisme simplement sociologique de [&hellip;]<\/p>\n","protected":false},"author":20,"featured_media":0,"parent":0,"menu_order":0,"comment_status":"closed","ping_status":"closed","template":"","meta":{"footnotes":""},"class_list":["post-332","page","type-page","status-publish","hentry"],"_links":{"self":[{"href":"https:\/\/webs.uab.cat\/arnau\/fr\/wp-json\/wp\/v2\/pages\/332","targetHints":{"allow":["GET"]}}],"collection":[{"href":"https:\/\/webs.uab.cat\/arnau\/fr\/wp-json\/wp\/v2\/pages"}],"about":[{"href":"https:\/\/webs.uab.cat\/arnau\/fr\/wp-json\/wp\/v2\/types\/page"}],"author":[{"embeddable":true,"href":"https:\/\/webs.uab.cat\/arnau\/fr\/wp-json\/wp\/v2\/users\/20"}],"replies":[{"embeddable":true,"href":"https:\/\/webs.uab.cat\/arnau\/fr\/wp-json\/wp\/v2\/comments?post=332"}],"version-history":[{"count":2,"href":"https:\/\/webs.uab.cat\/arnau\/fr\/wp-json\/wp\/v2\/pages\/332\/revisions"}],"predecessor-version":[{"id":1898,"href":"https:\/\/webs.uab.cat\/arnau\/fr\/wp-json\/wp\/v2\/pages\/332\/revisions\/1898"}],"wp:attachment":[{"href":"https:\/\/webs.uab.cat\/arnau\/fr\/wp-json\/wp\/v2\/media?parent=332"}],"curies":[{"name":"wp","href":"https:\/\/api.w.org\/{rel}","templated":true}]}}