{"id":333,"date":"2013-11-13T00:44:45","date_gmt":"2013-11-13T00:44:45","guid":{"rendered":"https:\/\/webs.uab.cat\/arnau\/medicina-2\/"},"modified":"2024-08-13T13:24:31","modified_gmt":"2024-08-13T13:24:31","slug":"medicina-2","status":"publish","type":"page","link":"https:\/\/webs.uab.cat\/arnau\/fr\/medicina-2\/","title":{"rendered":"La m\u00e9decine d&rsquo;Arnau de Vilanova"},"content":{"rendered":"\n<p>Arnau de Vilanova s&rsquo;inscrit dans le <a href=\"galenisme\">gal\u00e9nisme<\/a> arabo-latin qui arrive massivement avec les traductions de Galien et des auteurs m\u00e9decins arabes et qui ma\u00eetrise la m\u00e9decine du bas Moyen \u00e2ge. Devant cette avalanche de nouveaux textes, Arnau d\u00e9cide de donner la priorit\u00e9 \u00e0 <a href=\"autoritats\">r\u00e9cup\u00e9rer directement Galien<\/a> et les \u00e9crits qui, selon lui, permettent de le comprendre, face \u00e0 d&rsquo;autres courants m\u00e9dicaux qui penchent pour la synth\u00e8se d&rsquo;Avicenne (<em>Canon<\/em>), pour Aristote d&rsquo;apr\u00e8s l&rsquo;interpr\u00e9tation d&rsquo;Averro\u00e8s ou pour une approche empiriste. Son anti-Averro\u00e8s d\u00e9clar\u00e9 est en ligne avec sa <a href=\"instrumentalisme\">conception \u00e9pist\u00e9mologique<\/a> de la m\u00e9decine. D&rsquo;autre part, il convient de se demander quel \u00e9tait le v\u00e9ritable poids de la <a href=\"magia-astrologia\">magie naturelle et de l&rsquo;astrologie<\/a>&nbsp; dans sa m\u00e9decine, une pr\u00e9sence r\u00e9elle mais minoritaire, surdimensionn\u00e9e par la l\u00e9gende arnaldienne.<\/p>\n\n\n\n<figure class=\"wp-block-image size-full is-resized\"><img loading=\"lazy\" decoding=\"async\" width=\"512\" height=\"564\" src=\"https:\/\/webs.uab.cat\/arnau\/wp-content\/uploads\/sites\/132\/2016\/10\/apotecari-Taccuino_Sanitatis.jpg\" alt=\"\" class=\"wp-image-511\" style=\"aspect-ratio:0.9079118028534371;width:539px;height:auto\" srcset=\"https:\/\/webs.uab.cat\/arnau\/wp-content\/uploads\/sites\/132\/2016\/10\/apotecari-Taccuino_Sanitatis.jpg 512w, https:\/\/webs.uab.cat\/arnau\/wp-content\/uploads\/sites\/132\/2016\/10\/apotecari-Taccuino_Sanitatis-272x300.jpg 272w\" sizes=\"auto, (max-width: 512px) 100vw, 512px\" \/><figcaption class=\"wp-element-caption\">Illustration : Achats chez l&rsquo;apothicaire, miniature du&nbsp;<em>Taccuinum sanitatis<\/em>, Biblioteca&nbsp;Casanatense, Rome. Origine : <a rel=\"noreferrer noopener\" href=\"https:\/\/webs.uab.cat\/arnau\/wp-admin\/42-aspetti_di_vita_quotidiana,_medicine,Taccuino_Sanitatis,_.jpg\" target=\"_blank\">Wikimedia<\/a>.<\/figcaption><\/figure>\n\n\n\n<p><\/p>\n","protected":false},"excerpt":{"rendered":"<p>Arnau de Vilanova s&rsquo;inscrit dans le gal\u00e9nisme arabo-latin qui arrive massivement avec les traductions de Galien et des auteurs m\u00e9decins arabes et qui ma\u00eetrise la m\u00e9decine du bas Moyen \u00e2ge. Devant cette avalanche de nouveaux textes, Arnau d\u00e9cide de donner la priorit\u00e9 \u00e0 r\u00e9cup\u00e9rer directement Galien et les \u00e9crits qui, selon lui, permettent de le [&hellip;]<\/p>\n","protected":false},"author":20,"featured_media":0,"parent":0,"menu_order":0,"comment_status":"closed","ping_status":"closed","template":"","meta":{"footnotes":""},"class_list":["post-333","page","type-page","status-publish","hentry"],"_links":{"self":[{"href":"https:\/\/webs.uab.cat\/arnau\/fr\/wp-json\/wp\/v2\/pages\/333","targetHints":{"allow":["GET"]}}],"collection":[{"href":"https:\/\/webs.uab.cat\/arnau\/fr\/wp-json\/wp\/v2\/pages"}],"about":[{"href":"https:\/\/webs.uab.cat\/arnau\/fr\/wp-json\/wp\/v2\/types\/page"}],"author":[{"embeddable":true,"href":"https:\/\/webs.uab.cat\/arnau\/fr\/wp-json\/wp\/v2\/users\/20"}],"replies":[{"embeddable":true,"href":"https:\/\/webs.uab.cat\/arnau\/fr\/wp-json\/wp\/v2\/comments?post=333"}],"version-history":[{"count":2,"href":"https:\/\/webs.uab.cat\/arnau\/fr\/wp-json\/wp\/v2\/pages\/333\/revisions"}],"predecessor-version":[{"id":1899,"href":"https:\/\/webs.uab.cat\/arnau\/fr\/wp-json\/wp\/v2\/pages\/333\/revisions\/1899"}],"wp:attachment":[{"href":"https:\/\/webs.uab.cat\/arnau\/fr\/wp-json\/wp\/v2\/media?parent=333"}],"curies":[{"name":"wp","href":"https:\/\/api.w.org\/{rel}","templated":true}]}}