{"id":335,"date":"2013-11-17T02:56:17","date_gmt":"2013-11-17T02:56:17","guid":{"rendered":"https:\/\/webs.uab.cat\/arnau\/autoritats-2\/"},"modified":"2024-08-14T12:35:13","modified_gmt":"2024-08-14T12:35:13","slug":"autoritats-2","status":"publish","type":"page","link":"https:\/\/webs.uab.cat\/arnau\/fr\/autoritats-2\/","title":{"rendered":"Arnau de Vilanova et les autorit\u00e9s m\u00e9dicales"},"content":{"rendered":"\n<p>Arnau de Vilanova consid\u00e8re souvent la philosophie naturelle d&rsquo;Aristote comme base th\u00e9orique mais, pour l&rsquo;orientation m\u00e9dicale, il opte g\u00e9n\u00e9ralement pour les autorit\u00e9s en mati\u00e8re de m\u00e9decine : Hippocrate et <a href=\"galenisme\">Galien<\/a>. Il traduit, adapte et commente quelques-unes de leurs \u0153uvres pendant les cours qu&rsquo;il dispense. De plus, face aux courants empiristes qui prirent de l&rsquo;ampleur \u00e0 Montpellier, Arnau revendique la n\u00e9cessit\u00e9 d&rsquo;\u00e9tudier sans interm\u00e9diaires les textes d&rsquo;Hippocrate et de Galien, \u00ab car non seulement ils furent les artifices de la raison et poss\u00e9daient la technique mais, de plus, ils transmirent la m\u00e9thode pour trouver la pratique correcte dans l&rsquo;application des rem\u00e8des \u00bb. Ses louanges au \u00ab tr\u00e8s expert \u00bb Hippocrate sont constantes, bien qu&rsquo;il ne semble pas qu&rsquo;il dispose d&rsquo;un grand nombre de textes hippocratiques et qu&rsquo;il les connaisse g\u00e9n\u00e9ralement par le biais des commentaires de Galien. C&rsquo;est sans nul doute le fondement de toute la doctrine m\u00e9dicale du ma\u00eetre de Montpellier et l&rsquo;auteur qu&rsquo;il cite de loin le plus. Arnau fait usage et diffuse le\u00a0\u00ab\u00a0<a href=\"galenisme\">nouveau Galien<\/a>\u00a0\u00bb\u00a0dans ses le\u00e7ons et dans ses \u0153uvres. \u00c0 Montpellier, le progr\u00e8s de la connaissance de Galien culmine avec l&rsquo;\u0153uvre d&rsquo;Arnau et les r\u00e9glementations papales de 1309. La gestion des \u00e9tudes m\u00e9dicales de l&rsquo;Universit\u00e9 de Montpellier r\u00e9alis\u00e9e en 1309 par Cl\u00e9ment V, avec le conseil d&rsquo;Arnau et d&rsquo;autres ma\u00eetres de la m\u00eame universit\u00e9, officialise la pr\u00e9dominance gal\u00e9nique dans le curriculum.<\/p>\n\n\n\n<p>De m\u00eame, Arnau de Vilanova ne sous-estime pas la m\u00e9decine arabe, qui \u00e9tait devenue le principal v\u00e9hicule de transmission de la tradition grecque. Il traduit Avicenne et Ab\u016b al-\u1e62alt. Il utilise et loue \u00e9galement souvent des auteurs comme Al-Kindi, Rhaz\u00e8s ou Avicenne. Quoi qu&rsquo;il en soit, il ne reconna\u00eet pas toujours sa dette envers Avicenne et est critique envers les avicennistes, qui gagnaient du terrain dans les universit\u00e9s, en les nommant \u00ab \u00e9tudiants d&rsquo;un seul livre \u00bb, car ils trouvaient des r\u00e9ponses faciles \u00e0 tous les probl\u00e8mes m\u00e9dicaux dans le <em>Canon<\/em>, en oubliant les textes d&rsquo;Hippocrate et de Galien. Toutefois, les attaques les plus f\u00e9roces furent contre Averro\u00e8s et ses disciples. Certaines de ses \u0153uvres ont m\u00eame une tournure <a href=\"instrumentalisme\">anti-averro\u00efste<\/a>. De la m\u00eame mani\u00e8re, Arnau rejette la tradition m\u00e9dicale du Moyen \u00e2ge latin, aussi bien les auteurs ant\u00e9rieurs que les contemporains.<\/p>\n\n\n<div class=\"wp-block-image\">\n<figure class=\"aligncenter size-full is-resized\"><img loading=\"lazy\" decoding=\"async\" width=\"512\" height=\"878\" src=\"https:\/\/webs.uab.cat\/arnau\/wp-content\/uploads\/sites\/132\/2016\/10\/AntiqueQuartet.jpg\" alt=\"\" class=\"wp-image-487\" style=\"width:404px;height:auto\" srcset=\"https:\/\/webs.uab.cat\/arnau\/wp-content\/uploads\/sites\/132\/2016\/10\/AntiqueQuartet.jpg 512w, https:\/\/webs.uab.cat\/arnau\/wp-content\/uploads\/sites\/132\/2016\/10\/AntiqueQuartet-175x300.jpg 175w\" sizes=\"auto, (max-width: 512px) 100vw, 512px\" \/><figcaption class=\"wp-element-caption\">Illustration: gravure qui repr\u00e9sente l&rsquo;harmonisation de Platon, Aristote, Hippocrate et Galien jouant un quartet \u00e0 cordes, finalit\u00e9 de cette <em>Symphonia Plato<\/em> de Symphorien Champier, 1516. Origine : <a href=\"http:\/\/grupsderecerca.uab.cat\/arnau\/sites\/grupsderecerca.uab.cat.arnau\/files\/images\/AntiqueQuartet.jpg\">Wikimedia<\/a>.<\/figcaption><\/figure>\n<\/div>\n\n\n<p><\/p>\n","protected":false},"excerpt":{"rendered":"<p>Arnau de Vilanova consid\u00e8re souvent la philosophie naturelle d&rsquo;Aristote comme base th\u00e9orique mais, pour l&rsquo;orientation m\u00e9dicale, il opte g\u00e9n\u00e9ralement pour les autorit\u00e9s en mati\u00e8re de m\u00e9decine : Hippocrate et Galien. Il traduit, adapte et commente quelques-unes de leurs \u0153uvres pendant les cours qu&rsquo;il dispense. De plus, face aux courants empiristes qui prirent de l&rsquo;ampleur \u00e0 [&hellip;]<\/p>\n","protected":false},"author":20,"featured_media":0,"parent":0,"menu_order":0,"comment_status":"closed","ping_status":"closed","template":"","meta":{"footnotes":""},"class_list":["post-335","page","type-page","status-publish","hentry"],"_links":{"self":[{"href":"https:\/\/webs.uab.cat\/arnau\/fr\/wp-json\/wp\/v2\/pages\/335","targetHints":{"allow":["GET"]}}],"collection":[{"href":"https:\/\/webs.uab.cat\/arnau\/fr\/wp-json\/wp\/v2\/pages"}],"about":[{"href":"https:\/\/webs.uab.cat\/arnau\/fr\/wp-json\/wp\/v2\/types\/page"}],"author":[{"embeddable":true,"href":"https:\/\/webs.uab.cat\/arnau\/fr\/wp-json\/wp\/v2\/users\/20"}],"replies":[{"embeddable":true,"href":"https:\/\/webs.uab.cat\/arnau\/fr\/wp-json\/wp\/v2\/comments?post=335"}],"version-history":[{"count":2,"href":"https:\/\/webs.uab.cat\/arnau\/fr\/wp-json\/wp\/v2\/pages\/335\/revisions"}],"predecessor-version":[{"id":1903,"href":"https:\/\/webs.uab.cat\/arnau\/fr\/wp-json\/wp\/v2\/pages\/335\/revisions\/1903"}],"wp:attachment":[{"href":"https:\/\/webs.uab.cat\/arnau\/fr\/wp-json\/wp\/v2\/media?parent=335"}],"curies":[{"name":"wp","href":"https:\/\/api.w.org\/{rel}","templated":true}]}}