{"id":337,"date":"2013-11-17T02:57:55","date_gmt":"2013-11-17T02:57:55","guid":{"rendered":"https:\/\/webs.uab.cat\/arnau\/magia-astrologia-2\/"},"modified":"2024-08-14T12:39:10","modified_gmt":"2024-08-14T12:39:10","slug":"magia-astrologia-2","status":"publish","type":"page","link":"https:\/\/webs.uab.cat\/arnau\/fr\/magia-astrologia-2\/","title":{"rendered":"Magie naturelle et astrologie"},"content":{"rendered":"\n<p>Pendant des si\u00e8cles, le nom d&rsquo;Arnau de Vilanova a \u00e9t\u00e9 associ\u00e9 aux arts occultes les plus vari\u00e9s, qui \u00e9taient arriv\u00e9s avec les <a href=\"galenisme\">sciences gr\u00e9co-arabes<\/a> \u2013 la magie, la n\u00e9cromancie, l&rsquo;astrologie, <a href=\"http:\/\/grupsderecerca.uab.cat\/arnau\/alquimia\">l&rsquo;alchimie<\/a>, l&rsquo;oniromancie \u2013, jusqu&rsquo;\u00e0 devenir une <a href=\"http:\/\/grupsderecerca.uab.cat\/arnau\/mite\">figure arch\u00e9type de ma\u00eetre de l&rsquo;occultisme<\/a>. De nombreuses \u0153uvres appartenant \u00e0 ces disciplines <a href=\"http:\/\/grupsderecerca.uab.cat\/arnau\/en\/apocrifs\" target=\"_self\" rel=\"noopener\">lui ont \u00e9t\u00e9 attribu\u00e9es \u00e0 tort<\/a>. Quelle part de v\u00e9rit\u00e9 y a-t-il donc dans cette r\u00e9putation ? La v\u00e9rit\u00e9 est qu&rsquo;Arnau fut l&rsquo;un des auteurs \u00e0 la t\u00eate du processus de rationalisation et d&rsquo;int\u00e9gration dans la m\u00e9decine gal\u00e9niste du bas Moyen \u00c2ge de proc\u00e9dures th\u00e9rapeutiques provenant de la magie naturelle et de l&rsquo;astrologie.<\/p>\n\n\n\n<p>En effet, certains de ses trait\u00e9s th\u00e9oriques d\u00e9veloppent le concept de <em>proprietas<\/em>, qu&rsquo;il d\u00e9nomme \u00e9galement \u00ab vertu occulte \u00bb, car ni ses causes ni ses effets ne peuvent \u00eatre enti\u00e8rement compris par la raison humaine, contrairement aux qualit\u00e9s complexionnelles, pr\u00e9visibles par la raison, et donne \u00e0 titre d&rsquo;exemple les effets d&rsquo;un aimant. En cons\u00e9quence, dans certains de ses \u00e9crits de m\u00e9decine pratique, il recommande des rem\u00e8des de ce type, tel qu&rsquo;appliquer les pattes d&rsquo;une grenouille, d&rsquo;une tortue ou d&rsquo;un aigle sur les pieds pour calmer la douleur de la podagre (goutte).<\/p>\n\n\n\n<p>\u00c0 partir de 1300, Arnau commence \u00e0 utiliser des mesures th\u00e9rapeutiques fond\u00e9es sur l&rsquo;astrologie. Concr\u00e8tement, il met en garde contre les conditions astrologiques adverses lors de la saign\u00e9e et recommande d&rsquo;appliquer des sceaux ou des m\u00e9dailles astrologiques sur les membres douloureux, tel qu&rsquo;il le fit pour lib\u00e9rer le pape Boniface de la douleur caus\u00e9e par sa gravelle. Ces deux indications sont fond\u00e9es sur la m\u00e9loth\u00e9sie zodiacale, selon laquelle chaque partie du corps humain est sous l&rsquo;influence d&rsquo;un signe du zodiac.<\/p>\n\n\n\n<p>Il s&rsquo;agissait de ressources tr\u00e8s frappantes \u00e0 leur \u00e9poque et encore plus aujourd&rsquo;hui. Toutefois, il convient de souligner que de telles ressources \u00e9taient tr\u00e8s minoritaires dans la m\u00e9decine d&rsquo;Arnau: la plupart de ses mesures th\u00e9rapeutiques n&rsquo;\u00e9taient pas fond\u00e9es sur l&rsquo;astrologie et la magie, mais sur l&rsquo;alimentation et les m\u00e9dicaments compos\u00e9s \u00e0 base complexionnelle. En conclusion, l&rsquo;int\u00e9r\u00eat qu&rsquo;Arnau portait \u00e0 l&rsquo;occultisme n&rsquo;a pas \u00e9t\u00e9 au-del\u00e0 des limites plus ou moins tol\u00e9r\u00e9es par l&rsquo;\u00e9lite intellectuelle de son temps, en ligne avec l&rsquo;attaque syst\u00e9matique aux bases intellectuelles de la n\u00e9cromancie contenue dans le&nbsp;<em>De reprobacione nigromantice ficcionis.<\/em><\/p>\n\n\n<div class=\"wp-block-image\">\n<figure class=\"aligncenter size-full\"><img loading=\"lazy\" decoding=\"async\" width=\"400\" height=\"599\" src=\"https:\/\/webs.uab.cat\/arnau\/wp-content\/uploads\/sites\/132\/2016\/10\/400px-Astrological_signs_and_human_body_parts_14th_century-wp.jpg\" alt=\"\" class=\"wp-image-403\" srcset=\"https:\/\/webs.uab.cat\/arnau\/wp-content\/uploads\/sites\/132\/2016\/10\/400px-Astrological_signs_and_human_body_parts_14th_century-wp.jpg 400w, https:\/\/webs.uab.cat\/arnau\/wp-content\/uploads\/sites\/132\/2016\/10\/400px-Astrological_signs_and_human_body_parts_14th_century-wp-200x300.jpg 200w\" sizes=\"auto, (max-width: 400px) 100vw, 400px\" \/><figcaption class=\"wp-element-caption\">Illustration: <em>e<\/em>lle illustre les points pour r\u00e9aliser la saign\u00e9e dans un manuscrit h\u00e9breu qui comprend un extrait du<em> De iudiciis astronomiae<\/em>&nbsp;(MS Par\u00eds, Biblioth\u00e8que Nationale , H\u00e9breu 1182, f. 264v). Origine : <a href=\"https:\/\/webs.uab.cat\/arnau\/wp-admin\/Astrological_signs_and_human_body_parts_14th_century.jpg\">Wikimedia<\/a>.<\/figcaption><\/figure>\n<\/div>\n\n\n<p><\/p>\n","protected":false},"excerpt":{"rendered":"<p>Pendant des si\u00e8cles, le nom d&rsquo;Arnau de Vilanova a \u00e9t\u00e9 associ\u00e9 aux arts occultes les plus vari\u00e9s, qui \u00e9taient arriv\u00e9s avec les sciences gr\u00e9co-arabes \u2013 la magie, la n\u00e9cromancie, l&rsquo;astrologie, l&rsquo;alchimie, l&rsquo;oniromancie \u2013, jusqu&rsquo;\u00e0 devenir une figure arch\u00e9type de ma\u00eetre de l&rsquo;occultisme. De nombreuses \u0153uvres appartenant \u00e0 ces disciplines lui ont \u00e9t\u00e9 attribu\u00e9es \u00e0 tort. [&hellip;]<\/p>\n","protected":false},"author":20,"featured_media":0,"parent":0,"menu_order":0,"comment_status":"closed","ping_status":"closed","template":"","meta":{"footnotes":""},"class_list":["post-337","page","type-page","status-publish","hentry"],"_links":{"self":[{"href":"https:\/\/webs.uab.cat\/arnau\/fr\/wp-json\/wp\/v2\/pages\/337","targetHints":{"allow":["GET"]}}],"collection":[{"href":"https:\/\/webs.uab.cat\/arnau\/fr\/wp-json\/wp\/v2\/pages"}],"about":[{"href":"https:\/\/webs.uab.cat\/arnau\/fr\/wp-json\/wp\/v2\/types\/page"}],"author":[{"embeddable":true,"href":"https:\/\/webs.uab.cat\/arnau\/fr\/wp-json\/wp\/v2\/users\/20"}],"replies":[{"embeddable":true,"href":"https:\/\/webs.uab.cat\/arnau\/fr\/wp-json\/wp\/v2\/comments?post=337"}],"version-history":[{"count":2,"href":"https:\/\/webs.uab.cat\/arnau\/fr\/wp-json\/wp\/v2\/pages\/337\/revisions"}],"predecessor-version":[{"id":1906,"href":"https:\/\/webs.uab.cat\/arnau\/fr\/wp-json\/wp\/v2\/pages\/337\/revisions\/1906"}],"wp:attachment":[{"href":"https:\/\/webs.uab.cat\/arnau\/fr\/wp-json\/wp\/v2\/media?parent=337"}],"curies":[{"name":"wp","href":"https:\/\/api.w.org\/{rel}","templated":true}]}}