{"id":338,"date":"2013-11-21T15:17:33","date_gmt":"2013-11-21T15:17:33","guid":{"rendered":"https:\/\/webs.uab.cat\/arnau\/alquimia-2\/"},"modified":"2024-08-14T12:52:22","modified_gmt":"2024-08-14T12:52:22","slug":"alquimia-2","status":"publish","type":"page","link":"https:\/\/webs.uab.cat\/arnau\/fr\/alquimia-2\/","title":{"rendered":"Arnau de Vilanova \u00e9tait-il un alchimiste ?"},"content":{"rendered":"\n<p>Arnau de Vilanova est un des grands noms de l&rsquo;alchimie m\u00e9di\u00e9vale tant pour sa <a href=\"mite\">renomm\u00e9e l\u00e9gendaire<\/a> que pour le nombre et l&rsquo;importance des \u0153uvres alchimiques qui lui ont \u00e9t\u00e9 attribu\u00e9es. En effet, une vingtaine d&rsquo;\u00e9crits composent le <a href=\"corpus-alquimic\">corpus alchimique<\/a> qui lui a \u00e9t\u00e9 attribu\u00e9 durant le Moyen \u00c2ge et qui constitue l&rsquo;un des deux les plus importants, aux c\u00f4t\u00e9s de celui attribu\u00e9 \u00e0 tort \u00e0 <a rel=\"noopener\" href=\"http:\/\/quisestlullus.narpan.net\/2_pseudo.html\" target=\"_blank\">Raymond Lulle<\/a>. Toutefois, <a href=\"alquimista\">Arnau a-t-il r\u00e9ellement exp\u00e9riment\u00e9 et \u00e9crit sur l&rsquo;alchimie<\/a>&nbsp;?<\/p>\n\n\n\n<div class=\"wp-block-columns is-layout-flex wp-container-core-columns-is-layout-9d6595d7 wp-block-columns-is-layout-flex\">\n<div class=\"wp-block-column is-layout-flow wp-block-column-is-layout-flow\">\n<figure class=\"wp-block-image size-full\"><img loading=\"lazy\" decoding=\"async\" width=\"848\" height=\"901\" src=\"https:\/\/webs.uab.cat\/arnau\/wp-content\/uploads\/sites\/132\/2024\/06\/22_1453.jpg\" alt=\"\" class=\"wp-image-1757\" title=\"Nortons Ordinall\" srcset=\"https:\/\/webs.uab.cat\/arnau\/wp-content\/uploads\/sites\/132\/2024\/06\/22_1453.jpg 848w, https:\/\/webs.uab.cat\/arnau\/wp-content\/uploads\/sites\/132\/2024\/06\/22_1453-282x300.jpg 282w, https:\/\/webs.uab.cat\/arnau\/wp-content\/uploads\/sites\/132\/2024\/06\/22_1453-768x816.jpg 768w\" sizes=\"auto, (max-width: 848px) 100vw, 848px\" \/><\/figure>\n<\/div>\n\n\n\n<div class=\"wp-block-column is-layout-flow wp-block-column-is-layout-flow\">\n<figure class=\"wp-block-image size-full\"><img loading=\"lazy\" decoding=\"async\" width=\"338\" height=\"478\" src=\"https:\/\/webs.uab.cat\/arnau\/wp-content\/uploads\/sites\/132\/2016\/10\/4alquimistes.jpg\" alt=\"\" class=\"wp-image-762\" srcset=\"https:\/\/webs.uab.cat\/arnau\/wp-content\/uploads\/sites\/132\/2016\/10\/4alquimistes.jpg 338w, https:\/\/webs.uab.cat\/arnau\/wp-content\/uploads\/sites\/132\/2016\/10\/4alquimistes-212x300.jpg 212w\" sizes=\"auto, (max-width: 338px) 100vw, 338px\" \/><\/figure>\n<\/div>\n<\/div>\n\n\n\n<p style=\"font-size:12px\">Illustrations : une miniature m\u00e9di\u00e9vale transform\u00e9e en gravure moderne. Les quatre grands alchimistes : Geber, Arnau de Vilanova, Rhaz\u00e8s et Herm\u00e8s, dans une miniature m\u00e9di\u00e9vale de&nbsp;<em>The Ordinall of Alchemy<\/em> de Thomas Norton (MS British Library Add. 10302, c. 1477) et en une gravure imprim\u00e9e dans le&nbsp;<em>Theatrum Chemicum Britannicum<\/em> d&rsquo;Elias Ashmole, Londres 1652, p. 44.<\/p>\n","protected":false},"excerpt":{"rendered":"<p>Arnau de Vilanova est un des grands noms de l&rsquo;alchimie m\u00e9di\u00e9vale tant pour sa renomm\u00e9e l\u00e9gendaire que pour le nombre et l&rsquo;importance des \u0153uvres alchimiques qui lui ont \u00e9t\u00e9 attribu\u00e9es. En effet, une vingtaine d&rsquo;\u00e9crits composent le corpus alchimique qui lui a \u00e9t\u00e9 attribu\u00e9 durant le Moyen \u00c2ge et qui constitue l&rsquo;un des deux les [&hellip;]<\/p>\n","protected":false},"author":20,"featured_media":0,"parent":0,"menu_order":0,"comment_status":"closed","ping_status":"closed","template":"","meta":{"footnotes":""},"class_list":["post-338","page","type-page","status-publish","hentry"],"_links":{"self":[{"href":"https:\/\/webs.uab.cat\/arnau\/fr\/wp-json\/wp\/v2\/pages\/338","targetHints":{"allow":["GET"]}}],"collection":[{"href":"https:\/\/webs.uab.cat\/arnau\/fr\/wp-json\/wp\/v2\/pages"}],"about":[{"href":"https:\/\/webs.uab.cat\/arnau\/fr\/wp-json\/wp\/v2\/types\/page"}],"author":[{"embeddable":true,"href":"https:\/\/webs.uab.cat\/arnau\/fr\/wp-json\/wp\/v2\/users\/20"}],"replies":[{"embeddable":true,"href":"https:\/\/webs.uab.cat\/arnau\/fr\/wp-json\/wp\/v2\/comments?post=338"}],"version-history":[{"count":2,"href":"https:\/\/webs.uab.cat\/arnau\/fr\/wp-json\/wp\/v2\/pages\/338\/revisions"}],"predecessor-version":[{"id":1908,"href":"https:\/\/webs.uab.cat\/arnau\/fr\/wp-json\/wp\/v2\/pages\/338\/revisions\/1908"}],"wp:attachment":[{"href":"https:\/\/webs.uab.cat\/arnau\/fr\/wp-json\/wp\/v2\/media?parent=338"}],"curies":[{"name":"wp","href":"https:\/\/api.w.org\/{rel}","templated":true}]}}