{"id":339,"date":"2014-07-09T13:59:37","date_gmt":"2014-07-09T13:59:37","guid":{"rendered":"https:\/\/webs.uab.cat\/arnau\/alquimista-2\/"},"modified":"2024-08-14T12:53:29","modified_gmt":"2024-08-14T12:53:29","slug":"alquimista-2","status":"publish","type":"page","link":"https:\/\/webs.uab.cat\/arnau\/fr\/alquimista-2\/","title":{"rendered":"Un faux alchimiste"},"content":{"rendered":"\n<p>Le d\u00e9bat sur la question de savoir si la <a href=\"mite\">grande renomm\u00e9e<\/a> d&rsquo;alchimiste d&rsquo;Arnau de Vilanova \u00e9tait fond\u00e9e a dur\u00e9 des si\u00e8cles, mais actuellement les sp\u00e9cialistes s&rsquo;accordent \u00e0 dire qu&rsquo;il est totalement faux qu&rsquo;il se soit consacr\u00e9 \u00e0 l&rsquo;alchimie. Les arguments avanc\u00e9s en ce sens sont concluants :<\/p>\n\n\n\n<ul class=\"wp-block-list\">\n<li>Ses <a href=\"medica\">\u00e9crits m\u00e9dicaux<\/a> ne d\u00e9montrent qu&rsquo;un int\u00e9r\u00eat et des connaissances superficielles en alchimie et, si l&rsquo;on tient compte qu&rsquo;une grande partie du corpus alchimique pseudo-arnaldien a une orientation m\u00e9dicale, la s\u00e9paration nette entre ces deux activit\u00e9s ne pourrait \u00eatre expliqu\u00e9e.<\/li>\n\n\n\n<li>Aucun texte contemporain ni l&rsquo;inventaire des livres trouv\u00e9s apr\u00e8s sa mort ne d\u00e9montrent qu&rsquo;Arnau se soit consacr\u00e9 \u00e0 l&rsquo;alchimie.<\/li>\n\n\n\n<li>Les styles et les m\u00e9thodologies des \u0153uvres m\u00e9dicales et alchimiques diff\u00e8rent totalement.<\/li>\n\n\n\n<li>Les traditions manuscrites du corpus m\u00e9dical et alchimique sont bien diff\u00e9renci\u00e9es.<\/li>\n\n\n\n<li>L&rsquo;analyse particuli\u00e8re de la transmission textuelle des <a href=\"corpus-alquimic-pseudoarnaldia\">\u00e9crits alchimiques du corpus arnaldien<\/a>&nbsp;a r\u00e9v\u00e9l\u00e9 la nature apocryphe de chacun d&rsquo;eux.<\/li>\n<\/ul>\n\n\n\n<p>Ainsi, la recherche porte sur les causes de l&rsquo;attribution du volet alchimique du ma\u00eetre, analogue \u00e0 celle du corpus pseudo-lullien : les principales cl\u00e9s signal\u00e9es jusqu&rsquo;\u00e0 maintenant (Calvet et Pereira) ont \u00e9t\u00e9 la recherche pharmacologique d&rsquo;Arnau de Vilanova, le proph\u00e9tisme eschatologique et le christocentrisme de ses trait\u00e9s spirituels, sa renomm\u00e9e de n\u00e9cromancien, la recherche de la prolongation de la vie et l&rsquo;or potable \u00e0 la cour pontificale, ainsi que l&rsquo;\u00e9ventuelle activit\u00e9 alchimique des personnes de son entourage (disciples, partisans, secr\u00e9taires et proches). Une autre hypoth\u00e8se est que l&rsquo;origine de l&rsquo;attribution serait due \u00e0 une confusion avec l&rsquo;alchimiste Pierre-Arnau de Vilanova, qui aurait \u00e9t\u00e9 l&rsquo;auteur du premier noyau du corpus alchimique arnaldien (Rodr\u00edguez Guerrero).<\/p>\n\n\n\n<p>Le cas de pseudo-arnaldien n&rsquo;est pas unique : en effet, l&rsquo;alchimie \u00e9tait un savoir qui tendait g\u00e9n\u00e9ralement \u00e0 la fausse paternit\u00e9 en concentrant ses textes sous la paternit\u00e9 de grands noms des sciences anciennes et m\u00e9di\u00e9vales : le mythique Herm\u00e8s Trism\u00e9giste, Aristote, Roger Bacon, Albert le Grand ou Raymond Lulle. Assur\u00e9ment, les condamnations et le discr\u00e9dit de ce savoir ont amen\u00e9 les auteurs r\u00e9els \u00e0 l&rsquo;anonymat ou \u00e0 la pseudo-\u00e9pigraphe pendant tr\u00e8s longtemps. Par l&rsquo;attribution aux personnalit\u00e9s intellectuelles de plus haut rang, ils gagnaient en prestige et en validit\u00e9 intellectuelle pour leurs \u00e9crits et pour un art marginalis\u00e9 et remis en question par la pens\u00e9e orthodoxe.<\/p>\n\n\n<div class=\"wp-block-image\">\n<figure class=\"aligncenter size-full\"><img loading=\"lazy\" decoding=\"async\" width=\"462\" height=\"701\" src=\"https:\/\/webs.uab.cat\/arnau\/wp-content\/uploads\/sites\/132\/2016\/10\/gesner.jpg\" alt=\"\" class=\"wp-image-601\" srcset=\"https:\/\/webs.uab.cat\/arnau\/wp-content\/uploads\/sites\/132\/2016\/10\/gesner.jpg 462w, https:\/\/webs.uab.cat\/arnau\/wp-content\/uploads\/sites\/132\/2016\/10\/gesner-198x300.jpg 198w\" sizes=\"auto, (max-width: 462px) 100vw, 462px\" \/><figcaption class=\"wp-element-caption\">Illustration :<em>The practise of the new and old physicke<\/em> (Londres 1599), ax\u00e9 sur les rem\u00e8des distill\u00e9s, comprend la version anglaise de l&rsquo;<em>Epistola de sanguine humano distillato <\/em>pseudo-arnaldienne.&nbsp;<\/figcaption><\/figure>\n<\/div>\n\n\n<p><\/p>\n","protected":false},"excerpt":{"rendered":"<p>Le d\u00e9bat sur la question de savoir si la grande renomm\u00e9e d&rsquo;alchimiste d&rsquo;Arnau de Vilanova \u00e9tait fond\u00e9e a dur\u00e9 des si\u00e8cles, mais actuellement les sp\u00e9cialistes s&rsquo;accordent \u00e0 dire qu&rsquo;il est totalement faux qu&rsquo;il se soit consacr\u00e9 \u00e0 l&rsquo;alchimie. Les arguments avanc\u00e9s en ce sens sont concluants : Ainsi, la recherche porte sur les causes de [&hellip;]<\/p>\n","protected":false},"author":20,"featured_media":0,"parent":0,"menu_order":0,"comment_status":"closed","ping_status":"closed","template":"","meta":{"footnotes":""},"class_list":["post-339","page","type-page","status-publish","hentry"],"_links":{"self":[{"href":"https:\/\/webs.uab.cat\/arnau\/fr\/wp-json\/wp\/v2\/pages\/339","targetHints":{"allow":["GET"]}}],"collection":[{"href":"https:\/\/webs.uab.cat\/arnau\/fr\/wp-json\/wp\/v2\/pages"}],"about":[{"href":"https:\/\/webs.uab.cat\/arnau\/fr\/wp-json\/wp\/v2\/types\/page"}],"author":[{"embeddable":true,"href":"https:\/\/webs.uab.cat\/arnau\/fr\/wp-json\/wp\/v2\/users\/20"}],"replies":[{"embeddable":true,"href":"https:\/\/webs.uab.cat\/arnau\/fr\/wp-json\/wp\/v2\/comments?post=339"}],"version-history":[{"count":2,"href":"https:\/\/webs.uab.cat\/arnau\/fr\/wp-json\/wp\/v2\/pages\/339\/revisions"}],"predecessor-version":[{"id":1909,"href":"https:\/\/webs.uab.cat\/arnau\/fr\/wp-json\/wp\/v2\/pages\/339\/revisions\/1909"}],"wp:attachment":[{"href":"https:\/\/webs.uab.cat\/arnau\/fr\/wp-json\/wp\/v2\/media?parent=339"}],"curies":[{"name":"wp","href":"https:\/\/api.w.org\/{rel}","templated":true}]}}